{"id":4083,"date":"2025-07-09T10:06:21","date_gmt":"2025-07-07T09:29:21","guid":{"rendered":"https:\/\/www.purecook.com\/?post_type=product&#038;p=4083"},"modified":"2025-07-09T10:49:02","modified_gmt":"2025-07-09T02:49:02","slug":"wholesale-stainless-steel-cold-water-kettle","status":"publish","type":"product","link":"https:\/\/www.purecook.com\/de\/product\/wholesale-stainless-steel-cold-water-kettle\/","title":{"rendered":"Gro\u00dfhandel 201 Edelstahl Kaltwasser Wasserkocher"},"content":{"rendered":"<div class=\"wp-block-columns is-layout-flex wp-container-core-columns-is-layout-9d6595d7 wp-block-columns-is-layout-flex\">\n<div class=\"wp-block-column is-layout-flow wp-block-column-is-layout-flow\">\n<h3 class=\"wp-block-heading\">Parameter des Kaltwasserkochers aus Stahl<\/h3>\n\n\n\n<p><strong>Material: <\/strong>201 rostfreier Stahl<br><strong>Normale Dicke: <\/strong>0,5 mm<br><strong>Gr\u00f6\u00dfe:<\/strong> 1.6L<br><strong>Kapazit\u00e4t:<\/strong> \/<br><strong>Gewicht:<\/strong> &gt;1,50kg<br><strong>Logo:<\/strong> Lasergravur\/gepr\u00e4gter Stempel<br><strong>MOQ:<\/strong> 500 St\u00fcck<\/p>\n<\/div>\n\n\n\n<div class=\"wp-block-column is-layout-flow wp-block-column-is-layout-flow\">\n<h3 class=\"wp-block-heading\">Kundenspezifischer Kaltwasserkessel aus Stahl<\/h3>\n\n\n\n<p><strong>Logo:<\/strong> Ihr Markenlogo anpassen<br><strong>Material:<\/strong> Rostfreier Stahl SUS201<br><strong>Dicke des Materials:<\/strong> 0,5 mm<br><strong>Material des Deckels:<\/strong> Stil\/Material<br><strong>Material des Griffs:<\/strong> Stil\/Material<br><strong>Kontakt Oberfl\u00e4chenbehandlung:<\/strong> Unbeschichtete\/nicht haftende Beschichtung<br><strong>Verpackung:<\/strong> Farbige Schachtel\/Karton, etc.<br><a href=\"https:\/\/www.purecook.com\/de\/custom-solution\/\" target=\"_blank\" rel=\"noopener\"><u>OEM- &amp; ODM-L\u00f6sungen f\u00fcr kundenspezifische Kaltwasserkessel aus Edelstahl<\/u><\/a><\/p>\n<\/div>\n<\/div>\n\n\n\n<div class=\"wp-block-columns is-layout-flex wp-container-core-columns-is-layout-9d6595d7 wp-block-columns-is-layout-flex\">\n<div class=\"wp-block-column is-layout-flow wp-block-column-is-layout-flow\">\n<figure class=\"wp-block-image size-full\"><img decoding=\"async\" width=\"2643\" height=\"2643\" src=\"https:\/\/www.purecook.com\/wp-content\/uploads\/2025\/07\/201-Stainless-Steel-Cold-Water-Kettle-2.webp\" alt=\"\" class=\"wp-image-4084\" srcset=\"https:\/\/www.purecook.com\/wp-content\/uploads\/2025\/07\/201-Stainless-Steel-Cold-Water-Kettle-2.webp 2643w, https:\/\/www.purecook.com\/wp-content\/uploads\/2025\/07\/201-Stainless-Steel-Cold-Water-Kettle-2-300x300.webp 300w, https:\/\/www.purecook.com\/wp-content\/uploads\/2025\/07\/201-Stainless-Steel-Cold-Water-Kettle-2-150x150.webp 150w, https:\/\/www.purecook.com\/wp-content\/uploads\/2025\/07\/201-Stainless-Steel-Cold-Water-Kettle-2-768x768.webp 768w, https:\/\/www.purecook.com\/wp-content\/uploads\/2025\/07\/201-Stainless-Steel-Cold-Water-Kettle-2-12x12.webp 12w, https:\/\/www.purecook.com\/wp-content\/uploads\/2025\/07\/201-Stainless-Steel-Cold-Water-Kettle-2-600x600.webp 600w, https:\/\/www.purecook.com\/wp-content\/uploads\/2025\/07\/201-Stainless-Steel-Cold-Water-Kettle-2-100x100.webp 100w\" sizes=\"(max-width: 2643px) 100vw, 2643px\" \/><figcaption class=\"wp-element-caption\">Kaltwasserkessel aus Edelstahl 304<\/figcaption><\/figure>\n<\/div>\n\n\n\n<div class=\"wp-block-column is-layout-flow wp-block-column-is-layout-flow\">\n<figure class=\"wp-block-image size-full\"><img decoding=\"async\" width=\"3060\" height=\"3060\" src=\"https:\/\/www.purecook.com\/wp-content\/uploads\/2025\/07\/201-Stainless-Steel-Cold-Water-Kettle-1.webp\" alt=\"\" class=\"wp-image-4085\" srcset=\"https:\/\/www.purecook.com\/wp-content\/uploads\/2025\/07\/201-Stainless-Steel-Cold-Water-Kettle-1.webp 3060w, https:\/\/www.purecook.com\/wp-content\/uploads\/2025\/07\/201-Stainless-Steel-Cold-Water-Kettle-1-300x300.webp 300w, https:\/\/www.purecook.com\/wp-content\/uploads\/2025\/07\/201-Stainless-Steel-Cold-Water-Kettle-1-150x150.webp 150w, https:\/\/www.purecook.com\/wp-content\/uploads\/2025\/07\/201-Stainless-Steel-Cold-Water-Kettle-1-768x768.webp 768w, https:\/\/www.purecook.com\/wp-content\/uploads\/2025\/07\/201-Stainless-Steel-Cold-Water-Kettle-1-12x12.webp 12w, https:\/\/www.purecook.com\/wp-content\/uploads\/2025\/07\/201-Stainless-Steel-Cold-Water-Kettle-1-600x600.webp 600w, https:\/\/www.purecook.com\/wp-content\/uploads\/2025\/07\/201-Stainless-Steel-Cold-Water-Kettle-1-100x100.webp 100w\" sizes=\"(max-width: 3060px) 100vw, 3060px\" \/><figcaption class=\"wp-element-caption\">Kaltwasserkessel aus Edelstahl 304<\/figcaption><\/figure>\n<\/div>\n<\/div>","protected":false},"excerpt":{"rendered":"<p>Diese 1,6-Liter-Gro\u00dfhandels-Kaltwasserflasche ist aus 201-Edelstahl gefertigt, mit einem leicht zu greifenden Griff, einem einfach zu \u00f6ffnenden One-Touch-Deckel und einer Silikondichtung, die ein Auslaufen verhindert. Kann verwendet werden, um Wasser, Tee, Kaffee, etc. zu speichern. Kontaktieren Sie uns f\u00fcr eine Fabrik Gro\u00dfhandel Angebot.<\/p>\n<h2>Merkmale des Kaltwasserkochers<\/h2>\n<p><strong>Langlebige Konstruktion aus 201 Edelstahl:<\/strong> Der Kaltwasserkocher ist aus lebensmittelechtem SUS201-Edelstahl gefertigt, der korrosionsbest\u00e4ndig und robust ist und einen sehr g\u00fcnstigen Preis hat.<\/p>\n<p><strong>Gro\u00dfe Kapazit\u00e4t:<\/strong> Der Kaltwasserkocher hat ein ausreichendes Fassungsverm\u00f6gen und eine robuste Struktur f\u00fcr das t\u00e4gliche Kaltwasser oder die Aufbewahrung von kalten und hei\u00dfen Getr\u00e4nken.<\/p>\n<p><strong>Anpassbares Branding:<\/strong> Unterst\u00fctzt die Lasergravur oder das Einpr\u00e4gen von Logos, was ideal ist, um Ihre eigene Markenidentit\u00e4t auf dem Produkt zu etablieren.<\/p>\n<p><strong>Gro\u00dfhandel und Bulk Supply:<\/strong> Mit einer Mindestbestellmenge von 500 St\u00fcck ist es ideal f\u00fcr K\u00fcchenartikelh\u00e4ndler, Einzelh\u00e4ndler und Werbeartikellieferanten, die eine zuverl\u00e4ssige B2B-Produktion suchen.<\/p>\n<p><a href=\"https:\/\/www.purecook.com\/de\/custom-solution\/\"><u>Purecook bietet OEM &amp; ODM kundenspezifische<\/u><u>\u00a0Kaltwasserkessel <\/u><u>solu<\/u><u>tionen.<\/u><\/a><\/p>","protected":false},"featured_media":4086,"comment_status":"closed","ping_status":"closed","template":"","meta":{"_acf_changed":false},"product_brand":[],"product_cat":[26,52],"product_tag":[98],"class_list":{"0":"post-4083","1":"product","2":"type-product","3":"status-publish","4":"has-post-thumbnail","6":"product_cat-kettle","7":"product_cat-kitchen-utensils","8":"product_tag-wholesale-home-cookware","10":"first","11":"instock","12":"shipping-taxable","13":"product-type-simple"},"acf":[],"_links":{"self":[{"href":"https:\/\/www.purecook.com\/de\/wp-json\/wp\/v2\/product\/4083","targetHints":{"allow":["GET"]}}],"collection":[{"href":"https:\/\/www.purecook.com\/de\/wp-json\/wp\/v2\/product"}],"about":[{"href":"https:\/\/www.purecook.com\/de\/wp-json\/wp\/v2\/types\/product"}],"replies":[{"embeddable":true,"href":"https:\/\/www.purecook.com\/de\/wp-json\/wp\/v2\/comments?post=4083"}],"wp:featuredmedia":[{"embeddable":true,"href":"https:\/\/www.purecook.com\/de\/wp-json\/wp\/v2\/media\/4086"}],"wp:attachment":[{"href":"https:\/\/www.purecook.com\/de\/wp-json\/wp\/v2\/media?parent=4083"}],"wp:term":[{"taxonomy":"product_brand","embeddable":true,"href":"https:\/\/www.purecook.com\/de\/wp-json\/wp\/v2\/product_brand?post=4083"},{"taxonomy":"product_cat","embeddable":true,"href":"https:\/\/www.purecook.com\/de\/wp-json\/wp\/v2\/product_cat?post=4083"},{"taxonomy":"product_tag","embeddable":true,"href":"https:\/\/www.purecook.com\/de\/wp-json\/wp\/v2\/product_tag?post=4083"}],"curies":[{"name":"wp","href":"https:\/\/api.w.org\/{rel}","templated":true}]}}