{"id":4165,"date":"2025-07-22T14:14:26","date_gmt":"2025-07-22T06:14:26","guid":{"rendered":"https:\/\/www.purecook.com\/?post_type=product&#038;p=4165"},"modified":"2025-07-22T14:53:20","modified_gmt":"2025-07-22T06:53:20","slug":"wholesale-304-stainless-steel-salad-bowls","status":"publish","type":"product","link":"https:\/\/www.purecook.com\/de\/product\/wholesale-304-stainless-steel-salad-bowls\/","title":{"rendered":"Gro\u00dfhandel Edelstahl Salatsch\u00fcsseln, 4 Gr\u00f6\u00dfen verf\u00fcgbar"},"content":{"rendered":"<div class=\"wp-block-columns is-layout-flex wp-container-core-columns-is-layout-9d6595d7 wp-block-columns-is-layout-flex\">\n<div class=\"wp-block-column is-layout-flow wp-block-column-is-layout-flow\">\n<h3 class=\"wp-block-heading\">Parameter der Salatsch\u00fcsseln aus Edelstahl<\/h3>\n\n\n\n<p><strong>Material:<\/strong> 304 Rostfreier Stahl<br><strong>Normale Dicke:<\/strong> 0,6 mm<br><strong>Gr\u00f6\u00dfe:<\/strong> 19\/22\/24\/26cm<br><strong>Die Form:<\/strong> Rund<br><strong>MOQ:<\/strong> 1000 St\u00fcck<br><strong>Bruttogewicht: <\/strong>Weniger als 1kg\/St\u00fcck<\/p>\n<\/div>\n\n\n\n<div class=\"wp-block-column is-layout-flow wp-block-column-is-layout-flow\">\n<h3 class=\"wp-block-heading\">Ma\u00dfgeschneiderte Abtropfschalen-Optionen<\/h3>\n\n\n\n<p><strong>Material:<\/strong> Rostfreier Stahl<br><strong>Logo:<\/strong> Anpassbar mit Ihrem Markenlogo<br><strong>Paket:<\/strong> Farbige Schachtel, Karton oder andere Optionen<br><strong>MOQ:<\/strong> 1000 St\u00fcck<br><a href=\"https:\/\/www.purecook.com\/de\/custom-solution\/\" target=\"_blank\" rel=\"noopener\"><u>OEM &amp; ODM Kundenspezifische L\u00f6sungen f\u00fcr K\u00fcchenger\u00e4te<\/u><\/a><\/p>\n<\/div>\n<\/div>\n\n\n\n<div class=\"wp-block-columns is-layout-flex wp-container-core-columns-is-layout-9d6595d7 wp-block-columns-is-layout-flex\">\n<div class=\"wp-block-column is-layout-flow wp-block-column-is-layout-flow\">\n<figure class=\"wp-block-image size-full\"><img decoding=\"async\" width=\"800\" height=\"800\" src=\"https:\/\/www.purecook.com\/wp-content\/uploads\/2025\/07\/wholesale-stainless-steel-salad-bowls-6.webp\" alt=\"Gro\u00dfhandel Edelstahl Salatsch\u00fcsseln (6)\" class=\"wp-image-4171\" srcset=\"https:\/\/www.purecook.com\/wp-content\/uploads\/2025\/07\/wholesale-stainless-steel-salad-bowls-6.webp 800w, https:\/\/www.purecook.com\/wp-content\/uploads\/2025\/07\/wholesale-stainless-steel-salad-bowls-6-300x300.webp 300w, https:\/\/www.purecook.com\/wp-content\/uploads\/2025\/07\/wholesale-stainless-steel-salad-bowls-6-150x150.webp 150w, https:\/\/www.purecook.com\/wp-content\/uploads\/2025\/07\/wholesale-stainless-steel-salad-bowls-6-768x768.webp 768w, https:\/\/www.purecook.com\/wp-content\/uploads\/2025\/07\/wholesale-stainless-steel-salad-bowls-6-12x12.webp 12w, https:\/\/www.purecook.com\/wp-content\/uploads\/2025\/07\/wholesale-stainless-steel-salad-bowls-6-600x600.webp 600w, https:\/\/www.purecook.com\/wp-content\/uploads\/2025\/07\/wholesale-stainless-steel-salad-bowls-6-100x100.webp 100w\" sizes=\"(max-width: 800px) 100vw, 800px\" \/><\/figure>\n<\/div>\n\n\n\n<div class=\"wp-block-column is-layout-flow wp-block-column-is-layout-flow\">\n<figure class=\"wp-block-image size-full\"><img decoding=\"async\" width=\"800\" height=\"800\" src=\"https:\/\/www.purecook.com\/wp-content\/uploads\/2025\/07\/wholesale-stainless-steel-salad-bowls-7.webp\" alt=\"Gro\u00dfhandel mit Salatsch\u00fcsseln aus Edelstahl (7)\" class=\"wp-image-4172\" srcset=\"https:\/\/www.purecook.com\/wp-content\/uploads\/2025\/07\/wholesale-stainless-steel-salad-bowls-7.webp 800w, https:\/\/www.purecook.com\/wp-content\/uploads\/2025\/07\/wholesale-stainless-steel-salad-bowls-7-300x300.webp 300w, https:\/\/www.purecook.com\/wp-content\/uploads\/2025\/07\/wholesale-stainless-steel-salad-bowls-7-150x150.webp 150w, https:\/\/www.purecook.com\/wp-content\/uploads\/2025\/07\/wholesale-stainless-steel-salad-bowls-7-768x768.webp 768w, https:\/\/www.purecook.com\/wp-content\/uploads\/2025\/07\/wholesale-stainless-steel-salad-bowls-7-12x12.webp 12w, https:\/\/www.purecook.com\/wp-content\/uploads\/2025\/07\/wholesale-stainless-steel-salad-bowls-7-600x600.webp 600w, https:\/\/www.purecook.com\/wp-content\/uploads\/2025\/07\/wholesale-stainless-steel-salad-bowls-7-100x100.webp 100w\" sizes=\"(max-width: 800px) 100vw, 800px\" \/><\/figure>\n<\/div>\n<\/div>","protected":false},"excerpt":{"rendered":"<p>Gro\u00dfhandel Salatsch\u00fcsseln. Hergestellt aus lebensmittelechtem Edelstahl 304, sind diese Salatsch\u00fcsseln langlebig und sicher, mit einem rutschfesten Silikonboden f\u00fcr eine Vielzahl von Aufgaben in der K\u00fcche vom Mischen bis zum Servieren. Sie sind in vier Gr\u00f6\u00dfen erh\u00e4ltlich, die Mindestbestellmenge im Gro\u00dfhandel betr\u00e4gt 1.000 St\u00fcck. Wenden Sie sich an Purecook, um das beste Angebot von einem professionellen K\u00fcchenger\u00e4tehersteller zu erhalten.<\/p>\n<h2><strong><b>Eigenschaften der Salatsch\u00fcsseln aus Edelstahl<\/b><\/strong><\/h2>\n<p><strong>Sichere und hochwertige Materialien:<\/strong> Diese Salatsch\u00fcsseln sind aus lebensmittelechtem Edelstahl 304 gefertigt, der die strengen Hygienestandards f\u00fcr K\u00fcchenger\u00e4te erf\u00fcllt, korrosionsbest\u00e4ndig, hitzebest\u00e4ndig und frei von Schadstoffen ist.<\/p>\n<p><strong>Mehrere Gr\u00f6\u00dfenoptionen:<\/strong> Diese Sch\u00fcssel ist in vier Gr\u00f6\u00dfen erh\u00e4ltlich (19 cm, 22 cm, 24 cm und 26 cm) und eignet sich f\u00fcr eine Vielzahl von Aufgaben in der K\u00fcche, z. B. f\u00fcr die Zubereitung von Zutaten, das Anr\u00fchren von Teig, das Servieren von Salat usw.<\/p>\n<p><strong>Praktisches und benutzerfreundliches Design:<\/strong> Diese Salatsch\u00fcsseln haben eine glatte Innenfl\u00e4che und k\u00f6nnen nach jedem Gebrauch leicht gereinigt werden; das runde Design ist praktisch zum Umr\u00fchren und Mischen, und der rutschfeste Silikonboden sorgt f\u00fcr Stabilit\u00e4t, um ein versehentliches Verrutschen w\u00e4hrend des Gebrauchs zu verhindern.<\/p>\n<p><strong>Gro\u00dfhandel Salatsch\u00fcsseln Versorgung:<\/strong> Diese Salatsch\u00fcssel aus rostfreiem Stahl hat eine Mindestbestellmenge von 1.000 St\u00fcck und bietet Fabrikpreise, was sie ideal f\u00fcr Gro\u00dfbestellungen, den Gro\u00dfhandel und individuelle Marken macht.<\/p>\n<p><a href=\"https:\/\/www.purecook.com\/de\/custom-solution\/\"><u>Purecook bietet OEM &amp; ODM kundenspezifische K\u00fcchenutensilien <\/u><u>L\u00f6sungen<\/u><u>.<\/u><\/a><\/p>","protected":false},"featured_media":4166,"comment_status":"closed","ping_status":"closed","template":"","meta":{"_acf_changed":false},"product_brand":[],"product_cat":[52,90],"product_tag":[],"class_list":{"0":"post-4165","1":"product","2":"type-product","3":"status-publish","4":"has-post-thumbnail","6":"product_cat-kitchen-utensils","7":"product_cat-mixing-bowl","9":"first","10":"instock","11":"shipping-taxable","12":"product-type-simple"},"acf":[],"_links":{"self":[{"href":"https:\/\/www.purecook.com\/de\/wp-json\/wp\/v2\/product\/4165","targetHints":{"allow":["GET"]}}],"collection":[{"href":"https:\/\/www.purecook.com\/de\/wp-json\/wp\/v2\/product"}],"about":[{"href":"https:\/\/www.purecook.com\/de\/wp-json\/wp\/v2\/types\/product"}],"replies":[{"embeddable":true,"href":"https:\/\/www.purecook.com\/de\/wp-json\/wp\/v2\/comments?post=4165"}],"wp:featuredmedia":[{"embeddable":true,"href":"https:\/\/www.purecook.com\/de\/wp-json\/wp\/v2\/media\/4166"}],"wp:attachment":[{"href":"https:\/\/www.purecook.com\/de\/wp-json\/wp\/v2\/media?parent=4165"}],"wp:term":[{"taxonomy":"product_brand","embeddable":true,"href":"https:\/\/www.purecook.com\/de\/wp-json\/wp\/v2\/product_brand?post=4165"},{"taxonomy":"product_cat","embeddable":true,"href":"https:\/\/www.purecook.com\/de\/wp-json\/wp\/v2\/product_cat?post=4165"},{"taxonomy":"product_tag","embeddable":true,"href":"https:\/\/www.purecook.com\/de\/wp-json\/wp\/v2\/product_tag?post=4165"}],"curies":[{"name":"wp","href":"https:\/\/api.w.org\/{rel}","templated":true}]}}