{"id":4275,"date":"2025-08-02T12:17:40","date_gmt":"2025-08-02T04:17:40","guid":{"rendered":"https:\/\/www.purecook.com\/?post_type=product&#038;p=4275"},"modified":"2025-08-14T16:53:53","modified_gmt":"2025-08-14T08:53:53","slug":"wholesale-3-compartment-lunch-boxes","status":"publish","type":"product","link":"https:\/\/www.purecook.com\/de\/product\/wholesale-3-compartment-lunch-boxes\/","title":{"rendered":"Gro\u00dfhandel Edelstahl Lunch-Boxen - 3-Fach Lunch-Box, niedliche Kinder Lunch-Box"},"content":{"rendered":"<div class=\"wp-block-columns is-layout-flex wp-container-core-columns-is-layout-9d6595d7 wp-block-columns-is-layout-flex\">\n<div class=\"wp-block-column is-layout-flow wp-block-column-is-layout-flow\">\n<h3 class=\"wp-block-heading\">Parameter von Lunchboxen aus Edelstahl<\/h3>\n\n\n\n<p><strong>Material: <\/strong>SS304+PP<br><strong>Farbe:<\/strong> Gr\u00fcn\/Rosa<br><strong>Die Form: <\/strong>Rechteckig<br><strong>Kapazit\u00e4t: <\/strong>960ml<br><strong>Bruttogewicht: <\/strong>Weniger als 1 kg pro St\u00fcck<br><br><\/p>\n<\/div>\n\n\n\n<div class=\"wp-block-column is-layout-flow wp-block-column-is-layout-flow\">\n<h3 class=\"wp-block-heading\">Individuelle Lunchbox-Optionen<\/h3>\n\n\n\n<p><strong>Logo:<\/strong> Anpassbar mit Ihrem Markenlogo<br><strong>Farbe:<\/strong> Anpassbar<br><strong>Verpackung:<\/strong>\u00a0Farbige Schachtel\/Karton, etc<\/p>\n<\/div>\n<\/div>\n\n\n\n<div class=\"wp-block-columns is-layout-flex wp-container-core-columns-is-layout-9d6595d7 wp-block-columns-is-layout-flex\">\n<div class=\"wp-block-column is-layout-flow wp-block-column-is-layout-flow\">\n<figure class=\"wp-block-image size-full\"><img decoding=\"async\" width=\"800\" height=\"800\" src=\"https:\/\/www.purecook.com\/wp-content\/uploads\/2025\/08\/wholesale-stainless-steel-lunch-boxes-4.webp\" alt=\"Gro\u00dfhandel Edelstahl Lunchboxen (4)\" class=\"wp-image-4279\" srcset=\"https:\/\/www.purecook.com\/wp-content\/uploads\/2025\/08\/wholesale-stainless-steel-lunch-boxes-4.webp 800w, https:\/\/www.purecook.com\/wp-content\/uploads\/2025\/08\/wholesale-stainless-steel-lunch-boxes-4-300x300.webp 300w, https:\/\/www.purecook.com\/wp-content\/uploads\/2025\/08\/wholesale-stainless-steel-lunch-boxes-4-150x150.webp 150w, https:\/\/www.purecook.com\/wp-content\/uploads\/2025\/08\/wholesale-stainless-steel-lunch-boxes-4-768x768.webp 768w, https:\/\/www.purecook.com\/wp-content\/uploads\/2025\/08\/wholesale-stainless-steel-lunch-boxes-4-12x12.webp 12w, https:\/\/www.purecook.com\/wp-content\/uploads\/2025\/08\/wholesale-stainless-steel-lunch-boxes-4-600x600.webp 600w, https:\/\/www.purecook.com\/wp-content\/uploads\/2025\/08\/wholesale-stainless-steel-lunch-boxes-4-100x100.webp 100w\" sizes=\"(max-width: 800px) 100vw, 800px\" \/><\/figure>\n<\/div>\n\n\n\n<div class=\"wp-block-column is-layout-flow wp-block-column-is-layout-flow\">\n<figure class=\"wp-block-image size-full\"><img decoding=\"async\" width=\"800\" height=\"800\" src=\"https:\/\/www.purecook.com\/wp-content\/uploads\/2025\/08\/wholesale-stainless-steel-lunch-boxes-6.webp\" alt=\"Gro\u00dfhandel Edelstahl Lunchboxen (6)\" class=\"wp-image-4281\" srcset=\"https:\/\/www.purecook.com\/wp-content\/uploads\/2025\/08\/wholesale-stainless-steel-lunch-boxes-6.webp 800w, https:\/\/www.purecook.com\/wp-content\/uploads\/2025\/08\/wholesale-stainless-steel-lunch-boxes-6-300x300.webp 300w, https:\/\/www.purecook.com\/wp-content\/uploads\/2025\/08\/wholesale-stainless-steel-lunch-boxes-6-150x150.webp 150w, https:\/\/www.purecook.com\/wp-content\/uploads\/2025\/08\/wholesale-stainless-steel-lunch-boxes-6-768x768.webp 768w, https:\/\/www.purecook.com\/wp-content\/uploads\/2025\/08\/wholesale-stainless-steel-lunch-boxes-6-12x12.webp 12w, https:\/\/www.purecook.com\/wp-content\/uploads\/2025\/08\/wholesale-stainless-steel-lunch-boxes-6-600x600.webp 600w, https:\/\/www.purecook.com\/wp-content\/uploads\/2025\/08\/wholesale-stainless-steel-lunch-boxes-6-100x100.webp 100w\" sizes=\"(max-width: 800px) 100vw, 800px\" \/><\/figure>\n<\/div>\n<\/div>\n\n\n\n<div class=\"wp-block-columns is-layout-flex wp-container-core-columns-is-layout-9d6595d7 wp-block-columns-is-layout-flex\">\n<div class=\"wp-block-column is-layout-flow wp-block-column-is-layout-flow\"><\/div>\n\n\n\n<div class=\"wp-block-column is-layout-flow wp-block-column-is-layout-flow\"><\/div>\n<\/div>","protected":false},"excerpt":{"rendered":"<p>Edelstahl-Lunchboxen f\u00fcr den Gro\u00dfhandel. Diese Lunchboxen sind aus lebensmittelechtem Edelstahl gefertigt und gew\u00e4hrleisten Sicherheit im Alltag. Ihre niedlichen Cartoon-Designs f\u00fcgen einen Hauch von Spa\u00df und Verspieltheit zu den Mahlzeiten. Purecook bietet Fabrikpreise und OEM-Anpassung. Kontaktieren Sie uns f\u00fcr das beste Angebot von einem zuverl\u00e4ssigen Hersteller von Brotdosen.<\/p>\n<h2>Merkmale und Vorteile von Lunchboxen aus Edelstahl<\/h2>\n<p><strong>Spielerisches Design, das den Appetit anregt:<\/strong> Diese lustige Brotdose mit dem niedlichen Dinosaurier-Muster zieht Kinder in ihren Bann und sorgt f\u00fcr einen Hauch von Verspieltheit bei den Mahlzeiten.<\/p>\n<p><strong>Zwei Optionen:<\/strong> Die Lunchbox aus Edelstahl ist in zwei Designvarianten erh\u00e4ltlich: eine gr\u00fcne Variante mit einem fr\u00f6hlichen Dinosaurier-Muster, das im Wasser spielt, und eine rosafarbene Variante mit einer herzerw\u00e4rmenden Dinosaurier-Szene, die den unterschiedlichen Vorlieben der Kinder gerecht wird.<\/p>\n<p><strong>Dreiteiliges Design:<\/strong> Wissenschaftlich konzipierte F\u00e4cher verhindern, dass sich verschiedene Lebensmittel vermischen; der gro\u00dfz\u00fcgige Platz bietet Platz f\u00fcr verschiedene Lebensmittel und f\u00f6rdert eine ausgewogene Ern\u00e4hrung.<\/p>\n<p><strong>Tragbar, sicher und durchdacht:<\/strong> Diese Brotdose besteht aus leichtem Kunststoff mit abgerundeten Kanten f\u00fcr einen einfachen Griff und eine sichere Handhabung, wodurch das Risiko von Schnittverletzungen oder Unannehmlichkeiten w\u00e4hrend des Gebrauchs verringert wird.<\/p>\n<p><strong>Leicht zu reinigen:<\/strong> Das Innenfach aus rostfreiem Stahl l\u00e4sst sich zur einfachen Reinigung herausnehmen. Das langlebige Material sorgt daf\u00fcr, dass die Lunchbox schmutz- und geruchsresistent ist und auch nach l\u00e4ngerem Gebrauch ihr sauberes Aussehen beh\u00e4lt.<\/p>\n<p><strong>Gro\u00dfhandel-Lunchbox-Service:<\/strong> Als Hersteller von Edelstahl-Lunchboxen bieten wir Gro\u00dfhandelsservices f\u00fcr Edelstahl-Lunchboxen zu Fabrikpreisen, unterst\u00fctzen OEM- und ODM-Services und bieten umfangreiche Anpassungsm\u00f6glichkeiten an Ihre Marke und Marktpr\u00e4ferenzen.<\/p>","protected":false},"featured_media":4276,"comment_status":"closed","ping_status":"closed","template":"","meta":{"_acf_changed":false},"product_brand":[],"product_cat":[102],"product_tag":[],"class_list":{"0":"post-4275","1":"product","2":"type-product","3":"status-publish","4":"has-post-thumbnail","6":"product_cat-lunch-boxes","8":"first","9":"instock","10":"shipping-taxable","11":"product-type-simple"},"acf":[],"_links":{"self":[{"href":"https:\/\/www.purecook.com\/de\/wp-json\/wp\/v2\/product\/4275","targetHints":{"allow":["GET"]}}],"collection":[{"href":"https:\/\/www.purecook.com\/de\/wp-json\/wp\/v2\/product"}],"about":[{"href":"https:\/\/www.purecook.com\/de\/wp-json\/wp\/v2\/types\/product"}],"replies":[{"embeddable":true,"href":"https:\/\/www.purecook.com\/de\/wp-json\/wp\/v2\/comments?post=4275"}],"wp:featuredmedia":[{"embeddable":true,"href":"https:\/\/www.purecook.com\/de\/wp-json\/wp\/v2\/media\/4276"}],"wp:attachment":[{"href":"https:\/\/www.purecook.com\/de\/wp-json\/wp\/v2\/media?parent=4275"}],"wp:term":[{"taxonomy":"product_brand","embeddable":true,"href":"https:\/\/www.purecook.com\/de\/wp-json\/wp\/v2\/product_brand?post=4275"},{"taxonomy":"product_cat","embeddable":true,"href":"https:\/\/www.purecook.com\/de\/wp-json\/wp\/v2\/product_cat?post=4275"},{"taxonomy":"product_tag","embeddable":true,"href":"https:\/\/www.purecook.com\/de\/wp-json\/wp\/v2\/product_tag?post=4275"}],"curies":[{"name":"wp","href":"https:\/\/api.w.org\/{rel}","templated":true}]}}