{"id":4282,"date":"2025-08-04T11:55:59","date_gmt":"2025-08-04T03:55:59","guid":{"rendered":"https:\/\/www.purecook.com\/?post_type=product&#038;p=4282"},"modified":"2025-08-14T16:53:43","modified_gmt":"2025-08-14T08:53:43","slug":"bulk-stainless-steel-lunch-boxes-for-sale","status":"publish","type":"product","link":"https:\/\/www.purecook.com\/de\/product\/bulk-stainless-steel-lunch-boxes-for-sale\/","title":{"rendered":"Bulk 304 Edelstahl Lunch-Boxen - Partition Design und Leak-Proof Seal"},"content":{"rendered":"<div class=\"wp-block-columns is-layout-flex wp-container-core-columns-is-layout-9d6595d7 wp-block-columns-is-layout-flex\">\n<div class=\"wp-block-column is-layout-flow wp-block-column-is-layout-flow\">\n<h3 class=\"wp-block-heading\">Parameter von Lunchboxen aus Edelstahl<\/h3>\n\n\n\n<p><strong>Material: <\/strong>SS304+PP<br><strong>Farbe:<\/strong> Rosa\/Gr\u00fcn\/Gelb\/Violett<br><strong>Die Form: <\/strong>Rechteckig<br><strong>Kapazit\u00e4t: <\/strong>960ml<br><strong>Bruttogewicht: <\/strong>Weniger als 1 kg pro St\u00fcck<br><br><\/p>\n<\/div>\n\n\n\n<div class=\"wp-block-column is-layout-flow wp-block-column-is-layout-flow\">\n<h3 class=\"wp-block-heading\">Individuelle Lunchbox-Optionen<\/h3>\n\n\n\n<p><strong>Logo:<\/strong> Anpassbar mit Ihrem Markenlogo<br><strong>Farbe:<\/strong> Anpassbar<br><strong>Verpackung:<\/strong>&nbsp;Farbige Schachtel\/Karton, etc<\/p>\n<\/div>\n<\/div>\n\n\n\n<div class=\"wp-block-columns is-layout-flex wp-container-core-columns-is-layout-9d6595d7 wp-block-columns-is-layout-flex\">\n<div class=\"wp-block-column is-layout-flow wp-block-column-is-layout-flow\">\n<figure class=\"wp-block-image size-full\"><img decoding=\"async\" width=\"800\" height=\"800\" src=\"https:\/\/www.purecook.com\/wp-content\/uploads\/2025\/08\/bulk-food-storage-lunch-box-.webp\" alt=\"Vorratsdose f\u00fcr Lebensmittel\" class=\"wp-image-4288\" srcset=\"https:\/\/www.purecook.com\/wp-content\/uploads\/2025\/08\/bulk-food-storage-lunch-box-.webp 800w, https:\/\/www.purecook.com\/wp-content\/uploads\/2025\/08\/bulk-food-storage-lunch-box--300x300.webp 300w, https:\/\/www.purecook.com\/wp-content\/uploads\/2025\/08\/bulk-food-storage-lunch-box--150x150.webp 150w, https:\/\/www.purecook.com\/wp-content\/uploads\/2025\/08\/bulk-food-storage-lunch-box--768x768.webp 768w, https:\/\/www.purecook.com\/wp-content\/uploads\/2025\/08\/bulk-food-storage-lunch-box--12x12.webp 12w, https:\/\/www.purecook.com\/wp-content\/uploads\/2025\/08\/bulk-food-storage-lunch-box--600x600.webp 600w, https:\/\/www.purecook.com\/wp-content\/uploads\/2025\/08\/bulk-food-storage-lunch-box--100x100.webp 100w\" sizes=\"(max-width: 800px) 100vw, 800px\" \/><\/figure>\n<\/div>\n\n\n\n<div class=\"wp-block-column is-layout-flow wp-block-column-is-layout-flow\">\n<figure class=\"wp-block-image size-full\"><img decoding=\"async\" width=\"800\" height=\"800\" src=\"https:\/\/www.purecook.com\/wp-content\/uploads\/2025\/08\/bulk-food-storage-lunch-box-6.webp\" alt=\"Brotdose zur Aufbewahrung von Lebensmitteln (6)\" class=\"wp-image-4287\" srcset=\"https:\/\/www.purecook.com\/wp-content\/uploads\/2025\/08\/bulk-food-storage-lunch-box-6.webp 800w, https:\/\/www.purecook.com\/wp-content\/uploads\/2025\/08\/bulk-food-storage-lunch-box-6-300x300.webp 300w, https:\/\/www.purecook.com\/wp-content\/uploads\/2025\/08\/bulk-food-storage-lunch-box-6-150x150.webp 150w, https:\/\/www.purecook.com\/wp-content\/uploads\/2025\/08\/bulk-food-storage-lunch-box-6-768x768.webp 768w, https:\/\/www.purecook.com\/wp-content\/uploads\/2025\/08\/bulk-food-storage-lunch-box-6-12x12.webp 12w, https:\/\/www.purecook.com\/wp-content\/uploads\/2025\/08\/bulk-food-storage-lunch-box-6-600x600.webp 600w, https:\/\/www.purecook.com\/wp-content\/uploads\/2025\/08\/bulk-food-storage-lunch-box-6-100x100.webp 100w\" sizes=\"(max-width: 800px) 100vw, 800px\" \/><\/figure>\n<\/div>\n<\/div>\n\n\n\n<div class=\"wp-block-columns is-layout-flex wp-container-core-columns-is-layout-9d6595d7 wp-block-columns-is-layout-flex\">\n<div class=\"wp-block-column is-layout-flow wp-block-column-is-layout-flow\"><\/div>\n\n\n\n<div class=\"wp-block-column is-layout-flow wp-block-column-is-layout-flow\"><\/div>\n<\/div>","protected":false},"excerpt":{"rendered":"<p>Edelstahl-Lunchboxen in gro\u00dfen Mengen zu verkaufen. Unsere Lunchboxen gibt es in einer Vielzahl von bezaubernden Farben und mit einem verspielten Design. Jede Box ist wundersch\u00f6n in einer hochwertigen Geschenkbox verpackt, die sich perfekt zum Verschenken eignet. Die vielen F\u00e4cher und das herausnehmbare Design machen die Zubereitung von Mahlzeiten und die Reinigung bequemer. <\/p>\n<p>Als professioneller Hersteller von Lunchboxen bieten wir Ihnen ein Angebot an, bitte kontaktieren Sie uns.<\/p>\n<h2>Merkmale und Vorteile von Lunchboxen aus Edelstahl<\/h2>\n<p data-pm-slice=\"1 1 []\"><strong>Lebensmittelgeeignetes Material:<\/strong> Er ist aus rostfreiem Stahl 304 gefertigt und korrosionsbest\u00e4ndig. Er sorgt daf\u00fcr, dass die Lebensmittel gut aufbewahrt werden.<\/p>\n<p><strong>Perfekte Kapazit\u00e4t:<\/strong> Es erm\u00f6glicht den Kunden, ihre Mahlzeiten f\u00fcr verschiedene Ziele anzupassen.<\/p>\n<p>Mehrteiliges Design: Innerhalb einer inneren Trennwand vermischen sich die Aromen der einzelnen Lebensmittel nicht, was zu einem schlechten Esserlebnis f\u00fchren kann.<\/p>\n<p><strong>Lecksichere Dichtungen:<\/strong> Die Silikondichtungen helfen, die Lebensmittel in ihrer Position zu fixieren, was die Lunchbox und die Benutzer sichert.<\/p>\n<p><strong>Leicht zu reinigen:<\/strong> Das Innenfach aus rostfreiem Stahl l\u00e4sst sich zur einfachen Reinigung herausnehmen. Das langlebige Material sorgt daf\u00fcr, dass die Lunchbox schmutz- und geruchsresistent ist und auch nach l\u00e4ngerem Gebrauch ihr sauberes Aussehen beh\u00e4lt.<\/p>\n<p><strong>Gro\u00dfhandel-Lunchbox-Service:<\/strong> Als Hersteller von Edelstahl-Lunchboxen bieten wir Gro\u00dfhandelsservices f\u00fcr Edelstahl-Lunchboxen zu Fabrikpreisen, unterst\u00fctzen OEM- und ODM-Services und bieten umfangreiche Anpassungsm\u00f6glichkeiten an Ihre Marke und Marktpr\u00e4ferenzen.<\/p>","protected":false},"featured_media":4285,"comment_status":"closed","ping_status":"closed","template":"","meta":{"_acf_changed":false},"product_brand":[],"product_cat":[102],"product_tag":[],"class_list":{"0":"post-4282","1":"product","2":"type-product","3":"status-publish","4":"has-post-thumbnail","6":"product_cat-lunch-boxes","8":"first","9":"instock","10":"shipping-taxable","11":"product-type-simple"},"acf":[],"_links":{"self":[{"href":"https:\/\/www.purecook.com\/de\/wp-json\/wp\/v2\/product\/4282","targetHints":{"allow":["GET"]}}],"collection":[{"href":"https:\/\/www.purecook.com\/de\/wp-json\/wp\/v2\/product"}],"about":[{"href":"https:\/\/www.purecook.com\/de\/wp-json\/wp\/v2\/types\/product"}],"replies":[{"embeddable":true,"href":"https:\/\/www.purecook.com\/de\/wp-json\/wp\/v2\/comments?post=4282"}],"wp:featuredmedia":[{"embeddable":true,"href":"https:\/\/www.purecook.com\/de\/wp-json\/wp\/v2\/media\/4285"}],"wp:attachment":[{"href":"https:\/\/www.purecook.com\/de\/wp-json\/wp\/v2\/media?parent=4282"}],"wp:term":[{"taxonomy":"product_brand","embeddable":true,"href":"https:\/\/www.purecook.com\/de\/wp-json\/wp\/v2\/product_brand?post=4282"},{"taxonomy":"product_cat","embeddable":true,"href":"https:\/\/www.purecook.com\/de\/wp-json\/wp\/v2\/product_cat?post=4282"},{"taxonomy":"product_tag","embeddable":true,"href":"https:\/\/www.purecook.com\/de\/wp-json\/wp\/v2\/product_tag?post=4282"}],"curies":[{"name":"wp","href":"https:\/\/api.w.org\/{rel}","templated":true}]}}