{"id":4302,"date":"2025-08-04T12:31:39","date_gmt":"2025-08-04T04:31:39","guid":{"rendered":"https:\/\/www.purecook.com\/?post_type=product&#038;p=4302"},"modified":"2025-08-04T12:34:00","modified_gmt":"2025-08-04T04:34:00","slug":"wholesale-food-grade-pp-cutting-boards","status":"publish","type":"product","link":"https:\/\/www.purecook.com\/de\/product\/wholesale-food-grade-pp-cutting-boards\/","title":{"rendered":"Gro\u00dfhandel Lebensmittel-Grade PP Schneidebretter - Hanging Hole, Multi-Color-Optionen &amp; einfache Lagerung"},"content":{"rendered":"<div class=\"wp-block-columns is-layout-flex wp-container-core-columns-is-layout-9d6595d7 wp-block-columns-is-layout-flex\">\n<div class=\"wp-block-column is-layout-flow wp-block-column-is-layout-flow\">\n<h3 class=\"wp-block-heading\">Parameter des PP-Schneidebretts in Lebensmittelqualit\u00e4t<\/h3>\n\n\n\n<p><strong>Material: <\/strong>PP<br><strong>Farbe:<\/strong> Hellblau \/ Gelb \/ Rosa \/ Creme \/ Himmelblau \/ Zitronengelb<br><strong>Die Form: <\/strong>Rechteckig<br><strong>Gr\u00f6\u00dfe:<\/strong> <em>20\u00d730\u00d71.2cm\/34\u00d724\u00d71.5cm\/<br>38\u00d726\u00d71.5cm\/42\u00d730\u00d71.8cm<\/em><br><strong>Bruttogewicht: <\/strong>Weniger als 1 kg pro St\u00fcck<br><br><\/p>\n<\/div>\n\n\n\n<div class=\"wp-block-column is-layout-flow wp-block-column-is-layout-flow\">\n<h3 class=\"wp-block-heading\">Individuelle Schneidebrett-Optionen<\/h3>\n\n\n\n<p><strong>Logo:<\/strong> Anpassbar mit Ihrem Markenlogo<br><strong>Farbe:<\/strong> Anpassbar<br><strong>Verpackung:<\/strong>\u00a0Farbige Schachtel\/Karton, etc<\/p>\n\n\n\n<p><strong><a href=\"https:\/\/www.purecook.com\/de\/custom-solution\/\" target=\"_blank\" rel=\"noreferrer noopener\">OEM- und ODM-L\u00f6sungen f\u00fcr kundenspezifische K\u00fcchenger\u00e4te<\/a><\/strong><\/p>\n<\/div>\n<\/div>\n\n\n\n<div class=\"wp-block-columns is-layout-flex wp-container-core-columns-is-layout-9d6595d7 wp-block-columns-is-layout-flex\">\n<div class=\"wp-block-column is-layout-flow wp-block-column-is-layout-flow\">\n<figure class=\"wp-block-image size-full\"><img decoding=\"async\" width=\"800\" height=\"800\" src=\"https:\/\/www.purecook.com\/wp-content\/uploads\/2025\/08\/wholesale-cutting-board-6.webp\" alt=\"Gro\u00dfhandel Schneidebrett (6)\" class=\"wp-image-4307\" srcset=\"https:\/\/www.purecook.com\/wp-content\/uploads\/2025\/08\/wholesale-cutting-board-6.webp 800w, https:\/\/www.purecook.com\/wp-content\/uploads\/2025\/08\/wholesale-cutting-board-6-300x300.webp 300w, https:\/\/www.purecook.com\/wp-content\/uploads\/2025\/08\/wholesale-cutting-board-6-150x150.webp 150w, https:\/\/www.purecook.com\/wp-content\/uploads\/2025\/08\/wholesale-cutting-board-6-768x768.webp 768w, https:\/\/www.purecook.com\/wp-content\/uploads\/2025\/08\/wholesale-cutting-board-6-12x12.webp 12w, https:\/\/www.purecook.com\/wp-content\/uploads\/2025\/08\/wholesale-cutting-board-6-600x600.webp 600w, https:\/\/www.purecook.com\/wp-content\/uploads\/2025\/08\/wholesale-cutting-board-6-100x100.webp 100w\" sizes=\"(max-width: 800px) 100vw, 800px\" \/><\/figure>\n<\/div>\n\n\n\n<div class=\"wp-block-column is-layout-flow wp-block-column-is-layout-flow\">\n<figure class=\"wp-block-image size-full\"><img decoding=\"async\" width=\"800\" height=\"800\" src=\"https:\/\/www.purecook.com\/wp-content\/uploads\/2025\/08\/wholesale-cutting-board-4.webp\" alt=\"Gro\u00dfhandel Schneidebrett (4)\" class=\"wp-image-4305\" srcset=\"https:\/\/www.purecook.com\/wp-content\/uploads\/2025\/08\/wholesale-cutting-board-4.webp 800w, https:\/\/www.purecook.com\/wp-content\/uploads\/2025\/08\/wholesale-cutting-board-4-300x300.webp 300w, https:\/\/www.purecook.com\/wp-content\/uploads\/2025\/08\/wholesale-cutting-board-4-150x150.webp 150w, https:\/\/www.purecook.com\/wp-content\/uploads\/2025\/08\/wholesale-cutting-board-4-768x768.webp 768w, https:\/\/www.purecook.com\/wp-content\/uploads\/2025\/08\/wholesale-cutting-board-4-12x12.webp 12w, https:\/\/www.purecook.com\/wp-content\/uploads\/2025\/08\/wholesale-cutting-board-4-600x600.webp 600w, https:\/\/www.purecook.com\/wp-content\/uploads\/2025\/08\/wholesale-cutting-board-4-100x100.webp 100w\" sizes=\"(max-width: 800px) 100vw, 800px\" \/><\/figure>\n<\/div>\n<\/div>\n\n\n\n<div class=\"wp-block-columns is-layout-flex wp-container-core-columns-is-layout-9d6595d7 wp-block-columns-is-layout-flex\">\n<div class=\"wp-block-column is-layout-flow wp-block-column-is-layout-flow\"><\/div>\n\n\n\n<div class=\"wp-block-column is-layout-flow wp-block-column-is-layout-flow\"><\/div>\n<\/div>","protected":false},"excerpt":{"rendered":"<p>Gro\u00dfhandel Schneidebretter. 4 Gr\u00f6\u00dfen verf\u00fcgbar. Das lebensmittelechte PP-Schneidebrett ist f\u00fcr Sicherheit und Komfort ausgelegt. Es sind verschiedene Farben erh\u00e4ltlich. Sie sind glatt und haltbar und machen das Schneiden zu einem angenehmen Erlebnis. Au\u00dferdem erleichtert das Aufh\u00e4ngeloch die Platzierung und Aufbewahrung. Dank der gro\u00dfen Auswahl an Farben passt es zu fast jedem K\u00fcchenstil.<\/p>\n<p>Purecook bietet Fabrikpreise und OEM-Anpassung. Kontaktieren Sie uns f\u00fcr das beste Angebot von einem zuverl\u00e4ssigen <a href=\"https:\/\/www.purecook.com\/de\/\" target=\"_blank\" rel=\"noopener\"><strong>K\u00fcchenartikelhersteller<\/strong><\/a>.<\/p>\n<h2>Eigenschaften und Vorteile von lebensmittelechtem PP-Schneidebrett<\/h2>\n<p data-pm-slice=\"1 1 []\"><strong>Lebensmittelechtes, langlebiges Material:<\/strong> Dieser Gro\u00dfhandel Schneidebrett ist aus lebensmittelechtem PP-Material, ungiftig, geruchlos, und erf\u00fcllt Lebensmittelstandards. egal, was die Zutaten ist, ist es sicher f\u00fcr Sie auf Ihre Mahlzeit auf, dass zu arbeiten.<\/p>\n<p><strong>Vielseitige Farben:<\/strong> Diese Farben werden geboren, um die Popularit\u00e4t dieses Schneidebretts zu erh\u00f6hen, indem sie zu fast allen K\u00fccheneinrichtungsstilen passen.<\/p>\n<p><strong>Langlebigkeit:<\/strong> Das PP-Material ist alterungsbest\u00e4ndig; egal, ob Sie Obst, Gem\u00fcse oder Fleisch schneiden, es ist Ihre langlebige Wahl. Dank der glatten Oberfl\u00e4che hat Wasser keine Chance, in das Material einzudringen.<\/p>\n<p><strong>Leicht zu reinigen:<\/strong> Das langlebige Material sorgt daf\u00fcr, dass das Schneidebrett flecken- und geruchsresistent ist und auch nach l\u00e4ngerem Gebrauch sein sauberes Aussehen beh\u00e4lt.<\/p>\n<p><strong>Gro\u00dfhandel-Lunchbox-Service:<\/strong> Als Hersteller von Kochgeschirr bieten wir viele Arten von Kochgeschirr im Gro\u00dfhandel zu Fabrikpreisen an, unterst\u00fctzen OEM- und ODM-Services und bieten umfangreiche Anpassungsm\u00f6glichkeiten an Ihre Marke und Marktpr\u00e4ferenzen.<\/p>","protected":false},"featured_media":4308,"comment_status":"closed","ping_status":"closed","template":"","meta":{"_acf_changed":false},"product_brand":[],"product_cat":[67],"product_tag":[],"class_list":{"0":"post-4302","1":"product","2":"type-product","3":"status-publish","4":"has-post-thumbnail","6":"product_cat-cutting-board","8":"first","9":"instock","10":"shipping-taxable","11":"product-type-simple"},"acf":[],"_links":{"self":[{"href":"https:\/\/www.purecook.com\/de\/wp-json\/wp\/v2\/product\/4302","targetHints":{"allow":["GET"]}}],"collection":[{"href":"https:\/\/www.purecook.com\/de\/wp-json\/wp\/v2\/product"}],"about":[{"href":"https:\/\/www.purecook.com\/de\/wp-json\/wp\/v2\/types\/product"}],"replies":[{"embeddable":true,"href":"https:\/\/www.purecook.com\/de\/wp-json\/wp\/v2\/comments?post=4302"}],"wp:featuredmedia":[{"embeddable":true,"href":"https:\/\/www.purecook.com\/de\/wp-json\/wp\/v2\/media\/4308"}],"wp:attachment":[{"href":"https:\/\/www.purecook.com\/de\/wp-json\/wp\/v2\/media?parent=4302"}],"wp:term":[{"taxonomy":"product_brand","embeddable":true,"href":"https:\/\/www.purecook.com\/de\/wp-json\/wp\/v2\/product_brand?post=4302"},{"taxonomy":"product_cat","embeddable":true,"href":"https:\/\/www.purecook.com\/de\/wp-json\/wp\/v2\/product_cat?post=4302"},{"taxonomy":"product_tag","embeddable":true,"href":"https:\/\/www.purecook.com\/de\/wp-json\/wp\/v2\/product_tag?post=4302"}],"curies":[{"name":"wp","href":"https:\/\/api.w.org\/{rel}","templated":true}]}}