{"id":4309,"date":"2025-08-04T12:17:23","date_gmt":"2025-08-04T04:17:23","guid":{"rendered":"https:\/\/www.purecook.com\/?post_type=product&#038;p=4309"},"modified":"2025-08-04T12:17:24","modified_gmt":"2025-08-04T04:17:24","slug":"wholesale-stainless-steel-food-containers","status":"publish","type":"product","link":"https:\/\/www.purecook.com\/de\/product\/wholesale-stainless-steel-food-containers\/","title":{"rendered":"Gro\u00dfhandel Edelstahl Lebensmittel-Container mit klarem Deckel - 8 Kapazit\u00e4ten zur Auswahl"},"content":{"rendered":"<div class=\"wp-block-columns is-layout-flex wp-container-core-columns-is-layout-9d6595d7 wp-block-columns-is-layout-flex\">\n<div class=\"wp-block-column is-layout-flow wp-block-column-is-layout-flow\">\n<h3 class=\"wp-block-heading\">Parameter des Lebensmittelbeh\u00e4lters aus Edelstahl<\/h3>\n\n\n\n<p><strong>Material: <\/strong>SS304+PP<br><strong>Farbe:<\/strong> Splitter<br><strong>Die Form: <\/strong>Rechteckig<br><strong>Kapazit\u00e4t: <\/strong>1400ML\/1900ML\/2400ML\/<br>2800ML\/3800ML\/4600ML\/<br>5500ML\/6600ML<br><strong>Bruttogewicht: <\/strong>Weniger als 1 kg pro St\u00fcck<\/p>\n<\/div>\n\n\n\n<div class=\"wp-block-column is-layout-flow wp-block-column-is-layout-flow\">\n<h3 class=\"wp-block-heading\">Individuelle Optionen f\u00fcr Lebensmittelbeh\u00e4lter<\/h3>\n\n\n\n<p><strong>Logo:<\/strong> Anpassbar mit Ihrem Markenlogo<br><strong>Farbe:<\/strong> Anpassbar<br><strong>Verpackung:<\/strong>&nbsp;Farbige Schachtel\/Karton, etc<\/p>\n<\/div>\n<\/div>\n\n\n\n<div class=\"wp-block-columns is-layout-flex wp-container-core-columns-is-layout-9d6595d7 wp-block-columns-is-layout-flex\">\n<div class=\"wp-block-column is-layout-flow wp-block-column-is-layout-flow\">\n<figure class=\"wp-block-image size-full\"><img decoding=\"async\" width=\"800\" height=\"800\" src=\"https:\/\/www.purecook.com\/wp-content\/uploads\/2025\/08\/wholesale-stainless-steel-food-containers5.webp\" alt=\"Gro\u00dfhandel Edelstahl Lebensmittelbeh\u00e4lter(5)\" class=\"wp-image-4342\" srcset=\"https:\/\/www.purecook.com\/wp-content\/uploads\/2025\/08\/wholesale-stainless-steel-food-containers5.webp 800w, https:\/\/www.purecook.com\/wp-content\/uploads\/2025\/08\/wholesale-stainless-steel-food-containers5-300x300.webp 300w, https:\/\/www.purecook.com\/wp-content\/uploads\/2025\/08\/wholesale-stainless-steel-food-containers5-150x150.webp 150w, https:\/\/www.purecook.com\/wp-content\/uploads\/2025\/08\/wholesale-stainless-steel-food-containers5-768x768.webp 768w, https:\/\/www.purecook.com\/wp-content\/uploads\/2025\/08\/wholesale-stainless-steel-food-containers5-12x12.webp 12w, https:\/\/www.purecook.com\/wp-content\/uploads\/2025\/08\/wholesale-stainless-steel-food-containers5-600x600.webp 600w, https:\/\/www.purecook.com\/wp-content\/uploads\/2025\/08\/wholesale-stainless-steel-food-containers5-100x100.webp 100w\" sizes=\"(max-width: 800px) 100vw, 800px\" \/><\/figure>\n<\/div>\n\n\n\n<div class=\"wp-block-column is-layout-flow wp-block-column-is-layout-flow\">\n<figure class=\"wp-block-image size-full\"><img decoding=\"async\" width=\"800\" height=\"800\" src=\"https:\/\/www.purecook.com\/wp-content\/uploads\/2025\/08\/wholesale-stainless-steel-food-containers6.webp\" alt=\"Gro\u00dfhandel Edelstahl Lebensmittelbeh\u00e4lter(6)\" class=\"wp-image-4343\" srcset=\"https:\/\/www.purecook.com\/wp-content\/uploads\/2025\/08\/wholesale-stainless-steel-food-containers6.webp 800w, https:\/\/www.purecook.com\/wp-content\/uploads\/2025\/08\/wholesale-stainless-steel-food-containers6-300x300.webp 300w, https:\/\/www.purecook.com\/wp-content\/uploads\/2025\/08\/wholesale-stainless-steel-food-containers6-150x150.webp 150w, https:\/\/www.purecook.com\/wp-content\/uploads\/2025\/08\/wholesale-stainless-steel-food-containers6-768x768.webp 768w, https:\/\/www.purecook.com\/wp-content\/uploads\/2025\/08\/wholesale-stainless-steel-food-containers6-12x12.webp 12w, https:\/\/www.purecook.com\/wp-content\/uploads\/2025\/08\/wholesale-stainless-steel-food-containers6-600x600.webp 600w, https:\/\/www.purecook.com\/wp-content\/uploads\/2025\/08\/wholesale-stainless-steel-food-containers6-100x100.webp 100w\" sizes=\"(max-width: 800px) 100vw, 800px\" \/><\/figure>\n<\/div>\n<\/div>\n\n\n\n<div class=\"wp-block-columns is-layout-flex wp-container-core-columns-is-layout-9d6595d7 wp-block-columns-is-layout-flex\">\n<div class=\"wp-block-column is-layout-flow wp-block-column-is-layout-flow\"><\/div>\n\n\n\n<div class=\"wp-block-column is-layout-flow wp-block-column-is-layout-flow\"><\/div>\n<\/div>","protected":false},"excerpt":{"rendered":"<p>Gro\u00dfhandel mit Lebensmittelbeh\u00e4ltern aus Edelstahl. Diese Lebensmittelbeh\u00e4lter aus Edelstahl vereinen stilvolles Design mit praktischem Fassungsverm\u00f6gen. Dank der transparenten Deckel ist der Inhalt leicht zu erkennen, und der auslaufsichere Verschluss sorgt f\u00fcr Frische. Das kompakte, quadratische Design erm\u00f6glicht eine effiziente Aufbewahrung. Sie sind ideal, um Lebensmittel zu Hause oder unterwegs frisch und sicher aufzubewahren.<\/p>\n<p>Purecook Food Container Manufacturer bietet Fabrikpreise und OEM-Anpassungsdienste. Kontaktieren Sie uns f\u00fcr einen Katalog und das beste Angebot.<\/p>\n<h2>Merkmale und Vorteile von Lebensmittelbeh\u00e4ltern aus Edelstahl<\/h2>\n<p data-pm-slice=\"1 1 []\"><strong>Lebensmittelgeeignetes Material:<\/strong> Dieser ma\u00dfgeschneiderte Edelstahlbeh\u00e4lter zur Aufbewahrung von Lebensmitteln ist aus lebensmittelechtem Edelstahl gefertigt, der absolut ungiftig, langlebig und zuverl\u00e4ssig ist. Dieser Beh\u00e4lter ist ideal f\u00fcr die Aufbewahrung von s\u00e4urehaltigen oder verderblichen Lebensmitteln. Er ist mikrowellengeeignet f\u00fcr kurze Erhitzungsst\u00f6\u00dfe und verformt sich auch bei regelm\u00e4\u00dfigem Gebrauch nicht.<\/p>\n<p data-pm-slice=\"1 1 []\"><strong>Bequemlichkeit:<\/strong> Der transparente Deckel hilft Ihnen, den Inhalt zu sehen, ohne ihn zu \u00f6ffnen. Einerseits kann er die Lebensmittel vor Verunreinigungen sch\u00fctzen, andererseits erm\u00f6glicht er Ihnen eine schnelle Kontrolle.<\/p>\n<p><strong>Siegel-Design:<\/strong> Dieses Design verhindert effektiv das Eindringen von Luft und Feuchtigkeit, so dass die Frische Ihrer Lebensmittel erhalten bleibt. Selbst bei fl\u00fcssigen Lebensmitteln wie Eint\u00f6pfen oder So\u00dfen verhindert dieser Beh\u00e4lter das Auslaufen und eignet sich daher hervorragend f\u00fcr den Transport von Suppen oder feuchten Zutaten.<\/p>\n<p><strong>Platzsparendes, stapelbares Design:<\/strong> Die Beh\u00e4lter haben eine quadratische Standardform, die es erlaubt, sie platzsparend zu stapeln. Das kompakte Design l\u00f6st das Platzproblem, mit dem runde Beh\u00e4lter oft zu k\u00e4mpfen haben, und erm\u00f6glicht eine effiziente und praktische Lagerung.<\/p>\n<p><strong>Gro\u00dfhandel f\u00fcr Lebensmittelbeh\u00e4lter:<\/strong> Als Hersteller von Lebensmittelbeh\u00e4ltern aus rostfreiem Stahl bieten wir Gro\u00dfhandelsdienstleistungen f\u00fcr Lebensmittelbeh\u00e4lter aus rostfreiem Stahl zu Fabrikpreisen an, unterst\u00fctzen OEM- und ODM-Dienstleistungen und bieten umfangreiche Anpassungsm\u00f6glichkeiten, um Ihren Marken- und Marktpr\u00e4ferenzen zu entsprechen.<\/p>","protected":false},"featured_media":4338,"comment_status":"closed","ping_status":"closed","template":"","meta":{"_acf_changed":false},"product_brand":[],"product_cat":[25],"product_tag":[],"class_list":{"0":"post-4309","1":"product","2":"type-product","3":"status-publish","4":"has-post-thumbnail","6":"product_cat-food-storage","8":"first","9":"instock","10":"shipping-taxable","11":"product-type-simple"},"acf":[],"_links":{"self":[{"href":"https:\/\/www.purecook.com\/de\/wp-json\/wp\/v2\/product\/4309","targetHints":{"allow":["GET"]}}],"collection":[{"href":"https:\/\/www.purecook.com\/de\/wp-json\/wp\/v2\/product"}],"about":[{"href":"https:\/\/www.purecook.com\/de\/wp-json\/wp\/v2\/types\/product"}],"replies":[{"embeddable":true,"href":"https:\/\/www.purecook.com\/de\/wp-json\/wp\/v2\/comments?post=4309"}],"wp:featuredmedia":[{"embeddable":true,"href":"https:\/\/www.purecook.com\/de\/wp-json\/wp\/v2\/media\/4338"}],"wp:attachment":[{"href":"https:\/\/www.purecook.com\/de\/wp-json\/wp\/v2\/media?parent=4309"}],"wp:term":[{"taxonomy":"product_brand","embeddable":true,"href":"https:\/\/www.purecook.com\/de\/wp-json\/wp\/v2\/product_brand?post=4309"},{"taxonomy":"product_cat","embeddable":true,"href":"https:\/\/www.purecook.com\/de\/wp-json\/wp\/v2\/product_cat?post=4309"},{"taxonomy":"product_tag","embeddable":true,"href":"https:\/\/www.purecook.com\/de\/wp-json\/wp\/v2\/product_tag?post=4309"}],"curies":[{"name":"wp","href":"https:\/\/api.w.org\/{rel}","templated":true}]}}