{"id":4316,"date":"2025-08-04T17:17:14","date_gmt":"2025-08-04T09:17:14","guid":{"rendered":"https:\/\/www.purecook.com\/?post_type=product&#038;p=4316"},"modified":"2025-08-04T18:31:24","modified_gmt":"2025-08-04T10:31:24","slug":"wholesale-non-stick-woks","status":"publish","type":"product","link":"https:\/\/www.purecook.com\/de\/product\/wholesale-non-stick-woks\/","title":{"rendered":"Gro\u00dfhandel Non-Stick Woks - Honeycomb Textur &amp; Tri-Ply Edelstahl Boden"},"content":{"rendered":"<div class=\"wp-block-columns is-layout-flex wp-container-core-columns-is-layout-9d6595d7 wp-block-columns-is-layout-flex\">\n<div class=\"wp-block-column is-layout-flow wp-block-column-is-layout-flow\">\n<h3 class=\"wp-block-heading\">Parameter der dreilagigen Wok-Pfanne aus Edelstahl<\/h3>\n\n\n\n<p><strong>Material: <\/strong>Dreilagig ss304<br><strong>Farbe:<\/strong> Silber<br><strong>Die Form: <\/strong>Rundschreiben<br><strong>Gr\u00f6\u00dfe: <\/strong>32cm\/34cm<br><strong>Normale Dicke:<\/strong> 2,3 mm<\/p>\n<\/div>\n\n\n\n<div class=\"wp-block-column is-layout-flow wp-block-column-is-layout-flow\">\n<h3 class=\"wp-block-heading\">Kundenspezifische dreilagige Edelstahl-Wok-Pfanne Optionen<\/h3>\n\n\n\n<p><strong>Logo:<\/strong> Anpassbar mit Ihrem Markenlogo<br><strong>Farbe:<\/strong> Anpassbar<br><strong>Verpackung:<\/strong>&nbsp;Farbige Schachtel\/Karton, etc<\/p>\n<\/div>\n<\/div>\n\n\n\n<div class=\"wp-block-columns is-layout-flex wp-container-core-columns-is-layout-9d6595d7 wp-block-columns-is-layout-flex\">\n<div class=\"wp-block-column is-layout-flow wp-block-column-is-layout-flow\">\n<figure class=\"wp-block-image size-full\"><img decoding=\"async\" width=\"800\" height=\"800\" src=\"https:\/\/www.purecook.com\/wp-content\/uploads\/2025\/08\/wholesale-non-stick-wok\u200bs-6.webp\" alt=\"Gro\u00dfhandel f\u00fcr Antihaft-Woks (6)\" class=\"wp-image-4365\" srcset=\"https:\/\/www.purecook.com\/wp-content\/uploads\/2025\/08\/wholesale-non-stick-wok\u200bs-6.webp 800w, https:\/\/www.purecook.com\/wp-content\/uploads\/2025\/08\/wholesale-non-stick-wok\u200bs-6-300x300.webp 300w, https:\/\/www.purecook.com\/wp-content\/uploads\/2025\/08\/wholesale-non-stick-wok\u200bs-6-150x150.webp 150w, https:\/\/www.purecook.com\/wp-content\/uploads\/2025\/08\/wholesale-non-stick-wok\u200bs-6-768x768.webp 768w, https:\/\/www.purecook.com\/wp-content\/uploads\/2025\/08\/wholesale-non-stick-wok\u200bs-6-12x12.webp 12w, https:\/\/www.purecook.com\/wp-content\/uploads\/2025\/08\/wholesale-non-stick-wok\u200bs-6-600x600.webp 600w, https:\/\/www.purecook.com\/wp-content\/uploads\/2025\/08\/wholesale-non-stick-wok\u200bs-6-100x100.webp 100w\" sizes=\"(max-width: 800px) 100vw, 800px\" \/><\/figure>\n<\/div>\n\n\n\n<div class=\"wp-block-column is-layout-flow wp-block-column-is-layout-flow\">\n<figure class=\"wp-block-image size-full\"><img decoding=\"async\" width=\"800\" height=\"800\" src=\"https:\/\/www.purecook.com\/wp-content\/uploads\/2025\/08\/wholesale-non-stick-wok\u200bs-5.webp\" alt=\"Gro\u00dfhandel f\u00fcr Antihaft-Woks (5)\" class=\"wp-image-4364\" srcset=\"https:\/\/www.purecook.com\/wp-content\/uploads\/2025\/08\/wholesale-non-stick-wok\u200bs-5.webp 800w, https:\/\/www.purecook.com\/wp-content\/uploads\/2025\/08\/wholesale-non-stick-wok\u200bs-5-300x300.webp 300w, https:\/\/www.purecook.com\/wp-content\/uploads\/2025\/08\/wholesale-non-stick-wok\u200bs-5-150x150.webp 150w, https:\/\/www.purecook.com\/wp-content\/uploads\/2025\/08\/wholesale-non-stick-wok\u200bs-5-768x768.webp 768w, https:\/\/www.purecook.com\/wp-content\/uploads\/2025\/08\/wholesale-non-stick-wok\u200bs-5-12x12.webp 12w, https:\/\/www.purecook.com\/wp-content\/uploads\/2025\/08\/wholesale-non-stick-wok\u200bs-5-600x600.webp 600w, https:\/\/www.purecook.com\/wp-content\/uploads\/2025\/08\/wholesale-non-stick-wok\u200bs-5-100x100.webp 100w\" sizes=\"(max-width: 800px) 100vw, 800px\" \/><\/figure>\n<\/div>\n<\/div>","protected":false},"excerpt":{"rendered":"<p>Gro\u00dfhandel f\u00fcr Antihaft-Woks. Dieser dreilagige Wok aus rostfreiem Stahl verf\u00fcgt \u00fcber eine wabenf\u00f6rmige Struktur, die eine hervorragende Antihaftwirkung gew\u00e4hrleistet. Der Boden besteht aus dreifach rostfreiem Stahl f\u00fcr eine gleichm\u00e4\u00dfige Erw\u00e4rmung. Der ergonomische Griff sorgt f\u00fcr Sicherheit und Komfort. Dieser Edelstahl-Antihaft-Wok ist ideal zum Braten, Garen und Anbraten.<\/p>\n<p>Purecook <a href=\"https:\/\/www.purecook.com\/de\/produktkategorie\/kochgeschirr\/\" target=\"_blank\" rel=\"noopener\"><strong>Kochgeschirrhersteller<\/strong><\/a> bietet Werkspreise und OEM-Anpassungsdienste. Bitte kontaktieren Sie uns f\u00fcr das beste Angebot.<\/p>\n<h2>Merkmale und Vorteile des Antihaft-Woks<\/h2>\n<p data-pm-slice=\"1 1 []\"><strong>Gleichm\u00e4\u00dfige W\u00e4rmeverteilung:<\/strong> Diese Art von Verbundstruktur, eine magnetische Schicht, eine w\u00e4rmeleitende Schicht und eine Antihaftbeschichtung, erm\u00f6glicht eine effiziente W\u00e4rmeleitung. Durch diese Struktur wird die W\u00e4rme in wenigen Sekunden gleichm\u00e4\u00dfig verteilt, wodurch Energieverschwendung vermieden wird, und sie eignet sich zum Anbraten.<\/p>\n<p><strong>Wabenf\u00f6rmige Textur:<\/strong> Bei diesem Design wird die Kontaktfl\u00e4che zwischen den Lebensmitteln und der Oberfl\u00e4che der Pfanne vergr\u00f6\u00dfert, wodurch die Reibung verringert werden kann. So kann ein Anhaften verhindert werden.<\/p>\n<p><strong>Ergonomischer Griff:<\/strong> Die W\u00f6lbung dieser Pfanne ist ergonomisch, um auch bei hohen Temperaturen ein angenehmes Kocherlebnis zu gew\u00e4hrleisten. Der Hilfsgriff hingegen dient der Stabilit\u00e4t beim Ausgie\u00dfen von Fl\u00fcssigkeit oder beim Einstellen des Winkels.<\/p>\n<p><strong>Leicht zu reinigen:<\/strong> Das Innenfach aus Edelstahl ist leicht zu reinigen. Das langlebige Material sorgt daf\u00fcr, dass die dreilagige Wokpfanne aus Edelstahl flecken- und geruchsresistent ist und auch nach l\u00e4ngerem Gebrauch ihr sauberes Aussehen beh\u00e4lt.<\/p>\n<p><strong>Gro\u00dfhandel f\u00fcr Kochgeschirr:<\/strong> Als Hersteller von Kochgeschirr aus Edelstahl bieten wir Gro\u00dfhandelsdienstleistungen f\u00fcr Wok-Pfannen aus Edelstahl zu Fabrikpreisen an, unterst\u00fctzen OEM- und ODM-Dienstleistungen und bieten umfangreiche Anpassungsm\u00f6glichkeiten an Ihre Marke und Marktpr\u00e4ferenzen.<\/p>","protected":false},"featured_media":4360,"comment_status":"closed","ping_status":"closed","template":"","meta":{"_acf_changed":false},"product_brand":[],"product_cat":[24,75],"product_tag":[97,98],"class_list":{"0":"post-4316","1":"product","2":"type-product","3":"status-publish","4":"has-post-thumbnail","6":"product_cat-cookware","7":"product_cat-wok","8":"product_tag-wholesale-commercial-cookware","9":"product_tag-wholesale-home-cookware","11":"first","12":"instock","13":"shipping-taxable","14":"product-type-simple"},"acf":[],"_links":{"self":[{"href":"https:\/\/www.purecook.com\/de\/wp-json\/wp\/v2\/product\/4316","targetHints":{"allow":["GET"]}}],"collection":[{"href":"https:\/\/www.purecook.com\/de\/wp-json\/wp\/v2\/product"}],"about":[{"href":"https:\/\/www.purecook.com\/de\/wp-json\/wp\/v2\/types\/product"}],"replies":[{"embeddable":true,"href":"https:\/\/www.purecook.com\/de\/wp-json\/wp\/v2\/comments?post=4316"}],"wp:featuredmedia":[{"embeddable":true,"href":"https:\/\/www.purecook.com\/de\/wp-json\/wp\/v2\/media\/4360"}],"wp:attachment":[{"href":"https:\/\/www.purecook.com\/de\/wp-json\/wp\/v2\/media?parent=4316"}],"wp:term":[{"taxonomy":"product_brand","embeddable":true,"href":"https:\/\/www.purecook.com\/de\/wp-json\/wp\/v2\/product_brand?post=4316"},{"taxonomy":"product_cat","embeddable":true,"href":"https:\/\/www.purecook.com\/de\/wp-json\/wp\/v2\/product_cat?post=4316"},{"taxonomy":"product_tag","embeddable":true,"href":"https:\/\/www.purecook.com\/de\/wp-json\/wp\/v2\/product_tag?post=4316"}],"curies":[{"name":"wp","href":"https:\/\/api.w.org\/{rel}","templated":true}]}}