{"id":4323,"date":"2025-08-04T16:52:19","date_gmt":"2025-08-04T08:52:19","guid":{"rendered":"https:\/\/www.purecook.com\/?post_type=product&#038;p=4323"},"modified":"2025-08-04T18:31:40","modified_gmt":"2025-08-04T10:31:40","slug":"wholesale-stainless-steel-milk-pots","status":"publish","type":"product","link":"https:\/\/www.purecook.com\/de\/product\/wholesale-stainless-steel-milk-pots\/","title":{"rendered":"Gro\u00dfhandel Edelstahl Milcht\u00f6pfe - Ergonomische Griffe &amp; Pr\u00e4zise Messmarkierungen"},"content":{"rendered":"<div class=\"wp-block-columns is-layout-flex wp-container-core-columns-is-layout-9d6595d7 wp-block-columns-is-layout-flex\">\n<div class=\"wp-block-column is-layout-flow wp-block-column-is-layout-flow\">\n<h3 class=\"wp-block-heading\">Parameter der Edelstahl-Milchkanne<\/h3>\n\n\n\n<p><strong>Material: <\/strong>Rostfreier Stahl SUS#304<br><strong>Farbe:<\/strong> Silber<br><strong>Die Form: <\/strong>S\u00e4ule<br><strong>Kapazit\u00e4t: <\/strong>2000ml<br><strong>Gr\u00f6\u00dfe:<\/strong> 16*14cm<br><strong>Normale Dicke:<\/strong> 0,6 mm<br><br><\/p>\n<\/div>\n\n\n\n<div class=\"wp-block-column is-layout-flow wp-block-column-is-layout-flow\">\n<h3 class=\"wp-block-heading\">Kundenspezifische Edelstahl-Milchkannen-Optionen<\/h3>\n\n\n\n<p><strong>Logo:<\/strong> Anpassbar mit Ihrem Markenlogo<br><strong>Farbe:<\/strong> Anpassbar<br><strong>Verpackung:<\/strong>&nbsp;Farbige Schachtel\/Karton, etc<\/p>\n<\/div>\n<\/div>\n\n\n\n<div class=\"wp-block-columns is-layout-flex wp-container-core-columns-is-layout-9d6595d7 wp-block-columns-is-layout-flex\">\n<div class=\"wp-block-column is-layout-flow wp-block-column-is-layout-flow\">\n<figure class=\"wp-block-image size-full\"><img decoding=\"async\" width=\"800\" height=\"800\" src=\"https:\/\/www.purecook.com\/wp-content\/uploads\/2025\/08\/wholesale-stainless-steel-milk-pot-2.webp\" alt=\"Gro\u00dfhandel Edelstahl Milchkanne (2)\" class=\"wp-image-4324\" srcset=\"https:\/\/www.purecook.com\/wp-content\/uploads\/2025\/08\/wholesale-stainless-steel-milk-pot-2.webp 800w, https:\/\/www.purecook.com\/wp-content\/uploads\/2025\/08\/wholesale-stainless-steel-milk-pot-2-300x300.webp 300w, https:\/\/www.purecook.com\/wp-content\/uploads\/2025\/08\/wholesale-stainless-steel-milk-pot-2-150x150.webp 150w, https:\/\/www.purecook.com\/wp-content\/uploads\/2025\/08\/wholesale-stainless-steel-milk-pot-2-768x768.webp 768w, https:\/\/www.purecook.com\/wp-content\/uploads\/2025\/08\/wholesale-stainless-steel-milk-pot-2-12x12.webp 12w, https:\/\/www.purecook.com\/wp-content\/uploads\/2025\/08\/wholesale-stainless-steel-milk-pot-2-600x600.webp 600w, https:\/\/www.purecook.com\/wp-content\/uploads\/2025\/08\/wholesale-stainless-steel-milk-pot-2-100x100.webp 100w\" sizes=\"(max-width: 800px) 100vw, 800px\" \/><\/figure>\n<\/div>\n\n\n\n<div class=\"wp-block-column is-layout-flow wp-block-column-is-layout-flow\">\n<figure class=\"wp-block-image size-full\"><img decoding=\"async\" width=\"800\" height=\"800\" src=\"https:\/\/www.purecook.com\/wp-content\/uploads\/2025\/08\/wholesale-stainless-steel-milk-pot-4.webp\" alt=\"Gro\u00dfhandel Edelstahl Milchkanne (4)\" class=\"wp-image-4326\" srcset=\"https:\/\/www.purecook.com\/wp-content\/uploads\/2025\/08\/wholesale-stainless-steel-milk-pot-4.webp 800w, https:\/\/www.purecook.com\/wp-content\/uploads\/2025\/08\/wholesale-stainless-steel-milk-pot-4-300x300.webp 300w, https:\/\/www.purecook.com\/wp-content\/uploads\/2025\/08\/wholesale-stainless-steel-milk-pot-4-150x150.webp 150w, https:\/\/www.purecook.com\/wp-content\/uploads\/2025\/08\/wholesale-stainless-steel-milk-pot-4-768x768.webp 768w, https:\/\/www.purecook.com\/wp-content\/uploads\/2025\/08\/wholesale-stainless-steel-milk-pot-4-12x12.webp 12w, https:\/\/www.purecook.com\/wp-content\/uploads\/2025\/08\/wholesale-stainless-steel-milk-pot-4-600x600.webp 600w, https:\/\/www.purecook.com\/wp-content\/uploads\/2025\/08\/wholesale-stainless-steel-milk-pot-4-100x100.webp 100w\" sizes=\"(max-width: 800px) 100vw, 800px\" \/><\/figure>\n<\/div>\n<\/div>\n\n\n\n<div class=\"wp-block-columns is-layout-flex wp-container-core-columns-is-layout-9d6595d7 wp-block-columns-is-layout-flex\">\n<div class=\"wp-block-column is-layout-flow wp-block-column-is-layout-flow\"><\/div>\n\n\n\n<div class=\"wp-block-column is-layout-flow wp-block-column-is-layout-flow\"><\/div>\n<\/div>","protected":false},"excerpt":{"rendered":"<p>Gro\u00dfhandel Edelstahl hohe Milchkannen. Dieser Milchtopf aus Edelstahl hat eine glatte, geb\u00fcrstete Oberfl\u00e4che und ein ergonomisches Design. Der Klarglasdeckel mit Sicherheitsventil, pr\u00e4zisen Volumenmarkierungen und einer gut gestalteten Ausgusst\u00fclle ist praktisch und perfekt zum Kochen von Milch, zum Kochen von Brei usw. <\/p>\n<p>Purecook bietet Fabrikpreise und OEM-Anpassung. Kontaktieren Sie uns f\u00fcr das beste Angebot von einem zuverl\u00e4ssigen Kochgeschirrhersteller.<\/p>\n<h2>Merkmale und Vorteile von Edelstahl-Milchkannen<\/h2>\n<p><strong>Lebensmittelgeeigneter rostfreier Stahl:<\/strong> Er ist aus Edelstahl 304 gefertigt, entspricht den Lebensmittelstandards und eignet sich hervorragend zur Aufbewahrung von Milch, Brei und anderen Lebensmitteln.<\/p>\n<p><strong>Ergonomischer Handgriff:<\/strong> Wird durch doppelte Nieten fixiert. Entwickelt, um die nat\u00fcrliche Kurve Ihrer Hand in einen ergonomischen Griff zu formen.<\/p>\n<p><strong>Klarglas-Deckel mit Sicherheitsventil:<\/strong> Sie besteht aus klarem, geh\u00e4rtetem Glas und erm\u00f6glicht es Ihnen, den Kochvorgang visuell zu verfolgen. Es verhindert ein \u00dcberkochen und h\u00e4lt die Temperatur unter Kontrolle. Das Sicherheitsventil erm\u00f6glicht ein einfaches und sicheres Ablassen des Dampfes und gleicht den Innen- und Au\u00dfendruck aus, um ein \u00dcberlaufen zu verhindern und ein sicheres Garen zu gew\u00e4hrleisten.<\/p>\n<p><strong>Pr\u00e4ziser Ma\u00dfstab:<\/strong> Einfaches Erfassen der Milch- und Kaffeemenge. Es ist auch sehr geeignet f\u00fcr Di\u00e4tetiker oder Fitness-Enthusiasten zu helfen, die t\u00e4gliche Aufnahme zu kontrollieren.<\/p>\n<p><strong>Gro\u00dfhandel mit Milchkannen:<\/strong> Als rostfreier Stahl <a href=\"https:\/\/www.purecook.com\/de\/produktkategorie\/kochgeschirr\/\" target=\"_blank\" rel=\"noopener\"><strong>Kochgeschirrhersteller<\/strong><\/a>Wir bieten Gro\u00dfhandelsdienstleistungen f\u00fcr Edelstahl-Milchkannen zu Fabrikpreisen, unterst\u00fctzen OEM- und ODM-Dienstleistungen und bieten umfangreiche Anpassungsm\u00f6glichkeiten, um Ihren Marken- und Marktpr\u00e4ferenzen zu entsprechen.<\/p>","protected":false},"featured_media":4330,"comment_status":"closed","ping_status":"closed","template":"","meta":{"_acf_changed":false},"product_brand":[],"product_cat":[24,80],"product_tag":[98],"class_list":{"0":"post-4323","1":"product","2":"type-product","3":"status-publish","4":"has-post-thumbnail","6":"product_cat-cookware","7":"product_cat-milk-pot","8":"product_tag-wholesale-home-cookware","10":"first","11":"instock","12":"shipping-taxable","13":"product-type-simple"},"acf":[],"_links":{"self":[{"href":"https:\/\/www.purecook.com\/de\/wp-json\/wp\/v2\/product\/4323","targetHints":{"allow":["GET"]}}],"collection":[{"href":"https:\/\/www.purecook.com\/de\/wp-json\/wp\/v2\/product"}],"about":[{"href":"https:\/\/www.purecook.com\/de\/wp-json\/wp\/v2\/types\/product"}],"replies":[{"embeddable":true,"href":"https:\/\/www.purecook.com\/de\/wp-json\/wp\/v2\/comments?post=4323"}],"wp:featuredmedia":[{"embeddable":true,"href":"https:\/\/www.purecook.com\/de\/wp-json\/wp\/v2\/media\/4330"}],"wp:attachment":[{"href":"https:\/\/www.purecook.com\/de\/wp-json\/wp\/v2\/media?parent=4323"}],"wp:term":[{"taxonomy":"product_brand","embeddable":true,"href":"https:\/\/www.purecook.com\/de\/wp-json\/wp\/v2\/product_brand?post=4323"},{"taxonomy":"product_cat","embeddable":true,"href":"https:\/\/www.purecook.com\/de\/wp-json\/wp\/v2\/product_cat?post=4323"},{"taxonomy":"product_tag","embeddable":true,"href":"https:\/\/www.purecook.com\/de\/wp-json\/wp\/v2\/product_tag?post=4323"}],"curies":[{"name":"wp","href":"https:\/\/api.w.org\/{rel}","templated":true}]}}