{"id":4331,"date":"2025-08-04T16:25:48","date_gmt":"2025-08-04T08:25:48","guid":{"rendered":"https:\/\/www.purecook.com\/?post_type=product&#038;p=4331"},"modified":"2025-08-04T18:32:01","modified_gmt":"2025-08-04T10:32:01","slug":"wholesale-stainless-steel-jam-pots","status":"publish","type":"product","link":"https:\/\/www.purecook.com\/de\/product\/wholesale-stainless-steel-jam-pots\/","title":{"rendered":"Gro\u00dfhandel Edelstahl Marmelade T\u00f6pfe - gro\u00dfe Kapazit\u00e4t und bequemen Griff"},"content":{"rendered":"<div class=\"wp-block-columns is-layout-flex wp-container-core-columns-is-layout-9d6595d7 wp-block-columns-is-layout-flex\">\n<div class=\"wp-block-column is-layout-flow wp-block-column-is-layout-flow\">\n<h3 class=\"wp-block-heading\">Parameter des Marmeladentopfes aus Edelstahl<\/h3>\n\n\n\n<p><strong>Material: <\/strong>SS201<br><strong>Farbe:<\/strong> Silber<br><strong>Normale Dicke: <\/strong>0,6 mm<br><strong>Unten:<\/strong> Induktion Sandwichboden (SUS+1mm Alu+SUS)<br><strong>Bruttogewicht: <\/strong>Weniger als 1 kg pro St\u00fcck<br><br><\/p>\n<\/div>\n\n\n\n<div class=\"wp-block-column is-layout-flow wp-block-column-is-layout-flow\">\n<h3 class=\"wp-block-heading\">Individuelle Marmeladentopf-Optionen<\/h3>\n\n\n\n<p><strong>Logo:<\/strong> Anpassbar mit Ihrem Markenlogo<br><strong>Farbe:<\/strong> Anpassbar<br><strong>Verpackung:<\/strong>&nbsp;Farbige Schachtel\/Karton, etc<\/p>\n<\/div>\n<\/div>\n\n\n\n<div class=\"wp-block-columns is-layout-flex wp-container-core-columns-is-layout-9d6595d7 wp-block-columns-is-layout-flex\">\n<div class=\"wp-block-column is-layout-flow wp-block-column-is-layout-flow\">\n<figure class=\"wp-block-image size-full\"><img decoding=\"async\" width=\"800\" height=\"800\" src=\"https:\/\/www.purecook.com\/wp-content\/uploads\/2025\/08\/wholesale-stainless-steel-jam-pot.webp\" alt=\"Gro\u00dfhandel Edelstahl Marmelade Topf\" class=\"wp-image-4337\" srcset=\"https:\/\/www.purecook.com\/wp-content\/uploads\/2025\/08\/wholesale-stainless-steel-jam-pot.webp 800w, https:\/\/www.purecook.com\/wp-content\/uploads\/2025\/08\/wholesale-stainless-steel-jam-pot-300x300.webp 300w, https:\/\/www.purecook.com\/wp-content\/uploads\/2025\/08\/wholesale-stainless-steel-jam-pot-150x150.webp 150w, https:\/\/www.purecook.com\/wp-content\/uploads\/2025\/08\/wholesale-stainless-steel-jam-pot-768x768.webp 768w, https:\/\/www.purecook.com\/wp-content\/uploads\/2025\/08\/wholesale-stainless-steel-jam-pot-12x12.webp 12w, https:\/\/www.purecook.com\/wp-content\/uploads\/2025\/08\/wholesale-stainless-steel-jam-pot-600x600.webp 600w, https:\/\/www.purecook.com\/wp-content\/uploads\/2025\/08\/wholesale-stainless-steel-jam-pot-100x100.webp 100w\" sizes=\"(max-width: 800px) 100vw, 800px\" \/><\/figure>\n<\/div>\n\n\n\n<div class=\"wp-block-column is-layout-flow wp-block-column-is-layout-flow\">\n<figure class=\"wp-block-image size-full\"><img decoding=\"async\" width=\"800\" height=\"800\" src=\"https:\/\/www.purecook.com\/wp-content\/uploads\/2025\/08\/wholesale-stainless-steel-jam-pot-3.webp\" alt=\"Gro\u00dfhandel Edelstahl Marmelade Topf (3)\" class=\"wp-image-4333\" srcset=\"https:\/\/www.purecook.com\/wp-content\/uploads\/2025\/08\/wholesale-stainless-steel-jam-pot-3.webp 800w, https:\/\/www.purecook.com\/wp-content\/uploads\/2025\/08\/wholesale-stainless-steel-jam-pot-3-300x300.webp 300w, https:\/\/www.purecook.com\/wp-content\/uploads\/2025\/08\/wholesale-stainless-steel-jam-pot-3-150x150.webp 150w, https:\/\/www.purecook.com\/wp-content\/uploads\/2025\/08\/wholesale-stainless-steel-jam-pot-3-768x768.webp 768w, https:\/\/www.purecook.com\/wp-content\/uploads\/2025\/08\/wholesale-stainless-steel-jam-pot-3-12x12.webp 12w, https:\/\/www.purecook.com\/wp-content\/uploads\/2025\/08\/wholesale-stainless-steel-jam-pot-3-600x600.webp 600w, https:\/\/www.purecook.com\/wp-content\/uploads\/2025\/08\/wholesale-stainless-steel-jam-pot-3-100x100.webp 100w\" sizes=\"(max-width: 800px) 100vw, 800px\" \/><\/figure>\n<\/div>\n<\/div>\n\n\n\n<div class=\"wp-block-columns is-layout-flex wp-container-core-columns-is-layout-9d6595d7 wp-block-columns-is-layout-flex\">\n<div class=\"wp-block-column is-layout-flow wp-block-column-is-layout-flow\"><\/div>\n\n\n\n<div class=\"wp-block-column is-layout-flow wp-block-column-is-layout-flow\"><\/div>\n<\/div>","protected":false},"excerpt":{"rendered":"<p>Gro\u00dfhandel mit Marmeladengl\u00e4sern aus Edelstahl. Diese Gl\u00e4ser sind perfekt f\u00fcr die Herstellung von Marmeladen, Gelees und So\u00dfen. Sie verf\u00fcgen \u00fcber eine robuste Konstruktion f\u00fcr Langlebigkeit. Dank ihres gro\u00dfen Fassungsverm\u00f6gens k\u00f6nnen Sie gro\u00dfe Mengen an Konfit\u00fcren, Gelees, Saucen und anderen Konserven herstellen. Wir bieten Marmeladengl\u00e4ser in gro\u00dfen Mengen zu wettbewerbsf\u00e4higen Preisen an. Kontaktieren Sie uns.<\/p>\n<h2>Merkmale und Vorteile von Marmeladent\u00f6pfen aus Edelstahl<\/h2>\n<p><strong>Lebensmittelgeeignetes Material:<\/strong> Dieser Marmeladentopf ist aus hochwertigem Edelstahl gefertigt und zeichnet sich durch seine lang anhaltende Korrosions- und Rostbest\u00e4ndigkeit aus. Die glatte Oberfl\u00e4che verleiht Ihrer K\u00fcche sogar einen \u00e4sthetischen Reiz.<\/p>\n<p><strong>Ergonomische Griffe:<\/strong> Der Metallgriff wurde mit doppelten Nieten befestigt, um die Festigkeit und Haltbarkeit zu erh\u00f6hen. Der Schraubstockgriff auf der anderen Seite dient als zus\u00e4tzliche St\u00fctze und Gleichgewicht. Diese Konstruktion kann Unf\u00e4lle beim Gie\u00dfen zu Ihrer Sicherheit erheblich reduzieren.<\/p>\n<p><strong>Leicht zu reinigen:<\/strong> Dank der offenen Topf\u00f6ffnung l\u00e4sst sich das Innere des Topfes leicht reinigen. Au\u00dferdem ist er aufgrund des hochwertigen Materials sauber, wenn Sie ihn einfach abwischen.<\/p>\n<p><strong>Unterst\u00fctzung mehrerer Herdplatten:<\/strong> Das Marmeladenglas aus Edelstahl verf\u00fcgt \u00fcber einen dreischichtigen Boden, der eine gleichm\u00e4\u00dfige Erw\u00e4rmung gew\u00e4hrleistet, und ist mit verschiedenen W\u00e4rmequellen kompatibel, darunter Gasherde, Elektroherde und Induktionsherde.<\/p>\n<p><strong>Gro\u00dfhandel mit Marmeladengl\u00e4sern Service:<\/strong> Als Hersteller von Marmeladent\u00f6pfen aus rostfreiem Stahl bieten wir Gro\u00dfhandelsdienstleistungen f\u00fcr Marmeladent\u00f6pfe aus rostfreiem Stahl zu Fabrikpreisen an, unterst\u00fctzen OEM- und ODM-Dienstleistungen und bieten umfangreiche Anpassungsm\u00f6glichkeiten an Ihre Marke und Marktpr\u00e4ferenzen.<\/p>","protected":false},"featured_media":4336,"comment_status":"closed","ping_status":"closed","template":"","meta":{"_acf_changed":false},"product_brand":[],"product_cat":[24,101],"product_tag":[97,98],"class_list":{"0":"post-4331","1":"product","2":"type-product","3":"status-publish","4":"has-post-thumbnail","6":"product_cat-cookware","7":"product_cat-wholesale-jam-pots","8":"product_tag-wholesale-commercial-cookware","9":"product_tag-wholesale-home-cookware","11":"first","12":"instock","13":"shipping-taxable","14":"product-type-simple"},"acf":[],"_links":{"self":[{"href":"https:\/\/www.purecook.com\/de\/wp-json\/wp\/v2\/product\/4331","targetHints":{"allow":["GET"]}}],"collection":[{"href":"https:\/\/www.purecook.com\/de\/wp-json\/wp\/v2\/product"}],"about":[{"href":"https:\/\/www.purecook.com\/de\/wp-json\/wp\/v2\/types\/product"}],"replies":[{"embeddable":true,"href":"https:\/\/www.purecook.com\/de\/wp-json\/wp\/v2\/comments?post=4331"}],"wp:featuredmedia":[{"embeddable":true,"href":"https:\/\/www.purecook.com\/de\/wp-json\/wp\/v2\/media\/4336"}],"wp:attachment":[{"href":"https:\/\/www.purecook.com\/de\/wp-json\/wp\/v2\/media?parent=4331"}],"wp:term":[{"taxonomy":"product_brand","embeddable":true,"href":"https:\/\/www.purecook.com\/de\/wp-json\/wp\/v2\/product_brand?post=4331"},{"taxonomy":"product_cat","embeddable":true,"href":"https:\/\/www.purecook.com\/de\/wp-json\/wp\/v2\/product_cat?post=4331"},{"taxonomy":"product_tag","embeddable":true,"href":"https:\/\/www.purecook.com\/de\/wp-json\/wp\/v2\/product_tag?post=4331"}],"curies":[{"name":"wp","href":"https:\/\/api.w.org\/{rel}","templated":true}]}}