{"id":4352,"date":"2025-08-04T17:29:58","date_gmt":"2025-08-04T09:29:58","guid":{"rendered":"https:\/\/www.purecook.com\/?post_type=product&#038;p=4352"},"modified":"2025-08-04T18:31:08","modified_gmt":"2025-08-04T10:31:08","slug":"wholesale-stainless-steel-stock-pots","status":"publish","type":"product","link":"https:\/\/www.purecook.com\/de\/product\/wholesale-stainless-steel-stock-pots\/","title":{"rendered":"Gro\u00dfhandel Edelstahl Stock T\u00f6pfe - gro\u00dfe Kapazit\u00e4t und langlebig"},"content":{"rendered":"<div class=\"wp-block-columns is-layout-flex wp-container-core-columns-is-layout-9d6595d7 wp-block-columns-is-layout-flex\">\n<div class=\"wp-block-column is-layout-flow wp-block-column-is-layout-flow\">\n<h3 class=\"wp-block-heading\">Parameter von Edelstahlt\u00f6pfen<\/h3>\n\n\n\n<p><strong>Material:<\/strong> SS201<br><strong>Farbe:<\/strong> Silber<br><strong>Die Form: <\/strong>S\u00e4ule<br><strong>Durchmesser: <\/strong>24cm\/26cm\/28cm<br><strong>H\u00f6he:<\/strong> 14,5 cm<br><strong>Bruttogewicht: <\/strong>15,6 kg pro St\u00fcck<br><br><\/p>\n<\/div>\n\n\n\n<div class=\"wp-block-column is-layout-flow wp-block-column-is-layout-flow\">\n<h3 class=\"wp-block-heading\">Kundenspezifische Optionen f\u00fcr Lagert\u00f6pfe<\/h3>\n\n\n\n<p><strong>Logo:<\/strong> Anpassbar mit Ihrem Markenlogo<br><strong>Farbe:<\/strong> Anpassbar<br><strong>Verpackung:<\/strong>&nbsp;Farbige Schachtel\/Karton, etc<\/p>\n<\/div>\n<\/div>\n\n\n\n<div class=\"wp-block-columns is-layout-flex wp-container-core-columns-is-layout-9d6595d7 wp-block-columns-is-layout-flex\">\n<div class=\"wp-block-column is-layout-flow wp-block-column-is-layout-flow\">\n<figure class=\"wp-block-image size-full\"><img decoding=\"async\" width=\"800\" height=\"800\" src=\"https:\/\/www.purecook.com\/wp-content\/uploads\/2025\/08\/wholesale-stainless-steel-stock-pot-6.webp\" alt=\"Gro\u00dfhandel Edelstahl Br\u00fche Topf (6)\" class=\"wp-image-4357\" srcset=\"https:\/\/www.purecook.com\/wp-content\/uploads\/2025\/08\/wholesale-stainless-steel-stock-pot-6.webp 800w, https:\/\/www.purecook.com\/wp-content\/uploads\/2025\/08\/wholesale-stainless-steel-stock-pot-6-300x300.webp 300w, https:\/\/www.purecook.com\/wp-content\/uploads\/2025\/08\/wholesale-stainless-steel-stock-pot-6-150x150.webp 150w, https:\/\/www.purecook.com\/wp-content\/uploads\/2025\/08\/wholesale-stainless-steel-stock-pot-6-768x768.webp 768w, https:\/\/www.purecook.com\/wp-content\/uploads\/2025\/08\/wholesale-stainless-steel-stock-pot-6-12x12.webp 12w, https:\/\/www.purecook.com\/wp-content\/uploads\/2025\/08\/wholesale-stainless-steel-stock-pot-6-600x600.webp 600w, https:\/\/www.purecook.com\/wp-content\/uploads\/2025\/08\/wholesale-stainless-steel-stock-pot-6-100x100.webp 100w\" sizes=\"(max-width: 800px) 100vw, 800px\" \/><\/figure>\n<\/div>\n\n\n\n<div class=\"wp-block-column is-layout-flow wp-block-column-is-layout-flow\">\n<figure class=\"wp-block-image size-full\"><img decoding=\"async\" width=\"800\" height=\"800\" src=\"https:\/\/www.purecook.com\/wp-content\/uploads\/2025\/08\/wholesale-stainless-steel-stock-pot-2.webp\" alt=\"Gro\u00dfhandel Edelstahl Br\u00fche Topf (2)\" class=\"wp-image-4353\" srcset=\"https:\/\/www.purecook.com\/wp-content\/uploads\/2025\/08\/wholesale-stainless-steel-stock-pot-2.webp 800w, https:\/\/www.purecook.com\/wp-content\/uploads\/2025\/08\/wholesale-stainless-steel-stock-pot-2-300x300.webp 300w, https:\/\/www.purecook.com\/wp-content\/uploads\/2025\/08\/wholesale-stainless-steel-stock-pot-2-150x150.webp 150w, https:\/\/www.purecook.com\/wp-content\/uploads\/2025\/08\/wholesale-stainless-steel-stock-pot-2-768x768.webp 768w, https:\/\/www.purecook.com\/wp-content\/uploads\/2025\/08\/wholesale-stainless-steel-stock-pot-2-12x12.webp 12w, https:\/\/www.purecook.com\/wp-content\/uploads\/2025\/08\/wholesale-stainless-steel-stock-pot-2-600x600.webp 600w, https:\/\/www.purecook.com\/wp-content\/uploads\/2025\/08\/wholesale-stainless-steel-stock-pot-2-100x100.webp 100w\" sizes=\"(max-width: 800px) 100vw, 800px\" \/><\/figure>\n<\/div>\n<\/div>\n\n\n\n<div class=\"wp-block-columns is-layout-flex wp-container-core-columns-is-layout-9d6595d7 wp-block-columns-is-layout-flex\">\n<div class=\"wp-block-column is-layout-flow wp-block-column-is-layout-flow\"><\/div>\n\n\n\n<div class=\"wp-block-column is-layout-flow wp-block-column-is-layout-flow\"><\/div>\n<\/div>","protected":false},"excerpt":{"rendered":"<p>Gro\u00dfhandelstopf aus Edelstahl. Dieser aus hochwertigem Edelstahl gefertigte Suppentopf bietet ein elegantes und langlebiges Design. Der passgenaue Deckel sorgt daf\u00fcr, dass das Wesentliche der Zutaten erhalten bleibt, was ihn ideal f\u00fcr langsames Kochen, Suppen und Eint\u00f6pfe macht. Dank seines gro\u00dfen Fassungsverm\u00f6gens ist er sowohl f\u00fcr den gewerblichen als auch f\u00fcr den famili\u00e4ren Gebrauch geeignet.<\/p>\n<p>Purecook <a href=\"https:\/\/www.purecook.com\/de\/produktkategorie\/kochgeschirr\/\" target=\"_blank\" rel=\"noopener\"><strong>Kochgeschirrhersteller<\/strong> <\/a>bietet Fabrikpreise und OEM-Anpassungsdienste. Kontaktieren Sie uns f\u00fcr das beste Angebot von einem zuverl\u00e4ssigen Kochgeschirrhersteller.<\/p>\n<h2>Merkmale und Vorteile von Edelstahlt\u00f6pfen<\/h2>\n<p><strong>Hochwertiges Material:\u00a0<\/strong>Das Material dieses Suppentopfs ist hochwertiger Edelstahl. Dieses Material sorgt daf\u00fcr, dass das Produkt glatt und frei von Graten oder Unebenheiten ist.<\/p>\n<p><strong>Pr\u00e4zisions-Deckel:<\/strong> Wenn er geschlossen ist, liegt er genau am Topf an. So bleiben Feuchtigkeit und Geschmack Ihrer Mahlzeiten erhalten. Und das Ventil kann den Dampf effizient ablassen, was das Kochen sicherer und kontrollierter macht.<\/p>\n<p><strong>Benutzerfreundliche Griffe:<\/strong> Der gebogene Metallgriff bietet einen bequemen Griff und sorgt f\u00fcr Sicherheit. Zur Vermeidung von Verbrennungen bei der Handhabung.<\/p>\n<p><strong>Leicht zu reinigen:<\/strong> Die Edelstahloberfl\u00e4che verhindert das Anhaften von Speiseresten und ist daher sehr leicht zu reinigen; ein einfaches Absp\u00fclen mit Wasser und Sp\u00fclmittel reicht aus.<\/p>\n<p><strong>Gro\u00dfhandel mit Vorratst\u00f6pfen:<\/strong> Als Hersteller von Edelstahlkochgeschirr bieten wir Gro\u00dfhandelsservices f\u00fcr Edelstahlt\u00f6pfe zu Fabrikpreisen, unterst\u00fctzen OEM- und ODM-Services und bieten umfangreiche Anpassungsm\u00f6glichkeiten an Ihre Marke und Marktpr\u00e4ferenzen.<\/p>","protected":false},"featured_media":4358,"comment_status":"closed","ping_status":"closed","template":"","meta":{"_acf_changed":false},"product_brand":[],"product_cat":[24,70],"product_tag":[97],"class_list":{"0":"post-4352","1":"product","2":"type-product","3":"status-publish","4":"has-post-thumbnail","6":"product_cat-cookware","7":"product_cat-soup-and-stock-pots","8":"product_tag-wholesale-commercial-cookware","10":"first","11":"instock","12":"shipping-taxable","13":"product-type-simple"},"acf":[],"_links":{"self":[{"href":"https:\/\/www.purecook.com\/de\/wp-json\/wp\/v2\/product\/4352","targetHints":{"allow":["GET"]}}],"collection":[{"href":"https:\/\/www.purecook.com\/de\/wp-json\/wp\/v2\/product"}],"about":[{"href":"https:\/\/www.purecook.com\/de\/wp-json\/wp\/v2\/types\/product"}],"replies":[{"embeddable":true,"href":"https:\/\/www.purecook.com\/de\/wp-json\/wp\/v2\/comments?post=4352"}],"wp:featuredmedia":[{"embeddable":true,"href":"https:\/\/www.purecook.com\/de\/wp-json\/wp\/v2\/media\/4358"}],"wp:attachment":[{"href":"https:\/\/www.purecook.com\/de\/wp-json\/wp\/v2\/media?parent=4352"}],"wp:term":[{"taxonomy":"product_brand","embeddable":true,"href":"https:\/\/www.purecook.com\/de\/wp-json\/wp\/v2\/product_brand?post=4352"},{"taxonomy":"product_cat","embeddable":true,"href":"https:\/\/www.purecook.com\/de\/wp-json\/wp\/v2\/product_cat?post=4352"},{"taxonomy":"product_tag","embeddable":true,"href":"https:\/\/www.purecook.com\/de\/wp-json\/wp\/v2\/product_tag?post=4352"}],"curies":[{"name":"wp","href":"https:\/\/api.w.org\/{rel}","templated":true}]}}