{"id":4366,"date":"2025-08-04T17:45:19","date_gmt":"2025-08-04T09:45:19","guid":{"rendered":"https:\/\/www.purecook.com\/?post_type=product&#038;p=4366"},"modified":"2025-08-21T11:09:24","modified_gmt":"2025-08-21T03:09:24","slug":"wholesale-stainless-steel-double-ended-whisks","status":"publish","type":"product","link":"https:\/\/www.purecook.com\/de\/product\/wholesale-stainless-steel-double-ended-whisks\/","title":{"rendered":"Schneebesen Gro\u00dfhandel - Edelstahl Schneebesen mit doppeltem Ende"},"content":{"rendered":"<div class=\"wp-block-columns is-layout-flex wp-container-core-columns-is-layout-9d6595d7 wp-block-columns-is-layout-flex\">\n<div class=\"wp-block-column is-layout-flow wp-block-column-is-layout-flow\">\n<h3 class=\"wp-block-heading\">Parameter des Schneebesen <\/h3>\n\n\n\n<p><strong>Material:<\/strong> Rostfreier Stahl 304<br><strong>Logo:<\/strong> Siebdruck\/Lasergravur\/gepr\u00e4gter Stempel<br><strong>Farbe:<\/strong> Silber<br><strong>Gr\u00f6\u00dfe: <\/strong>20cm<br><strong>Bruttogewicht: <\/strong>Weniger als 50 g pro St\u00fcck<\/p>\n<\/div>\n\n\n\n<div class=\"wp-block-column is-layout-flow wp-block-column-is-layout-flow\">\n<h3 class=\"wp-block-heading\">Individuelle Schneebesen-Optionen<\/h3>\n\n\n\n<p><strong>Logo:<\/strong> Anpassbar mit Ihrem Markenlogo<br><strong>Verpackung:<\/strong>\u00a0Farbige Schachtel\/Karton, etc<\/p>\n<\/div>\n<\/div>\n\n\n\n<div class=\"wp-block-columns is-layout-flex wp-container-core-columns-is-layout-9d6595d7 wp-block-columns-is-layout-flex\">\n<div class=\"wp-block-column is-layout-flow wp-block-column-is-layout-flow\">\n<figure class=\"wp-block-image size-full\"><img decoding=\"async\" width=\"800\" height=\"800\" src=\"https:\/\/www.purecook.com\/wp-content\/uploads\/2025\/08\/wholesale-egg-whisk-1.webp\" alt=\"Gro\u00dfhandel mit Schneebesen (1)\" class=\"wp-image-4562\" srcset=\"https:\/\/www.purecook.com\/wp-content\/uploads\/2025\/08\/wholesale-egg-whisk-1.webp 800w, https:\/\/www.purecook.com\/wp-content\/uploads\/2025\/08\/wholesale-egg-whisk-1-300x300.webp 300w, https:\/\/www.purecook.com\/wp-content\/uploads\/2025\/08\/wholesale-egg-whisk-1-150x150.webp 150w, https:\/\/www.purecook.com\/wp-content\/uploads\/2025\/08\/wholesale-egg-whisk-1-768x768.webp 768w, https:\/\/www.purecook.com\/wp-content\/uploads\/2025\/08\/wholesale-egg-whisk-1-12x12.webp 12w, https:\/\/www.purecook.com\/wp-content\/uploads\/2025\/08\/wholesale-egg-whisk-1-600x600.webp 600w, https:\/\/www.purecook.com\/wp-content\/uploads\/2025\/08\/wholesale-egg-whisk-1-100x100.webp 100w\" sizes=\"(max-width: 800px) 100vw, 800px\" \/><\/figure>\n<\/div>\n\n\n\n<div class=\"wp-block-column is-layout-flow wp-block-column-is-layout-flow\">\n<figure class=\"wp-block-image size-full\"><img decoding=\"async\" width=\"800\" height=\"800\" src=\"https:\/\/www.purecook.com\/wp-content\/uploads\/2025\/08\/wholesale-egg-whisk-2.webp\" alt=\"Schneebesen f\u00fcr den Gro\u00dfhandel (2)\" class=\"wp-image-4563\" srcset=\"https:\/\/www.purecook.com\/wp-content\/uploads\/2025\/08\/wholesale-egg-whisk-2.webp 800w, https:\/\/www.purecook.com\/wp-content\/uploads\/2025\/08\/wholesale-egg-whisk-2-300x300.webp 300w, https:\/\/www.purecook.com\/wp-content\/uploads\/2025\/08\/wholesale-egg-whisk-2-150x150.webp 150w, https:\/\/www.purecook.com\/wp-content\/uploads\/2025\/08\/wholesale-egg-whisk-2-768x768.webp 768w, https:\/\/www.purecook.com\/wp-content\/uploads\/2025\/08\/wholesale-egg-whisk-2-12x12.webp 12w, https:\/\/www.purecook.com\/wp-content\/uploads\/2025\/08\/wholesale-egg-whisk-2-600x600.webp 600w, https:\/\/www.purecook.com\/wp-content\/uploads\/2025\/08\/wholesale-egg-whisk-2-100x100.webp 100w\" sizes=\"(max-width: 800px) 100vw, 800px\" \/><\/figure>\n<\/div>\n<\/div>","protected":false},"excerpt":{"rendered":"<p>Dieser Schneebesen aus dem Gro\u00dfhandel mit zwei Enden ist aus hochwertigem Edelstahl gefertigt. Sein einzigartiges symmetrisches Design erm\u00f6glicht eine einfache Verwendung, da Sie die Enden ohne Reinigung wechseln k\u00f6nnen. Es ist ein platzsparendes, effizientes Werkzeug, das f\u00fcr eine Vielzahl von K\u00fcchenaufgaben geeignet ist.<\/p>\n<h2>Eigenschaften von Edelstahl-Schneebesen mit zwei Enden<\/h2>\n<p><strong>Bequem und effizient:<\/strong> Der Schneebesen mit zwei Enden kann mehrere Mixaufgaben gleichzeitig erledigen. Wenn Sie das andere Ende f\u00fcr eine andere Zutat verwenden, k\u00f6nnen Sie schnell zum sauberen Ende wechseln, ohne den Schneebesen mitten in der Arbeit reinigen zu m\u00fcssen.<\/p>\n<p><strong>Platzsparend:<\/strong> Er verf\u00fcgt \u00fcber zwei Schneebesen in einem einzigen Ger\u00e4t und hilft so, Unordnung in Ihren K\u00fcchenschubladen zu vermeiden.<\/p>\n<p><strong>Hygienisch und leicht zu reinigen:<\/strong> Der Schneebesen mit zwei Enden ist aus Edelstahl 304 gefertigt und nimmt nicht so leicht Ger\u00fcche oder Aromen von Lebensmitteln auf. Der Edelstahl-Schneebesen ist au\u00dferdem sehr leicht zu reinigen und sp\u00fclmaschinenfest.<\/p>\n<p><strong>Hitzebest\u00e4ndig:<\/strong> Edelstahl h\u00e4lt hohen Temperaturen stand und kann sicher zum P\u00fcrieren von So\u00dfen oder Bratenso\u00dfen verwendet werden, ohne dass die Gefahr des Schmelzens oder Verziehens besteht.<\/p>","protected":false},"featured_media":4562,"comment_status":"closed","ping_status":"closed","template":"","meta":{"_acf_changed":false},"product_brand":[],"product_cat":[52],"product_tag":[],"class_list":{"0":"post-4366","1":"product","2":"type-product","3":"status-publish","4":"has-post-thumbnail","6":"product_cat-kitchen-utensils","8":"first","9":"instock","10":"shipping-taxable","11":"product-type-simple"},"acf":[],"_links":{"self":[{"href":"https:\/\/www.purecook.com\/de\/wp-json\/wp\/v2\/product\/4366","targetHints":{"allow":["GET"]}}],"collection":[{"href":"https:\/\/www.purecook.com\/de\/wp-json\/wp\/v2\/product"}],"about":[{"href":"https:\/\/www.purecook.com\/de\/wp-json\/wp\/v2\/types\/product"}],"replies":[{"embeddable":true,"href":"https:\/\/www.purecook.com\/de\/wp-json\/wp\/v2\/comments?post=4366"}],"wp:featuredmedia":[{"embeddable":true,"href":"https:\/\/www.purecook.com\/de\/wp-json\/wp\/v2\/media\/4562"}],"wp:attachment":[{"href":"https:\/\/www.purecook.com\/de\/wp-json\/wp\/v2\/media?parent=4366"}],"wp:term":[{"taxonomy":"product_brand","embeddable":true,"href":"https:\/\/www.purecook.com\/de\/wp-json\/wp\/v2\/product_brand?post=4366"},{"taxonomy":"product_cat","embeddable":true,"href":"https:\/\/www.purecook.com\/de\/wp-json\/wp\/v2\/product_cat?post=4366"},{"taxonomy":"product_tag","embeddable":true,"href":"https:\/\/www.purecook.com\/de\/wp-json\/wp\/v2\/product_tag?post=4366"}],"curies":[{"name":"wp","href":"https:\/\/api.w.org\/{rel}","templated":true}]}}