{"id":4367,"date":"2025-08-04T17:53:59","date_gmt":"2025-08-04T09:53:59","guid":{"rendered":"https:\/\/www.purecook.com\/?post_type=product&#038;p=4367"},"modified":"2025-08-04T18:26:08","modified_gmt":"2025-08-04T10:26:08","slug":"wholesale-stainless-steel-colander-sets","status":"publish","type":"product","link":"https:\/\/www.purecook.com\/de\/product\/wholesale-stainless-steel-colander-sets\/","title":{"rendered":"Gro\u00dfhandel Edelstahlsieb Sets, Bulk Reis waschen Schalen - Ultrafine Poren"},"content":{"rendered":"<div class=\"wp-block-columns is-layout-flex wp-container-core-columns-is-layout-9d6595d7 wp-block-columns-is-layout-flex\">\n<div class=\"wp-block-column is-layout-flow wp-block-column-is-layout-flow\">\n<h3 class=\"wp-block-heading\">Parameter des Edelstahlsiebsets<\/h3>\n\n\n\n<p><strong>Material:<\/strong> SS304<br><strong>Farbe:<\/strong> Silber<br><strong>Die Dicke:<\/strong> 0,5 mm<br><strong>Gr\u00f6\u00dfe:<\/strong> 25,5 cm<br><strong>Bruttogewicht: <\/strong>Weniger als 1 kg pro St\u00fcck<\/p>\n<\/div>\n\n\n\n<div class=\"wp-block-column is-layout-flow wp-block-column-is-layout-flow\">\n<h3 class=\"wp-block-heading\">Kundenspezifische Optionen f\u00fcr Lagert\u00f6pfe<\/h3>\n\n\n\n<p><strong>Logo:<\/strong> Anpassbar mit Ihrem Markenlogo<br><strong>Farbe:<\/strong> Anpassbar<br><strong>Verpackung:<\/strong>&nbsp;Farbige Schachtel\/Karton, etc<br><strong>MOQ: <\/strong>1000St\u00fcck<\/p>\n<\/div>\n<\/div>\n\n\n\n<div class=\"wp-block-columns is-layout-flex wp-container-core-columns-is-layout-9d6595d7 wp-block-columns-is-layout-flex\">\n<div class=\"wp-block-column is-layout-flow wp-block-column-is-layout-flow\">\n<figure class=\"wp-block-image size-full\"><img decoding=\"async\" width=\"800\" height=\"800\" src=\"https:\/\/www.purecook.com\/wp-content\/uploads\/2025\/08\/wholesale-stainless-steel-colander-sets-6.webp\" alt=\"Gro\u00dfhandel Edelstahl-Sieb-Sets (6)\" class=\"wp-image-4373\" srcset=\"https:\/\/www.purecook.com\/wp-content\/uploads\/2025\/08\/wholesale-stainless-steel-colander-sets-6.webp 800w, https:\/\/www.purecook.com\/wp-content\/uploads\/2025\/08\/wholesale-stainless-steel-colander-sets-6-300x300.webp 300w, https:\/\/www.purecook.com\/wp-content\/uploads\/2025\/08\/wholesale-stainless-steel-colander-sets-6-150x150.webp 150w, https:\/\/www.purecook.com\/wp-content\/uploads\/2025\/08\/wholesale-stainless-steel-colander-sets-6-768x768.webp 768w, https:\/\/www.purecook.com\/wp-content\/uploads\/2025\/08\/wholesale-stainless-steel-colander-sets-6-12x12.webp 12w, https:\/\/www.purecook.com\/wp-content\/uploads\/2025\/08\/wholesale-stainless-steel-colander-sets-6-600x600.webp 600w, https:\/\/www.purecook.com\/wp-content\/uploads\/2025\/08\/wholesale-stainless-steel-colander-sets-6-100x100.webp 100w\" sizes=\"(max-width: 800px) 100vw, 800px\" \/><\/figure>\n<\/div>\n\n\n\n<div class=\"wp-block-column is-layout-flow wp-block-column-is-layout-flow\">\n<figure class=\"wp-block-image size-full\"><img decoding=\"async\" width=\"800\" height=\"800\" src=\"https:\/\/www.purecook.com\/wp-content\/uploads\/2025\/08\/wholesale-stainless-steel-colander-sets-7.webp\" alt=\"Gro\u00dfhandel Edelstahl-Sieb-Sets (7)\" class=\"wp-image-4374\" srcset=\"https:\/\/www.purecook.com\/wp-content\/uploads\/2025\/08\/wholesale-stainless-steel-colander-sets-7.webp 800w, https:\/\/www.purecook.com\/wp-content\/uploads\/2025\/08\/wholesale-stainless-steel-colander-sets-7-300x300.webp 300w, https:\/\/www.purecook.com\/wp-content\/uploads\/2025\/08\/wholesale-stainless-steel-colander-sets-7-150x150.webp 150w, https:\/\/www.purecook.com\/wp-content\/uploads\/2025\/08\/wholesale-stainless-steel-colander-sets-7-768x768.webp 768w, https:\/\/www.purecook.com\/wp-content\/uploads\/2025\/08\/wholesale-stainless-steel-colander-sets-7-12x12.webp 12w, https:\/\/www.purecook.com\/wp-content\/uploads\/2025\/08\/wholesale-stainless-steel-colander-sets-7-600x600.webp 600w, https:\/\/www.purecook.com\/wp-content\/uploads\/2025\/08\/wholesale-stainless-steel-colander-sets-7-100x100.webp 100w\" sizes=\"(max-width: 800px) 100vw, 800px\" \/><\/figure>\n<\/div>\n<\/div>\n\n\n\n<div class=\"wp-block-columns is-layout-flex wp-container-core-columns-is-layout-9d6595d7 wp-block-columns-is-layout-flex\">\n<div class=\"wp-block-column is-layout-flow wp-block-column-is-layout-flow\"><\/div>\n\n\n\n<div class=\"wp-block-column is-layout-flow wp-block-column-is-layout-flow\"><\/div>\n<\/div>","protected":false},"excerpt":{"rendered":"<p>Gro\u00dfhandelsset aus Edelstahl-Sieben. Die feine Maschenstruktur erm\u00f6glicht ein effizientes Abtropfen und filtert feine K\u00f6rner m\u00fchelos heraus. Es eignet sich perfekt zum Waschen von Obst und Gem\u00fcse, zum Abgie\u00dfen von Nudeln und zum Sp\u00fclen von Reis. Es kann auch als R\u00fchrsch\u00fcssel verwendet werden und eignet sich somit ideal f\u00fcr eine Vielzahl von K\u00fcchenaufgaben. Kontaktieren Sie uns f\u00fcr ein Angebot.<\/p>\n<p>Purecook <a href=\"https:\/\/www.purecook.com\/de\/produktkategorie\/kitchen-utensils\/\" target=\"_blank\" rel=\"noopener\"><strong>K\u00fcchenutensilienhersteller <\/strong><\/a>bietet Fabrikpreise und OEM-Anpassungsdienste. Kontaktieren Sie uns f\u00fcr das beste Angebot vom zuverl\u00e4ssigen Hersteller von K\u00fcchenutensilien.<\/p>\n<h2>Merkmale und Vorteile von Edelstahl-Sieb-Sets<\/h2>\n<p><strong>Hochwertige Materialien in Lebensmittelqualit\u00e4t:<\/strong> Die Edelstahl-Sieb-Sets sind sorgf\u00e4ltig aus hochwertigem, lebensmittelechtem Edelstahl gefertigt und bieten eine au\u00dfergew\u00f6hnliche Rost- und Korrosionsbest\u00e4ndigkeit, sodass sie auch nach jahrelangem Gebrauch in einwandfreiem Zustand bleiben.<\/p>\n<p><strong>Vielseitiges Design:<\/strong> Das Edelstahl-Sieb-Set eignet sich f\u00fcr eine Vielzahl von K\u00fcchenaufgaben, darunter das Waschen von Obst und Gem\u00fcse, das Abgie\u00dfen von Nudeln, das Sp\u00fclen von Reis und das Mischen von Salaten, und erf\u00fcllt damit die vielf\u00e4ltigen Anforderungen jeder K\u00fcche.<\/p>\n<p><strong>Benutzerfreundliche Details:<\/strong> Das Edelstahl-Siebset wurde mit viel Liebe zum Detail und im Hinblick auf Benutzerfreundlichkeit entwickelt. Es verf\u00fcgt \u00fcber einen ergonomisch geformten Griff und einen praktischen Ausguss, sodass Sie in Ihrer K\u00fcche schneller, sauberer und effizienter arbeiten k\u00f6nnen.<\/p>\n<p><strong>Feinmaschiges Design:<\/strong> Das fein gewebte Netz verhindert, dass selbst kleine K\u00f6rner hindurchrutschen, und eignet sich daher ideal f\u00fcr heikle Aufgaben wie das Sp\u00fclen von Reis, das Waschen von Beeren oder das Abtropfen feiner Lebensmittelpartikel.<\/p>\n<p><strong>Gro\u00dfhandelsservice f\u00fcr Siebe:<\/strong> Als Hersteller von K\u00fcchenutensilien aus Edelstahl bieten wir Edelstahl-Sieb-Sets im Gro\u00dfhandel zu Herstellerpreisen an, unterst\u00fctzen OEM- und ODM-Dienstleistungen und bieten umfangreiche Anpassungsm\u00f6glichkeiten, die auf Ihre Marke und Ihre Marktpr\u00e4ferenzen zugeschnitten sind.<\/p>","protected":false},"featured_media":4368,"comment_status":"closed","ping_status":"closed","template":"","meta":{"_acf_changed":false},"product_brand":[],"product_cat":[52,65],"product_tag":[],"class_list":{"0":"post-4367","1":"product","2":"type-product","3":"status-publish","4":"has-post-thumbnail","6":"product_cat-kitchen-utensils","7":"product_cat-kitchen-strainer-and-colander","9":"first","10":"instock","11":"shipping-taxable","12":"product-type-simple"},"acf":[],"_links":{"self":[{"href":"https:\/\/www.purecook.com\/de\/wp-json\/wp\/v2\/product\/4367","targetHints":{"allow":["GET"]}}],"collection":[{"href":"https:\/\/www.purecook.com\/de\/wp-json\/wp\/v2\/product"}],"about":[{"href":"https:\/\/www.purecook.com\/de\/wp-json\/wp\/v2\/types\/product"}],"replies":[{"embeddable":true,"href":"https:\/\/www.purecook.com\/de\/wp-json\/wp\/v2\/comments?post=4367"}],"wp:featuredmedia":[{"embeddable":true,"href":"https:\/\/www.purecook.com\/de\/wp-json\/wp\/v2\/media\/4368"}],"wp:attachment":[{"href":"https:\/\/www.purecook.com\/de\/wp-json\/wp\/v2\/media?parent=4367"}],"wp:term":[{"taxonomy":"product_brand","embeddable":true,"href":"https:\/\/www.purecook.com\/de\/wp-json\/wp\/v2\/product_brand?post=4367"},{"taxonomy":"product_cat","embeddable":true,"href":"https:\/\/www.purecook.com\/de\/wp-json\/wp\/v2\/product_cat?post=4367"},{"taxonomy":"product_tag","embeddable":true,"href":"https:\/\/www.purecook.com\/de\/wp-json\/wp\/v2\/product_tag?post=4367"}],"curies":[{"name":"wp","href":"https:\/\/api.w.org\/{rel}","templated":true}]}}