{"id":4413,"date":"2025-08-08T17:41:09","date_gmt":"2025-08-08T09:41:09","guid":{"rendered":"https:\/\/www.purecook.com\/?post_type=product&#038;p=4413"},"modified":"2025-08-09T10:17:00","modified_gmt":"2025-08-09T02:17:00","slug":"wholesale-stainless-steel-dinner-plates-with-handle","status":"publish","type":"product","link":"https:\/\/www.purecook.com\/de\/product\/wholesale-stainless-steel-dinner-plates-with-handle\/","title":{"rendered":"Gro\u00dfhandel Oval Edelstahl Speiseteller mit Griff - kann auch Obst und Snack-Platten sein"},"content":{"rendered":"<div class=\"wp-block-columns is-layout-flex wp-container-core-columns-is-layout-9d6595d7 wp-block-columns-is-layout-flex\">\n<div class=\"wp-block-column is-layout-flow wp-block-column-is-layout-flow\">\n<h3 class=\"wp-block-heading\">Parameter des Esstellers aus Edelstahl<\/h3>\n\n\n\n<p><strong>Material:<\/strong> SS430<br><strong>Farbe:<\/strong> Silber\/Gold<br><strong>Normale Dicke:<\/strong> 1,8 mm<br><strong>Gr\u00f6\u00dfe:<\/strong>25\u00d717\u00d73.6cm\/30\u00d720\u00d74.1cm\/35\u00d723\u00d74.6cm\/40\u00d726\u00d75.2cm<br><strong>Bruttogewicht: <\/strong>Weniger als 2 kg pro St\u00fcck<\/p>\n<\/div>\n\n\n\n<div class=\"wp-block-column is-layout-flow wp-block-column-is-layout-flow\">\n<h3 class=\"wp-block-heading\">Individuelle Edelstahl-Essteller-Optionen<\/h3>\n\n\n\n<p><strong>Logo:<\/strong> Anpassbar mit Ihrem Markenlogo<br><strong>Verpackung:<\/strong>\u00a0Farbige Schachtel\/Karton, etc<\/p>\n<\/div>\n<\/div>\n\n\n\n<div class=\"wp-block-columns is-layout-flex wp-container-core-columns-is-layout-9d6595d7 wp-block-columns-is-layout-flex\">\n<div class=\"wp-block-column is-layout-flow wp-block-column-is-layout-flow\">\n<figure class=\"wp-block-image size-full\"><img decoding=\"async\" width=\"800\" height=\"800\" src=\"https:\/\/www.purecook.com\/wp-content\/uploads\/2025\/08\/wholesale-stainless-steel-dinner-plates-with-handle-6.webp\" alt=\"Gro\u00dfhandel Edelstahl Essteller mit Griff (6)\" class=\"wp-image-4420\" srcset=\"https:\/\/www.purecook.com\/wp-content\/uploads\/2025\/08\/wholesale-stainless-steel-dinner-plates-with-handle-6.webp 800w, https:\/\/www.purecook.com\/wp-content\/uploads\/2025\/08\/wholesale-stainless-steel-dinner-plates-with-handle-6-300x300.webp 300w, https:\/\/www.purecook.com\/wp-content\/uploads\/2025\/08\/wholesale-stainless-steel-dinner-plates-with-handle-6-150x150.webp 150w, https:\/\/www.purecook.com\/wp-content\/uploads\/2025\/08\/wholesale-stainless-steel-dinner-plates-with-handle-6-768x768.webp 768w, https:\/\/www.purecook.com\/wp-content\/uploads\/2025\/08\/wholesale-stainless-steel-dinner-plates-with-handle-6-12x12.webp 12w, https:\/\/www.purecook.com\/wp-content\/uploads\/2025\/08\/wholesale-stainless-steel-dinner-plates-with-handle-6-600x600.webp 600w, https:\/\/www.purecook.com\/wp-content\/uploads\/2025\/08\/wholesale-stainless-steel-dinner-plates-with-handle-6-100x100.webp 100w\" sizes=\"(max-width: 800px) 100vw, 800px\" \/><\/figure>\n<\/div>\n\n\n\n<div class=\"wp-block-column is-layout-flow wp-block-column-is-layout-flow\">\n<figure class=\"wp-block-image size-full\"><img decoding=\"async\" width=\"800\" height=\"800\" src=\"https:\/\/www.purecook.com\/wp-content\/uploads\/2025\/08\/wholesale-stainless-steel-dinner-plates-with-handle-7.webp\" alt=\"Gro\u00dfhandel Edelstahl Essteller mit Griff (7)\" class=\"wp-image-4421\" srcset=\"https:\/\/www.purecook.com\/wp-content\/uploads\/2025\/08\/wholesale-stainless-steel-dinner-plates-with-handle-7.webp 800w, https:\/\/www.purecook.com\/wp-content\/uploads\/2025\/08\/wholesale-stainless-steel-dinner-plates-with-handle-7-300x300.webp 300w, https:\/\/www.purecook.com\/wp-content\/uploads\/2025\/08\/wholesale-stainless-steel-dinner-plates-with-handle-7-150x150.webp 150w, https:\/\/www.purecook.com\/wp-content\/uploads\/2025\/08\/wholesale-stainless-steel-dinner-plates-with-handle-7-768x768.webp 768w, https:\/\/www.purecook.com\/wp-content\/uploads\/2025\/08\/wholesale-stainless-steel-dinner-plates-with-handle-7-12x12.webp 12w, https:\/\/www.purecook.com\/wp-content\/uploads\/2025\/08\/wholesale-stainless-steel-dinner-plates-with-handle-7-600x600.webp 600w, https:\/\/www.purecook.com\/wp-content\/uploads\/2025\/08\/wholesale-stainless-steel-dinner-plates-with-handle-7-100x100.webp 100w\" sizes=\"(max-width: 800px) 100vw, 800px\" \/><\/figure>\n<\/div>\n<\/div>\n\n\n\n<div class=\"wp-block-columns is-layout-flex wp-container-core-columns-is-layout-9d6595d7 wp-block-columns-is-layout-flex\">\n<div class=\"wp-block-column is-layout-flow wp-block-column-is-layout-flow\"><\/div>\n\n\n\n<div class=\"wp-block-column is-layout-flow wp-block-column-is-layout-flow\"><\/div>\n<\/div>\n\n\n\n<div class=\"wp-block-columns is-layout-flex wp-container-core-columns-is-layout-9d6595d7 wp-block-columns-is-layout-flex\">\n<div class=\"wp-block-column is-layout-flow wp-block-column-is-layout-flow\"><\/div>\n\n\n\n<div class=\"wp-block-column is-layout-flow wp-block-column-is-layout-flow\"><\/div>\n<\/div>","protected":false},"excerpt":{"rendered":"<p>Edelstahlteller mit Griffen f\u00fcr den Gro\u00dfhandel. Diese langlebigen, korrosionsbest\u00e4ndigen und leicht zu reinigenden Teller sind ideal f\u00fcr Restaurants, Caterer und die private K\u00fcche. Wir akzeptieren Gro\u00dfhandelsbestellungen und k\u00f6nnen die Gr\u00f6\u00dfen an Ihre Marktbed\u00fcrfnisse anpassen.<\/p>\n<h2>Merkmale und Vorteile von Speisetellern aus Edelstahl<\/h2>\n<p><strong>Hochwertiges Design:<\/strong> Die aus hochwertigem Edelstahl gefertigten und hochglanzpolierten Essteller aus Edelstahl verleihen Ihrem Esstisch einen Hauch von Klasse.<\/p>\n<p><strong>Praktikabilit\u00e4t und Vielseitigkeit:<\/strong> Die ovalen Essteller sind auslaufsicher und tief und eignen sich ideal zum Servieren von chinesischen und westlichen Gerichten, Suppen oder frischen Fr\u00fcchten.<\/p>\n<p><strong>Einfache Wartung:<\/strong> Die glatte Oberfl\u00e4che dieser Teller l\u00e4sst sich leicht reinigen und widersteht hartn\u00e4ckigen Fett- und Speiser\u00fcckst\u00e4nden sehr gut. Sie k\u00f6nnen auch in der Sp\u00fclmaschine gereinigt werden, was sie ideal f\u00fcr den Einsatz in gewerblichen Einrichtungen macht.<\/p>\n<p><strong>Stapelbar:<\/strong> Die in verschiedenen Gr\u00f6\u00dfen erh\u00e4ltlichen Essteller aus Edelstahl sind stapelbar und nehmen nur wenig Platz in Ihrer K\u00fcche ein. Sie eignen sich ideal f\u00fcr den Einsatz im Restaurant und am heimischen Tisch.<\/p>\n<p><strong>Vielseitiges Servieren:<\/strong> Diese modernen Essteller aus Edelstahl sehen auf einem h\u00f6lzernen Schneidebrett, einer Marmorarbeitsplatte und sogar auf einem Bankettb\u00fcfett sehr gut aus.<\/p>","protected":false},"featured_media":4415,"comment_status":"closed","ping_status":"closed","template":"","meta":{"_acf_changed":false},"product_brand":[],"product_cat":[55,51],"product_tag":[],"class_list":{"0":"post-4413","1":"product","2":"type-product","3":"status-publish","4":"has-post-thumbnail","6":"product_cat-dish-and-plate","7":"product_cat-dinnerware","9":"first","10":"instock","11":"shipping-taxable","12":"product-type-simple"},"acf":[],"_links":{"self":[{"href":"https:\/\/www.purecook.com\/de\/wp-json\/wp\/v2\/product\/4413","targetHints":{"allow":["GET"]}}],"collection":[{"href":"https:\/\/www.purecook.com\/de\/wp-json\/wp\/v2\/product"}],"about":[{"href":"https:\/\/www.purecook.com\/de\/wp-json\/wp\/v2\/types\/product"}],"replies":[{"embeddable":true,"href":"https:\/\/www.purecook.com\/de\/wp-json\/wp\/v2\/comments?post=4413"}],"wp:featuredmedia":[{"embeddable":true,"href":"https:\/\/www.purecook.com\/de\/wp-json\/wp\/v2\/media\/4415"}],"wp:attachment":[{"href":"https:\/\/www.purecook.com\/de\/wp-json\/wp\/v2\/media?parent=4413"}],"wp:term":[{"taxonomy":"product_brand","embeddable":true,"href":"https:\/\/www.purecook.com\/de\/wp-json\/wp\/v2\/product_brand?post=4413"},{"taxonomy":"product_cat","embeddable":true,"href":"https:\/\/www.purecook.com\/de\/wp-json\/wp\/v2\/product_cat?post=4413"},{"taxonomy":"product_tag","embeddable":true,"href":"https:\/\/www.purecook.com\/de\/wp-json\/wp\/v2\/product_tag?post=4413"}],"curies":[{"name":"wp","href":"https:\/\/api.w.org\/{rel}","templated":true}]}}