{"id":4422,"date":"2025-08-09T10:23:57","date_gmt":"2025-08-09T02:23:57","guid":{"rendered":"https:\/\/www.purecook.com\/?post_type=product&#038;p=4422"},"modified":"2025-08-09T11:00:22","modified_gmt":"2025-08-09T03:00:22","slug":"bulk-stainless-steel-colanders","status":"publish","type":"product","link":"https:\/\/www.purecook.com\/de\/product\/bulk-stainless-steel-colanders\/","title":{"rendered":"Bulk Edelstahlsiebe, Gro\u00dfhandel Reiswaschschalen"},"content":{"rendered":"<div class=\"wp-block-columns is-layout-flex wp-container-core-columns-is-layout-9d6595d7 wp-block-columns-is-layout-flex\">\n<div class=\"wp-block-column is-layout-flow wp-block-column-is-layout-flow\">\n<h3 class=\"wp-block-heading\">Parameter des Edelstahlsiebs<\/h3>\n\n\n\n<p><strong>Material:<\/strong> SS201<br><strong>Farbe:<\/strong> Silber<br><strong>Die Dicke:<\/strong> 0,3 mm<\/p>\n<\/div>\n\n\n\n<div class=\"wp-block-column is-layout-flow wp-block-column-is-layout-flow\">\n<h3 class=\"wp-block-heading\">benutzerdefinierte K\u00fcchenutensilien Optionen<\/h3>\n\n\n\n<p><strong>Logo:<\/strong> Anpassbar mit Ihrem Markenlogo<br><strong>Verpackung:<\/strong>&nbsp;Farbige Schachtel\/Karton, etc<\/p>\n<\/div>\n<\/div>\n\n\n\n<div class=\"wp-block-columns is-layout-flex wp-container-core-columns-is-layout-9d6595d7 wp-block-columns-is-layout-flex\">\n<div class=\"wp-block-column is-layout-flow wp-block-column-is-layout-flow\">\n<figure class=\"wp-block-image size-full\"><img decoding=\"async\" width=\"800\" height=\"800\" src=\"https:\/\/www.purecook.com\/wp-content\/uploads\/2025\/08\/wholesale-rice-washing-bowls-3.webp\" alt=\"Gro\u00dfhandel Reiswaschsch\u00fcsseln (3)\" class=\"wp-image-4425\" srcset=\"https:\/\/www.purecook.com\/wp-content\/uploads\/2025\/08\/wholesale-rice-washing-bowls-3.webp 800w, https:\/\/www.purecook.com\/wp-content\/uploads\/2025\/08\/wholesale-rice-washing-bowls-3-300x300.webp 300w, https:\/\/www.purecook.com\/wp-content\/uploads\/2025\/08\/wholesale-rice-washing-bowls-3-150x150.webp 150w, https:\/\/www.purecook.com\/wp-content\/uploads\/2025\/08\/wholesale-rice-washing-bowls-3-768x768.webp 768w, https:\/\/www.purecook.com\/wp-content\/uploads\/2025\/08\/wholesale-rice-washing-bowls-3-12x12.webp 12w, https:\/\/www.purecook.com\/wp-content\/uploads\/2025\/08\/wholesale-rice-washing-bowls-3-600x600.webp 600w, https:\/\/www.purecook.com\/wp-content\/uploads\/2025\/08\/wholesale-rice-washing-bowls-3-100x100.webp 100w\" sizes=\"(max-width: 800px) 100vw, 800px\" \/><\/figure>\n<\/div>\n\n\n\n<div class=\"wp-block-column is-layout-flow wp-block-column-is-layout-flow\">\n<figure class=\"wp-block-image size-full\"><img decoding=\"async\" width=\"800\" height=\"800\" src=\"https:\/\/www.purecook.com\/wp-content\/uploads\/2025\/08\/wholesale-rice-washing-bowls-4.webp\" alt=\"Gro\u00dfhandel Reiswaschsch\u00fcsseln (4)\" class=\"wp-image-4426\" srcset=\"https:\/\/www.purecook.com\/wp-content\/uploads\/2025\/08\/wholesale-rice-washing-bowls-4.webp 800w, https:\/\/www.purecook.com\/wp-content\/uploads\/2025\/08\/wholesale-rice-washing-bowls-4-300x300.webp 300w, https:\/\/www.purecook.com\/wp-content\/uploads\/2025\/08\/wholesale-rice-washing-bowls-4-150x150.webp 150w, https:\/\/www.purecook.com\/wp-content\/uploads\/2025\/08\/wholesale-rice-washing-bowls-4-768x768.webp 768w, https:\/\/www.purecook.com\/wp-content\/uploads\/2025\/08\/wholesale-rice-washing-bowls-4-12x12.webp 12w, https:\/\/www.purecook.com\/wp-content\/uploads\/2025\/08\/wholesale-rice-washing-bowls-4-600x600.webp 600w, https:\/\/www.purecook.com\/wp-content\/uploads\/2025\/08\/wholesale-rice-washing-bowls-4-100x100.webp 100w\" sizes=\"(max-width: 800px) 100vw, 800px\" \/><\/figure>\n<\/div>\n<\/div>\n\n\n\n<div class=\"wp-block-columns is-layout-flex wp-container-core-columns-is-layout-9d6595d7 wp-block-columns-is-layout-flex\">\n<div class=\"wp-block-column is-layout-flow wp-block-column-is-layout-flow\"><\/div>\n\n\n\n<div class=\"wp-block-column is-layout-flow wp-block-column-is-layout-flow\"><\/div>\n<\/div>","protected":false},"excerpt":{"rendered":"<p>Gro\u00dfhandels-Edelstahlsiebe, Reiswaschsch\u00fcsseln, haben glatte, abgerundete Kanten, um Kratzer w\u00e4hrend des Gebrauchs zu vermeiden. Die ausgewogene Form erm\u00f6glicht ein einfaches Kippen und Ausgie\u00dfen, wodurch die Belastung bei der Essenszubereitung verringert wird. Die dichten Abflussl\u00f6cher sorgen f\u00fcr eine schnelle Entw\u00e4sserung. Wir bieten OEM- und ODM-Anpassungsdienste an. Kontaktieren Sie uns f\u00fcr ein Angebot.<\/p>\n<p>Purecook <a class=\"___SBox_epc1q-ko_ kwo-widget-keyword-ideas-done__link ___SLink_zko9t-ko_ __noWrapText_zko9t-ko_ ___SText_ai1ow-ko_\" tabindex=\"0\" role=\"link\" href=\"https:\/\/www.purecook.com\/de\/produktkategorie\/kitchen-utensils\/\" target=\"_blank\" rel=\"noopener\" data-ui-name=\"Link\" data-testid=\"suggestion-keyword\" data-path=\"overview.ideas_widget.broad_widget.table.keyword_cell.keyword_link\"><span class=\"___SBox_epc1q-ko_ ___SText_zko9t-ko_\" data-ui-name=\"Link.Text\">Hersteller von K\u00fcchenutensilien<\/span><\/a><a href=\"https:\/\/www.purecook.com\/de\/produktkategorie\/kochgeschirr\/\" target=\"_blank\" rel=\"noopener\">\u00a0<\/a>bietet Fabrikpreise f\u00fcr <a href=\"https:\/\/www.purecook.com\/de\/produktkategorie\/kitchen-utensils\/\" target=\"_blank\" rel=\"noopener\"><strong>Gro\u00dfhandel <span class=\"___SBox_epc1q-ko_ ___SText_zko9t-ko_\" data-ui-name=\"Link.Text\">K\u00fcchenutensilien<\/span><\/strong><\/a>. Kontaktieren Sie uns f\u00fcr das beste Angebot von der zuverl\u00e4ssigen Kochgeschirr Hersteller.<\/p>\n<h2>Eigenschaften des Edelstahlsiebs<\/h2>\n<p><strong>Effiziente Entw\u00e4sserungsplanung:<\/strong> Die Edelstahlsiebe haben dichte Abflussl\u00f6cher und eine schr\u00e4ge \u00d6ffnung am Boden, so dass sich Reis schnell und gr\u00fcndlich waschen und Gem\u00fcse und Obst abtropfen lassen.<\/p>\n<p><strong>Praktisch und stilvoll:<\/strong> Diese Edelstahlsiebe haben eine elegante Metalloberfl\u00e4che und sind mit einem Aufh\u00e4ngeloch versehen, das mit einem Saugnapfhaken aufgeh\u00e4ngt oder direkt auf die Arbeitsplatte gestellt werden kann, um ein sauberes und platzsparendes Design zu gew\u00e4hrleisten.<\/p>\n<p><strong>Gesund und hygienisch:<\/strong> Die Edelstahlsiebe haben ein eckenfreies Design, so dass sich kein Schmutz in den Ecken ansammeln kann, was die Reinigung erleichtert und die K\u00fcchenhygiene erh\u00e4lt.<\/p>\n<p><strong>Vielseitiges K\u00fcchenutensil:<\/strong> Sie sind ideal zum Waschen und Abtropfen von Gem\u00fcse, Obst, Nudeln, Reis und Bohnen und eignen sich sowohl f\u00fcr den Hausgebrauch als auch f\u00fcr die professionelle Gastronomie.<\/p>\n<p><strong>Gro\u00dfhandel f\u00fcr K\u00fcchenutensilien:<\/strong> Wir sind eine erfahrene Fabrik, die hochwertige K\u00fcchenutensilien aus rostfreiem Stahl anbietet, wie z. B. Siebe, Wasserkocher und \u00d6lkannen. Wir bieten OEM- und ODM-Anpassungsdienste und bieten wettbewerbsf\u00e4hige Gro\u00dfhandelspreise.<\/p>","protected":false},"featured_media":4423,"comment_status":"closed","ping_status":"closed","template":"","meta":{"_acf_changed":false},"product_brand":[],"product_cat":[52,65],"product_tag":[],"class_list":{"0":"post-4422","1":"product","2":"type-product","3":"status-publish","4":"has-post-thumbnail","6":"product_cat-kitchen-utensils","7":"product_cat-kitchen-strainer-and-colander","9":"first","10":"instock","11":"shipping-taxable","12":"product-type-simple"},"acf":[],"_links":{"self":[{"href":"https:\/\/www.purecook.com\/de\/wp-json\/wp\/v2\/product\/4422","targetHints":{"allow":["GET"]}}],"collection":[{"href":"https:\/\/www.purecook.com\/de\/wp-json\/wp\/v2\/product"}],"about":[{"href":"https:\/\/www.purecook.com\/de\/wp-json\/wp\/v2\/types\/product"}],"replies":[{"embeddable":true,"href":"https:\/\/www.purecook.com\/de\/wp-json\/wp\/v2\/comments?post=4422"}],"wp:featuredmedia":[{"embeddable":true,"href":"https:\/\/www.purecook.com\/de\/wp-json\/wp\/v2\/media\/4423"}],"wp:attachment":[{"href":"https:\/\/www.purecook.com\/de\/wp-json\/wp\/v2\/media?parent=4422"}],"wp:term":[{"taxonomy":"product_brand","embeddable":true,"href":"https:\/\/www.purecook.com\/de\/wp-json\/wp\/v2\/product_brand?post=4422"},{"taxonomy":"product_cat","embeddable":true,"href":"https:\/\/www.purecook.com\/de\/wp-json\/wp\/v2\/product_cat?post=4422"},{"taxonomy":"product_tag","embeddable":true,"href":"https:\/\/www.purecook.com\/de\/wp-json\/wp\/v2\/product_tag?post=4422"}],"curies":[{"name":"wp","href":"https:\/\/api.w.org\/{rel}","templated":true}]}}