{"id":4429,"date":"2025-08-09T10:58:53","date_gmt":"2025-08-09T02:58:53","guid":{"rendered":"https:\/\/www.purecook.com\/?post_type=product&#038;p=4429"},"modified":"2025-08-09T11:33:19","modified_gmt":"2025-08-09T03:33:19","slug":"wholesale-4-piece-cookware-sets","status":"publish","type":"product","link":"https:\/\/www.purecook.com\/de\/product\/wholesale-4-piece-cookware-sets\/","title":{"rendered":"Gro\u00dfhandel 4 St\u00fcck Kochgeschirr Set - Kompatibel mit verschiedenen \u00d6fen"},"content":{"rendered":"<div class=\"wp-block-columns is-layout-flex wp-container-core-columns-is-layout-9d6595d7 wp-block-columns-is-layout-flex\">\n<div class=\"wp-block-column is-layout-flow wp-block-column-is-layout-flow\">\n<h3 class=\"wp-block-heading\">Parameter des 4-teiligen Kochgeschirrsets<\/h3>\n\n\n\n<p><strong>Material:<\/strong> SS201<br><strong>Farbe:<\/strong> Silber<br><strong>Unten:<\/strong> Gekapselter Boden (SUS+1,2mm Alu+SUS)<br><strong>Deckel:<\/strong> Glas-Deckel<br><strong>Gr\u00f6\u00dfen:<\/strong>16\u00d79,5cm, 20\u00d711cm, 24\u00d713cm, 24\u00d78cm<\/p>\n<\/div>\n\n\n\n<div class=\"wp-block-column is-layout-flow wp-block-column-is-layout-flow\">\n<h3 class=\"wp-block-heading\">Individuelle Kochgeschirr-Optionen<\/h3>\n\n\n\n<p><strong>Logo:<\/strong> Anpassbar mit Ihrem Markenlogo<br><strong>Handgriff:<\/strong> Griffe f\u00fcr Ihren Stil<br><strong>Verpackung:<\/strong>\u00a0Farbige Schachtel\/Karton, etc<\/p>\n<\/div>\n<\/div>\n\n\n\n<div class=\"wp-block-columns is-layout-flex wp-container-core-columns-is-layout-9d6595d7 wp-block-columns-is-layout-flex\">\n<div class=\"wp-block-column is-layout-flow wp-block-column-is-layout-flow\">\n<figure class=\"wp-block-image size-full\"><img decoding=\"async\" width=\"800\" height=\"800\" src=\"https:\/\/www.purecook.com\/wp-content\/uploads\/2025\/08\/wholesale-4-piece-cookware-set-1.webp\" alt=\"Gro\u00dfhandel 4 St\u00fcck Kochgeschirr Set (1)\" class=\"wp-image-4430\" srcset=\"https:\/\/www.purecook.com\/wp-content\/uploads\/2025\/08\/wholesale-4-piece-cookware-set-1.webp 800w, https:\/\/www.purecook.com\/wp-content\/uploads\/2025\/08\/wholesale-4-piece-cookware-set-1-300x300.webp 300w, https:\/\/www.purecook.com\/wp-content\/uploads\/2025\/08\/wholesale-4-piece-cookware-set-1-150x150.webp 150w, https:\/\/www.purecook.com\/wp-content\/uploads\/2025\/08\/wholesale-4-piece-cookware-set-1-768x768.webp 768w, https:\/\/www.purecook.com\/wp-content\/uploads\/2025\/08\/wholesale-4-piece-cookware-set-1-12x12.webp 12w, https:\/\/www.purecook.com\/wp-content\/uploads\/2025\/08\/wholesale-4-piece-cookware-set-1-600x600.webp 600w, https:\/\/www.purecook.com\/wp-content\/uploads\/2025\/08\/wholesale-4-piece-cookware-set-1-100x100.webp 100w\" sizes=\"(max-width: 800px) 100vw, 800px\" \/><\/figure>\n<\/div>\n\n\n\n<div class=\"wp-block-column is-layout-flow wp-block-column-is-layout-flow\">\n<figure class=\"wp-block-image size-full\"><img decoding=\"async\" width=\"1328\" height=\"1328\" src=\"https:\/\/www.purecook.com\/wp-content\/uploads\/2025\/08\/wholesale-4-piece-cookware-set-6.webp\" alt=\"Gro\u00dfhandel 4 St\u00fcck Kochgeschirr Set (6)\" class=\"wp-image-4435\" srcset=\"https:\/\/www.purecook.com\/wp-content\/uploads\/2025\/08\/wholesale-4-piece-cookware-set-6.webp 1328w, https:\/\/www.purecook.com\/wp-content\/uploads\/2025\/08\/wholesale-4-piece-cookware-set-6-300x300.webp 300w, https:\/\/www.purecook.com\/wp-content\/uploads\/2025\/08\/wholesale-4-piece-cookware-set-6-150x150.webp 150w, https:\/\/www.purecook.com\/wp-content\/uploads\/2025\/08\/wholesale-4-piece-cookware-set-6-768x768.webp 768w, https:\/\/www.purecook.com\/wp-content\/uploads\/2025\/08\/wholesale-4-piece-cookware-set-6-12x12.webp 12w, https:\/\/www.purecook.com\/wp-content\/uploads\/2025\/08\/wholesale-4-piece-cookware-set-6-600x600.webp 600w, https:\/\/www.purecook.com\/wp-content\/uploads\/2025\/08\/wholesale-4-piece-cookware-set-6-100x100.webp 100w\" sizes=\"(max-width: 1328px) 100vw, 1328px\" \/><\/figure>\n<\/div>\n<\/div>","protected":false},"excerpt":{"rendered":"<p>4-teiliges Kochgeschirr-Set f\u00fcr den Gro\u00dfhandel. Dieses Set enth\u00e4lt einen Milchtopf, einen Suppentopf und einen hei\u00dfen Topf f\u00fcr verschiedene Kochbed\u00fcrfnisse, einschlie\u00dflich Kochen, Schmoren und D\u00e4mpfen. Der dreischichtige Boden sorgt f\u00fcr eine schnelle W\u00e4rmeleitung. Die T\u00f6pfe sind aus robustem Edelstahl gefertigt, sp\u00fclmaschinenfest und sowohl f\u00fcr den gewerblichen als auch f\u00fcr den privaten Gebrauch geeignet. Kontaktieren Sie uns f\u00fcr den Produktkatalog und ein Angebot.<\/p>\n<p>Purecook <a href=\"https:\/\/www.purecook.com\/de\/produktkategorie\/kochgeschirr\/\" target=\"_blank\" rel=\"noopener\"><strong>Hersteller von Kochgeschirr,<\/strong> <\/a>bietet Fabrikpreise und OEM-Anpassungsdienste. Kontaktieren Sie uns f\u00fcr das beste Angebot von einem zuverl\u00e4ssigen Kochgeschirrhersteller.<\/p>\n<h2>Eigenschaften des 4-teiligen Kochgeschirrsets<\/h2>\n<p><strong>Professionelle Kochleistung:<\/strong> Der Topfboden besteht aus dreifachem Material, das die W\u00e4rme gleichm\u00e4\u00dfig verteilt und eine \u00dcberhitzung wirksam verhindert, so dass hervorragende Kochergebnisse gew\u00e4hrleistet sind.<\/p>\n<p><strong>Vielseitiges Set:<\/strong> Dieses komplette Kochgeschirrset besteht aus einem Suppentopf, einem Schmortopf und einem Kochtopf, die verschiedene Kochbed\u00fcrfnisse abdecken, wie z. B. Kochen, Schmoren und D\u00e4mpfen, so dass es sich sowohl f\u00fcr Heimk\u00f6che als auch f\u00fcr Restaurants eignet.<\/p>\n<p><strong>Leicht zu reinigen und zu pflegen:<\/strong> Die unbeschichtete Edelstahloberfl\u00e4che ist kratzfest und schmutzabweisend, und das Kochgeschirr in diesem Set ist sp\u00fclmaschinenfest und damit f\u00fcr Gro\u00dfk\u00fcchen geeignet, in denen eine effiziente und bequeme Reinigung erforderlich ist.<\/p>\n<p><strong>Ausgezeichneter detaillierter Entwurf:<\/strong> Der passgenaue Deckel sorgt f\u00fcr einen sicheren Verschluss und eine verbesserte W\u00e4rmespeicherung. Der genietete Griff sorgt f\u00fcr zus\u00e4tzliche Festigkeit und Haltbarkeit bei langfristigem Gebrauch.<\/p>\n<p><strong>Gro\u00dfhandel Kochgeschirr Service:<\/strong> Als zuverl\u00e4ssiger Hersteller von Kochgeschirr aus China bieten wir Gro\u00dfhandel Kochgeschirr f\u00fcr globale B2B-K\u00e4ufer in einer Vielzahl von Stilen zu Fabrikpreisen. Wir unterst\u00fctzen auch Marke OEM-Dienstleistungen.<\/p>","protected":false},"featured_media":4430,"comment_status":"closed","ping_status":"closed","template":"","meta":{"_acf_changed":false},"product_brand":[],"product_cat":[24,69],"product_tag":[],"class_list":{"0":"post-4429","1":"product","2":"type-product","3":"status-publish","4":"has-post-thumbnail","6":"product_cat-cookware","7":"product_cat-cookware-sets","9":"first","10":"instock","11":"shipping-taxable","12":"product-type-simple"},"acf":[],"_links":{"self":[{"href":"https:\/\/www.purecook.com\/de\/wp-json\/wp\/v2\/product\/4429","targetHints":{"allow":["GET"]}}],"collection":[{"href":"https:\/\/www.purecook.com\/de\/wp-json\/wp\/v2\/product"}],"about":[{"href":"https:\/\/www.purecook.com\/de\/wp-json\/wp\/v2\/types\/product"}],"replies":[{"embeddable":true,"href":"https:\/\/www.purecook.com\/de\/wp-json\/wp\/v2\/comments?post=4429"}],"wp:featuredmedia":[{"embeddable":true,"href":"https:\/\/www.purecook.com\/de\/wp-json\/wp\/v2\/media\/4430"}],"wp:attachment":[{"href":"https:\/\/www.purecook.com\/de\/wp-json\/wp\/v2\/media?parent=4429"}],"wp:term":[{"taxonomy":"product_brand","embeddable":true,"href":"https:\/\/www.purecook.com\/de\/wp-json\/wp\/v2\/product_brand?post=4429"},{"taxonomy":"product_cat","embeddable":true,"href":"https:\/\/www.purecook.com\/de\/wp-json\/wp\/v2\/product_cat?post=4429"},{"taxonomy":"product_tag","embeddable":true,"href":"https:\/\/www.purecook.com\/de\/wp-json\/wp\/v2\/product_tag?post=4429"}],"curies":[{"name":"wp","href":"https:\/\/api.w.org\/{rel}","templated":true}]}}