{"id":4444,"date":"2025-08-09T12:05:38","date_gmt":"2025-08-09T04:05:38","guid":{"rendered":"https:\/\/www.purecook.com\/?post_type=product&#038;p=4444"},"modified":"2025-08-31T16:33:58","modified_gmt":"2025-08-31T08:33:58","slug":"wholesale-stainless-steel-coffee-pot-sets","status":"publish","type":"product","link":"https:\/\/www.purecook.com\/de\/product\/wholesale-stainless-steel-coffee-pot-sets\/","title":{"rendered":"Gro\u00dfhandel Edelstahl Kaffeekanne Set - Pour-Over Kaffee Set"},"content":{"rendered":"<div class=\"wp-block-columns is-layout-flex wp-container-core-columns-is-layout-9d6595d7 wp-block-columns-is-layout-flex\">\n<div class=\"wp-block-column is-layout-flow wp-block-column-is-layout-flow\">\n<h3 class=\"wp-block-heading\">Parameter des Kaffeekannen-Sets<\/h3>\n\n\n\n<p><strong>Material: <\/strong>SS304<br><strong>Farbe:<\/strong> Braun\/Rosa<br><strong>Die Dicke:<\/strong> 0,5 mm<br><strong>Gr\u00f6\u00dfe: <\/strong>200-ml-Tasse \u00d7 2, 420-ml-Bohnenvorratsbeh\u00e4lter, Pour-over-Kaffeekessel, Kaffeetrichter<\/p>\n<\/div>\n\n\n\n<div class=\"wp-block-column is-layout-flow wp-block-column-is-layout-flow\">\n<h3 class=\"wp-block-heading\">Individuelle Kaffeekannen-Set-Optionen<\/h3>\n\n\n\n<p><strong>Logo:<\/strong> Anpassbar mit Ihrem Markenlogo<br><strong>Verpackung:<\/strong>\u00a0Farbige Schachtel\/Karton, etc<\/p>\n<\/div>\n<\/div>\n\n\n\n<div class=\"wp-block-columns is-layout-flex wp-container-core-columns-is-layout-9d6595d7 wp-block-columns-is-layout-flex\">\n<div class=\"wp-block-column is-layout-flow wp-block-column-is-layout-flow\">\n<figure class=\"wp-block-image size-full\"><img decoding=\"async\" width=\"800\" height=\"800\" src=\"https:\/\/www.purecook.com\/wp-content\/uploads\/2025\/08\/wholesale-coffee-pot-sets-1-1.webp\" alt=\"Kaffeekannen-Sets f\u00fcr den Gro\u00dfhandel (1)\" class=\"wp-image-4450\" srcset=\"https:\/\/www.purecook.com\/wp-content\/uploads\/2025\/08\/wholesale-coffee-pot-sets-1-1.webp 800w, https:\/\/www.purecook.com\/wp-content\/uploads\/2025\/08\/wholesale-coffee-pot-sets-1-1-300x300.webp 300w, https:\/\/www.purecook.com\/wp-content\/uploads\/2025\/08\/wholesale-coffee-pot-sets-1-1-150x150.webp 150w, https:\/\/www.purecook.com\/wp-content\/uploads\/2025\/08\/wholesale-coffee-pot-sets-1-1-768x768.webp 768w, https:\/\/www.purecook.com\/wp-content\/uploads\/2025\/08\/wholesale-coffee-pot-sets-1-1-12x12.webp 12w, https:\/\/www.purecook.com\/wp-content\/uploads\/2025\/08\/wholesale-coffee-pot-sets-1-1-600x600.webp 600w, https:\/\/www.purecook.com\/wp-content\/uploads\/2025\/08\/wholesale-coffee-pot-sets-1-1-100x100.webp 100w\" sizes=\"(max-width: 800px) 100vw, 800px\" \/><\/figure>\n<\/div>\n\n\n\n<div class=\"wp-block-column is-layout-flow wp-block-column-is-layout-flow\">\n<figure class=\"wp-block-image size-full\"><img decoding=\"async\" width=\"800\" height=\"800\" src=\"https:\/\/www.purecook.com\/wp-content\/uploads\/2025\/08\/wholesale-coffee-pot-sets-5-1.webp\" alt=\"Kaffeekannen-Sets f\u00fcr den Gro\u00dfhandel (5)\" class=\"wp-image-4454\" srcset=\"https:\/\/www.purecook.com\/wp-content\/uploads\/2025\/08\/wholesale-coffee-pot-sets-5-1.webp 800w, https:\/\/www.purecook.com\/wp-content\/uploads\/2025\/08\/wholesale-coffee-pot-sets-5-1-300x300.webp 300w, https:\/\/www.purecook.com\/wp-content\/uploads\/2025\/08\/wholesale-coffee-pot-sets-5-1-150x150.webp 150w, https:\/\/www.purecook.com\/wp-content\/uploads\/2025\/08\/wholesale-coffee-pot-sets-5-1-768x768.webp 768w, https:\/\/www.purecook.com\/wp-content\/uploads\/2025\/08\/wholesale-coffee-pot-sets-5-1-12x12.webp 12w, https:\/\/www.purecook.com\/wp-content\/uploads\/2025\/08\/wholesale-coffee-pot-sets-5-1-600x600.webp 600w, https:\/\/www.purecook.com\/wp-content\/uploads\/2025\/08\/wholesale-coffee-pot-sets-5-1-100x100.webp 100w\" sizes=\"(max-width: 800px) 100vw, 800px\" \/><\/figure>\n<\/div>\n<\/div>\n\n\n\n<div class=\"wp-block-columns is-layout-flex wp-container-core-columns-is-layout-9d6595d7 wp-block-columns-is-layout-flex\">\n<div class=\"wp-block-column is-layout-flow wp-block-column-is-layout-flow\"><\/div>\n\n\n\n<div class=\"wp-block-column is-layout-flow wp-block-column-is-layout-flow\"><\/div>\n<\/div>","protected":false},"excerpt":{"rendered":"<p>Pour-over-Kaffeekannen-Set aus lebensmittelechtem Edelstahl mit einem eleganten lederumwickelten Griff und Holzakzenten. Das Set wurde f\u00fcr pr\u00e4zises Br\u00fchen und Langlebigkeit entwickelt und umfasst einen Wasserkocher, einen Metalltropfer, Kaffeetassen und ein luftdichtes Aufbewahrungsgef\u00e4\u00df. Ideal f\u00fcr Boutique-Kaffeeshops, Einzelhandelsgesch\u00e4fte und Geschenkm\u00e4rkte. Kontaktieren Sie uns f\u00fcr Gro\u00dfhandelspreise.<\/p>\n<h2>Eigenschaften des Edelstahl-Kaffeekannen-Sets<\/h2>\n<p><strong>Exquisites Design: <\/strong>Dieses minimalistische Design aus Metall, Leder und Holz passt in jedes moderne Zuhause oder B\u00fcro.<\/p>\n<p><strong>Professionelle Erfahrung bei der Kaffeezubereitung:<\/strong> Der schlanke Ausgie\u00dfer ist f\u00fcr echte Kaffeeliebhaber gemacht und erm\u00f6glicht es Ihnen, den Wasserfluss zu kontrollieren. Der Metalltropfer hat ein feines Lochdesign, das den Kaffeesatz vollst\u00e4ndig filtert, sodass sein Aroma und seine \u00d6le intakt bleiben.<\/p>\n<p><strong>Durchdachte ergonomische Details:<\/strong> Die Lederumh\u00fcllung des Wasserkochers und der Tasse sorgt f\u00fcr zus\u00e4tzliche Isolierung, um Verbrennungen zu vermeiden. Au\u00dferdem sorgt ein rutschfester Griff f\u00fcr zus\u00e4tzliche Sicherheit.<\/p>\n<p><strong>Markenanpassung:<\/strong> Sie k\u00f6nnen die Ledereinlage mit Ihrem Branding versehen, um den Wiedererkennungswert Ihres Produkts zu erh\u00f6hen.<\/p>","protected":false},"featured_media":4450,"comment_status":"closed","ping_status":"closed","template":"","meta":{"_acf_changed":false},"product_brand":[],"product_cat":[52,105],"product_tag":[],"class_list":{"0":"post-4444","1":"product","2":"type-product","3":"status-publish","4":"has-post-thumbnail","6":"product_cat-kitchen-utensils","7":"product_cat-coffee-pot-sets","9":"first","10":"instock","11":"shipping-taxable","12":"product-type-simple"},"acf":[],"_links":{"self":[{"href":"https:\/\/www.purecook.com\/de\/wp-json\/wp\/v2\/product\/4444","targetHints":{"allow":["GET"]}}],"collection":[{"href":"https:\/\/www.purecook.com\/de\/wp-json\/wp\/v2\/product"}],"about":[{"href":"https:\/\/www.purecook.com\/de\/wp-json\/wp\/v2\/types\/product"}],"replies":[{"embeddable":true,"href":"https:\/\/www.purecook.com\/de\/wp-json\/wp\/v2\/comments?post=4444"}],"wp:featuredmedia":[{"embeddable":true,"href":"https:\/\/www.purecook.com\/de\/wp-json\/wp\/v2\/media\/4450"}],"wp:attachment":[{"href":"https:\/\/www.purecook.com\/de\/wp-json\/wp\/v2\/media?parent=4444"}],"wp:term":[{"taxonomy":"product_brand","embeddable":true,"href":"https:\/\/www.purecook.com\/de\/wp-json\/wp\/v2\/product_brand?post=4444"},{"taxonomy":"product_cat","embeddable":true,"href":"https:\/\/www.purecook.com\/de\/wp-json\/wp\/v2\/product_cat?post=4444"},{"taxonomy":"product_tag","embeddable":true,"href":"https:\/\/www.purecook.com\/de\/wp-json\/wp\/v2\/product_tag?post=4444"}],"curies":[{"name":"wp","href":"https:\/\/api.w.org\/{rel}","templated":true}]}}