{"id":4455,"date":"2025-08-09T14:12:01","date_gmt":"2025-08-09T06:12:01","guid":{"rendered":"https:\/\/www.purecook.com\/?post_type=product&#038;p=4455"},"modified":"2025-12-04T12:08:30","modified_gmt":"2025-12-04T04:08:30","slug":"wholesale-baking-sheets-with-rack","status":"publish","type":"product","link":"https:\/\/www.purecook.com\/de\/product\/wholesale-baking-sheets-with-rack\/","title":{"rendered":"Gro\u00dfhandel Backbleche mit Rack - Multifunktional und langlebig"},"content":{"rendered":"<div class=\"wp-block-columns is-layout-flex wp-container-core-columns-is-layout-9d6595d7 wp-block-columns-is-layout-flex\">\n<div class=\"wp-block-column is-layout-flow wp-block-column-is-layout-flow\">\n<h3 class=\"wp-block-heading\">Parameter des Backblechs <\/h3>\n\n\n\n<p><strong>Material:<\/strong> Magnetisch SS430<br><strong>Farbe: <\/strong>Silber<br><strong>Normale Dicke: <\/strong>0,6 mm<br><strong>Gr\u00f6\u00dfe:<\/strong>23.5\u00d717.5\u00d72.5cm\/26.5\u00d720.5\u00d72.5cm\/31.5\u00d724.5\u00d72.5cm\/40.5\u00d730.5\u00d72.5cm\/44\u00d731\u00d72.5cm<br><strong>Bruttogewicht: <\/strong>Weniger als 1 kg pro St\u00fcck<\/p>\n<\/div>\n\n\n\n<div class=\"wp-block-column is-layout-flow wp-block-column-is-layout-flow\">\n<h3 class=\"wp-block-heading\">Kundenspezifische Optionen f\u00fcr Lagert\u00f6pfe<\/h3>\n\n\n\n<p><strong>Logo:<\/strong> Anpassbar mit Ihrem Markenlogo<br><strong>Farbe:<\/strong> Anpassbar<br><strong>Verpackung:<\/strong>&nbsp;Farbige Schachtel\/Karton, etc<\/p>\n<\/div>\n<\/div>\n\n\n\n<div class=\"wp-block-columns is-layout-flex wp-container-core-columns-is-layout-9d6595d7 wp-block-columns-is-layout-flex\">\n<div class=\"wp-block-column is-layout-flow wp-block-column-is-layout-flow\">\n<figure class=\"wp-block-image size-full\"><img decoding=\"async\" width=\"800\" height=\"800\" src=\"https:\/\/www.purecook.com\/wp-content\/uploads\/2025\/08\/wholesale-baking-sheets-5.webp\" alt=\"Gro\u00dfhandel Backbleche (5)\" class=\"wp-image-4460\" srcset=\"https:\/\/www.purecook.com\/wp-content\/uploads\/2025\/08\/wholesale-baking-sheets-5.webp 800w, https:\/\/www.purecook.com\/wp-content\/uploads\/2025\/08\/wholesale-baking-sheets-5-300x300.webp 300w, https:\/\/www.purecook.com\/wp-content\/uploads\/2025\/08\/wholesale-baking-sheets-5-150x150.webp 150w, https:\/\/www.purecook.com\/wp-content\/uploads\/2025\/08\/wholesale-baking-sheets-5-768x768.webp 768w, https:\/\/www.purecook.com\/wp-content\/uploads\/2025\/08\/wholesale-baking-sheets-5-12x12.webp 12w, https:\/\/www.purecook.com\/wp-content\/uploads\/2025\/08\/wholesale-baking-sheets-5-600x600.webp 600w, https:\/\/www.purecook.com\/wp-content\/uploads\/2025\/08\/wholesale-baking-sheets-5-100x100.webp 100w\" sizes=\"(max-width: 800px) 100vw, 800px\" \/><\/figure>\n<\/div>\n\n\n\n<div class=\"wp-block-column is-layout-flow wp-block-column-is-layout-flow\">\n<figure class=\"wp-block-image size-full\"><img decoding=\"async\" width=\"800\" height=\"800\" src=\"https:\/\/www.purecook.com\/wp-content\/uploads\/2025\/08\/wholesale-baking-sheets-6.webp\" alt=\"Gro\u00dfhandels-Backbleche (6)\" class=\"wp-image-4461\" srcset=\"https:\/\/www.purecook.com\/wp-content\/uploads\/2025\/08\/wholesale-baking-sheets-6.webp 800w, https:\/\/www.purecook.com\/wp-content\/uploads\/2025\/08\/wholesale-baking-sheets-6-300x300.webp 300w, https:\/\/www.purecook.com\/wp-content\/uploads\/2025\/08\/wholesale-baking-sheets-6-150x150.webp 150w, https:\/\/www.purecook.com\/wp-content\/uploads\/2025\/08\/wholesale-baking-sheets-6-768x768.webp 768w, https:\/\/www.purecook.com\/wp-content\/uploads\/2025\/08\/wholesale-baking-sheets-6-12x12.webp 12w, https:\/\/www.purecook.com\/wp-content\/uploads\/2025\/08\/wholesale-baking-sheets-6-600x600.webp 600w, https:\/\/www.purecook.com\/wp-content\/uploads\/2025\/08\/wholesale-baking-sheets-6-100x100.webp 100w\" sizes=\"(max-width: 800px) 100vw, 800px\" \/><\/figure>\n<\/div>\n<\/div>\n\n\n\n<div class=\"wp-block-columns is-layout-flex wp-container-core-columns-is-layout-9d6595d7 wp-block-columns-is-layout-flex\">\n<div class=\"wp-block-column is-layout-flow wp-block-column-is-layout-flow\"><\/div>\n\n\n\n<div class=\"wp-block-column is-layout-flow wp-block-column-is-layout-flow\"><\/div>\n<\/div>","protected":false},"excerpt":{"rendered":"<p>Backbleche im Gro\u00dfhandel. Erleben Sie professionelle Backleistung mit unserem vielseitigen dreiteiligen Backblechset, das ein normales Backblech, ein Wabenbackblech und einen Backrost umfasst. Perfekt zum D\u00e4mpfen, Braten und Toasten in privaten und gewerblichen K\u00fcchen. Kontaktieren Sie uns f\u00fcr ein Angebot.<\/p>\n<h2>Merkmale und Vorteile von Edelstahl-Backblechen<\/h2>\n<p><strong>Backleistung der Profiklasse:<\/strong> Dieses Backblechset enth\u00e4lt ein innovatives Wabenbackblech mit einem perforierten Design, das eine gleichm\u00e4\u00dfige W\u00e4rmezirkulation f\u00fcr gleichm\u00e4\u00dfige Back- und Bratergebnisse gew\u00e4hrleistet.<\/p>\n<p><strong>Mehrschichtige Konstruktion:<\/strong> Dieses dreiteilige Backblechset verf\u00fcgt \u00fcber ein abgestuftes Design, das sich f\u00fcr verschiedene Kochbed\u00fcrfnisse eignet, einschlie\u00dflich D\u00e4mpfen und Backen.<\/p>\n<p><strong>Stapelbare Lagerung:<\/strong> Platzsparende, stapelbare Tabletts vereinfachen die K\u00fcchenorganisation und maximieren die Lagereffizienz.<\/p>\n<p><strong>Verst\u00e4rkte, verdickte R\u00e4nder:<\/strong> Die verst\u00e4rkten Metallkanten verhindern eine Verformung auch bei hohen Temperaturen oder starker Belastung und verl\u00e4ngern so die Lebensdauer des Produkts.<\/p>\n<p><strong>Gro\u00dfhandel Backblech Service:<\/strong> Als Hersteller bietet Purecook Backbleche im Gro\u00dfhandel zu Fabrikpreisen an. Wir bieten auch Unterst\u00fctzung bei der OEM-Anpassung, um Ihre spezifischen Marktanforderungen zu erf\u00fcllen.<\/p>","protected":false},"featured_media":4456,"comment_status":"closed","ping_status":"closed","template":"","meta":{"_acf_changed":false},"product_brand":[],"product_cat":[27,107],"product_tag":[],"class_list":{"0":"post-4455","1":"product","2":"type-product","3":"status-publish","4":"has-post-thumbnail","6":"product_cat-bakeware","7":"product_cat-baking-sheet","9":"first","10":"instock","11":"shipping-taxable","12":"product-type-simple"},"acf":[],"_links":{"self":[{"href":"https:\/\/www.purecook.com\/de\/wp-json\/wp\/v2\/product\/4455","targetHints":{"allow":["GET"]}}],"collection":[{"href":"https:\/\/www.purecook.com\/de\/wp-json\/wp\/v2\/product"}],"about":[{"href":"https:\/\/www.purecook.com\/de\/wp-json\/wp\/v2\/types\/product"}],"replies":[{"embeddable":true,"href":"https:\/\/www.purecook.com\/de\/wp-json\/wp\/v2\/comments?post=4455"}],"wp:featuredmedia":[{"embeddable":true,"href":"https:\/\/www.purecook.com\/de\/wp-json\/wp\/v2\/media\/4456"}],"wp:attachment":[{"href":"https:\/\/www.purecook.com\/de\/wp-json\/wp\/v2\/media?parent=4455"}],"wp:term":[{"taxonomy":"product_brand","embeddable":true,"href":"https:\/\/www.purecook.com\/de\/wp-json\/wp\/v2\/product_brand?post=4455"},{"taxonomy":"product_cat","embeddable":true,"href":"https:\/\/www.purecook.com\/de\/wp-json\/wp\/v2\/product_cat?post=4455"},{"taxonomy":"product_tag","embeddable":true,"href":"https:\/\/www.purecook.com\/de\/wp-json\/wp\/v2\/product_tag?post=4455"}],"curies":[{"name":"wp","href":"https:\/\/api.w.org\/{rel}","templated":true}]}}