{"id":4535,"date":"2025-08-21T09:58:12","date_gmt":"2025-08-21T01:58:12","guid":{"rendered":"https:\/\/www.purecook.com\/?post_type=product&#038;p=4535"},"modified":"2025-08-21T10:33:41","modified_gmt":"2025-08-21T02:33:41","slug":"wholesale-stylish-compact-stainless-steel-cookware-set","status":"publish","type":"product","link":"https:\/\/www.purecook.com\/de\/product\/wholesale-stylish-compact-stainless-steel-cookware-set\/","title":{"rendered":"Gro\u00dfhandel Nicht-Abrasive Prozess Edelstahl Kochgeschirr Set - f\u00fcr schnelles und einfaches Kochen"},"content":{"rendered":"<div class=\"wp-block-columns is-layout-flex wp-container-core-columns-is-layout-9d6595d7 wp-block-columns-is-layout-flex\">\n<div class=\"wp-block-column is-layout-flow wp-block-column-is-layout-flow\">\n<h3 class=\"wp-block-heading\">Parameter des Kochgeschirrsets aus Edelstahl<\/h3>\n\n\n\n<p><strong>Material:<\/strong> Dreilagiger rostfreier Stahl<br><strong>Normale Dicke:<\/strong> 2mm<br><strong>Gr\u00f6\u00dfe:<\/strong>16\/18\/20cm<br><strong>Logo<em>:<\/em><\/strong> Siebdruck\/Lasergravur\/gepr\u00e4gter Stempel<br><strong>Zubeh\u00f6r: <\/strong>mit Silikongriff und Deckelknauf als Zubeh\u00f6r<br><strong>Bruttogewicht: <\/strong>Weniger als 4 kg pro St\u00fcck<\/p>\n<\/div>\n\n\n\n<div class=\"wp-block-column is-layout-flow wp-block-column-is-layout-flow\">\n<h3 class=\"wp-block-heading\">Kundenspezifische Optionen f\u00fcr Lagert\u00f6pfe<\/h3>\n\n\n\n<p><strong>Logo:<\/strong> Anpassbar mit Ihrem Markenlogo<br><strong>Verpackung:<\/strong>\u00a0Farbige Schachtel\/Karton, etc<\/p>\n<\/div>\n<\/div>\n\n\n\n<div class=\"wp-block-columns is-layout-flex wp-container-core-columns-is-layout-9d6595d7 wp-block-columns-is-layout-flex\">\n<div class=\"wp-block-column is-layout-flow wp-block-column-is-layout-flow\">\n<figure class=\"wp-block-image size-full\"><img decoding=\"async\" width=\"800\" height=\"800\" src=\"https:\/\/www.purecook.com\/wp-content\/uploads\/2025\/08\/wholesale-stylish-stainless-steel-cookware-set-1.webp\" alt=\"Gro\u00dfhandel stilvolle Edelstahl-Kochgeschirr-Set (1)\" class=\"wp-image-4536\" srcset=\"https:\/\/www.purecook.com\/wp-content\/uploads\/2025\/08\/wholesale-stylish-stainless-steel-cookware-set-1.webp 800w, https:\/\/www.purecook.com\/wp-content\/uploads\/2025\/08\/wholesale-stylish-stainless-steel-cookware-set-1-300x300.webp 300w, https:\/\/www.purecook.com\/wp-content\/uploads\/2025\/08\/wholesale-stylish-stainless-steel-cookware-set-1-150x150.webp 150w, https:\/\/www.purecook.com\/wp-content\/uploads\/2025\/08\/wholesale-stylish-stainless-steel-cookware-set-1-768x768.webp 768w, https:\/\/www.purecook.com\/wp-content\/uploads\/2025\/08\/wholesale-stylish-stainless-steel-cookware-set-1-12x12.webp 12w, https:\/\/www.purecook.com\/wp-content\/uploads\/2025\/08\/wholesale-stylish-stainless-steel-cookware-set-1-600x600.webp 600w, https:\/\/www.purecook.com\/wp-content\/uploads\/2025\/08\/wholesale-stylish-stainless-steel-cookware-set-1-100x100.webp 100w\" sizes=\"(max-width: 800px) 100vw, 800px\" \/><\/figure>\n<\/div>\n\n\n\n<div class=\"wp-block-column is-layout-flow wp-block-column-is-layout-flow\">\n<figure class=\"wp-block-image size-full\"><img decoding=\"async\" width=\"1328\" height=\"1328\" src=\"https:\/\/www.purecook.com\/wp-content\/uploads\/2025\/08\/wholesale-stylish-stainless-steel-cookware-set-2.webp\" alt=\"Gro\u00dfhandel stilvolle Edelstahl-Kochgeschirr-Set (2)\" class=\"wp-image-4537\" srcset=\"https:\/\/www.purecook.com\/wp-content\/uploads\/2025\/08\/wholesale-stylish-stainless-steel-cookware-set-2.webp 1328w, https:\/\/www.purecook.com\/wp-content\/uploads\/2025\/08\/wholesale-stylish-stainless-steel-cookware-set-2-300x300.webp 300w, https:\/\/www.purecook.com\/wp-content\/uploads\/2025\/08\/wholesale-stylish-stainless-steel-cookware-set-2-150x150.webp 150w, https:\/\/www.purecook.com\/wp-content\/uploads\/2025\/08\/wholesale-stylish-stainless-steel-cookware-set-2-768x768.webp 768w, https:\/\/www.purecook.com\/wp-content\/uploads\/2025\/08\/wholesale-stylish-stainless-steel-cookware-set-2-12x12.webp 12w, https:\/\/www.purecook.com\/wp-content\/uploads\/2025\/08\/wholesale-stylish-stainless-steel-cookware-set-2-600x600.webp 600w, https:\/\/www.purecook.com\/wp-content\/uploads\/2025\/08\/wholesale-stylish-stainless-steel-cookware-set-2-100x100.webp 100w\" sizes=\"(max-width: 1328px) 100vw, 1328px\" \/><\/figure>\n<\/div>\n<\/div>\n\n\n\n<div class=\"wp-block-columns is-layout-flex wp-container-core-columns-is-layout-9d6595d7 wp-block-columns-is-layout-flex\">\n<div class=\"wp-block-column is-layout-flow wp-block-column-is-layout-flow\"><\/div>\n\n\n\n<div class=\"wp-block-column is-layout-flow wp-block-column-is-layout-flow\"><\/div>\n<\/div>\n\n\n\n<div class=\"wp-block-columns is-layout-flex wp-container-core-columns-is-layout-9d6595d7 wp-block-columns-is-layout-flex\">\n<div class=\"wp-block-column is-layout-flow wp-block-column-is-layout-flow\"><\/div>\n\n\n\n<div class=\"wp-block-column is-layout-flow wp-block-column-is-layout-flow\"><\/div>\n<\/div>","protected":false},"excerpt":{"rendered":"<p>Elegantes Kochgeschirr aus Edelstahl im Gro\u00dfhandel. Dieses vielseitige, kompakte Set ist f\u00fcr das moderne Leben konzipiert. Es enth\u00e4lt eine Edelstahlpfanne f\u00fcr hei\u00dfe T\u00f6pfe und mehrere passende kleine Teller, perfekt f\u00fcr die Bed\u00fcrfnisse von Einzelpersonen oder kleinen Familien.<\/p>\n<p>Als Fachmann <a href=\"https:\/\/www.purecook.com\/de\/produktkategorie\/kochgeschirr\/\" target=\"_blank\" rel=\"noopener\"><strong>Kochgeschirrhersteller<\/strong><\/a>, Purecook bietet Werkspreise und OEM-Dienstleistungen. Bitte kontaktieren Sie uns.<\/p>\n<h2>Merkmale von Kochgeschirr-Sets aus Edelstahl<\/h2>\n<p><strong>Vielseitigkeit:<\/strong> Dieses elegante Kochgeschirrset aus Edelstahl besteht aus einem Topf und vier Tellern. Die Teller k\u00f6nnen sowohl zum Servieren als auch zum Backen verwendet werden, so dass sich dieses Kochgeschirr-Set f\u00fcr eine Vielzahl von Koch- und Serviermethoden eignet.<\/p>\n<p><strong>Ausgezeichnete Kochleistung:<\/strong> Dieses Kochgeschirr aus dreifach rostfreiem Stahl bietet eine hervorragende W\u00e4rmeleitf\u00e4higkeit und gew\u00e4hrleistet ein gleichm\u00e4\u00dfiges Kochen.<\/p>\n<p><strong>Leichte Reinigung:<\/strong> Bei diesem Edelstahl-Kochgeschirr gibt es keine versteckten Stellen, und da es aus rostfreiem Stahl besteht, lassen sich Flecken mit einem einfachen Wisch mit Sp\u00fclmittel und Wasser entfernen.<\/p>\n<p><strong>Bequem f\u00fcr Einzelpersonen oder kleine Gruppen:<\/strong> Die T\u00f6pfe und Teller haben die perfekte Gr\u00f6\u00dfe f\u00fcr einzelne Mahlzeiten, wie z. B. einen hei\u00dfen Topf, oder f\u00fcr das Teilen einer Vielzahl von Gerichten mit einer kleinen Gruppe. Jeder Teller hat einen kleinen Griff f\u00fcr eine einfache Handhabung.<\/p>\n<p><strong>Ausgezeichnete \u00c4sthetik:<\/strong> Das schlichte, moderne Design mit Metallic-Finish sorgt f\u00fcr ein schlankes, klares Erscheinungsbild, das vor allem j\u00fcngere Verbraucher und modern eingerichtete Haushalte anspricht.<\/p>","protected":false},"featured_media":4536,"comment_status":"closed","ping_status":"closed","template":"","meta":{"_acf_changed":false},"product_brand":[],"product_cat":[24,69],"product_tag":[],"class_list":{"0":"post-4535","1":"product","2":"type-product","3":"status-publish","4":"has-post-thumbnail","6":"product_cat-cookware","7":"product_cat-cookware-sets","9":"first","10":"instock","11":"shipping-taxable","12":"product-type-simple"},"acf":[],"_links":{"self":[{"href":"https:\/\/www.purecook.com\/de\/wp-json\/wp\/v2\/product\/4535","targetHints":{"allow":["GET"]}}],"collection":[{"href":"https:\/\/www.purecook.com\/de\/wp-json\/wp\/v2\/product"}],"about":[{"href":"https:\/\/www.purecook.com\/de\/wp-json\/wp\/v2\/types\/product"}],"replies":[{"embeddable":true,"href":"https:\/\/www.purecook.com\/de\/wp-json\/wp\/v2\/comments?post=4535"}],"wp:featuredmedia":[{"embeddable":true,"href":"https:\/\/www.purecook.com\/de\/wp-json\/wp\/v2\/media\/4536"}],"wp:attachment":[{"href":"https:\/\/www.purecook.com\/de\/wp-json\/wp\/v2\/media?parent=4535"}],"wp:term":[{"taxonomy":"product_brand","embeddable":true,"href":"https:\/\/www.purecook.com\/de\/wp-json\/wp\/v2\/product_brand?post=4535"},{"taxonomy":"product_cat","embeddable":true,"href":"https:\/\/www.purecook.com\/de\/wp-json\/wp\/v2\/product_cat?post=4535"},{"taxonomy":"product_tag","embeddable":true,"href":"https:\/\/www.purecook.com\/de\/wp-json\/wp\/v2\/product_tag?post=4535"}],"curies":[{"name":"wp","href":"https:\/\/api.w.org\/{rel}","templated":true}]}}