{"id":4568,"date":"2025-08-21T11:11:19","date_gmt":"2025-08-21T03:11:19","guid":{"rendered":"https:\/\/www.purecook.com\/?post_type=product&#038;p=4568"},"modified":"2025-08-24T11:34:57","modified_gmt":"2025-08-24T03:34:57","slug":"wholesale-stainless-steel-kitchen-tongs","status":"publish","type":"product","link":"https:\/\/www.purecook.com\/de\/product\/wholesale-stainless-steel-kitchen-tongs\/","title":{"rendered":"Gro\u00dfhandel Edelstahl K\u00fcchenzange f\u00fcr Kochen, Grillen, Salat und servieren"},"content":{"rendered":"<div class=\"wp-block-columns is-layout-flex wp-container-core-columns-is-layout-9d6595d7 wp-block-columns-is-layout-flex\">\n<div class=\"wp-block-column is-layout-flow wp-block-column-is-layout-flow\">\n<h3 class=\"wp-block-heading\">Parameter der Edelstahl-K\u00fcchenzange<\/h3>\n\n\n\n<p><strong>Material: <\/strong>Rostfreier Stahl 304<br><strong>Logo:<\/strong> Siebdruck\/Lasergravur\/gepr\u00e4gter Stempel<br><strong>Farbe:<\/strong> Silber<br><strong>Gr\u00f6\u00dfe:<\/strong> 24\u00d72,5cm<br><strong>Bruttogewicht: <\/strong>Weniger als 100 g pro St\u00fcck<br><\/p>\n<\/div>\n\n\n\n<div class=\"wp-block-column is-layout-flow wp-block-column-is-layout-flow\">\n<h3 class=\"wp-block-heading\">Individuelle K\u00fcchenzangen-Optionen<\/h3>\n\n\n\n<p><strong>Logo:<\/strong> Anpassbar mit Ihrem Markenlogo<br><strong>Verpackung:<\/strong>\u00a0Farbige Schachtel\/Karton, etc<\/p>\n<\/div>\n<\/div>\n\n\n\n<div class=\"wp-block-columns is-layout-flex wp-container-core-columns-is-layout-9d6595d7 wp-block-columns-is-layout-flex\">\n<div class=\"wp-block-column is-layout-flow wp-block-column-is-layout-flow\">\n<figure class=\"wp-block-image size-full\"><img decoding=\"async\" width=\"800\" height=\"800\" src=\"https:\/\/www.purecook.com\/wp-content\/uploads\/2025\/08\/wholesale-stainless-steel-kitchen-tongs-2.webp\" alt=\"Gro\u00dfhandel Edelstahl K\u00fcchenzange (2)\" class=\"wp-image-4570\" srcset=\"https:\/\/www.purecook.com\/wp-content\/uploads\/2025\/08\/wholesale-stainless-steel-kitchen-tongs-2.webp 800w, https:\/\/www.purecook.com\/wp-content\/uploads\/2025\/08\/wholesale-stainless-steel-kitchen-tongs-2-300x300.webp 300w, https:\/\/www.purecook.com\/wp-content\/uploads\/2025\/08\/wholesale-stainless-steel-kitchen-tongs-2-150x150.webp 150w, https:\/\/www.purecook.com\/wp-content\/uploads\/2025\/08\/wholesale-stainless-steel-kitchen-tongs-2-768x768.webp 768w, https:\/\/www.purecook.com\/wp-content\/uploads\/2025\/08\/wholesale-stainless-steel-kitchen-tongs-2-12x12.webp 12w, https:\/\/www.purecook.com\/wp-content\/uploads\/2025\/08\/wholesale-stainless-steel-kitchen-tongs-2-600x600.webp 600w, https:\/\/www.purecook.com\/wp-content\/uploads\/2025\/08\/wholesale-stainless-steel-kitchen-tongs-2-100x100.webp 100w\" sizes=\"(max-width: 800px) 100vw, 800px\" \/><\/figure>\n<\/div>\n\n\n\n<div class=\"wp-block-column is-layout-flow wp-block-column-is-layout-flow\">\n<figure class=\"wp-block-image size-full\"><img decoding=\"async\" width=\"800\" height=\"800\" src=\"https:\/\/www.purecook.com\/wp-content\/uploads\/2025\/08\/wholesale-stainless-steel-kitchen-tongs-5.webp\" alt=\"Gro\u00dfhandel Edelstahl K\u00fcchenzange (5)\" class=\"wp-image-4573\" srcset=\"https:\/\/www.purecook.com\/wp-content\/uploads\/2025\/08\/wholesale-stainless-steel-kitchen-tongs-5.webp 800w, https:\/\/www.purecook.com\/wp-content\/uploads\/2025\/08\/wholesale-stainless-steel-kitchen-tongs-5-300x300.webp 300w, https:\/\/www.purecook.com\/wp-content\/uploads\/2025\/08\/wholesale-stainless-steel-kitchen-tongs-5-150x150.webp 150w, https:\/\/www.purecook.com\/wp-content\/uploads\/2025\/08\/wholesale-stainless-steel-kitchen-tongs-5-768x768.webp 768w, https:\/\/www.purecook.com\/wp-content\/uploads\/2025\/08\/wholesale-stainless-steel-kitchen-tongs-5-12x12.webp 12w, https:\/\/www.purecook.com\/wp-content\/uploads\/2025\/08\/wholesale-stainless-steel-kitchen-tongs-5-600x600.webp 600w, https:\/\/www.purecook.com\/wp-content\/uploads\/2025\/08\/wholesale-stainless-steel-kitchen-tongs-5-100x100.webp 100w\" sizes=\"(max-width: 800px) 100vw, 800px\" \/><\/figure>\n<\/div>\n<\/div>\n\n\n\n<div class=\"wp-block-columns is-layout-flex wp-container-core-columns-is-layout-9d6595d7 wp-block-columns-is-layout-flex\">\n<div class=\"wp-block-column is-layout-flow wp-block-column-is-layout-flow\"><\/div>\n\n\n\n<div class=\"wp-block-column is-layout-flow wp-block-column-is-layout-flow\"><\/div>\n<\/div>","protected":false},"excerpt":{"rendered":"<p>Gro\u00dfhandel mit K\u00fcchenzangen aus Edelstahl. Ihr stilvolles, ergonomisches Design bietet einen bequemen Griff und ist ideal f\u00fcr eine Vielzahl von Aufgaben, vom Servieren und Plattieren bis zum Kochen. Kontaktieren Sie uns f\u00fcr ein Angebot.<\/p>\n<h2>Eigenschaften der Edelstahl-K\u00fcchenzange<\/h2>\n<p><strong>Ergonomisches Design:<\/strong> Diese K\u00fcchenzange aus rostfreiem Stahl hat einen geformten Griff mit erh\u00f6hten Rillen. Dieses Design sorgt f\u00fcr einen bequemen und sicheren Griff und verringert die Erm\u00fcdung der H\u00e4nde.<\/p>\n<p><strong>Nicht reaktiv:<\/strong> Diese K\u00fcchenzange aus Edelstahl 304 reagiert nicht mit s\u00e4urehaltigen Lebensmitteln und verhindert, dass sie den Geschmack oder die Farbe der Zutaten beeintr\u00e4chtigt, so dass diese rein bleiben.<\/p>\n<p><strong>Vielseitigkeit:<\/strong> Diese K\u00fcchenzange aus Edelstahl eignet sich f\u00fcr eine Vielzahl von Aufgaben, vom Servieren empfindlicher Speisen wie Geb\u00e4ck bis hin zur Handhabung gro\u00dfer Portionen.<\/p>\n<p><strong>Hygienisch:<\/strong> Da sie aus rostfreiem Stahl gefertigt ist, ist es weniger wahrscheinlich, dass sie Bakterien beherbergt, Ger\u00fcche absorbiert oder Lebensmittelpartikel festh\u00e4lt. Dadurch ist die Zange leicht zu reinigen und gew\u00e4hrleistet eine hygienische Handhabung von Lebensmitteln.<\/p>","protected":false},"featured_media":4569,"comment_status":"closed","ping_status":"closed","template":"","meta":{"_acf_changed":false},"product_brand":[],"product_cat":[52,103],"product_tag":[],"class_list":{"0":"post-4568","1":"product","2":"type-product","3":"status-publish","4":"has-post-thumbnail","6":"product_cat-kitchen-utensils","7":"product_cat-wholesale-stainless-steel-tongs","9":"first","10":"instock","11":"shipping-taxable","12":"product-type-simple"},"acf":[],"_links":{"self":[{"href":"https:\/\/www.purecook.com\/de\/wp-json\/wp\/v2\/product\/4568","targetHints":{"allow":["GET"]}}],"collection":[{"href":"https:\/\/www.purecook.com\/de\/wp-json\/wp\/v2\/product"}],"about":[{"href":"https:\/\/www.purecook.com\/de\/wp-json\/wp\/v2\/types\/product"}],"replies":[{"embeddable":true,"href":"https:\/\/www.purecook.com\/de\/wp-json\/wp\/v2\/comments?post=4568"}],"wp:featuredmedia":[{"embeddable":true,"href":"https:\/\/www.purecook.com\/de\/wp-json\/wp\/v2\/media\/4569"}],"wp:attachment":[{"href":"https:\/\/www.purecook.com\/de\/wp-json\/wp\/v2\/media?parent=4568"}],"wp:term":[{"taxonomy":"product_brand","embeddable":true,"href":"https:\/\/www.purecook.com\/de\/wp-json\/wp\/v2\/product_brand?post=4568"},{"taxonomy":"product_cat","embeddable":true,"href":"https:\/\/www.purecook.com\/de\/wp-json\/wp\/v2\/product_cat?post=4568"},{"taxonomy":"product_tag","embeddable":true,"href":"https:\/\/www.purecook.com\/de\/wp-json\/wp\/v2\/product_tag?post=4568"}],"curies":[{"name":"wp","href":"https:\/\/api.w.org\/{rel}","templated":true}]}}