{"id":4576,"date":"2025-08-21T11:46:07","date_gmt":"2025-08-21T03:46:07","guid":{"rendered":"https:\/\/www.purecook.com\/?post_type=product&#038;p=4576"},"modified":"2025-08-21T12:13:22","modified_gmt":"2025-08-21T04:13:22","slug":"wholesale-stainless-steel-food-container-and-strainer-set","status":"publish","type":"product","link":"https:\/\/www.purecook.com\/de\/product\/wholesale-stainless-steel-food-container-and-strainer-set\/","title":{"rendered":"Gro\u00dfhandel Edelstahl Lebensmittel Container und Sieb Set"},"content":{"rendered":"<div class=\"wp-block-columns is-layout-flex wp-container-core-columns-is-layout-9d6595d7 wp-block-columns-is-layout-flex\">\n<div class=\"wp-block-column is-layout-flow wp-block-column-is-layout-flow\">\n<h3 class=\"wp-block-heading\">Parameter des Lebensmittelbeh\u00e4lters aus Edelstahl mit Sieb<\/h3>\n\n\n\n<p><strong>Material: <\/strong>Edelstahl 304+PP<br><strong>Logo:<\/strong> Siebdruck\/Lasergravur\/gepr\u00e4gter Stempel<br><strong>Farbe:<\/strong> Silber<br><strong>Produktgr\u00f6\u00dfen:<\/strong><br>Fassungsverm\u00f6gen: 1500ml; Gr\u00f6\u00dfe: 19\u00d719\u00d75,6cm<br>Fassungsverm\u00f6gen 2000ml; Gr\u00f6\u00dfe:19\u00d719\u00d77,2cm<br>Fassungsverm\u00f6gen 2500ml; 19\u00d719\u00d79cm<br><strong>Bruttogewicht: <\/strong>Weniger als 500 g pro St\u00fcck<\/p>\n<\/div>\n\n\n\n<div class=\"wp-block-column is-layout-flow wp-block-column-is-layout-flow\">\n<h3 class=\"wp-block-heading\">Kundenspezifische Optionen f\u00fcr Lagert\u00f6pfe<\/h3>\n\n\n\n<p><strong>Logo:<\/strong> Anpassbar mit Ihrem Markenlogo<br><strong>Verpackung:<\/strong>\u00a0Farbige Schachtel\/Karton, etc<\/p>\n<\/div>\n<\/div>\n\n\n\n<div class=\"wp-block-columns is-layout-flex wp-container-core-columns-is-layout-9d6595d7 wp-block-columns-is-layout-flex\">\n<div class=\"wp-block-column is-layout-flow wp-block-column-is-layout-flow\">\n<figure class=\"wp-block-image size-full\"><img decoding=\"async\" width=\"800\" height=\"800\" src=\"https:\/\/www.purecook.com\/wp-content\/uploads\/2025\/08\/wholesale-stainless-steel-food-container-and-strainer-set-5.webp\" alt=\"Gro\u00dfhandel Edelstahl Lebensmittelbeh\u00e4lter und Sieb Set (5)\" class=\"wp-image-4582\" srcset=\"https:\/\/www.purecook.com\/wp-content\/uploads\/2025\/08\/wholesale-stainless-steel-food-container-and-strainer-set-5.webp 800w, https:\/\/www.purecook.com\/wp-content\/uploads\/2025\/08\/wholesale-stainless-steel-food-container-and-strainer-set-5-300x300.webp 300w, https:\/\/www.purecook.com\/wp-content\/uploads\/2025\/08\/wholesale-stainless-steel-food-container-and-strainer-set-5-150x150.webp 150w, https:\/\/www.purecook.com\/wp-content\/uploads\/2025\/08\/wholesale-stainless-steel-food-container-and-strainer-set-5-768x768.webp 768w, https:\/\/www.purecook.com\/wp-content\/uploads\/2025\/08\/wholesale-stainless-steel-food-container-and-strainer-set-5-12x12.webp 12w, https:\/\/www.purecook.com\/wp-content\/uploads\/2025\/08\/wholesale-stainless-steel-food-container-and-strainer-set-5-600x600.webp 600w, https:\/\/www.purecook.com\/wp-content\/uploads\/2025\/08\/wholesale-stainless-steel-food-container-and-strainer-set-5-100x100.webp 100w\" sizes=\"(max-width: 800px) 100vw, 800px\" \/><\/figure>\n<\/div>\n\n\n\n<div class=\"wp-block-column is-layout-flow wp-block-column-is-layout-flow\">\n<figure class=\"wp-block-image size-full\"><img decoding=\"async\" width=\"800\" height=\"800\" src=\"https:\/\/www.purecook.com\/wp-content\/uploads\/2025\/08\/wholesale-stainless-steel-food-container-and-strainer-set-6.webp\" alt=\"Gro\u00dfhandel Edelstahl Lebensmittelbeh\u00e4lter und Sieb Set (6)\" class=\"wp-image-4583\" srcset=\"https:\/\/www.purecook.com\/wp-content\/uploads\/2025\/08\/wholesale-stainless-steel-food-container-and-strainer-set-6.webp 800w, https:\/\/www.purecook.com\/wp-content\/uploads\/2025\/08\/wholesale-stainless-steel-food-container-and-strainer-set-6-300x300.webp 300w, https:\/\/www.purecook.com\/wp-content\/uploads\/2025\/08\/wholesale-stainless-steel-food-container-and-strainer-set-6-150x150.webp 150w, https:\/\/www.purecook.com\/wp-content\/uploads\/2025\/08\/wholesale-stainless-steel-food-container-and-strainer-set-6-768x768.webp 768w, https:\/\/www.purecook.com\/wp-content\/uploads\/2025\/08\/wholesale-stainless-steel-food-container-and-strainer-set-6-12x12.webp 12w, https:\/\/www.purecook.com\/wp-content\/uploads\/2025\/08\/wholesale-stainless-steel-food-container-and-strainer-set-6-600x600.webp 600w, https:\/\/www.purecook.com\/wp-content\/uploads\/2025\/08\/wholesale-stainless-steel-food-container-and-strainer-set-6-100x100.webp 100w\" sizes=\"(max-width: 800px) 100vw, 800px\" \/><\/figure>\n<\/div>\n<\/div>\n\n\n\n<div class=\"wp-block-columns is-layout-flex wp-container-core-columns-is-layout-9d6595d7 wp-block-columns-is-layout-flex\">\n<div class=\"wp-block-column is-layout-flow wp-block-column-is-layout-flow\"><\/div>\n\n\n\n<div class=\"wp-block-column is-layout-flow wp-block-column-is-layout-flow\"><\/div>\n<\/div>","protected":false},"excerpt":{"rendered":"<p>Dieses moderne und funktionelle Set aus Edelstahl-Beh\u00e4lter und Sieb kombiniert Effizienz mit einem eleganten Design. Es ist in drei Gr\u00f6\u00dfen erh\u00e4ltlich - 1500ml, 2000ml und 2500ml - und besteht aus einem vielseitigen, massiven Beh\u00e4lter und einem passenden Siebkorb, der sich perfekt f\u00fcr alles eignet, vom Absp\u00fclen von Produkten bis zum Einlegen und Servieren von Speisen.<\/p>\n<h2>Eigenschaften des Lebensmittelbeh\u00e4lters aus Edelstahl mit Sieb<\/h2>\n<p><strong>Vielseitig:<\/strong> Dieses Produkt bietet eine Zwei-in-Eins-L\u00f6sung. Der Siebkorb dient als praktisches Sieb zum Waschen von Gem\u00fcse oder Abtropfen von gekochten Speisen, w\u00e4hrend der feste Beh\u00e4lter zum Marinieren, Aufbewahren oder Servieren von Speisen verwendet werden kann.<\/p>\n<p><strong>Platzsparendes Design:<\/strong> Die beiden Komponenten passen perfekt zusammen und erm\u00f6glichen eine kompakte und effiziente Aufbewahrung im Schrank.<\/p>\n<p><strong>Verschiedene Kapazit\u00e4tsoptionen:<\/strong> Erh\u00e4ltlich in drei verschiedenen Fassungsverm\u00f6gen (1500ml, 2000ml und 2500ml), k\u00f6nnen Sie die perfekte Gr\u00f6\u00dfe f\u00fcr jede Aufgabe w\u00e4hlen, egal ob Sie einzelne Portionen oder Mahlzeiten in Familiengr\u00f6\u00dfe zubereiten.<\/p>\n<p><strong>Mikrowellengeeignet und praktisch:<\/strong>\u00a0Unsere Lebensmittelbeh\u00e4lter aus rostfreiem Stahl sind speziell f\u00fcr die Mikrowelle konzipiert, so dass Sie Mahlzeiten schnell und sicher aufw\u00e4rmen k\u00f6nnen, ohne das Essen in ein anderes Gericht umf\u00fcllen zu m\u00fcssen.<\/p>","protected":false},"featured_media":4578,"comment_status":"closed","ping_status":"closed","template":"","meta":{"_acf_changed":false},"product_brand":[],"product_cat":[51,25],"product_tag":[],"class_list":{"0":"post-4576","1":"product","2":"type-product","3":"status-publish","4":"has-post-thumbnail","6":"product_cat-dinnerware","7":"product_cat-food-storage","9":"first","10":"instock","11":"shipping-taxable","12":"product-type-simple"},"acf":[],"_links":{"self":[{"href":"https:\/\/www.purecook.com\/de\/wp-json\/wp\/v2\/product\/4576","targetHints":{"allow":["GET"]}}],"collection":[{"href":"https:\/\/www.purecook.com\/de\/wp-json\/wp\/v2\/product"}],"about":[{"href":"https:\/\/www.purecook.com\/de\/wp-json\/wp\/v2\/types\/product"}],"replies":[{"embeddable":true,"href":"https:\/\/www.purecook.com\/de\/wp-json\/wp\/v2\/comments?post=4576"}],"wp:featuredmedia":[{"embeddable":true,"href":"https:\/\/www.purecook.com\/de\/wp-json\/wp\/v2\/media\/4578"}],"wp:attachment":[{"href":"https:\/\/www.purecook.com\/de\/wp-json\/wp\/v2\/media?parent=4576"}],"wp:term":[{"taxonomy":"product_brand","embeddable":true,"href":"https:\/\/www.purecook.com\/de\/wp-json\/wp\/v2\/product_brand?post=4576"},{"taxonomy":"product_cat","embeddable":true,"href":"https:\/\/www.purecook.com\/de\/wp-json\/wp\/v2\/product_cat?post=4576"},{"taxonomy":"product_tag","embeddable":true,"href":"https:\/\/www.purecook.com\/de\/wp-json\/wp\/v2\/product_tag?post=4576"}],"curies":[{"name":"wp","href":"https:\/\/api.w.org\/{rel}","templated":true}]}}