{"id":4584,"date":"2025-08-21T14:04:59","date_gmt":"2025-08-21T06:04:59","guid":{"rendered":"https:\/\/www.purecook.com\/?post_type=product&#038;p=4584"},"modified":"2025-09-08T11:29:35","modified_gmt":"2025-09-08T03:29:35","slug":"wholesale-mini-colander-and-bowl-set","status":"publish","type":"product","link":"https:\/\/www.purecook.com\/de\/product\/wholesale-mini-colander-and-bowl-set\/","title":{"rendered":"Gro\u00dfhandel Mini-Sieb und Sch\u00fcssel-Set, 2 Gr\u00f6\u00dfen"},"content":{"rendered":"<div class=\"wp-block-columns is-layout-flex wp-container-core-columns-is-layout-9d6595d7 wp-block-columns-is-layout-flex\">\n<div class=\"wp-block-column is-layout-flow wp-block-column-is-layout-flow\">\n<h3 class=\"wp-block-heading\">Parameter des 2-teiligen Mini-Siebsets <\/h3>\n\n\n\n<p><strong>Material:<\/strong> Rostfreier Stahl 304<br><strong>Logo: <\/strong>Siebdruck\/Lasergravur\/gepr\u00e4gter Stempel<br><strong>Farbe:<\/strong> Silber<br><strong>14 cm Korb<\/strong><\/p>\n\n\n\n<ul class=\"wp-block-list\">\n<li>Durchmesser (oben): 14,3 cm<\/li>\n\n\n\n<li>Durchmesser (Basis): 8,0 cm<\/li>\n\n\n\n<li>H\u00f6he: 6,5 cm<\/li>\n\n\n\n<li>Fassungsverm\u00f6gen: 600 ml<\/li>\n<\/ul>\n\n\n\n<p><strong>16 cm Korb<\/strong><\/p>\n\n\n\n<ul class=\"wp-block-list\">\n<li>Durchmesser (oben): 16,3 cm<\/li>\n\n\n\n<li>Durchmesser (Basis): 9,0 cm<\/li>\n\n\n\n<li>H\u00f6he: 7,5 cm<\/li>\n\n\n\n<li>Fassungsverm\u00f6gen: 1000 ml<\/li>\n<\/ul>\n<\/div>\n\n\n\n<div class=\"wp-block-column is-layout-flow wp-block-column-is-layout-flow\">\n<h3 class=\"wp-block-heading\">Kundenspezifische Optionen f\u00fcr Lagert\u00f6pfe<\/h3>\n\n\n\n<p><strong>Logo:<\/strong> Anpassbar mit Ihrem Markenlogo<br><strong>Farbe:<\/strong> Anpassbar<br><strong>Verpackung:<\/strong>\u00a0Farbige Schachtel\/Karton, etc<\/p>\n<\/div>\n<\/div>\n\n\n\n<div class=\"wp-block-columns is-layout-flex wp-container-core-columns-is-layout-9d6595d7 wp-block-columns-is-layout-flex\">\n<div class=\"wp-block-column is-layout-flow wp-block-column-is-layout-flow\">\n<figure class=\"wp-block-image size-full\"><img decoding=\"async\" width=\"800\" height=\"800\" src=\"https:\/\/www.purecook.com\/wp-content\/uploads\/2025\/08\/mini-colander-and-bowl-set-5.webp\" alt=\"Mini-Sieb und Sch\u00fcssel-Set (5)\" class=\"wp-image-4589\" srcset=\"https:\/\/www.purecook.com\/wp-content\/uploads\/2025\/08\/mini-colander-and-bowl-set-5.webp 800w, https:\/\/www.purecook.com\/wp-content\/uploads\/2025\/08\/mini-colander-and-bowl-set-5-300x300.webp 300w, https:\/\/www.purecook.com\/wp-content\/uploads\/2025\/08\/mini-colander-and-bowl-set-5-150x150.webp 150w, https:\/\/www.purecook.com\/wp-content\/uploads\/2025\/08\/mini-colander-and-bowl-set-5-768x768.webp 768w, https:\/\/www.purecook.com\/wp-content\/uploads\/2025\/08\/mini-colander-and-bowl-set-5-12x12.webp 12w, https:\/\/www.purecook.com\/wp-content\/uploads\/2025\/08\/mini-colander-and-bowl-set-5-600x600.webp 600w, https:\/\/www.purecook.com\/wp-content\/uploads\/2025\/08\/mini-colander-and-bowl-set-5-100x100.webp 100w\" sizes=\"(max-width: 800px) 100vw, 800px\" \/><\/figure>\n<\/div>\n\n\n\n<div class=\"wp-block-column is-layout-flow wp-block-column-is-layout-flow\">\n<figure class=\"wp-block-image size-full\"><img decoding=\"async\" width=\"800\" height=\"800\" src=\"https:\/\/www.purecook.com\/wp-content\/uploads\/2025\/08\/mini-colander-and-bowl-set-6.webp\" alt=\"Mini-Sieb und Sch\u00fcssel-Set (6)\" class=\"wp-image-4590\" srcset=\"https:\/\/www.purecook.com\/wp-content\/uploads\/2025\/08\/mini-colander-and-bowl-set-6.webp 800w, https:\/\/www.purecook.com\/wp-content\/uploads\/2025\/08\/mini-colander-and-bowl-set-6-300x300.webp 300w, https:\/\/www.purecook.com\/wp-content\/uploads\/2025\/08\/mini-colander-and-bowl-set-6-150x150.webp 150w, https:\/\/www.purecook.com\/wp-content\/uploads\/2025\/08\/mini-colander-and-bowl-set-6-768x768.webp 768w, https:\/\/www.purecook.com\/wp-content\/uploads\/2025\/08\/mini-colander-and-bowl-set-6-12x12.webp 12w, https:\/\/www.purecook.com\/wp-content\/uploads\/2025\/08\/mini-colander-and-bowl-set-6-600x600.webp 600w, https:\/\/www.purecook.com\/wp-content\/uploads\/2025\/08\/mini-colander-and-bowl-set-6-100x100.webp 100w\" sizes=\"(max-width: 800px) 100vw, 800px\" \/><\/figure>\n<\/div>\n<\/div>\n\n\n\n<div class=\"wp-block-columns is-layout-flex wp-container-core-columns-is-layout-9d6595d7 wp-block-columns-is-layout-flex\">\n<div class=\"wp-block-column is-layout-flow wp-block-column-is-layout-flow\"><\/div>\n\n\n\n<div class=\"wp-block-column is-layout-flow wp-block-column-is-layout-flow\"><\/div>\n<\/div>\n\n\n\n<div class=\"wp-block-columns is-layout-flex wp-container-core-columns-is-layout-9d6595d7 wp-block-columns-is-layout-flex\">\n<div class=\"wp-block-column is-layout-flow wp-block-column-is-layout-flow\"><\/div>\n\n\n\n<div class=\"wp-block-column is-layout-flow wp-block-column-is-layout-flow\"><\/div>\n<\/div>","protected":false},"excerpt":{"rendered":"<p>Dieses vielseitige und hygienische Edelstahlsieb-Set eignet sich perfekt zum Abtropfen von Obst und Gem\u00fcse, zum Sp\u00fclen von Getreide und zum Servieren von Salaten. Es verf\u00fcgt \u00fcber ein feinmaschiges Sieb, das perfekt in die Sch\u00fcssel passt. Es ist eine praktische, platzsparende Erg\u00e4nzung f\u00fcr jede K\u00fcche.<\/p>\n<h2>Merkmale und Vorteile von Edelstahlt\u00f6pfen<\/h2>\n<p><strong>Vielseitig:<\/strong> Dieses Set kann zum Waschen und Absp\u00fclen von Obst und Gem\u00fcse, zum Abseihen von Nudeln oder Reis verwendet werden, und die Sch\u00fcssel kann allein zum Mischen, Servieren oder als Serviersch\u00fcssel verwendet werden.<\/p>\n<p><strong>Effiziente Entw\u00e4sserung:<\/strong> Das feinmaschige Sieb l\u00e4sst Fl\u00fcssigkeiten schnell und gr\u00fcndlich abtropfen und verhindert gleichzeitig, dass kleine Lebensmittelteilchen durchfallen.<\/p>\n<p><strong>Langlebig und hygienisch:<\/strong> Er ist aus rostfreiem, porenfreiem und leicht zu reinigendem Edelstahl gefertigt und gew\u00e4hrleistet eine hygienische Zubereitung von Speisen.<\/p>\n<p><strong>\u00c4sthetische Anziehungskraft:<\/strong> Das schlanke, minimalistische Design bietet ein modernes, klares Erscheinungsbild, das sich perfekt zum Servieren direkt am Tisch eignet.<\/p>","protected":false},"featured_media":4585,"comment_status":"closed","ping_status":"closed","template":"","meta":{"_acf_changed":false},"product_brand":[],"product_cat":[51,52,54,65],"product_tag":[],"class_list":{"0":"post-4584","1":"product","2":"type-product","3":"status-publish","4":"has-post-thumbnail","6":"product_cat-dinnerware","7":"product_cat-kitchen-utensils","8":"product_cat-stainless-steel-bowl","9":"product_cat-kitchen-strainer-and-colander","11":"first","12":"instock","13":"shipping-taxable","14":"product-type-simple"},"acf":[],"_links":{"self":[{"href":"https:\/\/www.purecook.com\/de\/wp-json\/wp\/v2\/product\/4584","targetHints":{"allow":["GET"]}}],"collection":[{"href":"https:\/\/www.purecook.com\/de\/wp-json\/wp\/v2\/product"}],"about":[{"href":"https:\/\/www.purecook.com\/de\/wp-json\/wp\/v2\/types\/product"}],"replies":[{"embeddable":true,"href":"https:\/\/www.purecook.com\/de\/wp-json\/wp\/v2\/comments?post=4584"}],"wp:featuredmedia":[{"embeddable":true,"href":"https:\/\/www.purecook.com\/de\/wp-json\/wp\/v2\/media\/4585"}],"wp:attachment":[{"href":"https:\/\/www.purecook.com\/de\/wp-json\/wp\/v2\/media?parent=4584"}],"wp:term":[{"taxonomy":"product_brand","embeddable":true,"href":"https:\/\/www.purecook.com\/de\/wp-json\/wp\/v2\/product_brand?post=4584"},{"taxonomy":"product_cat","embeddable":true,"href":"https:\/\/www.purecook.com\/de\/wp-json\/wp\/v2\/product_cat?post=4584"},{"taxonomy":"product_tag","embeddable":true,"href":"https:\/\/www.purecook.com\/de\/wp-json\/wp\/v2\/product_tag?post=4584"}],"curies":[{"name":"wp","href":"https:\/\/api.w.org\/{rel}","templated":true}]}}