{"id":4591,"date":"2025-08-24T09:30:00","date_gmt":"2025-08-24T01:30:00","guid":{"rendered":"https:\/\/www.purecook.com\/?post_type=product&#038;p=4591"},"modified":"2025-08-24T10:02:18","modified_gmt":"2025-08-24T02:02:18","slug":"wholesale-3-piece-stainless-steel-cookware-set","status":"publish","type":"product","link":"https:\/\/www.purecook.com\/de\/product\/wholesale-3-piece-stainless-steel-cookware-set\/","title":{"rendered":"Gro\u00dfhandel 3 St\u00fcck Edelstahl Kochgeschirr Set"},"content":{"rendered":"<div class=\"wp-block-columns is-layout-flex wp-container-core-columns-is-layout-9d6595d7 wp-block-columns-is-layout-flex\">\n<div class=\"wp-block-column is-layout-flow wp-block-column-is-layout-flow\">\n<h3 class=\"wp-block-heading\">Parameter des 3-teiligen Kochgeschirrsets aus Edelstahl<\/h3>\n\n\n\n<p><strong>Material: <\/strong>201 Rostfreier Stahl<br><strong>Normale Dicke:<\/strong> 0,5 mm<br><strong>Deckel: <\/strong>Glas- oder Edelstahl-Deckel<br><strong>Unten:<\/strong> Induktions-Sandwichboden (SUS+0,8mm Alu+SUS)<br><strong>Logo: <\/strong>Siebdruck \/ Lasergravur \/ Pr\u00e4gung<br><strong>Griff &amp; Deckelknopf:<\/strong> Rostfreier Stahl<br><strong>Gr\u00f6\u00dfe: <\/strong>16 \u00d7 9 cm \/ 18 \u00d7 10 cm \/ 20 \u00d7 11 cm<br><strong>Bruttogewicht: <\/strong>Weniger als 1 kg pro St\u00fcck<\/p>\n<\/div>\n\n\n\n<div class=\"wp-block-column is-layout-flow wp-block-column-is-layout-flow\">\n<h3 class=\"wp-block-heading\">Kundenspezifische Optionen f\u00fcr Lagert\u00f6pfe<\/h3>\n\n\n\n<p><strong>Logo:<\/strong> Anpassbar mit Ihrem Markenlogo<br><strong>Handgriff:<\/strong> Griffe f\u00fcr Ihren Stil<br><strong>Verpackung:<\/strong>\u00a0Farbige Schachtel\/Karton, etc<\/p>\n<\/div>\n<\/div>\n\n\n\n<div class=\"wp-block-columns is-layout-flex wp-container-core-columns-is-layout-9d6595d7 wp-block-columns-is-layout-flex\">\n<div class=\"wp-block-column is-layout-flow wp-block-column-is-layout-flow\">\n<figure class=\"wp-block-image size-full\"><img decoding=\"async\" width=\"800\" height=\"800\" src=\"https:\/\/www.purecook.com\/wp-content\/uploads\/2025\/08\/wholesale-3-piece-stainless-steel-cookware-set\u200b-2.webp\" alt=\"Gro\u00dfhandel 3 St\u00fcck Edelstahl Kochgeschirr Set (2)\" class=\"wp-image-4593\" srcset=\"https:\/\/www.purecook.com\/wp-content\/uploads\/2025\/08\/wholesale-3-piece-stainless-steel-cookware-set\u200b-2.webp 800w, https:\/\/www.purecook.com\/wp-content\/uploads\/2025\/08\/wholesale-3-piece-stainless-steel-cookware-set\u200b-2-300x300.webp 300w, https:\/\/www.purecook.com\/wp-content\/uploads\/2025\/08\/wholesale-3-piece-stainless-steel-cookware-set\u200b-2-150x150.webp 150w, https:\/\/www.purecook.com\/wp-content\/uploads\/2025\/08\/wholesale-3-piece-stainless-steel-cookware-set\u200b-2-768x768.webp 768w, https:\/\/www.purecook.com\/wp-content\/uploads\/2025\/08\/wholesale-3-piece-stainless-steel-cookware-set\u200b-2-12x12.webp 12w, https:\/\/www.purecook.com\/wp-content\/uploads\/2025\/08\/wholesale-3-piece-stainless-steel-cookware-set\u200b-2-600x600.webp 600w, https:\/\/www.purecook.com\/wp-content\/uploads\/2025\/08\/wholesale-3-piece-stainless-steel-cookware-set\u200b-2-100x100.webp 100w\" sizes=\"(max-width: 800px) 100vw, 800px\" \/><\/figure>\n<\/div>\n\n\n\n<div class=\"wp-block-column is-layout-flow wp-block-column-is-layout-flow\">\n<figure class=\"wp-block-image size-full\"><img decoding=\"async\" width=\"800\" height=\"800\" src=\"https:\/\/www.purecook.com\/wp-content\/uploads\/2025\/08\/wholesale-3-piece-stainless-steel-cookware-set\u200b-3.webp\" alt=\"Gro\u00dfhandel 3 St\u00fcck Edelstahl Kochgeschirr Set (3)\" class=\"wp-image-4594\" srcset=\"https:\/\/www.purecook.com\/wp-content\/uploads\/2025\/08\/wholesale-3-piece-stainless-steel-cookware-set\u200b-3.webp 800w, https:\/\/www.purecook.com\/wp-content\/uploads\/2025\/08\/wholesale-3-piece-stainless-steel-cookware-set\u200b-3-300x300.webp 300w, https:\/\/www.purecook.com\/wp-content\/uploads\/2025\/08\/wholesale-3-piece-stainless-steel-cookware-set\u200b-3-150x150.webp 150w, https:\/\/www.purecook.com\/wp-content\/uploads\/2025\/08\/wholesale-3-piece-stainless-steel-cookware-set\u200b-3-768x768.webp 768w, https:\/\/www.purecook.com\/wp-content\/uploads\/2025\/08\/wholesale-3-piece-stainless-steel-cookware-set\u200b-3-12x12.webp 12w, https:\/\/www.purecook.com\/wp-content\/uploads\/2025\/08\/wholesale-3-piece-stainless-steel-cookware-set\u200b-3-600x600.webp 600w, https:\/\/www.purecook.com\/wp-content\/uploads\/2025\/08\/wholesale-3-piece-stainless-steel-cookware-set\u200b-3-100x100.webp 100w\" sizes=\"(max-width: 800px) 100vw, 800px\" \/><\/figure>\n<\/div>\n<\/div>\n\n\n\n<div class=\"wp-block-columns is-layout-flex wp-container-core-columns-is-layout-9d6595d7 wp-block-columns-is-layout-flex\">\n<div class=\"wp-block-column is-layout-flow wp-block-column-is-layout-flow\"><\/div>\n\n\n\n<div class=\"wp-block-column is-layout-flow wp-block-column-is-layout-flow\"><\/div>\n<\/div>","protected":false},"excerpt":{"rendered":"<p>Gro\u00dfhandel 3 St\u00fcck Edelstahl Kochgeschirr Set. Dieses Kochgeschirr-Set ist robust und langlebig, geeignet f\u00fcr verschiedene Arten von Herden wie Induktionsherde. Das Set umfasst 3 Gr\u00f6\u00dfen, geeignet f\u00fcr private und gewerbliche K\u00fcche Kochen braucht. Wir unterst\u00fctzen kundenspezifische Kochgeschirrgriffe, Kochgeschirrabdeckungen, Verpackungen, Logos, etc. Willkommen bei uns.<\/p>\n<h2>Merkmale des 3-teiligen Edelstahl-Kochgeschirrsets<\/h2>\n<p><strong>Ausgestattet mit einem Klarglasdeckel:<\/strong> Dieses 3-teilige Edelstahl-Kochgeschirr f\u00fcr den Gro\u00dfhandel verf\u00fcgt \u00fcber einen Deckel aus geh\u00e4rtetem Klarglas, mit dem Sie Ihr Essen w\u00e4hrend des Kochens leicht \u00fcberwachen k\u00f6nnen.<\/p>\n<p><strong>Mehrere Gr\u00f6\u00dfenkombinationen:<\/strong> Dieses 3-teilige Edelstahl-Kochgeschirrset enth\u00e4lt T\u00f6pfe in verschiedenen Gr\u00f6\u00dfen, darunter 16 \u00d7 9 cm, 18 \u00d7 10 cm und 20 \u00d7 11 cm, um die unterschiedlichsten Kochanforderungen zu erf\u00fcllen.<\/p>\n<p><strong>Ausgezeichnete W\u00e4rme\u00fcbertragung:<\/strong> Das 3-teilige Kochgeschirrset aus Edelstahl verf\u00fcgt \u00fcber einen Verbundboden, der eine hervorragende W\u00e4rmeleitung und gleichm\u00e4\u00dfige Erhitzung gew\u00e4hrleistet.<\/p>\n<p><strong>Kompatibel mit mehreren Kochfeldern:<\/strong> Dieses Kochgeschirr mit einem Boden aus dreifachem Edelstahl ist mit einer Vielzahl von Herdplatten kompatibel, darunter auch Induktions- und Cerankochfelder.<\/p>\n<p><strong>Werkspreis:<\/strong> Als <a href=\"https:\/\/www.purecook.com\/de\/produktkategorie\/kochgeschirr\/\" target=\"_blank\" rel=\"noopener\"><strong>Kochgeschirrhersteller<\/strong><\/a> Purecook aus China bietet Fabrikpreise und liefert wettbewerbsf\u00e4hige Kochgeschirrprodukte an globale B2B-K\u00e4ufer, Kochgeschirrmarken und Einzelh\u00e4ndler.<\/p>","protected":false},"featured_media":4592,"comment_status":"closed","ping_status":"closed","template":"","meta":{"_acf_changed":false},"product_brand":[],"product_cat":[24,69,70],"product_tag":[],"class_list":{"0":"post-4591","1":"product","2":"type-product","3":"status-publish","4":"has-post-thumbnail","6":"product_cat-cookware","7":"product_cat-cookware-sets","8":"product_cat-soup-and-stock-pots","10":"first","11":"instock","12":"shipping-taxable","13":"product-type-simple"},"acf":[],"_links":{"self":[{"href":"https:\/\/www.purecook.com\/de\/wp-json\/wp\/v2\/product\/4591","targetHints":{"allow":["GET"]}}],"collection":[{"href":"https:\/\/www.purecook.com\/de\/wp-json\/wp\/v2\/product"}],"about":[{"href":"https:\/\/www.purecook.com\/de\/wp-json\/wp\/v2\/types\/product"}],"replies":[{"embeddable":true,"href":"https:\/\/www.purecook.com\/de\/wp-json\/wp\/v2\/comments?post=4591"}],"wp:featuredmedia":[{"embeddable":true,"href":"https:\/\/www.purecook.com\/de\/wp-json\/wp\/v2\/media\/4592"}],"wp:attachment":[{"href":"https:\/\/www.purecook.com\/de\/wp-json\/wp\/v2\/media?parent=4591"}],"wp:term":[{"taxonomy":"product_brand","embeddable":true,"href":"https:\/\/www.purecook.com\/de\/wp-json\/wp\/v2\/product_brand?post=4591"},{"taxonomy":"product_cat","embeddable":true,"href":"https:\/\/www.purecook.com\/de\/wp-json\/wp\/v2\/product_cat?post=4591"},{"taxonomy":"product_tag","embeddable":true,"href":"https:\/\/www.purecook.com\/de\/wp-json\/wp\/v2\/product_tag?post=4591"}],"curies":[{"name":"wp","href":"https:\/\/api.w.org\/{rel}","templated":true}]}}