{"id":4599,"date":"2025-08-24T10:02:59","date_gmt":"2025-08-24T02:02:59","guid":{"rendered":"https:\/\/www.purecook.com\/?post_type=product&#038;p=4599"},"modified":"2025-08-24T10:27:47","modified_gmt":"2025-08-24T02:27:47","slug":"wholesale-slotted-spoon-for-easy-draining-and-serving-of-food","status":"publish","type":"product","link":"https:\/\/www.purecook.com\/de\/product\/wholesale-slotted-spoon-for-easy-draining-and-serving-of-food\/","title":{"rendered":"Gro\u00dfhandel Schlitzl\u00f6ffel f\u00fcr einfaches Abtropfen und Servieren von Lebensmitteln"},"content":{"rendered":"<div class=\"wp-block-columns is-layout-flex wp-container-core-columns-is-layout-9d6595d7 wp-block-columns-is-layout-flex\">\n<div class=\"wp-block-column is-layout-flow wp-block-column-is-layout-flow\">\n<h3 class=\"wp-block-heading\">Parameter des Edelstahl-Schlitzl\u00f6ffels<\/h3>\n\n\n\n<p><strong>Material: <\/strong>304 Edelstahl<br><strong>Farbe: <\/strong>Silber<br><strong>Gewicht: <\/strong>140\/155g -<br><strong>Logo: <\/strong>Siebdruck \/ Lasergravur \/ Pr\u00e4gestempel<br><strong>Gr\u00f6\u00dfe: <\/strong>31,4\u00d710,6cm \/ 32,5\u00d712,6cm<br><strong>Bruttogewicht: <\/strong>Weniger als 1 kg pro St\u00fcck<\/p>\n<\/div>\n\n\n\n<div class=\"wp-block-column is-layout-flow wp-block-column-is-layout-flow\">\n<h3 class=\"wp-block-heading\">Kundenspezifische Optionen f\u00fcr Lagert\u00f6pfe<\/h3>\n\n\n\n<p><strong>Logo:<\/strong> Anpassbar mit Ihrem Markenlogo<br><strong>Farbe:<\/strong> Anpassbar<br><strong>Verpackung:<\/strong>&nbsp;Farbige Schachtel\/Karton, etc<br><strong>MOQ: <\/strong>1000St\u00fcck<\/p>\n<\/div>\n<\/div>\n\n\n\n<div class=\"wp-block-columns is-layout-flex wp-container-core-columns-is-layout-9d6595d7 wp-block-columns-is-layout-flex\">\n<div class=\"wp-block-column is-layout-flow wp-block-column-is-layout-flow\">\n<figure class=\"wp-block-image size-full\"><img decoding=\"async\" width=\"800\" height=\"800\" src=\"https:\/\/www.purecook.com\/wp-content\/uploads\/2025\/08\/wholesale-stainless-steel-slotted-spoon-2.webp\" alt=\"Gro\u00dfhandel Edelstahl Schlitzl\u00f6ffel (2)\" class=\"wp-image-4601\" srcset=\"https:\/\/www.purecook.com\/wp-content\/uploads\/2025\/08\/wholesale-stainless-steel-slotted-spoon-2.webp 800w, https:\/\/www.purecook.com\/wp-content\/uploads\/2025\/08\/wholesale-stainless-steel-slotted-spoon-2-300x300.webp 300w, https:\/\/www.purecook.com\/wp-content\/uploads\/2025\/08\/wholesale-stainless-steel-slotted-spoon-2-150x150.webp 150w, https:\/\/www.purecook.com\/wp-content\/uploads\/2025\/08\/wholesale-stainless-steel-slotted-spoon-2-768x768.webp 768w, https:\/\/www.purecook.com\/wp-content\/uploads\/2025\/08\/wholesale-stainless-steel-slotted-spoon-2-12x12.webp 12w, https:\/\/www.purecook.com\/wp-content\/uploads\/2025\/08\/wholesale-stainless-steel-slotted-spoon-2-600x600.webp 600w, https:\/\/www.purecook.com\/wp-content\/uploads\/2025\/08\/wholesale-stainless-steel-slotted-spoon-2-100x100.webp 100w\" sizes=\"(max-width: 800px) 100vw, 800px\" \/><\/figure>\n<\/div>\n\n\n\n<div class=\"wp-block-column is-layout-flow wp-block-column-is-layout-flow\">\n<figure class=\"wp-block-image size-full\"><img decoding=\"async\" width=\"800\" height=\"800\" src=\"https:\/\/www.purecook.com\/wp-content\/uploads\/2025\/08\/wholesale-stainless-steel-slotted-spoon-3.webp\" alt=\"Gro\u00dfhandel Edelstahl Schlitzl\u00f6ffel (3)\" class=\"wp-image-4602\" srcset=\"https:\/\/www.purecook.com\/wp-content\/uploads\/2025\/08\/wholesale-stainless-steel-slotted-spoon-3.webp 800w, https:\/\/www.purecook.com\/wp-content\/uploads\/2025\/08\/wholesale-stainless-steel-slotted-spoon-3-300x300.webp 300w, https:\/\/www.purecook.com\/wp-content\/uploads\/2025\/08\/wholesale-stainless-steel-slotted-spoon-3-150x150.webp 150w, https:\/\/www.purecook.com\/wp-content\/uploads\/2025\/08\/wholesale-stainless-steel-slotted-spoon-3-768x768.webp 768w, https:\/\/www.purecook.com\/wp-content\/uploads\/2025\/08\/wholesale-stainless-steel-slotted-spoon-3-12x12.webp 12w, https:\/\/www.purecook.com\/wp-content\/uploads\/2025\/08\/wholesale-stainless-steel-slotted-spoon-3-600x600.webp 600w, https:\/\/www.purecook.com\/wp-content\/uploads\/2025\/08\/wholesale-stainless-steel-slotted-spoon-3-100x100.webp 100w\" sizes=\"(max-width: 800px) 100vw, 800px\" \/><\/figure>\n<\/div>\n<\/div>\n\n\n\n<div class=\"wp-block-columns is-layout-flex wp-container-core-columns-is-layout-9d6595d7 wp-block-columns-is-layout-flex\">\n<div class=\"wp-block-column is-layout-flow wp-block-column-is-layout-flow\"><\/div>\n\n\n\n<div class=\"wp-block-column is-layout-flow wp-block-column-is-layout-flow\"><\/div>\n<\/div>","protected":false},"excerpt":{"rendered":"<p>Gro\u00dfhandel Edelstahl geschlitzte L\u00f6ffel. Diese L\u00f6ffel sind aus lebensmittelechtem Edelstahl 304 gefertigt und bieten eine hervorragende Leistung. Sie bieten vielseitige Funktionalit\u00e4t, schnell abtropfen lassen und abseihen Nudeln, Gem\u00fcse und Kn\u00f6del. Kontaktieren Sie uns f\u00fcr Gro\u00dfhandelspreise.<\/p>\n<h2>Eigenschaften von Edelstahl-Schlitzl\u00f6ffeln<\/h2>\n<p><strong>Einfaches Entleeren und Abseihen:<\/strong> Mit Schauml\u00f6ffeln lassen sich feste Lebensmittel leicht aus Fl\u00fcssigkeiten entfernen. Schnelles Abgie\u00dfen von Wasser, \u00d6l oder Suppe.<\/p>\n<p><strong>Sicherheit:<\/strong> Die Schauml\u00f6ffel haben einen verl\u00e4ngerten Griff, der die H\u00e4nde vor \u00d6lspritzern, kochendem Wasser und hei\u00dfem Dampf sch\u00fctzt.<\/p>\n<p><strong>Vielseitigkeit:<\/strong> Schauml\u00f6ffel eignen sich f\u00fcr eine Vielzahl von Aufgaben, z. B. zum Absch\u00f6pfen von Schaum oder Fett aus Suppen und Eint\u00f6pfen, zum Blanchieren von Gem\u00fcse in kochendem Wasser und zum Herausnehmen von Nudeln aus der Suppe.<\/p>\n<p><strong>Lebensmittelgeeignetes Material:<\/strong> Die Schlitzl\u00f6ffel des Gro\u00dfhandels sind aus lebensmittelechtem Edelstahl 304 gefertigt, der nicht mit Lebensmitteln reagiert und sehr hitzebest\u00e4ndig ist, so dass Sie sich keine Sorgen machen m\u00fcssen.<\/p>\n<p><strong>Werkspreis:<\/strong> Als Hersteller von K\u00fcchenutensilien bieten wir Gro\u00dfhandelsprodukte zu Fabrikpreisen an und unterst\u00fctzen Kundenanpassungen und Gro\u00dfauftr\u00e4ge.<\/p>","protected":false},"featured_media":4600,"comment_status":"closed","ping_status":"closed","template":"","meta":{"_acf_changed":false},"product_brand":[],"product_cat":[52,65],"product_tag":[],"class_list":{"0":"post-4599","1":"product","2":"type-product","3":"status-publish","4":"has-post-thumbnail","6":"product_cat-kitchen-utensils","7":"product_cat-kitchen-strainer-and-colander","9":"first","10":"instock","11":"shipping-taxable","12":"product-type-simple"},"acf":[],"_links":{"self":[{"href":"https:\/\/www.purecook.com\/de\/wp-json\/wp\/v2\/product\/4599","targetHints":{"allow":["GET"]}}],"collection":[{"href":"https:\/\/www.purecook.com\/de\/wp-json\/wp\/v2\/product"}],"about":[{"href":"https:\/\/www.purecook.com\/de\/wp-json\/wp\/v2\/types\/product"}],"replies":[{"embeddable":true,"href":"https:\/\/www.purecook.com\/de\/wp-json\/wp\/v2\/comments?post=4599"}],"wp:featuredmedia":[{"embeddable":true,"href":"https:\/\/www.purecook.com\/de\/wp-json\/wp\/v2\/media\/4600"}],"wp:attachment":[{"href":"https:\/\/www.purecook.com\/de\/wp-json\/wp\/v2\/media?parent=4599"}],"wp:term":[{"taxonomy":"product_brand","embeddable":true,"href":"https:\/\/www.purecook.com\/de\/wp-json\/wp\/v2\/product_brand?post=4599"},{"taxonomy":"product_cat","embeddable":true,"href":"https:\/\/www.purecook.com\/de\/wp-json\/wp\/v2\/product_cat?post=4599"},{"taxonomy":"product_tag","embeddable":true,"href":"https:\/\/www.purecook.com\/de\/wp-json\/wp\/v2\/product_tag?post=4599"}],"curies":[{"name":"wp","href":"https:\/\/api.w.org\/{rel}","templated":true}]}}