{"id":4605,"date":"2025-08-24T10:32:23","date_gmt":"2025-08-24T02:32:23","guid":{"rendered":"https:\/\/www.purecook.com\/?post_type=product&#038;p=4605"},"modified":"2025-08-24T10:56:48","modified_gmt":"2025-08-24T02:56:48","slug":"wholesale-stainless-steel-food-container-and-strainer-set-2","status":"publish","type":"product","link":"https:\/\/www.purecook.com\/de\/product\/wholesale-stainless-steel-food-container-and-strainer-set-2\/","title":{"rendered":"Gro\u00dfhandel Edelstahl Lebensmittel Container und Sieb Set - Unterst\u00fctzung Induktionsherd Kochen"},"content":{"rendered":"<div class=\"wp-block-columns is-layout-flex wp-container-core-columns-is-layout-9d6595d7 wp-block-columns-is-layout-flex\">\n<div class=\"wp-block-column is-layout-flow wp-block-column-is-layout-flow\">\n<h3 class=\"wp-block-heading\">Parameter des Lebensmittelbeh\u00e4lter- und Siebsets<\/h3>\n\n\n\n<p><strong>Material: <\/strong>Rostfreier Stahl<br><strong>Logo: <\/strong>Siebdruck \/ Lasergravur \/ Pr\u00e4gestempel<br><strong>Farbe:<\/strong> Silber<br><strong>Gr\u00f6\u00dfe:<\/strong> 16,8 \u00d7 16,8 \u00d7 6,8 cm \/ 16,8 \u00d7 16,8 \u00d7 8,8 cm \/ 20,8 \u00d7 20,8 \u00d7 8,3 cm \/ 20,8 \u00d7 20,8 \u00d7 10,3 cm<br><strong>Bruttogewicht: <\/strong>Weniger als 1 kg pro St\u00fcck<\/p>\n<\/div>\n\n\n\n<div class=\"wp-block-column is-layout-flow wp-block-column-is-layout-flow\">\n<h3 class=\"wp-block-heading\">Kundenspezifische Optionen f\u00fcr Lagert\u00f6pfe<\/h3>\n\n\n\n<p>Material: Edelstahl 201 \/ 304<br><strong>Logo:<\/strong> Anpassbar mit Ihrem Markenlogo<br><strong>Verpackung:<\/strong>\u00a0Farbige Schachtel\/Karton, etc<br><\/p>\n<\/div>\n<\/div>\n\n\n\n<div class=\"wp-block-columns is-layout-flex wp-container-core-columns-is-layout-9d6595d7 wp-block-columns-is-layout-flex\">\n<div class=\"wp-block-column is-layout-flow wp-block-column-is-layout-flow\">\n<figure class=\"wp-block-image size-full\"><img decoding=\"async\" width=\"800\" height=\"800\" src=\"https:\/\/www.purecook.com\/wp-content\/uploads\/2025\/08\/stainless-steel-food-container-and-strainer-set-2.webp\" alt=\"Edelstahl-Lebensmittelbeh\u00e4lter und Sieb-Set (2)\" class=\"wp-image-4607\" srcset=\"https:\/\/www.purecook.com\/wp-content\/uploads\/2025\/08\/stainless-steel-food-container-and-strainer-set-2.webp 800w, https:\/\/www.purecook.com\/wp-content\/uploads\/2025\/08\/stainless-steel-food-container-and-strainer-set-2-300x300.webp 300w, https:\/\/www.purecook.com\/wp-content\/uploads\/2025\/08\/stainless-steel-food-container-and-strainer-set-2-150x150.webp 150w, https:\/\/www.purecook.com\/wp-content\/uploads\/2025\/08\/stainless-steel-food-container-and-strainer-set-2-768x768.webp 768w, https:\/\/www.purecook.com\/wp-content\/uploads\/2025\/08\/stainless-steel-food-container-and-strainer-set-2-12x12.webp 12w, https:\/\/www.purecook.com\/wp-content\/uploads\/2025\/08\/stainless-steel-food-container-and-strainer-set-2-600x600.webp 600w, https:\/\/www.purecook.com\/wp-content\/uploads\/2025\/08\/stainless-steel-food-container-and-strainer-set-2-100x100.webp 100w\" sizes=\"(max-width: 800px) 100vw, 800px\" \/><\/figure>\n<\/div>\n\n\n\n<div class=\"wp-block-column is-layout-flow wp-block-column-is-layout-flow\">\n<figure class=\"wp-block-image size-full\"><img decoding=\"async\" width=\"800\" height=\"800\" src=\"https:\/\/www.purecook.com\/wp-content\/uploads\/2025\/08\/stainless-steel-food-container-and-strainer-set-4.webp\" alt=\"Edelstahl-Lebensmittelbeh\u00e4lter und Sieb-Set (4)\" class=\"wp-image-4609\" srcset=\"https:\/\/www.purecook.com\/wp-content\/uploads\/2025\/08\/stainless-steel-food-container-and-strainer-set-4.webp 800w, https:\/\/www.purecook.com\/wp-content\/uploads\/2025\/08\/stainless-steel-food-container-and-strainer-set-4-300x300.webp 300w, https:\/\/www.purecook.com\/wp-content\/uploads\/2025\/08\/stainless-steel-food-container-and-strainer-set-4-150x150.webp 150w, https:\/\/www.purecook.com\/wp-content\/uploads\/2025\/08\/stainless-steel-food-container-and-strainer-set-4-768x768.webp 768w, https:\/\/www.purecook.com\/wp-content\/uploads\/2025\/08\/stainless-steel-food-container-and-strainer-set-4-12x12.webp 12w, https:\/\/www.purecook.com\/wp-content\/uploads\/2025\/08\/stainless-steel-food-container-and-strainer-set-4-600x600.webp 600w, https:\/\/www.purecook.com\/wp-content\/uploads\/2025\/08\/stainless-steel-food-container-and-strainer-set-4-100x100.webp 100w\" sizes=\"(max-width: 800px) 100vw, 800px\" \/><\/figure>\n<\/div>\n<\/div>","protected":false},"excerpt":{"rendered":"<p>Das Set aus Edelstahl-Lebensmittelbeh\u00e4lter und Sieb eignet sich f\u00fcr eine Vielzahl von Aufgaben, darunter das Abtropfen von Obst und Gem\u00fcse, die Aufbewahrung von Lebensmitteln sowie als Kochbeh\u00e4lter und zum Entfernen fester Lebensmittel mithilfe eines Filters. Sehr gut geeignet f\u00fcr den pers\u00f6nlichen Gebrauch oder kleine Familien. Kontaktieren Sie uns f\u00fcr ein Angebot.<\/p>\n<h2>Eigenschaften des Edelstahl-Lebensmittelbeh\u00e4lters und Siebsets<\/h2>\n<p><strong>Vielseitig:<\/strong> Dieses Set aus Edelstahl-Lebensmittelbeh\u00e4lter und Sieb ist vielseitig einsetzbar und kann als Salatsch\u00fcssel, zur Aufbewahrung im K\u00fchlschrank oder sogar zum Marinieren von Fleisch verwendet werden.<\/p>\n<p><strong>Bequem:<\/strong> Das zweiteilige Design erleichtert das Waschen, Abtropfen und Servieren von Speisen, sodass keine mehreren Sch\u00fcsseln oder separaten Siebe mehr erforderlich sind. Das Sieb l\u00e4sst sich zum Entleeren der Sch\u00fcssel leicht anheben.<\/p>\n<p><strong>Induktionsherd-kompatibel:<\/strong> Dieser Lebensmittelbeh\u00e4lter kann auf einem Induktionskochfeld verwendet werden. Nach dem Kochen k\u00f6nnen Sie mit dem Sieb die Fl\u00fcssigkeit abgie\u00dfen und Feststoffe entfernen, was den gesamten Kochvorgang vereinfacht.<\/p>\n<p><strong>Anpassbar:<\/strong> Als Hersteller von Lebensmittelbeh\u00e4ltern unterst\u00fctzt Purecook individuell anpassbare Lebensmittelbeh\u00e4lter und bietet eine Vielzahl von Anpassungsm\u00f6glichkeiten, darunter individuelle Materialien, Gr\u00f6\u00dfen und Logos.<\/p>","protected":false},"featured_media":4606,"comment_status":"closed","ping_status":"closed","template":"","meta":{"_acf_changed":false},"product_brand":[],"product_cat":[51,25,52,65],"product_tag":[],"class_list":{"0":"post-4605","1":"product","2":"type-product","3":"status-publish","4":"has-post-thumbnail","6":"product_cat-dinnerware","7":"product_cat-food-storage","8":"product_cat-kitchen-utensils","9":"product_cat-kitchen-strainer-and-colander","11":"first","12":"instock","13":"shipping-taxable","14":"product-type-simple"},"acf":[],"_links":{"self":[{"href":"https:\/\/www.purecook.com\/de\/wp-json\/wp\/v2\/product\/4605","targetHints":{"allow":["GET"]}}],"collection":[{"href":"https:\/\/www.purecook.com\/de\/wp-json\/wp\/v2\/product"}],"about":[{"href":"https:\/\/www.purecook.com\/de\/wp-json\/wp\/v2\/types\/product"}],"replies":[{"embeddable":true,"href":"https:\/\/www.purecook.com\/de\/wp-json\/wp\/v2\/comments?post=4605"}],"wp:featuredmedia":[{"embeddable":true,"href":"https:\/\/www.purecook.com\/de\/wp-json\/wp\/v2\/media\/4606"}],"wp:attachment":[{"href":"https:\/\/www.purecook.com\/de\/wp-json\/wp\/v2\/media?parent=4605"}],"wp:term":[{"taxonomy":"product_brand","embeddable":true,"href":"https:\/\/www.purecook.com\/de\/wp-json\/wp\/v2\/product_brand?post=4605"},{"taxonomy":"product_cat","embeddable":true,"href":"https:\/\/www.purecook.com\/de\/wp-json\/wp\/v2\/product_cat?post=4605"},{"taxonomy":"product_tag","embeddable":true,"href":"https:\/\/www.purecook.com\/de\/wp-json\/wp\/v2\/product_tag?post=4605"}],"curies":[{"name":"wp","href":"https:\/\/api.w.org\/{rel}","templated":true}]}}