{"id":4611,"date":"2025-08-24T11:07:46","date_gmt":"2025-08-24T03:07:46","guid":{"rendered":"https:\/\/www.purecook.com\/?post_type=product&#038;p=4611"},"modified":"2025-08-24T11:34:40","modified_gmt":"2025-08-24T03:34:40","slug":"wholesale-stainless-steel-grilling-tongs-food-grade-kitchen-food-tongs-for-sale","status":"publish","type":"product","link":"https:\/\/www.purecook.com\/de\/product\/wholesale-stainless-steel-grilling-tongs-food-grade-kitchen-food-tongs-for-sale\/","title":{"rendered":"Gro\u00dfhandel Edelstahl Grillzange, Lebensmittelqualit\u00e4t K\u00fcche Lebensmittel Zange zum Verkauf"},"content":{"rendered":"<div class=\"wp-block-columns is-layout-flex wp-container-core-columns-is-layout-9d6595d7 wp-block-columns-is-layout-flex\">\n<div class=\"wp-block-column is-layout-flow wp-block-column-is-layout-flow\">\n<h3 class=\"wp-block-heading\">Parameter des Edelstahlsiebsets<\/h3>\n\n\n\n<p><strong>Material:<\/strong> 304-Edelstahl, Edelstahl<br><strong>Gewicht:<\/strong> 75g <br><strong>Logo: <\/strong>Siebdruck \/ Lasergravur \/ Pr\u00e4gestempel<br><strong>Farbe:<\/strong> Silber<br><strong>Die Dicke:<\/strong> 0,5 mm<br><strong>Gr\u00f6\u00dfe:<\/strong> 24,8 \u00d7 7,5 cm<br><strong>Bruttogewicht: <\/strong>Weniger als 100 g pro St\u00fcck<\/p>\n<\/div>\n\n\n\n<div class=\"wp-block-column is-layout-flow wp-block-column-is-layout-flow\">\n<h3 class=\"wp-block-heading\">Kundenspezifische Optionen f\u00fcr Lagert\u00f6pfe<\/h3>\n\n\n\n<p><strong>Logo:<\/strong> Anpassbar mit Ihrem Markenlogo<br><strong>Verpackung:<\/strong>\u00a0Farbige Schachtel\/Karton, etc<\/p>\n<\/div>\n<\/div>\n\n\n\n<div class=\"wp-block-columns is-layout-flex wp-container-core-columns-is-layout-9d6595d7 wp-block-columns-is-layout-flex\">\n<div class=\"wp-block-column is-layout-flow wp-block-column-is-layout-flow\">\n<figure class=\"wp-block-image size-full\"><img decoding=\"async\" width=\"800\" height=\"800\" src=\"https:\/\/www.purecook.com\/wp-content\/uploads\/2025\/08\/wholesale-stainless-steel-grilling-tongs-1-1.webp\" alt=\"Gro\u00dfhandel Edelstahl-Grillzange (1)\" class=\"wp-image-4618\" srcset=\"https:\/\/www.purecook.com\/wp-content\/uploads\/2025\/08\/wholesale-stainless-steel-grilling-tongs-1-1.webp 800w, https:\/\/www.purecook.com\/wp-content\/uploads\/2025\/08\/wholesale-stainless-steel-grilling-tongs-1-1-300x300.webp 300w, https:\/\/www.purecook.com\/wp-content\/uploads\/2025\/08\/wholesale-stainless-steel-grilling-tongs-1-1-150x150.webp 150w, https:\/\/www.purecook.com\/wp-content\/uploads\/2025\/08\/wholesale-stainless-steel-grilling-tongs-1-1-768x768.webp 768w, https:\/\/www.purecook.com\/wp-content\/uploads\/2025\/08\/wholesale-stainless-steel-grilling-tongs-1-1-12x12.webp 12w, https:\/\/www.purecook.com\/wp-content\/uploads\/2025\/08\/wholesale-stainless-steel-grilling-tongs-1-1-600x600.webp 600w, https:\/\/www.purecook.com\/wp-content\/uploads\/2025\/08\/wholesale-stainless-steel-grilling-tongs-1-1-100x100.webp 100w\" sizes=\"(max-width: 800px) 100vw, 800px\" \/><\/figure>\n<\/div>\n\n\n\n<div class=\"wp-block-column is-layout-flow wp-block-column-is-layout-flow\">\n<figure class=\"wp-block-image size-full\"><img decoding=\"async\" width=\"800\" height=\"800\" src=\"https:\/\/www.purecook.com\/wp-content\/uploads\/2025\/08\/wholesale-stainless-steel-grilling-tongs-2-1.webp\" alt=\"Gro\u00dfhandel Edelstahl-Grillzange (2)\" class=\"wp-image-4619\" srcset=\"https:\/\/www.purecook.com\/wp-content\/uploads\/2025\/08\/wholesale-stainless-steel-grilling-tongs-2-1.webp 800w, https:\/\/www.purecook.com\/wp-content\/uploads\/2025\/08\/wholesale-stainless-steel-grilling-tongs-2-1-300x300.webp 300w, https:\/\/www.purecook.com\/wp-content\/uploads\/2025\/08\/wholesale-stainless-steel-grilling-tongs-2-1-150x150.webp 150w, https:\/\/www.purecook.com\/wp-content\/uploads\/2025\/08\/wholesale-stainless-steel-grilling-tongs-2-1-768x768.webp 768w, https:\/\/www.purecook.com\/wp-content\/uploads\/2025\/08\/wholesale-stainless-steel-grilling-tongs-2-1-12x12.webp 12w, https:\/\/www.purecook.com\/wp-content\/uploads\/2025\/08\/wholesale-stainless-steel-grilling-tongs-2-1-600x600.webp 600w, https:\/\/www.purecook.com\/wp-content\/uploads\/2025\/08\/wholesale-stainless-steel-grilling-tongs-2-1-100x100.webp 100w\" sizes=\"(max-width: 800px) 100vw, 800px\" \/><\/figure>\n<\/div>\n<\/div>\n\n\n\n<div class=\"wp-block-columns is-layout-flex wp-container-core-columns-is-layout-9d6595d7 wp-block-columns-is-layout-flex\">\n<div class=\"wp-block-column is-layout-flow wp-block-column-is-layout-flow\"><\/div>\n\n\n\n<div class=\"wp-block-column is-layout-flow wp-block-column-is-layout-flow\"><\/div>\n<\/div>","protected":false},"excerpt":{"rendered":"<p>Gro\u00dfhandels-Grillzange. Diese Zange aus hochwertigem 304er Edelstahl ist langlebig und hitzebest\u00e4ndig. Sie eignen sich f\u00fcr eine Vielzahl von Lebensmitteln, einschlie\u00dflich Geb\u00e4ck und gegrilltem Fleisch. Kontaktieren Sie uns f\u00fcr ein Angebot.<\/p>\n<h2>Eigenschaften der Edelstahl-Grillzange<\/h2>\n<p><strong>Hervorragende Haltbarkeit und lang anhaltende Leistung:<\/strong> Die Grillzange besteht aus rostfreiem 304er-Edelstahl und ist so konzipiert, dass sie h\u00e4ufigen Gebrauch aush\u00e4lt, ohne zu verbiegen oder zu brechen.<\/p>\n<p><strong>Widerstandsf\u00e4higkeit bei hohen Temperaturen:<\/strong> Die aus hochwertigem Edelstahl gefertigte Grillzange ist resistent gegen Verformung oder Besch\u00e4digung durch gro\u00dfe Hitze und damit ein zuverl\u00e4ssiger Begleiter beim Grillen.<\/p>\n<p><strong>Vielseitig einsetzbar:<\/strong> Lebensmittelzangen eignen sich f\u00fcr eine Vielzahl von Aufgaben, da sie von zartem Geb\u00e4ck und Gem\u00fcse bis hin zu schwereren Gegenst\u00e4nden wie gegrilltem Fleisch oder Fisch alles sicher greifen k\u00f6nnen.<\/p>\n<p><strong>Ergonomisches und sicheres Design:<\/strong> Die Zange verf\u00fcgt \u00fcber einen verl\u00e4ngerten Griff, der einen bequemen und sicheren Halt bietet und die H\u00e4nde sicher von hei\u00dfen Oberfl\u00e4chen wie Grills oder T\u00f6pfen fernh\u00e4lt.<\/p>","protected":false},"featured_media":4618,"comment_status":"closed","ping_status":"closed","template":"","meta":{"_acf_changed":false},"product_brand":[],"product_cat":[52,103],"product_tag":[],"class_list":{"0":"post-4611","1":"product","2":"type-product","3":"status-publish","4":"has-post-thumbnail","6":"product_cat-kitchen-utensils","7":"product_cat-wholesale-stainless-steel-tongs","9":"first","10":"instock","11":"shipping-taxable","12":"product-type-simple"},"acf":[],"_links":{"self":[{"href":"https:\/\/www.purecook.com\/de\/wp-json\/wp\/v2\/product\/4611","targetHints":{"allow":["GET"]}}],"collection":[{"href":"https:\/\/www.purecook.com\/de\/wp-json\/wp\/v2\/product"}],"about":[{"href":"https:\/\/www.purecook.com\/de\/wp-json\/wp\/v2\/types\/product"}],"replies":[{"embeddable":true,"href":"https:\/\/www.purecook.com\/de\/wp-json\/wp\/v2\/comments?post=4611"}],"wp:featuredmedia":[{"embeddable":true,"href":"https:\/\/www.purecook.com\/de\/wp-json\/wp\/v2\/media\/4618"}],"wp:attachment":[{"href":"https:\/\/www.purecook.com\/de\/wp-json\/wp\/v2\/media?parent=4611"}],"wp:term":[{"taxonomy":"product_brand","embeddable":true,"href":"https:\/\/www.purecook.com\/de\/wp-json\/wp\/v2\/product_brand?post=4611"},{"taxonomy":"product_cat","embeddable":true,"href":"https:\/\/www.purecook.com\/de\/wp-json\/wp\/v2\/product_cat?post=4611"},{"taxonomy":"product_tag","embeddable":true,"href":"https:\/\/www.purecook.com\/de\/wp-json\/wp\/v2\/product_tag?post=4611"}],"curies":[{"name":"wp","href":"https:\/\/api.w.org\/{rel}","templated":true}]}}