{"id":4631,"date":"2025-08-31T14:09:51","date_gmt":"2025-08-31T06:09:51","guid":{"rendered":"https:\/\/www.purecook.com\/?post_type=product&#038;p=4631"},"modified":"2025-08-31T14:38:44","modified_gmt":"2025-08-31T06:38:44","slug":"wholesale-tri-ply-stainless-steel-cookware-set","status":"publish","type":"product","link":"https:\/\/www.purecook.com\/de\/product\/wholesale-tri-ply-stainless-steel-cookware-set\/","title":{"rendered":"Gro\u00dfhandel Tri-Ply Edelstahl Kochgeschirr Set - 3 St\u00fcck Kochgeschirr Set"},"content":{"rendered":"<div class=\"wp-block-columns is-layout-flex wp-container-core-columns-is-layout-9d6595d7 wp-block-columns-is-layout-flex\">\n<div class=\"wp-block-column is-layout-flow wp-block-column-is-layout-flow\">\n<h3 class=\"wp-block-heading\">Parameter des Tri-Ply-Edelstahl-Kochgeschirrsets<\/h3>\n\n\n\n<p><strong>Material: <\/strong>Dreilagiger Edelstahl<br><strong>Normale Dicke:<\/strong> 2\/1,2 mm<br><strong>Logo: <\/strong>Siebdruck\/Lasergravur\/gepr\u00e4gter Stempel<br><strong>Griff &amp; Deckelknopf: <\/strong>Rostfreier Stahl<br><strong>Gr\u00f6\u00dfe:<\/strong> 16\/18\/20\/24cm<\/p>\n<\/div>\n\n\n\n<div class=\"wp-block-column is-layout-flow wp-block-column-is-layout-flow\">\n<h3 class=\"wp-block-heading\">Individuelle Kochgeschirr-Optionen<\/h3>\n\n\n\n<p><strong>Logo:<\/strong> Anpassbar mit Ihrem Markenlogo<br><strong>Handgriff: <\/strong>Griffe f\u00fcr Ihren Stil<br><strong>Verpackung:<\/strong>\u00a0Farbige Schachtel\/Karton, etc<\/p>\n<\/div>\n<\/div>\n\n\n\n<div class=\"wp-block-columns is-layout-flex wp-container-core-columns-is-layout-9d6595d7 wp-block-columns-is-layout-flex\">\n<div class=\"wp-block-column is-layout-flow wp-block-column-is-layout-flow\">\n<figure class=\"wp-block-image size-full\"><img decoding=\"async\" width=\"800\" height=\"800\" src=\"https:\/\/www.purecook.com\/wp-content\/uploads\/2025\/08\/wholesale-3-piece-tri-ply-stainless-steel-cookware-set-6.webp\" alt=\"dreiteiliges Edelstahl-Kochgeschirrset f\u00fcr den Gro\u00dfhandel (6)\" class=\"wp-image-4637\" srcset=\"https:\/\/www.purecook.com\/wp-content\/uploads\/2025\/08\/wholesale-3-piece-tri-ply-stainless-steel-cookware-set-6.webp 800w, https:\/\/www.purecook.com\/wp-content\/uploads\/2025\/08\/wholesale-3-piece-tri-ply-stainless-steel-cookware-set-6-300x300.webp 300w, https:\/\/www.purecook.com\/wp-content\/uploads\/2025\/08\/wholesale-3-piece-tri-ply-stainless-steel-cookware-set-6-150x150.webp 150w, https:\/\/www.purecook.com\/wp-content\/uploads\/2025\/08\/wholesale-3-piece-tri-ply-stainless-steel-cookware-set-6-768x768.webp 768w, https:\/\/www.purecook.com\/wp-content\/uploads\/2025\/08\/wholesale-3-piece-tri-ply-stainless-steel-cookware-set-6-12x12.webp 12w, https:\/\/www.purecook.com\/wp-content\/uploads\/2025\/08\/wholesale-3-piece-tri-ply-stainless-steel-cookware-set-6-600x600.webp 600w, https:\/\/www.purecook.com\/wp-content\/uploads\/2025\/08\/wholesale-3-piece-tri-ply-stainless-steel-cookware-set-6-100x100.webp 100w\" sizes=\"(max-width: 800px) 100vw, 800px\" \/><\/figure>\n<\/div>\n\n\n\n<div class=\"wp-block-column is-layout-flow wp-block-column-is-layout-flow\">\n<figure class=\"wp-block-image size-full\"><img decoding=\"async\" width=\"800\" height=\"800\" src=\"https:\/\/www.purecook.com\/wp-content\/uploads\/2025\/08\/wholesale-3-piece-tri-ply-stainless-steel-cookware-set-7.webp\" alt=\"dreiteiliges Edelstahl-Kochgeschirrset f\u00fcr den Gro\u00dfhandel (7)\" class=\"wp-image-4638\" srcset=\"https:\/\/www.purecook.com\/wp-content\/uploads\/2025\/08\/wholesale-3-piece-tri-ply-stainless-steel-cookware-set-7.webp 800w, https:\/\/www.purecook.com\/wp-content\/uploads\/2025\/08\/wholesale-3-piece-tri-ply-stainless-steel-cookware-set-7-300x300.webp 300w, https:\/\/www.purecook.com\/wp-content\/uploads\/2025\/08\/wholesale-3-piece-tri-ply-stainless-steel-cookware-set-7-150x150.webp 150w, https:\/\/www.purecook.com\/wp-content\/uploads\/2025\/08\/wholesale-3-piece-tri-ply-stainless-steel-cookware-set-7-768x768.webp 768w, https:\/\/www.purecook.com\/wp-content\/uploads\/2025\/08\/wholesale-3-piece-tri-ply-stainless-steel-cookware-set-7-12x12.webp 12w, https:\/\/www.purecook.com\/wp-content\/uploads\/2025\/08\/wholesale-3-piece-tri-ply-stainless-steel-cookware-set-7-600x600.webp 600w, https:\/\/www.purecook.com\/wp-content\/uploads\/2025\/08\/wholesale-3-piece-tri-ply-stainless-steel-cookware-set-7-100x100.webp 100w\" sizes=\"(max-width: 800px) 100vw, 800px\" \/><\/figure>\n<\/div>\n<\/div>\n\n\n\n<div class=\"wp-block-columns is-layout-flex wp-container-core-columns-is-layout-9d6595d7 wp-block-columns-is-layout-flex\">\n<div class=\"wp-block-column is-layout-flow wp-block-column-is-layout-flow\"><\/div>\n\n\n\n<div class=\"wp-block-column is-layout-flow wp-block-column-is-layout-flow\"><\/div>\n<\/div>","protected":false},"excerpt":{"rendered":"<p>Willkommen im Gro\u00dfhandel dreilagige Edelstahl-Kochgeschirr-Sets in gro\u00dfen Mengen zu kaufen. Dieses Set bietet eine hervorragende W\u00e4rmeverteilung und Haltbarkeit. Es ist kompatibel mit einer Vielzahl von Kochfeldern, einschlie\u00dflich Induktion, Gas und Elektro. Es ist f\u00fcr den Verkauf in Kochgeschirr-Superm\u00e4rkten und Einzelhandelsgesch\u00e4ften geeignet. Wir bieten Fabrikpreise, bitte kontaktieren Sie uns.<\/p>\n<h2>Merkmale des Tri-Ply Edelstahl-Kochgeschirrsets<\/h2>\n<p><strong>Ausgezeichnete W\u00e4rmeverteilung:<\/strong> Unser Gro\u00dfhandels-Kochgeschirr verf\u00fcgt \u00fcber eine dreischichtige Konstruktion. Die dreischichtige Struktur besteht aus einem Aluminiumkern, der zwischen zwei Schichten aus rostfreiem Stahl eingebettet ist. Diese Konstruktion sorgt daf\u00fcr, dass die W\u00e4rme schnell und gleichm\u00e4\u00dfig \u00fcber die gesamte Oberfl\u00e4che verteilt wird, wodurch es sich besser zum Kochen eignet als herk\u00f6mmliches Edelstahlkochgeschirr.<\/p>\n<p><strong>Kompatibilit\u00e4t mit mehreren Herdplatten:<\/strong> Die \u00e4u\u00dfere Schicht unseres Gro\u00dfhandels-Kochgeschirrsets besteht aus magnetischem Edelstahl 430 und ist daher mit einer Vielzahl von Herdplatten kompatibel, darunter Gas-, Elektro-, Backofen- und Induktionsherde.<\/p>\n<p><strong>Leicht zu reinigen:<\/strong> Das Kochgeschirr ist sp\u00fclmaschinenfest, was die Reinigung zum Kinderspiel macht und Ihnen mehr Zeit f\u00fcr den Genuss Ihrer Mahlzeiten l\u00e4sst.<\/p>\n<p><strong>Wettbewerbsf\u00e4hige Preisgestaltung:<\/strong> Da wir unsere Produkte direkt von der Kochgeschirrfabrik beziehen, bieten wir wettbewerbsf\u00e4hige Preise f\u00fcr unsere Kochgeschirrprodukte, die ideal f\u00fcr Gro\u00dfabnehmer sind.<\/p>","protected":false},"featured_media":4632,"comment_status":"closed","ping_status":"closed","template":"","meta":{"_acf_changed":false},"product_brand":[],"product_cat":[24,69],"product_tag":[],"class_list":{"0":"post-4631","1":"product","2":"type-product","3":"status-publish","4":"has-post-thumbnail","6":"product_cat-cookware","7":"product_cat-cookware-sets","9":"first","10":"instock","11":"shipping-taxable","12":"product-type-simple"},"acf":[],"_links":{"self":[{"href":"https:\/\/www.purecook.com\/de\/wp-json\/wp\/v2\/product\/4631","targetHints":{"allow":["GET"]}}],"collection":[{"href":"https:\/\/www.purecook.com\/de\/wp-json\/wp\/v2\/product"}],"about":[{"href":"https:\/\/www.purecook.com\/de\/wp-json\/wp\/v2\/types\/product"}],"replies":[{"embeddable":true,"href":"https:\/\/www.purecook.com\/de\/wp-json\/wp\/v2\/comments?post=4631"}],"wp:featuredmedia":[{"embeddable":true,"href":"https:\/\/www.purecook.com\/de\/wp-json\/wp\/v2\/media\/4632"}],"wp:attachment":[{"href":"https:\/\/www.purecook.com\/de\/wp-json\/wp\/v2\/media?parent=4631"}],"wp:term":[{"taxonomy":"product_brand","embeddable":true,"href":"https:\/\/www.purecook.com\/de\/wp-json\/wp\/v2\/product_brand?post=4631"},{"taxonomy":"product_cat","embeddable":true,"href":"https:\/\/www.purecook.com\/de\/wp-json\/wp\/v2\/product_cat?post=4631"},{"taxonomy":"product_tag","embeddable":true,"href":"https:\/\/www.purecook.com\/de\/wp-json\/wp\/v2\/product_tag?post=4631"}],"curies":[{"name":"wp","href":"https:\/\/api.w.org\/{rel}","templated":true}]}}