{"id":4639,"date":"2025-08-31T14:39:23","date_gmt":"2025-08-31T06:39:23","guid":{"rendered":"https:\/\/www.purecook.com\/?post_type=product&#038;p=4639"},"modified":"2025-08-31T15:11:39","modified_gmt":"2025-08-31T07:11:39","slug":"wholesale-stylish-thermos-jugs","status":"publish","type":"product","link":"https:\/\/www.purecook.com\/de\/product\/wholesale-stylish-thermos-jugs\/","title":{"rendered":"Gro\u00dfhandel Thermoskannen - stilvolles Design in 6 Farben erh\u00e4ltlich"},"content":{"rendered":"<div class=\"wp-block-columns is-layout-flex wp-container-core-columns-is-layout-9d6595d7 wp-block-columns-is-layout-flex\">\n<div class=\"wp-block-column is-layout-flow wp-block-column-is-layout-flow\">\n<h3 class=\"wp-block-heading\">Parameter der Thermoskannen<\/h3>\n\n\n\n<p><strong>Material: <\/strong>304 Edelstahl<br><strong>Farbe: <\/strong>Schwarz, Wei\u00df, Gr\u00fcn, Grau, Gummipulver und Hellrot<br><strong>Logo: <\/strong>Siebdruck\/Lasergravur\/gepr\u00e4gter Stempel<br><strong>Kapazit\u00e4t:<\/strong> 1.2L<\/p>\n<\/div>\n\n\n\n<div class=\"wp-block-column is-layout-flow wp-block-column-is-layout-flow\">\n<h3 class=\"wp-block-heading\">Individuelle Thermoskannen-Optionen<\/h3>\n\n\n\n<p><strong>Logo:<\/strong> Anpassbar mit Ihrem Markenlogo<br><strong>Verpackung:<\/strong>\u00a0Farbige Schachtel\/Karton, etc<\/p>\n<\/div>\n<\/div>\n\n\n\n<div class=\"wp-block-columns is-layout-flex wp-container-core-columns-is-layout-9d6595d7 wp-block-columns-is-layout-flex\">\n<div class=\"wp-block-column is-layout-flow wp-block-column-is-layout-flow\">\n<figure class=\"wp-block-image size-full\"><img decoding=\"async\" width=\"800\" height=\"800\" src=\"https:\/\/www.purecook.com\/wp-content\/uploads\/2025\/08\/wholesale-thermos-jugs-4-1.webp\" alt=\"Gro\u00dfhandel Thermoskannen (4)\" class=\"wp-image-4653\" srcset=\"https:\/\/www.purecook.com\/wp-content\/uploads\/2025\/08\/wholesale-thermos-jugs-4-1.webp 800w, https:\/\/www.purecook.com\/wp-content\/uploads\/2025\/08\/wholesale-thermos-jugs-4-1-300x300.webp 300w, https:\/\/www.purecook.com\/wp-content\/uploads\/2025\/08\/wholesale-thermos-jugs-4-1-150x150.webp 150w, https:\/\/www.purecook.com\/wp-content\/uploads\/2025\/08\/wholesale-thermos-jugs-4-1-768x768.webp 768w, https:\/\/www.purecook.com\/wp-content\/uploads\/2025\/08\/wholesale-thermos-jugs-4-1-12x12.webp 12w, https:\/\/www.purecook.com\/wp-content\/uploads\/2025\/08\/wholesale-thermos-jugs-4-1-600x600.webp 600w, https:\/\/www.purecook.com\/wp-content\/uploads\/2025\/08\/wholesale-thermos-jugs-4-1-100x100.webp 100w\" sizes=\"(max-width: 800px) 100vw, 800px\" \/><\/figure>\n<\/div>\n\n\n\n<div class=\"wp-block-column is-layout-flow wp-block-column-is-layout-flow\">\n<figure class=\"wp-block-image size-full\"><img decoding=\"async\" width=\"800\" height=\"800\" src=\"https:\/\/www.purecook.com\/wp-content\/uploads\/2025\/08\/wholesale-thermos-jugs-5-1.webp\" alt=\"Gro\u00dfhandel Thermoskannen (5)\" class=\"wp-image-4654\" srcset=\"https:\/\/www.purecook.com\/wp-content\/uploads\/2025\/08\/wholesale-thermos-jugs-5-1.webp 800w, https:\/\/www.purecook.com\/wp-content\/uploads\/2025\/08\/wholesale-thermos-jugs-5-1-300x300.webp 300w, https:\/\/www.purecook.com\/wp-content\/uploads\/2025\/08\/wholesale-thermos-jugs-5-1-150x150.webp 150w, https:\/\/www.purecook.com\/wp-content\/uploads\/2025\/08\/wholesale-thermos-jugs-5-1-768x768.webp 768w, https:\/\/www.purecook.com\/wp-content\/uploads\/2025\/08\/wholesale-thermos-jugs-5-1-12x12.webp 12w, https:\/\/www.purecook.com\/wp-content\/uploads\/2025\/08\/wholesale-thermos-jugs-5-1-600x600.webp 600w, https:\/\/www.purecook.com\/wp-content\/uploads\/2025\/08\/wholesale-thermos-jugs-5-1-100x100.webp 100w\" sizes=\"(max-width: 800px) 100vw, 800px\" \/><\/figure>\n<\/div>\n<\/div>\n\n\n\n<div class=\"wp-block-columns is-layout-flex wp-container-core-columns-is-layout-9d6595d7 wp-block-columns-is-layout-flex\">\n<div class=\"wp-block-column is-layout-flow wp-block-column-is-layout-flow\"><\/div>\n\n\n\n<div class=\"wp-block-column is-layout-flow wp-block-column-is-layout-flow\"><\/div>\n<\/div>","protected":false},"excerpt":{"rendered":"<p>Willkommen Gro\u00dfabnehmer zu Gro\u00dfhandel Thermoskannen kaufen. Diese 1,2-Liter-Thermoskanne verf\u00fcgt \u00fcber ein stilvolles Design und einen Griff aus Naturholz. Es verf\u00fcgt \u00fcber eine Edelstahl-Liner und ein Vakuum-isolierte Design, bietet eine hervorragende Isolierung, halten Sie Ihr Getr\u00e4nk hei\u00df oder kalt f\u00fcr Stunden.<\/p>\n<p>Purecook bietet Gro\u00dfmengen zu Fabrikpreisen an und unterst\u00fctzt die Anpassung der Marke. Gro\u00dfh\u00e4ndler, Einzelh\u00e4ndler und Distributoren sind herzlich eingeladen, uns zu kontaktieren.<\/p>\n<h2>Eigenschaften von Thermoskannen<\/h2>\n<p><strong>Hervorragende W\u00e4rmespeicherung:<\/strong> Thermoskannen haben ein Innenleben aus Edelstahl. Die Vakuumisolierung h\u00e4lt Getr\u00e4nke stundenlang auf ihrer idealen Temperatur, einschlie\u00dflich hei\u00dfem Kaffee und kaltem Eiswasser.<\/p>\n<p><strong>Stilvolles, modernes Design:<\/strong> Unsere Thermoskannen f\u00fcr den Gro\u00dfhandel zeichnen sich durch ihre klare, minimalistische \u00c4sthetik und schlanke Linien aus. Sie sind mehr als nur Wasserbeh\u00e4lter; sie sind auch eine stilvolle Erg\u00e4nzung f\u00fcr jede moderne K\u00fcche oder jedes B\u00fcro.<\/p>\n<p><strong>Geeignet f\u00fcr Hotels und Restaurants:<\/strong> Als Thermoskanne ist sie so konzipiert, dass sie Getr\u00e4nke \u00fcber einen l\u00e4ngeren Zeitraum hei\u00df oder kalt h\u00e4lt. Durch ihr elegantes Design eignet sie sich f\u00fcr das Servieren von Kaffee, Tee oder kalten Getr\u00e4nken in gewerblichen Einrichtungen.<\/p>\n<p><strong>Verschiedene Farboptionen:<\/strong> Thermoskannen sind in einer Vielzahl von Farben erh\u00e4ltlich, darunter klassisches Schwarz, Wei\u00df, Gr\u00fcn und Grau, aber auch zartes Rosa und leuchtendes Rot.<\/p>\n<p><strong>Gro\u00dfe Kapazit\u00e4t:<\/strong> Mit einem Fassungsverm\u00f6gen von 1,2 Litern ist die Thermoskanne gro\u00df genug, um mehrere Personen zu versorgen oder gro\u00dfe Fl\u00fcssigkeitsmengen aufzunehmen, so dass sie nicht so h\u00e4ufig nachgef\u00fcllt werden muss.<\/p>","protected":false},"featured_media":4650,"comment_status":"closed","ping_status":"closed","template":"","meta":{"_acf_changed":false},"product_brand":[],"product_cat":[104],"product_tag":[],"class_list":{"0":"post-4639","1":"product","2":"type-product","3":"status-publish","4":"has-post-thumbnail","6":"product_cat-thermos-jugs","8":"first","9":"instock","10":"shipping-taxable","11":"product-type-simple"},"acf":[],"_links":{"self":[{"href":"https:\/\/www.purecook.com\/de\/wp-json\/wp\/v2\/product\/4639","targetHints":{"allow":["GET"]}}],"collection":[{"href":"https:\/\/www.purecook.com\/de\/wp-json\/wp\/v2\/product"}],"about":[{"href":"https:\/\/www.purecook.com\/de\/wp-json\/wp\/v2\/types\/product"}],"replies":[{"embeddable":true,"href":"https:\/\/www.purecook.com\/de\/wp-json\/wp\/v2\/comments?post=4639"}],"wp:featuredmedia":[{"embeddable":true,"href":"https:\/\/www.purecook.com\/de\/wp-json\/wp\/v2\/media\/4650"}],"wp:attachment":[{"href":"https:\/\/www.purecook.com\/de\/wp-json\/wp\/v2\/media?parent=4639"}],"wp:term":[{"taxonomy":"product_brand","embeddable":true,"href":"https:\/\/www.purecook.com\/de\/wp-json\/wp\/v2\/product_brand?post=4639"},{"taxonomy":"product_cat","embeddable":true,"href":"https:\/\/www.purecook.com\/de\/wp-json\/wp\/v2\/product_cat?post=4639"},{"taxonomy":"product_tag","embeddable":true,"href":"https:\/\/www.purecook.com\/de\/wp-json\/wp\/v2\/product_tag?post=4639"}],"curies":[{"name":"wp","href":"https:\/\/api.w.org\/{rel}","templated":true}]}}