{"id":4655,"date":"2025-08-31T15:23:59","date_gmt":"2025-08-31T07:23:59","guid":{"rendered":"https:\/\/www.purecook.com\/?post_type=product&#038;p=4655"},"modified":"2025-08-31T15:52:45","modified_gmt":"2025-08-31T07:52:45","slug":"wholesale-3-tier-steamer-pots","status":"publish","type":"product","link":"https:\/\/www.purecook.com\/de\/product\/wholesale-3-tier-steamer-pots\/","title":{"rendered":"Gro\u00dfhandel 3 Tier Steamer T\u00f6pfe - Gro\u00dfe Kapazit\u00e4t Kochgeschirr f\u00fcr gesundes Kochen"},"content":{"rendered":"<div class=\"wp-block-columns is-layout-flex wp-container-core-columns-is-layout-9d6595d7 wp-block-columns-is-layout-flex\">\n<div class=\"wp-block-column is-layout-flow wp-block-column-is-layout-flow\">\n<h3 class=\"wp-block-heading\">Parameter der 3-stufigen Dampft\u00f6pfe<\/h3>\n\n\n\n<p><strong>Material:<\/strong> 304 Edelstahl<br><strong>Normale Dicke<\/strong>: K\u00f6rper:0,45mm, Gitter:0,4mm<br><strong>Logo: <\/strong>Siebdruck \/ Lasergravur \/ Pr\u00e4gestempel<br><strong>Griff &amp; Deckelknopf:<\/strong> Rostfreier Stahl<br><strong>Logo: <\/strong>Siebdruck\/Lasergravur\/gepr\u00e4gter Stempel<br><strong>Gr\u00f6\u00dfe:<\/strong> 26\/28cm<\/p>\n<\/div>\n\n\n\n<div class=\"wp-block-column is-layout-flow wp-block-column-is-layout-flow\">\n<h3 class=\"wp-block-heading\">Individuelle Thermoskannen-Optionen<\/h3>\n\n\n\n<p><strong>Logo:<\/strong> Anpassbar mit Ihrem Markenlogo<br><strong>Verpackung:<\/strong>\u00a0Farbige Schachtel\/Karton, etc<\/p>\n<\/div>\n<\/div>\n\n\n\n<div class=\"wp-block-columns is-layout-flex wp-container-core-columns-is-layout-9d6595d7 wp-block-columns-is-layout-flex\">\n<div class=\"wp-block-column is-layout-flow wp-block-column-is-layout-flow\">\n<figure class=\"wp-block-image size-full\"><img decoding=\"async\" width=\"800\" height=\"800\" src=\"https:\/\/www.purecook.com\/wp-content\/uploads\/2025\/08\/wholesale-3-tier-steamer-pot-2.webp\" alt=\"Gro\u00dfhandel 3-Ebenen-Dampftopf (2)\" class=\"wp-image-4657\" srcset=\"https:\/\/www.purecook.com\/wp-content\/uploads\/2025\/08\/wholesale-3-tier-steamer-pot-2.webp 800w, https:\/\/www.purecook.com\/wp-content\/uploads\/2025\/08\/wholesale-3-tier-steamer-pot-2-300x300.webp 300w, https:\/\/www.purecook.com\/wp-content\/uploads\/2025\/08\/wholesale-3-tier-steamer-pot-2-150x150.webp 150w, https:\/\/www.purecook.com\/wp-content\/uploads\/2025\/08\/wholesale-3-tier-steamer-pot-2-768x768.webp 768w, https:\/\/www.purecook.com\/wp-content\/uploads\/2025\/08\/wholesale-3-tier-steamer-pot-2-12x12.webp 12w, https:\/\/www.purecook.com\/wp-content\/uploads\/2025\/08\/wholesale-3-tier-steamer-pot-2-600x600.webp 600w, https:\/\/www.purecook.com\/wp-content\/uploads\/2025\/08\/wholesale-3-tier-steamer-pot-2-100x100.webp 100w\" sizes=\"(max-width: 800px) 100vw, 800px\" \/><\/figure>\n<\/div>\n\n\n\n<div class=\"wp-block-column is-layout-flow wp-block-column-is-layout-flow\">\n<figure class=\"wp-block-image size-full\"><img decoding=\"async\" width=\"800\" height=\"800\" src=\"https:\/\/www.purecook.com\/wp-content\/uploads\/2025\/08\/wholesale-3-tier-steamer-pot-6.webp\" alt=\"Gro\u00dfhandel 3 Etagen Dampftopf (6)\" class=\"wp-image-4661\" srcset=\"https:\/\/www.purecook.com\/wp-content\/uploads\/2025\/08\/wholesale-3-tier-steamer-pot-6.webp 800w, https:\/\/www.purecook.com\/wp-content\/uploads\/2025\/08\/wholesale-3-tier-steamer-pot-6-300x300.webp 300w, https:\/\/www.purecook.com\/wp-content\/uploads\/2025\/08\/wholesale-3-tier-steamer-pot-6-150x150.webp 150w, https:\/\/www.purecook.com\/wp-content\/uploads\/2025\/08\/wholesale-3-tier-steamer-pot-6-768x768.webp 768w, https:\/\/www.purecook.com\/wp-content\/uploads\/2025\/08\/wholesale-3-tier-steamer-pot-6-12x12.webp 12w, https:\/\/www.purecook.com\/wp-content\/uploads\/2025\/08\/wholesale-3-tier-steamer-pot-6-600x600.webp 600w, https:\/\/www.purecook.com\/wp-content\/uploads\/2025\/08\/wholesale-3-tier-steamer-pot-6-100x100.webp 100w\" sizes=\"(max-width: 800px) 100vw, 800px\" \/><\/figure>\n<\/div>\n<\/div>\n\n\n\n<div class=\"wp-block-columns is-layout-flex wp-container-core-columns-is-layout-9d6595d7 wp-block-columns-is-layout-flex\">\n<div class=\"wp-block-column is-layout-flow wp-block-column-is-layout-flow\"><\/div>\n\n\n\n<div class=\"wp-block-column is-layout-flow wp-block-column-is-layout-flow\"><\/div>\n<\/div>","protected":false},"excerpt":{"rendered":"<p>Wir begr\u00fc\u00dfen B2B-K\u00e4ufer, die unsere Gro\u00dfhandels-Dampfkocht\u00f6pfe in gro\u00dfen Mengen kaufen m\u00f6chten. Unsere 3-stufigen Dampfkocht\u00f6pfe sind ideal f\u00fcr gewerbliche und private K\u00fcchen. Sie k\u00f6nnen zum gleichzeitigen Garen mehrerer Gerichte verwendet werden, was die Effizienz des Benutzers erh\u00f6ht. Wir bieten Preise direkt ab Werk; kontaktieren Sie uns noch heute.<\/p>\n<h2>Merkmale der 3-stufigen Dampft\u00f6pfe<\/h2>\n<p><strong>3-stufiges Design:<\/strong> Der Dampfkochtopf verf\u00fcgt \u00fcber drei Ebenen, auf denen verschiedene Lebensmittel gleichzeitig ged\u00e4mpft werden k\u00f6nnen, was die Effizienz des Garvorgangs erheblich verbessert.<\/p>\n<p><strong>2 Gr\u00f6\u00dfen:<\/strong> Der Dampfkochtopf ist in zwei Gr\u00f6\u00dfen erh\u00e4ltlich, 26 cm und 28 cm, so dass die Verbraucher die Gr\u00f6\u00dfe w\u00e4hlen k\u00f6nnen, die am besten zur Gr\u00f6\u00dfe ihrer Familie und ihren Kochbed\u00fcrfnissen passt.<\/p>\n<p><strong>Vielseitigkeit:<\/strong> Die Benutzer k\u00f6nnen die Etagen stapeln, um ihn als traditionellen Dampfgarer zu verwenden, oder den unteren Topf allein zum Kochen, Schmoren oder Garen nutzen.<\/p>\n<p><strong>Hohe Qualit\u00e4t:<\/strong> Unsere Gro\u00dfhandels-Dampfkocht\u00f6pfe sind aus hochwertigem Edelstahl gefertigt und zeichnen sich durch eine robuste Konstruktion aus, die im Vergleich zu herk\u00f6mmlichem Kochgeschirr eine l\u00e4ngere Lebensdauer bietet.<\/p>\n<p><strong>Fabrikpreis:<\/strong> Als Hersteller von Kochgeschirr k\u00f6nnen wir Ihnen direkte Angebote f\u00fcr Kochgeschirr im Gro\u00dfhandel unterbreiten und die Produktqualit\u00e4t garantieren. Bitte z\u00f6gern Sie nicht, uns f\u00fcr Gro\u00dfeink\u00e4ufe zu kontaktieren.<\/p>","protected":false},"featured_media":4656,"comment_status":"closed","ping_status":"closed","template":"","meta":{"_acf_changed":false},"product_brand":[],"product_cat":[24,79],"product_tag":[],"class_list":{"0":"post-4655","1":"product","2":"type-product","3":"status-publish","4":"has-post-thumbnail","6":"product_cat-cookware","7":"product_cat-steamer-pot","9":"first","10":"instock","11":"shipping-taxable","12":"product-type-simple"},"acf":[],"_links":{"self":[{"href":"https:\/\/www.purecook.com\/de\/wp-json\/wp\/v2\/product\/4655","targetHints":{"allow":["GET"]}}],"collection":[{"href":"https:\/\/www.purecook.com\/de\/wp-json\/wp\/v2\/product"}],"about":[{"href":"https:\/\/www.purecook.com\/de\/wp-json\/wp\/v2\/types\/product"}],"replies":[{"embeddable":true,"href":"https:\/\/www.purecook.com\/de\/wp-json\/wp\/v2\/comments?post=4655"}],"wp:featuredmedia":[{"embeddable":true,"href":"https:\/\/www.purecook.com\/de\/wp-json\/wp\/v2\/media\/4656"}],"wp:attachment":[{"href":"https:\/\/www.purecook.com\/de\/wp-json\/wp\/v2\/media?parent=4655"}],"wp:term":[{"taxonomy":"product_brand","embeddable":true,"href":"https:\/\/www.purecook.com\/de\/wp-json\/wp\/v2\/product_brand?post=4655"},{"taxonomy":"product_cat","embeddable":true,"href":"https:\/\/www.purecook.com\/de\/wp-json\/wp\/v2\/product_cat?post=4655"},{"taxonomy":"product_tag","embeddable":true,"href":"https:\/\/www.purecook.com\/de\/wp-json\/wp\/v2\/product_tag?post=4655"}],"curies":[{"name":"wp","href":"https:\/\/api.w.org\/{rel}","templated":true}]}}