{"id":4728,"date":"2025-09-07T14:55:21","date_gmt":"2025-09-07T06:55:21","guid":{"rendered":"https:\/\/www.purecook.com\/?post_type=product&#038;p=4728"},"modified":"2025-09-07T15:33:14","modified_gmt":"2025-09-07T07:33:14","slug":"wholesale-stainless-steel-2-piece-cookware-set","status":"publish","type":"product","link":"https:\/\/www.purecook.com\/de\/product\/wholesale-stainless-steel-2-piece-cookware-set\/","title":{"rendered":"Gro\u00dfhandel Edelstahl 2 St\u00fcck Kochgeschirr Set"},"content":{"rendered":"<div class=\"wp-block-columns is-layout-flex wp-container-core-columns-is-layout-9d6595d7 wp-block-columns-is-layout-flex\">\n<div class=\"wp-block-column is-layout-flow wp-block-column-is-layout-flow\">\n<h3 class=\"wp-block-heading\">Parameter des 2-teiligen Kochgeschirrsets aus Edelstahl <\/h3>\n\n\n\n<p><strong>Material:<\/strong> Rostfreier Stahl<br><strong>Logo-Optionen:<\/strong> Siebdruck \/ Lasergravur \/ Pr\u00e4gestempel<br><strong>Griff &amp; Deckelknopf:<\/strong> Rostfreier Stahl<\/p>\n\n\n\n<p><strong>18 cm Kochtopf<\/strong><\/p>\n\n\n\n<ul class=\"wp-block-list\">\n<li><strong>Material:<\/strong> Rostfreier Stahl<\/li>\n\n\n\n<li><strong>Die Dicke:<\/strong> 0,5 mm<\/li>\n\n\n\n<li><strong>Unten:<\/strong> Induktionssandwichboden (SUS + 1 mm Aluminium + 1 mm Eisen)<\/li>\n<\/ul>\n\n\n\n<p><strong>22 cm Suppentopf<\/strong><\/p>\n\n\n\n<ul class=\"wp-block-list\">\n<li><strong>Material:<\/strong> Dreilagiger rostfreier Stahl<\/li>\n\n\n\n<li><strong>Die Dicke:<\/strong> 2 mm<\/li>\n<\/ul>\n<\/div>\n\n\n\n<div class=\"wp-block-column is-layout-flow wp-block-column-is-layout-flow\">\n<h3 class=\"wp-block-heading\">Kundenspezifische Optionen f\u00fcr Lagert\u00f6pfe<\/h3>\n\n\n\n<p><strong>Logo:<\/strong> Anpassbar mit Ihrem Markenlogo<br><strong>Farbe:<\/strong> Anpassbar<br><strong>Verpackung:<\/strong>\u00a0Farbige Schachtel\/Karton, etc<\/p>\n<\/div>\n<\/div>\n\n\n\n<div class=\"wp-block-columns is-layout-flex wp-container-core-columns-is-layout-9d6595d7 wp-block-columns-is-layout-flex\">\n<div class=\"wp-block-column is-layout-flow wp-block-column-is-layout-flow\">\n<figure class=\"wp-block-image size-full\"><img decoding=\"async\" width=\"3070\" height=\"2998\" src=\"https:\/\/www.purecook.com\/wp-content\/uploads\/2025\/09\/wholesale-2-piece-cookware-set-4.webp\" alt=\"Gro\u00dfhandel 2 St\u00fcck Kochgeschirr Set (4)\" class=\"wp-image-4732\" srcset=\"https:\/\/www.purecook.com\/wp-content\/uploads\/2025\/09\/wholesale-2-piece-cookware-set-4.webp 3070w, https:\/\/www.purecook.com\/wp-content\/uploads\/2025\/09\/wholesale-2-piece-cookware-set-4-300x293.webp 300w, https:\/\/www.purecook.com\/wp-content\/uploads\/2025\/09\/wholesale-2-piece-cookware-set-4-768x750.webp 768w, https:\/\/www.purecook.com\/wp-content\/uploads\/2025\/09\/wholesale-2-piece-cookware-set-4-12x12.webp 12w, https:\/\/www.purecook.com\/wp-content\/uploads\/2025\/09\/wholesale-2-piece-cookware-set-4-600x586.webp 600w\" sizes=\"(max-width: 3070px) 100vw, 3070px\" \/><\/figure>\n<\/div>\n\n\n\n<div class=\"wp-block-column is-layout-flow wp-block-column-is-layout-flow\">\n<figure class=\"wp-block-image size-full\"><img decoding=\"async\" width=\"3070\" height=\"2998\" src=\"https:\/\/www.purecook.com\/wp-content\/uploads\/2025\/09\/wholesale-2-piece-cookware-set-5.webp\" alt=\"Gro\u00dfhandel 2 St\u00fcck Kochgeschirr Set (5)\" class=\"wp-image-4733\" srcset=\"https:\/\/www.purecook.com\/wp-content\/uploads\/2025\/09\/wholesale-2-piece-cookware-set-5.webp 3070w, https:\/\/www.purecook.com\/wp-content\/uploads\/2025\/09\/wholesale-2-piece-cookware-set-5-300x293.webp 300w, https:\/\/www.purecook.com\/wp-content\/uploads\/2025\/09\/wholesale-2-piece-cookware-set-5-768x750.webp 768w, https:\/\/www.purecook.com\/wp-content\/uploads\/2025\/09\/wholesale-2-piece-cookware-set-5-12x12.webp 12w, https:\/\/www.purecook.com\/wp-content\/uploads\/2025\/09\/wholesale-2-piece-cookware-set-5-600x586.webp 600w\" sizes=\"(max-width: 3070px) 100vw, 3070px\" \/><\/figure>\n<\/div>\n<\/div>\n\n\n\n<div class=\"wp-block-columns is-layout-flex wp-container-core-columns-is-layout-9d6595d7 wp-block-columns-is-layout-flex\">\n<div class=\"wp-block-column is-layout-flow wp-block-column-is-layout-flow\"><\/div>\n\n\n\n<div class=\"wp-block-column is-layout-flow wp-block-column-is-layout-flow\"><\/div>\n<\/div>\n\n\n\n<div class=\"wp-block-columns is-layout-flex wp-container-core-columns-is-layout-9d6595d7 wp-block-columns-is-layout-flex\">\n<div class=\"wp-block-column is-layout-flow wp-block-column-is-layout-flow\"><\/div>\n\n\n\n<div class=\"wp-block-column is-layout-flow wp-block-column-is-layout-flow\"><\/div>\n<\/div>","protected":false},"excerpt":{"rendered":"<p>Gro\u00dfhandel 2-tlg. Kochgeschirr-Set. Dieses zweiteilige Kochgeschirrset aus Edelstahl verbindet Langlebigkeit mit \u00fcberlegener Leistung und gleichm\u00e4\u00dfiger Erw\u00e4rmung. Es ist mit Induktions-, Gas- und Elektrokochfeldern kompatibel und bietet ein zuverl\u00e4ssiges Kocherlebnis f\u00fcr private und professionelle K\u00f6che. Sie k\u00f6nnen Ihre eigenen Logos hinzuf\u00fcgen, um Ihr eigenes Kochgeschirr mit Ihrem Markenzeichen zu gestalten. Dieses Produkt entspricht streng den ISO-, FDA- und LFGB-Normen. Gro\u00dfeink\u00e4ufe sind willkommen.<\/p>\n<p>Purecook <a href=\"https:\/\/www.purecook.com\/de\/produktkategorie\/kochgeschirr\/\" target=\"_blank\" rel=\"noopener\"><strong>Kochgeschirrhersteller<\/strong> <\/a>bietet Fabrikpreise und OEM-Anpassungsdienste. Kontaktieren Sie uns f\u00fcr das beste Angebot von einem zuverl\u00e4ssigen Kochgeschirrhersteller.<\/p>\n<h2>Merkmale und Vorteile des Edelstahl-Kochgeschirrsets<\/h2>\n<p><strong>Langlebige Konstruktion aus rostfreiem Stahl:<\/strong> Beide T\u00f6pfe sind aus hochwertigem Edelstahl gefertigt und bieten eine hervorragende Leistung, so dass dieses Kochgeschirrset eine zuverl\u00e4ssige Wahl f\u00fcr private und professionelle K\u00f6che ist.<\/p>\n<p><strong>Effiziente und gleichm\u00e4\u00dfige W\u00e4rmeverteilung:<\/strong> Der Boden jedes Kochgeschirrs besteht aus dreifach rostfreiem Stahl, der eine schnelle und gleichm\u00e4\u00dfige W\u00e4rmeverteilung gew\u00e4hrleistet, hei\u00dfe Stellen verhindert und hervorragende Kochergebnisse liefert.<\/p>\n<p><strong>Logo-Anpassung:<\/strong> Unternehmen, Marken oder kulinarische Organisationen k\u00f6nnen dieses Set an ihre einzigartige Pers\u00f6nlichkeit anpassen.<\/p>\n<p><strong>Kompatibel mit mehreren Kochfeldern:<\/strong> Dieses zweiteilige Kochgeschirrset ist vielseitig einsetzbar und mit verschiedenen W\u00e4rmequellen kompatibel, darunter Induktions-, Gas- und Elektroherde.<\/p>\n<p><strong>Hohe Qualit\u00e4tsstandards:<\/strong> Als f\u00fchrender Kochgeschirrhersteller aus China halten wir uns strikt an ISO 9001, FDA, LFGB und andere internationale Qualit\u00e4tszertifizierungen, damit unsere Produkte weltweit verkauft werden k\u00f6nnen.<\/p>","protected":false},"featured_media":4729,"comment_status":"closed","ping_status":"closed","template":"","meta":{"_acf_changed":false},"product_brand":[],"product_cat":[24,69],"product_tag":[],"class_list":{"0":"post-4728","1":"product","2":"type-product","3":"status-publish","4":"has-post-thumbnail","6":"product_cat-cookware","7":"product_cat-cookware-sets","9":"first","10":"instock","11":"shipping-taxable","12":"product-type-simple"},"acf":[],"_links":{"self":[{"href":"https:\/\/www.purecook.com\/de\/wp-json\/wp\/v2\/product\/4728","targetHints":{"allow":["GET"]}}],"collection":[{"href":"https:\/\/www.purecook.com\/de\/wp-json\/wp\/v2\/product"}],"about":[{"href":"https:\/\/www.purecook.com\/de\/wp-json\/wp\/v2\/types\/product"}],"replies":[{"embeddable":true,"href":"https:\/\/www.purecook.com\/de\/wp-json\/wp\/v2\/comments?post=4728"}],"wp:featuredmedia":[{"embeddable":true,"href":"https:\/\/www.purecook.com\/de\/wp-json\/wp\/v2\/media\/4729"}],"wp:attachment":[{"href":"https:\/\/www.purecook.com\/de\/wp-json\/wp\/v2\/media?parent=4728"}],"wp:term":[{"taxonomy":"product_brand","embeddable":true,"href":"https:\/\/www.purecook.com\/de\/wp-json\/wp\/v2\/product_brand?post=4728"},{"taxonomy":"product_cat","embeddable":true,"href":"https:\/\/www.purecook.com\/de\/wp-json\/wp\/v2\/product_cat?post=4728"},{"taxonomy":"product_tag","embeddable":true,"href":"https:\/\/www.purecook.com\/de\/wp-json\/wp\/v2\/product_tag?post=4728"}],"curies":[{"name":"wp","href":"https:\/\/api.w.org\/{rel}","templated":true}]}}