{"id":4740,"date":"2025-09-07T16:10:43","date_gmt":"2025-09-07T08:10:43","guid":{"rendered":"https:\/\/www.purecook.com\/?post_type=product&#038;p=4740"},"modified":"2025-09-07T16:55:28","modified_gmt":"2025-09-07T08:55:28","slug":"wholesale-5-piece-cookware-set","status":"publish","type":"product","link":"https:\/\/www.purecook.com\/de\/product\/wholesale-5-piece-cookware-set\/","title":{"rendered":"Gro\u00dfhandel 5 St\u00fcck Kochgeschirr Set - Meet Diverse Kochen Bed\u00fcrfnisse"},"content":{"rendered":"<div class=\"wp-block-columns is-layout-flex wp-container-core-columns-is-layout-9d6595d7 wp-block-columns-is-layout-flex\">\n<div class=\"wp-block-column is-layout-flow wp-block-column-is-layout-flow\">\n<h3 class=\"wp-block-heading\">Parameter des 5-teiligen Kochgeschirrsets<\/h3>\n\n\n\n<p><strong>Material:<\/strong> 304 Edelstahl<br><strong>Normale Dicke:<\/strong> 0,4 mm<br><strong>Deckel: <\/strong>Edelstahldeckel<br>Logo: Siebdruck\/ Lasergravur\/ Pr\u00e4gestempel<br><strong>Griff &amp; Deckelknopf: <\/strong>Rostfreier Stahl<br><strong>Gr\u00f6\u00dfe: <\/strong>16 \u00d7 9 cm, 18 \u00d7 10 cm, 20 \u00d7 11 cm, 24 \u00d7 8 cm, 24 \u00d7 13,5 cm<\/p>\n<\/div>\n\n\n\n<div class=\"wp-block-column is-layout-flow wp-block-column-is-layout-flow\">\n<h3 class=\"wp-block-heading\">Kundenspezifische Optionen f\u00fcr Lagert\u00f6pfe<\/h3>\n\n\n\n<p><strong>Logo:<\/strong> Anpassbar mit Ihrem Markenlogo<br><strong>Farbe:<\/strong> Anpassbar<br><strong>Verpackung:<\/strong>\u00a0Farbige Schachtel\/Karton, etc<\/p>\n<\/div>\n<\/div>\n\n\n\n<div class=\"wp-block-columns is-layout-flex wp-container-core-columns-is-layout-9d6595d7 wp-block-columns-is-layout-flex\">\n<div class=\"wp-block-column is-layout-flow wp-block-column-is-layout-flow\">\n<figure class=\"wp-block-image size-full\"><img decoding=\"async\" width=\"800\" height=\"800\" src=\"https:\/\/www.purecook.com\/wp-content\/uploads\/2025\/09\/specifications-of-5-piece-cookware-set-1.webp\" alt=\"Spezifikationen des 5-teiligen Kochgeschirrsets (1)\" class=\"wp-image-4747\" srcset=\"https:\/\/www.purecook.com\/wp-content\/uploads\/2025\/09\/specifications-of-5-piece-cookware-set-1.webp 800w, https:\/\/www.purecook.com\/wp-content\/uploads\/2025\/09\/specifications-of-5-piece-cookware-set-1-300x300.webp 300w, https:\/\/www.purecook.com\/wp-content\/uploads\/2025\/09\/specifications-of-5-piece-cookware-set-1-150x150.webp 150w, https:\/\/www.purecook.com\/wp-content\/uploads\/2025\/09\/specifications-of-5-piece-cookware-set-1-768x768.webp 768w, https:\/\/www.purecook.com\/wp-content\/uploads\/2025\/09\/specifications-of-5-piece-cookware-set-1-12x12.webp 12w, https:\/\/www.purecook.com\/wp-content\/uploads\/2025\/09\/specifications-of-5-piece-cookware-set-1-600x600.webp 600w, https:\/\/www.purecook.com\/wp-content\/uploads\/2025\/09\/specifications-of-5-piece-cookware-set-1-100x100.webp 100w\" sizes=\"(max-width: 800px) 100vw, 800px\" \/><\/figure>\n<\/div>\n\n\n\n<div class=\"wp-block-column is-layout-flow wp-block-column-is-layout-flow\">\n<figure class=\"wp-block-image size-full\"><img decoding=\"async\" width=\"800\" height=\"800\" src=\"https:\/\/www.purecook.com\/wp-content\/uploads\/2025\/09\/specifications-of-5-piece-cookware-set-2.webp\" alt=\"Spezifikationen des 5-teiligen Kochgeschirrsets (2)\" class=\"wp-image-4748\" srcset=\"https:\/\/www.purecook.com\/wp-content\/uploads\/2025\/09\/specifications-of-5-piece-cookware-set-2.webp 800w, https:\/\/www.purecook.com\/wp-content\/uploads\/2025\/09\/specifications-of-5-piece-cookware-set-2-300x300.webp 300w, https:\/\/www.purecook.com\/wp-content\/uploads\/2025\/09\/specifications-of-5-piece-cookware-set-2-150x150.webp 150w, https:\/\/www.purecook.com\/wp-content\/uploads\/2025\/09\/specifications-of-5-piece-cookware-set-2-768x768.webp 768w, https:\/\/www.purecook.com\/wp-content\/uploads\/2025\/09\/specifications-of-5-piece-cookware-set-2-12x12.webp 12w, https:\/\/www.purecook.com\/wp-content\/uploads\/2025\/09\/specifications-of-5-piece-cookware-set-2-600x600.webp 600w, https:\/\/www.purecook.com\/wp-content\/uploads\/2025\/09\/specifications-of-5-piece-cookware-set-2-100x100.webp 100w\" sizes=\"(max-width: 800px) 100vw, 800px\" \/><\/figure>\n<\/div>\n<\/div>\n\n\n\n<div class=\"wp-block-columns is-layout-flex wp-container-core-columns-is-layout-9d6595d7 wp-block-columns-is-layout-flex\">\n<div class=\"wp-block-column is-layout-flow wp-block-column-is-layout-flow\">\n<figure class=\"wp-block-image size-full\"><img decoding=\"async\" width=\"800\" height=\"800\" src=\"https:\/\/www.purecook.com\/wp-content\/uploads\/2025\/09\/specifications-of-5-piece-cookware-set-3.webp\" alt=\"Spezifikationen des 5-teiligen Kochgeschirrsets (3)\" class=\"wp-image-4749\" srcset=\"https:\/\/www.purecook.com\/wp-content\/uploads\/2025\/09\/specifications-of-5-piece-cookware-set-3.webp 800w, https:\/\/www.purecook.com\/wp-content\/uploads\/2025\/09\/specifications-of-5-piece-cookware-set-3-300x300.webp 300w, https:\/\/www.purecook.com\/wp-content\/uploads\/2025\/09\/specifications-of-5-piece-cookware-set-3-150x150.webp 150w, https:\/\/www.purecook.com\/wp-content\/uploads\/2025\/09\/specifications-of-5-piece-cookware-set-3-768x768.webp 768w, https:\/\/www.purecook.com\/wp-content\/uploads\/2025\/09\/specifications-of-5-piece-cookware-set-3-12x12.webp 12w, https:\/\/www.purecook.com\/wp-content\/uploads\/2025\/09\/specifications-of-5-piece-cookware-set-3-600x600.webp 600w, https:\/\/www.purecook.com\/wp-content\/uploads\/2025\/09\/specifications-of-5-piece-cookware-set-3-100x100.webp 100w\" sizes=\"(max-width: 800px) 100vw, 800px\" \/><\/figure>\n<\/div>\n\n\n\n<div class=\"wp-block-column is-layout-flow wp-block-column-is-layout-flow\">\n<figure class=\"wp-block-image size-full\"><img decoding=\"async\" width=\"800\" height=\"800\" src=\"https:\/\/www.purecook.com\/wp-content\/uploads\/2025\/09\/specifications-of-5-piece-cookware-set-4.webp\" alt=\"Spezifikationen des 5-teiligen Kochgeschirrsets (4)\" class=\"wp-image-4750\" srcset=\"https:\/\/www.purecook.com\/wp-content\/uploads\/2025\/09\/specifications-of-5-piece-cookware-set-4.webp 800w, https:\/\/www.purecook.com\/wp-content\/uploads\/2025\/09\/specifications-of-5-piece-cookware-set-4-300x300.webp 300w, https:\/\/www.purecook.com\/wp-content\/uploads\/2025\/09\/specifications-of-5-piece-cookware-set-4-150x150.webp 150w, https:\/\/www.purecook.com\/wp-content\/uploads\/2025\/09\/specifications-of-5-piece-cookware-set-4-768x768.webp 768w, https:\/\/www.purecook.com\/wp-content\/uploads\/2025\/09\/specifications-of-5-piece-cookware-set-4-12x12.webp 12w, https:\/\/www.purecook.com\/wp-content\/uploads\/2025\/09\/specifications-of-5-piece-cookware-set-4-600x600.webp 600w, https:\/\/www.purecook.com\/wp-content\/uploads\/2025\/09\/specifications-of-5-piece-cookware-set-4-100x100.webp 100w\" sizes=\"(max-width: 800px) 100vw, 800px\" \/><\/figure>\n<\/div>\n<\/div>\n\n\n\n<div class=\"wp-block-columns is-layout-flex wp-container-core-columns-is-layout-9d6595d7 wp-block-columns-is-layout-flex\">\n<div class=\"wp-block-column is-layout-flow wp-block-column-is-layout-flow\">\n<figure class=\"wp-block-image size-full\"><img decoding=\"async\" width=\"800\" height=\"800\" src=\"https:\/\/www.purecook.com\/wp-content\/uploads\/2025\/09\/specifications-of-5-piece-cookware-set-5.webp\" alt=\"Spezifikationen des 5-teiligen Kochgeschirrsets (5)\" class=\"wp-image-4751\" srcset=\"https:\/\/www.purecook.com\/wp-content\/uploads\/2025\/09\/specifications-of-5-piece-cookware-set-5.webp 800w, https:\/\/www.purecook.com\/wp-content\/uploads\/2025\/09\/specifications-of-5-piece-cookware-set-5-300x300.webp 300w, https:\/\/www.purecook.com\/wp-content\/uploads\/2025\/09\/specifications-of-5-piece-cookware-set-5-150x150.webp 150w, https:\/\/www.purecook.com\/wp-content\/uploads\/2025\/09\/specifications-of-5-piece-cookware-set-5-768x768.webp 768w, https:\/\/www.purecook.com\/wp-content\/uploads\/2025\/09\/specifications-of-5-piece-cookware-set-5-12x12.webp 12w, https:\/\/www.purecook.com\/wp-content\/uploads\/2025\/09\/specifications-of-5-piece-cookware-set-5-600x600.webp 600w, https:\/\/www.purecook.com\/wp-content\/uploads\/2025\/09\/specifications-of-5-piece-cookware-set-5-100x100.webp 100w\" sizes=\"(max-width: 800px) 100vw, 800px\" \/><\/figure>\n<\/div>\n\n\n\n<div class=\"wp-block-column is-layout-flow wp-block-column-is-layout-flow\"><\/div>\n<\/div>","protected":false},"excerpt":{"rendered":"<p>Dieses robuste f\u00fcnfteilige Kochgeschirrset aus Edelstahl eignet sich perfekt f\u00fcr den privaten und gewerblichen Gebrauch. Die Oberfl\u00e4che ist elektropoliert und verf\u00fcgt \u00fcber ein professionelles, metallisches Finish. Es ist leicht zu reinigen und sp\u00fclmaschinenfest. Wir unterst\u00fctzen die Markenanpassung und bieten gro\u00dfe Mengen an. Globale H\u00e4ndler, Gro\u00dfh\u00e4ndler und Kochgeschirrmarken k\u00f6nnen sich gerne an uns wenden.<\/p>\n<p>Purecook <a href=\"https:\/\/www.purecook.com\/de\/produktkategorie\/kochgeschirr\/\" target=\"_blank\" rel=\"noopener\"><strong>Kochgeschirrhersteller<\/strong> <\/a>bietet Fabrikpreise und OEM-Anpassungsservices. Kontaktieren Sie uns f\u00fcr das beste Angebot.<\/p>\n<h2>Merkmale und Vorteile des 5-teiligen Kochgeschirrsets<\/h2>\n<p><strong>Langlebigkeit:<\/strong> Kochgeschirr aus Edelstahl bietet eine hervorragende Korrosionsbest\u00e4ndigkeit und Langlebigkeit. Im Gegensatz zu Aluminium und anderen Metallen verbeult, verzieht oder bricht Kochgeschirr aus Edelstahl auch bei hohen Temperaturen oder h\u00e4ufigem Gebrauch nicht, wodurch eine lange Lebensdauer gew\u00e4hrleistet ist.<\/p>\n<p><strong>Nicht reaktive Oberfl\u00e4che:<\/strong> Edelstahlkochgeschirr reagiert nicht mit sauren oder alkalischen Lebensmitteln. Der nat\u00fcrliche Geschmack der Zutaten bleibt erhalten, ohne dass ein metallischer Geschmack entsteht.<\/p>\n<p><strong>Komplette Kochl\u00f6sung:<\/strong> Das 5-teilige Kochgeschirrset umfasst Suppent\u00f6pfe und Suppent\u00f6pfe in verschiedenen Gr\u00f6\u00dfen f\u00fcr eine Vielzahl von Kochaufgaben.<\/p>\n<p><strong>Einfach zu warten:<\/strong> Das 5-teilige Kochgeschirrset ist sp\u00fclmaschinenfest, und hartn\u00e4ckige R\u00fcckst\u00e4nde lassen sich in der Regel durch Einweichen oder leichtes Schrubben entfernen. Selbst bei h\u00e4ufigem Gebrauch beh\u00e4lt es sein gl\u00e4nzendes, professionelles Aussehen.<\/p>\n<p><strong>Fortschrittliche Technologie und Produktionsprozesse:<\/strong> Als f\u00fchrender Hersteller von Kochgeschirr nutzen wir effiziente und professionelle Produktionslinien und setzen fortschrittliche Poliertechniken ein, um sicherzustellen, dass unsere Produkte sch\u00f6n und benutzerfreundlich sind. Wir bieten die Lieferung gro\u00dfer Produktmengen an.<\/p>","protected":false},"featured_media":4741,"comment_status":"closed","ping_status":"closed","template":"","meta":{"_acf_changed":false},"product_brand":[],"product_cat":[24,69,70],"product_tag":[],"class_list":{"0":"post-4740","1":"product","2":"type-product","3":"status-publish","4":"has-post-thumbnail","6":"product_cat-cookware","7":"product_cat-cookware-sets","8":"product_cat-soup-and-stock-pots","10":"first","11":"instock","12":"shipping-taxable","13":"product-type-simple"},"acf":[],"_links":{"self":[{"href":"https:\/\/www.purecook.com\/de\/wp-json\/wp\/v2\/product\/4740","targetHints":{"allow":["GET"]}}],"collection":[{"href":"https:\/\/www.purecook.com\/de\/wp-json\/wp\/v2\/product"}],"about":[{"href":"https:\/\/www.purecook.com\/de\/wp-json\/wp\/v2\/types\/product"}],"replies":[{"embeddable":true,"href":"https:\/\/www.purecook.com\/de\/wp-json\/wp\/v2\/comments?post=4740"}],"wp:featuredmedia":[{"embeddable":true,"href":"https:\/\/www.purecook.com\/de\/wp-json\/wp\/v2\/media\/4741"}],"wp:attachment":[{"href":"https:\/\/www.purecook.com\/de\/wp-json\/wp\/v2\/media?parent=4740"}],"wp:term":[{"taxonomy":"product_brand","embeddable":true,"href":"https:\/\/www.purecook.com\/de\/wp-json\/wp\/v2\/product_brand?post=4740"},{"taxonomy":"product_cat","embeddable":true,"href":"https:\/\/www.purecook.com\/de\/wp-json\/wp\/v2\/product_cat?post=4740"},{"taxonomy":"product_tag","embeddable":true,"href":"https:\/\/www.purecook.com\/de\/wp-json\/wp\/v2\/product_tag?post=4740"}],"curies":[{"name":"wp","href":"https:\/\/api.w.org\/{rel}","templated":true}]}}