{"id":4752,"date":"2025-09-07T16:59:10","date_gmt":"2025-09-07T08:59:10","guid":{"rendered":"https:\/\/www.purecook.com\/?post_type=product&#038;p=4752"},"modified":"2025-09-08T11:29:04","modified_gmt":"2025-09-08T03:29:04","slug":"wholesale-stainless-steel-steak-clips","status":"publish","type":"product","link":"https:\/\/www.purecook.com\/de\/product\/wholesale-stainless-steel-steak-clips\/","title":{"rendered":"Gro\u00dfhandel Steak Clips, Steakzangen, BBQ Clips, BBQ Zangen"},"content":{"rendered":"<div class=\"wp-block-columns is-layout-flex wp-container-core-columns-is-layout-9d6595d7 wp-block-columns-is-layout-flex\">\n<div class=\"wp-block-column is-layout-flow wp-block-column-is-layout-flow\">\n<h3 class=\"wp-block-heading\">Parameter des Steak-Clips<\/h3>\n\n\n\n<p><strong>Material:<\/strong> Rostfreier Stahl 304<br><strong>Die Dicke:<\/strong> 0,5 mm<br><strong>Gr\u00f6\u00dfe: <\/strong>26\u00d77,2cm<br><strong>Bruttogewicht: <\/strong>Weniger als 200 g pro St\u00fcck<br>Logo: Siebdruck \/ Lasergravur \/ gepr\u00e4gter Stempel<\/p>\n<\/div>\n\n\n\n<div class=\"wp-block-column is-layout-flow wp-block-column-is-layout-flow\">\n<h3 class=\"wp-block-heading\">Individuelle K\u00fcchenutensilien Optionen<\/h3>\n\n\n\n<p><strong>Logo:<\/strong> Anpassbar mit Ihrem Markenlogo<br><strong>Verpackung:<\/strong>\u00a0Farbige Schachtel\/Karton, etc<\/p>\n<\/div>\n<\/div>\n\n\n\n<div class=\"wp-block-columns is-layout-flex wp-container-core-columns-is-layout-9d6595d7 wp-block-columns-is-layout-flex\">\n<div class=\"wp-block-column is-layout-flow wp-block-column-is-layout-flow\">\n<figure class=\"wp-block-image size-full\"><img decoding=\"async\" width=\"800\" height=\"800\" src=\"https:\/\/www.purecook.com\/wp-content\/uploads\/2025\/09\/wholesale-steak-clips-4.webp\" alt=\"Gro\u00dfhandel Steak-Clips (4)\" class=\"wp-image-4756\" srcset=\"https:\/\/www.purecook.com\/wp-content\/uploads\/2025\/09\/wholesale-steak-clips-4.webp 800w, https:\/\/www.purecook.com\/wp-content\/uploads\/2025\/09\/wholesale-steak-clips-4-300x300.webp 300w, https:\/\/www.purecook.com\/wp-content\/uploads\/2025\/09\/wholesale-steak-clips-4-150x150.webp 150w, https:\/\/www.purecook.com\/wp-content\/uploads\/2025\/09\/wholesale-steak-clips-4-768x768.webp 768w, https:\/\/www.purecook.com\/wp-content\/uploads\/2025\/09\/wholesale-steak-clips-4-12x12.webp 12w, https:\/\/www.purecook.com\/wp-content\/uploads\/2025\/09\/wholesale-steak-clips-4-600x600.webp 600w, https:\/\/www.purecook.com\/wp-content\/uploads\/2025\/09\/wholesale-steak-clips-4-100x100.webp 100w\" sizes=\"(max-width: 800px) 100vw, 800px\" \/><\/figure>\n<\/div>\n\n\n\n<div class=\"wp-block-column is-layout-flow wp-block-column-is-layout-flow\">\n<figure class=\"wp-block-image size-full\"><img decoding=\"async\" width=\"800\" height=\"800\" src=\"https:\/\/www.purecook.com\/wp-content\/uploads\/2025\/09\/wholesale-steak-clips-5.webp\" alt=\"Gro\u00dfhandel Steak-Clips (5)\" class=\"wp-image-4757\" srcset=\"https:\/\/www.purecook.com\/wp-content\/uploads\/2025\/09\/wholesale-steak-clips-5.webp 800w, https:\/\/www.purecook.com\/wp-content\/uploads\/2025\/09\/wholesale-steak-clips-5-300x300.webp 300w, https:\/\/www.purecook.com\/wp-content\/uploads\/2025\/09\/wholesale-steak-clips-5-150x150.webp 150w, https:\/\/www.purecook.com\/wp-content\/uploads\/2025\/09\/wholesale-steak-clips-5-768x768.webp 768w, https:\/\/www.purecook.com\/wp-content\/uploads\/2025\/09\/wholesale-steak-clips-5-12x12.webp 12w, https:\/\/www.purecook.com\/wp-content\/uploads\/2025\/09\/wholesale-steak-clips-5-600x600.webp 600w, https:\/\/www.purecook.com\/wp-content\/uploads\/2025\/09\/wholesale-steak-clips-5-100x100.webp 100w\" sizes=\"(max-width: 800px) 100vw, 800px\" \/><\/figure>\n<\/div>\n<\/div>\n\n\n\n<div class=\"wp-block-columns is-layout-flex wp-container-core-columns-is-layout-9d6595d7 wp-block-columns-is-layout-flex\">\n<div class=\"wp-block-column is-layout-flow wp-block-column-is-layout-flow\"><\/div>\n\n\n\n<div class=\"wp-block-column is-layout-flow wp-block-column-is-layout-flow\"><\/div>\n<\/div>","protected":false},"excerpt":{"rendered":"<p>Diese multifunktionale Steakklammer hat einen ergonomischen Griff und ein breites, flaches Spateldesign f\u00fcr einen bequemen Griff. Perfekt zum Wenden von Steaks, Lachs, Pfannkuchen, Burgern, gegrilltem K\u00e4se und sogar Gem\u00fcse. Lieferung in gro\u00dfen Mengen zum Fabrikpreis, ideal f\u00fcr Gro\u00dfk\u00fcchen und Gro\u00dfauftr\u00e4ge.<\/p>\n<h2>Merkmale und Vorteile von Steak-Clips<\/h2>\n<p><strong>Vielseitig:<\/strong> Das einzigartige Design des Steak-Clips erm\u00f6glicht die Handhabung einer Vielzahl von Lebensmitteln. Er kann zum Wenden von Steaks und Lachs sowie zum Anheben von gegrillten K\u00e4sesandwiches verwendet werden. Er kann auch f\u00fcr Pfannkuchen, Burger und sogar Gem\u00fcse verwendet werden.<\/p>\n<p><strong>Besserer Grip:<\/strong> Im Gegensatz zu herk\u00f6mmlichen Zangen bietet das spachtelf\u00f6rmige Design eine breite, flache Oberfl\u00e4che, auf der die Lebensmittel liegen und nicht verrutschen oder brechen k\u00f6nnen. Dies ist besonders n\u00fctzlich f\u00fcr empfindliche Lebensmittel wie Fisch oder zerbrechliche Gegenst\u00e4nde wie gegrillte K\u00e4sesandwiches.<\/p>\n<p><strong>Ergonomisch:<\/strong> Der Griff ist ergonomisch geformt und liegt gut in der Hand, so dass die Erm\u00fcdung der H\u00e4nde vor allem bei langen Kochvorg\u00e4ngen deutlich reduziert wird.<\/p>\n<p><strong>Bulk Supply:<\/strong> Als professioneller Hersteller von K\u00fcchenutensilien mit einer gro\u00df angelegten Produktionslinie bieten wir die Lieferung von Massenprodukten zu Fabrikpreisen an, was eine effiziente Abwicklung von Gro\u00dfauftr\u00e4gen erm\u00f6glicht.<\/p>","protected":false},"featured_media":4753,"comment_status":"closed","ping_status":"closed","template":"","meta":{"_acf_changed":false},"product_brand":[],"product_cat":[66,52],"product_tag":[],"class_list":{"0":"post-4752","1":"product","2":"type-product","3":"status-publish","4":"has-post-thumbnail","6":"product_cat-food-tongs","7":"product_cat-kitchen-utensils","9":"first","10":"instock","11":"shipping-taxable","12":"product-type-simple"},"acf":[],"_links":{"self":[{"href":"https:\/\/www.purecook.com\/de\/wp-json\/wp\/v2\/product\/4752","targetHints":{"allow":["GET"]}}],"collection":[{"href":"https:\/\/www.purecook.com\/de\/wp-json\/wp\/v2\/product"}],"about":[{"href":"https:\/\/www.purecook.com\/de\/wp-json\/wp\/v2\/types\/product"}],"replies":[{"embeddable":true,"href":"https:\/\/www.purecook.com\/de\/wp-json\/wp\/v2\/comments?post=4752"}],"wp:featuredmedia":[{"embeddable":true,"href":"https:\/\/www.purecook.com\/de\/wp-json\/wp\/v2\/media\/4753"}],"wp:attachment":[{"href":"https:\/\/www.purecook.com\/de\/wp-json\/wp\/v2\/media?parent=4752"}],"wp:term":[{"taxonomy":"product_brand","embeddable":true,"href":"https:\/\/www.purecook.com\/de\/wp-json\/wp\/v2\/product_brand?post=4752"},{"taxonomy":"product_cat","embeddable":true,"href":"https:\/\/www.purecook.com\/de\/wp-json\/wp\/v2\/product_cat?post=4752"},{"taxonomy":"product_tag","embeddable":true,"href":"https:\/\/www.purecook.com\/de\/wp-json\/wp\/v2\/product_tag?post=4752"}],"curies":[{"name":"wp","href":"https:\/\/api.w.org\/{rel}","templated":true}]}}