{"id":4770,"date":"2025-09-15T09:36:40","date_gmt":"2025-09-15T01:36:40","guid":{"rendered":"https:\/\/www.purecook.com\/?post_type=product&#038;p=4770"},"modified":"2025-09-15T10:01:28","modified_gmt":"2025-09-15T02:01:28","slug":"wholesale-dual-purpose-fry-pot-and-food-container","status":"publish","type":"product","link":"https:\/\/www.purecook.com\/de\/product\/wholesale-dual-purpose-fry-pot-and-food-container\/","title":{"rendered":"Gro\u00dfhandel Dual-Purpose Fry Topf und Lebensmittel-Container"},"content":{"rendered":"<div class=\"wp-block-columns is-layout-flex wp-container-core-columns-is-layout-9d6595d7 wp-block-columns-is-layout-flex\">\n<div class=\"wp-block-column is-layout-flow wp-block-column-is-layout-flow\">\n<h3 class=\"wp-block-heading\">Parameter des Edelstahlsiebsets<\/h3>\n\n\n\n<p><strong>Material:<\/strong> Rostfreier Stahl<br><strong>Deckel:<\/strong> PP \/ ABS<br><strong>Logo:<\/strong> Siebdruck\/Lasergravur\/gepr\u00e4gter Stempel<br><strong>Container:<\/strong> 18,5\u00d718,5\u00d79 cm<br><strong>Frittierkorb:<\/strong> 15,5\u00d715,5\u00d77 cm<br><strong>Dampfer: <\/strong>15\u00d715\u00d73 cm<\/p>\n<\/div>\n\n\n\n<div class=\"wp-block-column is-layout-flow wp-block-column-is-layout-flow\">\n<h3 class=\"wp-block-heading\">Kundenspezifische Optionen f\u00fcr Lagert\u00f6pfe<\/h3>\n\n\n\n<p><strong>Logo:<\/strong> Anpassbar mit Ihrem Markenlogo<br><strong>Farbe:<\/strong> Anpassbar<br><strong>Verpackung:<\/strong>\u00a0Farbige Schachtel\/Karton, etc.<\/p>\n<\/div>\n<\/div>\n\n\n\n<div class=\"wp-block-columns is-layout-flex wp-container-core-columns-is-layout-9d6595d7 wp-block-columns-is-layout-flex\">\n<div class=\"wp-block-column is-layout-flow wp-block-column-is-layout-flow\">\n<figure class=\"wp-block-image size-full\"><img decoding=\"async\" width=\"800\" height=\"800\" src=\"https:\/\/www.purecook.com\/wp-content\/uploads\/2025\/09\/dual-purpose-fry-pot-and-food-container-4.webp\" alt=\"Doppelter Bratentopf und Lebensmittelbeh\u00e4lter (4)\" class=\"wp-image-4774\" srcset=\"https:\/\/www.purecook.com\/wp-content\/uploads\/2025\/09\/dual-purpose-fry-pot-and-food-container-4.webp 800w, https:\/\/www.purecook.com\/wp-content\/uploads\/2025\/09\/dual-purpose-fry-pot-and-food-container-4-300x300.webp 300w, https:\/\/www.purecook.com\/wp-content\/uploads\/2025\/09\/dual-purpose-fry-pot-and-food-container-4-150x150.webp 150w, https:\/\/www.purecook.com\/wp-content\/uploads\/2025\/09\/dual-purpose-fry-pot-and-food-container-4-768x768.webp 768w, https:\/\/www.purecook.com\/wp-content\/uploads\/2025\/09\/dual-purpose-fry-pot-and-food-container-4-12x12.webp 12w, https:\/\/www.purecook.com\/wp-content\/uploads\/2025\/09\/dual-purpose-fry-pot-and-food-container-4-600x600.webp 600w, https:\/\/www.purecook.com\/wp-content\/uploads\/2025\/09\/dual-purpose-fry-pot-and-food-container-4-100x100.webp 100w\" sizes=\"(max-width: 800px) 100vw, 800px\" \/><\/figure>\n<\/div>\n\n\n\n<div class=\"wp-block-column is-layout-flow wp-block-column-is-layout-flow\">\n<figure class=\"wp-block-image size-full\"><img decoding=\"async\" width=\"800\" height=\"800\" src=\"https:\/\/www.purecook.com\/wp-content\/uploads\/2025\/09\/dual-purpose-fry-pot-and-food-container-5.webp\" alt=\"Doppelter Bratentopf und Lebensmittelbeh\u00e4lter (5)\" class=\"wp-image-4775\" srcset=\"https:\/\/www.purecook.com\/wp-content\/uploads\/2025\/09\/dual-purpose-fry-pot-and-food-container-5.webp 800w, https:\/\/www.purecook.com\/wp-content\/uploads\/2025\/09\/dual-purpose-fry-pot-and-food-container-5-300x300.webp 300w, https:\/\/www.purecook.com\/wp-content\/uploads\/2025\/09\/dual-purpose-fry-pot-and-food-container-5-150x150.webp 150w, https:\/\/www.purecook.com\/wp-content\/uploads\/2025\/09\/dual-purpose-fry-pot-and-food-container-5-768x768.webp 768w, https:\/\/www.purecook.com\/wp-content\/uploads\/2025\/09\/dual-purpose-fry-pot-and-food-container-5-12x12.webp 12w, https:\/\/www.purecook.com\/wp-content\/uploads\/2025\/09\/dual-purpose-fry-pot-and-food-container-5-600x600.webp 600w, https:\/\/www.purecook.com\/wp-content\/uploads\/2025\/09\/dual-purpose-fry-pot-and-food-container-5-100x100.webp 100w\" sizes=\"(max-width: 800px) 100vw, 800px\" \/><\/figure>\n<\/div>\n<\/div>\n\n\n\n<div class=\"wp-block-columns is-layout-flex wp-container-core-columns-is-layout-9d6595d7 wp-block-columns-is-layout-flex\">\n<div class=\"wp-block-column is-layout-flow wp-block-column-is-layout-flow\"><\/div>\n\n\n\n<div class=\"wp-block-column is-layout-flow wp-block-column-is-layout-flow\"><\/div>\n<\/div>","protected":false},"excerpt":{"rendered":"<p>Gro\u00dfhandels-Doppelzweck-Bratentopf und Lebensmittelbeh\u00e4lter. Er ist mit einem Frittierkorb, einem D\u00e4mpfeinsatz und einem Sicherheitsdeckel ausgestattet, so dass Sie problemlos frittieren, d\u00e4mpfen oder Lebensmittel aufbewahren k\u00f6nnen. Er ist aus ungiftigem, lebensmittelechtem Edelstahl gefertigt, um sicheres und gesundes Kochen zu gew\u00e4hrleisten. Dieses Kochgeschirr ist mit Induktionsherden und Gasherden kompatibel und damit die ideale Wahl f\u00fcr vielbesch\u00e4ftigte Haushalte, die Zubereitung von Mahlzeiten oder das Essen im Freien. Kontaktieren Sie uns f\u00fcr ein Angebot.<\/p>\n<h2>Merkmale der Doppelfunktion Bratentopf und Lebensmittelbeh\u00e4lter<\/h2>\n<p><strong>Multifunktionales K\u00fcchengeschirr:<\/strong> Dieses Produkt bietet mehrere Funktionen. Ausgestattet mit einem Frittierkorb, einem D\u00e4mpfeinsatz und einem Deckel kann es als Friteuse, Dampfgarer oder Lebensmittelbeh\u00e4lter mit Deckel verwendet werden.<\/p>\n<p><strong>Kompakte Lagerung:<\/strong> Der Frittierkorb und der D\u00e4mpfeinsatz lassen sich platzsparend im Topf verstauen, wenn sie nicht gebraucht werden.<\/p>\n<p><strong>Tragbar:<\/strong> Der Griff und der mit einem Riegel versehene Deckel erm\u00f6glichen einen einfachen Transport, so dass Sie Ihr Essen nach dem Kochen direkt von zu Hause mitnehmen k\u00f6nnen und keine separate Bento- oder Lunchbox mehr ben\u00f6tigen.<\/p>\n<p><strong>Sicher und gesund:<\/strong>\u00a0Ungiftige, lebensmittelechte Materialien sorgen daf\u00fcr, dass Ihre Mahlzeiten sicher verzehrt werden k\u00f6nnen, ohne dass beim Kochen oder Lagern Chemikalien auslaufen.<\/p>\n<p><strong>Induktionsherd-kompatibel:<\/strong> Dieses multifunktionale Kochgeschirr besteht aus hochwertigen magnetischen Materialien und ist mit Induktionskochfeldern kompatibel, was das Kochen zu Hause noch bequemer macht.<\/p>","protected":false},"featured_media":4771,"comment_status":"closed","ping_status":"closed","template":"","meta":{"_acf_changed":false},"product_brand":[],"product_cat":[24,51,25,72],"product_tag":[],"class_list":{"0":"post-4770","1":"product","2":"type-product","3":"status-publish","4":"has-post-thumbnail","6":"product_cat-cookware","7":"product_cat-dinnerware","8":"product_cat-food-storage","9":"product_cat-fryer-pots","11":"first","12":"instock","13":"shipping-taxable","14":"product-type-simple"},"acf":[],"_links":{"self":[{"href":"https:\/\/www.purecook.com\/de\/wp-json\/wp\/v2\/product\/4770","targetHints":{"allow":["GET"]}}],"collection":[{"href":"https:\/\/www.purecook.com\/de\/wp-json\/wp\/v2\/product"}],"about":[{"href":"https:\/\/www.purecook.com\/de\/wp-json\/wp\/v2\/types\/product"}],"replies":[{"embeddable":true,"href":"https:\/\/www.purecook.com\/de\/wp-json\/wp\/v2\/comments?post=4770"}],"wp:featuredmedia":[{"embeddable":true,"href":"https:\/\/www.purecook.com\/de\/wp-json\/wp\/v2\/media\/4771"}],"wp:attachment":[{"href":"https:\/\/www.purecook.com\/de\/wp-json\/wp\/v2\/media?parent=4770"}],"wp:term":[{"taxonomy":"product_brand","embeddable":true,"href":"https:\/\/www.purecook.com\/de\/wp-json\/wp\/v2\/product_brand?post=4770"},{"taxonomy":"product_cat","embeddable":true,"href":"https:\/\/www.purecook.com\/de\/wp-json\/wp\/v2\/product_cat?post=4770"},{"taxonomy":"product_tag","embeddable":true,"href":"https:\/\/www.purecook.com\/de\/wp-json\/wp\/v2\/product_tag?post=4770"}],"curies":[{"name":"wp","href":"https:\/\/api.w.org\/{rel}","templated":true}]}}