{"id":4785,"date":"2025-09-26T15:29:45","date_gmt":"2025-09-26T07:29:45","guid":{"rendered":"https:\/\/www.purecook.com\/?post_type=product&#038;p=4785"},"modified":"2025-09-26T16:13:38","modified_gmt":"2025-09-26T08:13:38","slug":"wholesale-three-layer-strainer-basket-set","status":"publish","type":"product","link":"https:\/\/www.purecook.com\/de\/product\/wholesale-three-layer-strainer-basket-set\/","title":{"rendered":"Gro\u00dfhandel Drei-Schicht-Sieb-Korb, quadratisches Sieb mit Sch\u00fcssel"},"content":{"rendered":"<div class=\"wp-block-columns is-layout-flex wp-container-core-columns-is-layout-9d6595d7 wp-block-columns-is-layout-flex\">\n<div class=\"wp-block-column is-layout-flow wp-block-column-is-layout-flow\">\n<h3 class=\"wp-block-heading\">Parameter des Siebkorbs<\/h3>\n\n\n\n<p><strong>Material:<\/strong> Rostfreier Stahl 304<br><strong>Die Dicke:<\/strong> 0,5 mm<br><strong>Logo:<\/strong> Siebdruck \/ Lasergravur \/ Pr\u00e4gestempel<br><strong>Gr\u00f6\u00dfe:<\/strong> 18\/22\/26\/30cm<br><strong>Bruttogewicht:<\/strong> 1kg pro St\u00fcck<\/p>\n<\/div>\n\n\n\n<div class=\"wp-block-column is-layout-flow wp-block-column-is-layout-flow\">\n<h3 class=\"wp-block-heading\">Kundenspezifische Optionen f\u00fcr K\u00fcchengeschirr<\/h3>\n\n\n\n<p><strong>Logo:<\/strong> Anpassbar mit Ihrem Markenlogo<br><strong>Farbe:<\/strong> Anpassbar<br><strong>Verpackung:<\/strong>\u00a0Farbige Schachtel\/Karton, etc.<\/p>\n<\/div>\n<\/div>\n\n\n\n<div class=\"wp-block-columns is-layout-flex wp-container-core-columns-is-layout-9d6595d7 wp-block-columns-is-layout-flex\">\n<div class=\"wp-block-column is-layout-flow wp-block-column-is-layout-flow\">\n<figure class=\"wp-block-image size-full\"><img decoding=\"async\" width=\"800\" height=\"800\" src=\"https:\/\/www.purecook.com\/wp-content\/uploads\/2025\/09\/three-layer-strainer-basket-set-3.webp\" alt=\"Dreischicht-Siebkorb-Set (3)\" class=\"wp-image-4791\" srcset=\"https:\/\/www.purecook.com\/wp-content\/uploads\/2025\/09\/three-layer-strainer-basket-set-3.webp 800w, https:\/\/www.purecook.com\/wp-content\/uploads\/2025\/09\/three-layer-strainer-basket-set-3-300x300.webp 300w, https:\/\/www.purecook.com\/wp-content\/uploads\/2025\/09\/three-layer-strainer-basket-set-3-150x150.webp 150w, https:\/\/www.purecook.com\/wp-content\/uploads\/2025\/09\/three-layer-strainer-basket-set-3-768x768.webp 768w, https:\/\/www.purecook.com\/wp-content\/uploads\/2025\/09\/three-layer-strainer-basket-set-3-12x12.webp 12w, https:\/\/www.purecook.com\/wp-content\/uploads\/2025\/09\/three-layer-strainer-basket-set-3-600x600.webp 600w, https:\/\/www.purecook.com\/wp-content\/uploads\/2025\/09\/three-layer-strainer-basket-set-3-100x100.webp 100w\" sizes=\"(max-width: 800px) 100vw, 800px\" \/><\/figure>\n<\/div>\n\n\n\n<div class=\"wp-block-column is-layout-flow wp-block-column-is-layout-flow\">\n<figure class=\"wp-block-image size-full\"><img decoding=\"async\" width=\"800\" height=\"800\" src=\"https:\/\/www.purecook.com\/wp-content\/uploads\/2025\/09\/three-layer-strainer-basket-set-4.webp\" alt=\"Dreischicht-Siebkorb-Set (4)\" class=\"wp-image-4792\" srcset=\"https:\/\/www.purecook.com\/wp-content\/uploads\/2025\/09\/three-layer-strainer-basket-set-4.webp 800w, https:\/\/www.purecook.com\/wp-content\/uploads\/2025\/09\/three-layer-strainer-basket-set-4-300x300.webp 300w, https:\/\/www.purecook.com\/wp-content\/uploads\/2025\/09\/three-layer-strainer-basket-set-4-150x150.webp 150w, https:\/\/www.purecook.com\/wp-content\/uploads\/2025\/09\/three-layer-strainer-basket-set-4-768x768.webp 768w, https:\/\/www.purecook.com\/wp-content\/uploads\/2025\/09\/three-layer-strainer-basket-set-4-12x12.webp 12w, https:\/\/www.purecook.com\/wp-content\/uploads\/2025\/09\/three-layer-strainer-basket-set-4-600x600.webp 600w, https:\/\/www.purecook.com\/wp-content\/uploads\/2025\/09\/three-layer-strainer-basket-set-4-100x100.webp 100w\" sizes=\"(max-width: 800px) 100vw, 800px\" \/><\/figure>\n<\/div>\n<\/div>\n\n\n\n<div class=\"wp-block-columns is-layout-flex wp-container-core-columns-is-layout-9d6595d7 wp-block-columns-is-layout-flex\">\n<div class=\"wp-block-column is-layout-flow wp-block-column-is-layout-flow\"><\/div>\n\n\n\n<div class=\"wp-block-column is-layout-flow wp-block-column-is-layout-flow\"><\/div>\n<\/div>","protected":false},"excerpt":{"rendered":"<p>Das dreilagige Siebkorb-Set aus dem Gro\u00dfhandel, das f\u00fcr Vielseitigkeit und Bequemlichkeit entwickelt wurde, umfasst ein Sieb zum Waschen und Abtropfen von Gem\u00fcse, eine Aufbewahrungsbox f\u00fcr Frische und eine Abdeckung f\u00fcr ein Schneidebrett zur bequemen Zubereitung von Speisen. Es ist perfekt f\u00fcr die K\u00fcche zu Hause und im Freien.<\/p>\n<h2>Merkmale und Vorteile des Edelstahlsiebkorbs<\/h2>\n<p><strong>Vielseitig:<\/strong> Dieses Set vereint mehrere unverzichtbare K\u00fcchenutensilien in einem, darunter ein Sieb zum Waschen und Abtropfen von Gem\u00fcse, einen Aufbewahrungsbeh\u00e4lter und ein Schneidebrett, so dass es sowohl f\u00fcr den Hausgebrauch als auch f\u00fcr den Au\u00dfenbereich geeignet ist.<\/p>\n<p><strong>Tragbarer und sicherer Transport:<\/strong> Ein gro\u00dfer Vorteil ist der mit Schnallen versehene Trageriemen, der die Komponenten w\u00e4hrend des Transports sicher fixiert, ein Abrutschen des Deckels verhindert und gleichzeitig als Griff zum einfachen Tragen dient.<\/p>\n<p><strong>Platzsparendes Design:<\/strong> Die Komponenten sind so konzipiert, dass sie sich effizient ineinander schachteln oder stapeln lassen, was sie ideal f\u00fcr kleine R\u00e4ume wie Wohnmobile, Campingausr\u00fcstungstaschen oder minimalistische K\u00fcchen macht.<\/p>\n<p><strong>Langlebiges und sicheres Material:<\/strong> Die Hauptbestandteile sind aus rostfreiem Stahl gefertigt, sehr langlebig, rost- und korrosionsbest\u00e4ndig, leicht zu reinigen und sp\u00fclmaschinengeeignet.<\/p>","protected":false},"featured_media":4789,"comment_status":"closed","ping_status":"closed","template":"","meta":{"_acf_changed":false},"product_brand":[],"product_cat":[52,65],"product_tag":[],"class_list":{"0":"post-4785","1":"product","2":"type-product","3":"status-publish","4":"has-post-thumbnail","6":"product_cat-kitchen-utensils","7":"product_cat-kitchen-strainer-and-colander","9":"first","10":"instock","11":"shipping-taxable","12":"product-type-simple"},"acf":[],"_links":{"self":[{"href":"https:\/\/www.purecook.com\/de\/wp-json\/wp\/v2\/product\/4785","targetHints":{"allow":["GET"]}}],"collection":[{"href":"https:\/\/www.purecook.com\/de\/wp-json\/wp\/v2\/product"}],"about":[{"href":"https:\/\/www.purecook.com\/de\/wp-json\/wp\/v2\/types\/product"}],"replies":[{"embeddable":true,"href":"https:\/\/www.purecook.com\/de\/wp-json\/wp\/v2\/comments?post=4785"}],"wp:featuredmedia":[{"embeddable":true,"href":"https:\/\/www.purecook.com\/de\/wp-json\/wp\/v2\/media\/4789"}],"wp:attachment":[{"href":"https:\/\/www.purecook.com\/de\/wp-json\/wp\/v2\/media?parent=4785"}],"wp:term":[{"taxonomy":"product_brand","embeddable":true,"href":"https:\/\/www.purecook.com\/de\/wp-json\/wp\/v2\/product_brand?post=4785"},{"taxonomy":"product_cat","embeddable":true,"href":"https:\/\/www.purecook.com\/de\/wp-json\/wp\/v2\/product_cat?post=4785"},{"taxonomy":"product_tag","embeddable":true,"href":"https:\/\/www.purecook.com\/de\/wp-json\/wp\/v2\/product_tag?post=4785"}],"curies":[{"name":"wp","href":"https:\/\/api.w.org\/{rel}","templated":true}]}}