{"id":4795,"date":"2025-09-26T16:14:26","date_gmt":"2025-09-26T08:14:26","guid":{"rendered":"https:\/\/www.purecook.com\/?post_type=product&#038;p=4795"},"modified":"2025-11-24T11:38:18","modified_gmt":"2025-11-24T03:38:18","slug":"wholesale-outdoor-stainless-steel-frying-pans","status":"publish","type":"product","link":"https:\/\/www.purecook.com\/de\/product\/wholesale-outdoor-stainless-steel-frying-pans\/","title":{"rendered":"Gro\u00dfhandel Outdoor-Edelstahl-Bratpfannen"},"content":{"rendered":"<div class=\"wp-block-columns is-layout-flex wp-container-core-columns-is-layout-9d6595d7 wp-block-columns-is-layout-flex\">\n<div class=\"wp-block-column is-layout-flow wp-block-column-is-layout-flow\">\n<h3 class=\"wp-block-heading\">Parameter der Outdoor-Edelstahl-Bratpfanne<\/h3>\n\n\n\n<p><strong>Material:<\/strong> SS304<br><strong>Logo:<\/strong> Siebdruck \/ Lasergravur \/ Pr\u00e4gestempel<br><strong>Gr\u00f6\u00dfe:<\/strong> 20\/22\/24cm<br><br><\/p>\n<\/div>\n\n\n\n<div class=\"wp-block-column is-layout-flow wp-block-column-is-layout-flow\">\n<h3 class=\"wp-block-heading\">Individuelle Kochgeschirr-Optionen<\/h3>\n\n\n\n<p><strong>Logo:<\/strong> Anpassbar mit Ihrem Markenlogo<br><strong>Verpackung:<\/strong>\u00a0Farbige Schachtel\/Karton, etc<\/p>\n<\/div>\n<\/div>\n\n\n\n<div class=\"wp-block-columns is-layout-flex wp-container-core-columns-is-layout-9d6595d7 wp-block-columns-is-layout-flex\">\n<div class=\"wp-block-column is-layout-flow wp-block-column-is-layout-flow\">\n<figure class=\"wp-block-image size-full\"><img decoding=\"async\" width=\"800\" height=\"800\" src=\"https:\/\/www.purecook.com\/wp-content\/uploads\/2025\/09\/wholesale-outcoor-frying-pan-2.webp\" alt=\"Gro\u00dfhandel Outcoor Bratpfanne (2)\" class=\"wp-image-4797\" srcset=\"https:\/\/www.purecook.com\/wp-content\/uploads\/2025\/09\/wholesale-outcoor-frying-pan-2.webp 800w, https:\/\/www.purecook.com\/wp-content\/uploads\/2025\/09\/wholesale-outcoor-frying-pan-2-300x300.webp 300w, https:\/\/www.purecook.com\/wp-content\/uploads\/2025\/09\/wholesale-outcoor-frying-pan-2-150x150.webp 150w, https:\/\/www.purecook.com\/wp-content\/uploads\/2025\/09\/wholesale-outcoor-frying-pan-2-768x768.webp 768w, https:\/\/www.purecook.com\/wp-content\/uploads\/2025\/09\/wholesale-outcoor-frying-pan-2-12x12.webp 12w, https:\/\/www.purecook.com\/wp-content\/uploads\/2025\/09\/wholesale-outcoor-frying-pan-2-600x600.webp 600w, https:\/\/www.purecook.com\/wp-content\/uploads\/2025\/09\/wholesale-outcoor-frying-pan-2-100x100.webp 100w\" sizes=\"(max-width: 800px) 100vw, 800px\" \/><\/figure>\n<\/div>\n\n\n\n<div class=\"wp-block-column is-layout-flow wp-block-column-is-layout-flow\">\n<figure class=\"wp-block-image size-full\"><img decoding=\"async\" width=\"800\" height=\"800\" src=\"https:\/\/www.purecook.com\/wp-content\/uploads\/2025\/09\/wholesale-outcoor-frying-pan-3.webp\" alt=\"Gro\u00dfhandel Outcoor Bratpfanne (3)\" class=\"wp-image-4798\" srcset=\"https:\/\/www.purecook.com\/wp-content\/uploads\/2025\/09\/wholesale-outcoor-frying-pan-3.webp 800w, https:\/\/www.purecook.com\/wp-content\/uploads\/2025\/09\/wholesale-outcoor-frying-pan-3-300x300.webp 300w, https:\/\/www.purecook.com\/wp-content\/uploads\/2025\/09\/wholesale-outcoor-frying-pan-3-150x150.webp 150w, https:\/\/www.purecook.com\/wp-content\/uploads\/2025\/09\/wholesale-outcoor-frying-pan-3-768x768.webp 768w, https:\/\/www.purecook.com\/wp-content\/uploads\/2025\/09\/wholesale-outcoor-frying-pan-3-12x12.webp 12w, https:\/\/www.purecook.com\/wp-content\/uploads\/2025\/09\/wholesale-outcoor-frying-pan-3-600x600.webp 600w, https:\/\/www.purecook.com\/wp-content\/uploads\/2025\/09\/wholesale-outcoor-frying-pan-3-100x100.webp 100w\" sizes=\"(max-width: 800px) 100vw, 800px\" \/><\/figure>\n<\/div>\n<\/div>\n\n\n\n<div class=\"wp-block-columns is-layout-flex wp-container-core-columns-is-layout-9d6595d7 wp-block-columns-is-layout-flex\">\n<div class=\"wp-block-column is-layout-flow wp-block-column-is-layout-flow\"><\/div>\n\n\n\n<div class=\"wp-block-column is-layout-flow wp-block-column-is-layout-flow\"><\/div>\n<\/div>","protected":false},"excerpt":{"rendered":"<p>Bratpfannen f\u00fcr den Au\u00dfenbereich im Gro\u00dfhandel, perfekt f\u00fcr das Kochen mit einem Gasherd. In den abnehmbaren Griff der Bratpfanne sind Messer und Gabel integriert, was beim Camping, Picknick oder Wandern sehr praktisch ist. Kontaktieren Sie uns f\u00fcr ein Gro\u00dfhandelsangebot.<\/p>\n<h2>Merkmale von Bratpfannen aus Edelstahl f\u00fcr den Au\u00dfenbereich<\/h2>\n<p><strong>Vielseitig kochen:<\/strong> Die aus Edelstahl 304 gefertigten Pfannen eignen sich f\u00fcr eine Vielzahl von Aufgaben, darunter Braten und Kochen\/R\u00fchrbraten.<\/p>\n<p><strong>Innovativer und praktischer Handgriff:<\/strong> Die Gro\u00dfhandelspfanne verf\u00fcgt \u00fcber einen abnehmbaren Griff mit Messer und Gabel, was sie praktisch f\u00fcr den Einsatz im Freien macht, ohne dass man separate Utensilien mitnehmen muss.<\/p>\n<p><strong>Kompatibilit\u00e4t f\u00fcr das Kochen im Freien:<\/strong> Diese Pfannen sind f\u00fcr den Gebrauch auf tragbaren Gaskochern konzipiert und eignen sich perfekt f\u00fcr Camping, Picknicks oder andere Outdoor-Abenteuer.<\/p>\n<p><strong>Leichter zu reinigen:<\/strong> Sie bestehen aus rostfreiem Stahl und sind korrosions- und rostbest\u00e4ndig. Ihre glatte Oberfl\u00e4che widersteht Lebensmittelflecken und erm\u00f6glicht eine schnelle Reinigung in einem kleinen Sp\u00fclbecken oder einer Campingwanne.<\/p>","protected":false},"featured_media":4796,"comment_status":"closed","ping_status":"closed","template":"","meta":{"_acf_changed":false},"product_brand":[],"product_cat":[24,71],"product_tag":[96],"class_list":{"0":"post-4795","1":"product","2":"type-product","3":"status-publish","4":"has-post-thumbnail","6":"product_cat-cookware","7":"product_cat-frying-pan","8":"product_tag-wholesale-outdoor-cookware","10":"first","11":"instock","12":"shipping-taxable","13":"product-type-simple"},"acf":[],"_links":{"self":[{"href":"https:\/\/www.purecook.com\/de\/wp-json\/wp\/v2\/product\/4795","targetHints":{"allow":["GET"]}}],"collection":[{"href":"https:\/\/www.purecook.com\/de\/wp-json\/wp\/v2\/product"}],"about":[{"href":"https:\/\/www.purecook.com\/de\/wp-json\/wp\/v2\/types\/product"}],"replies":[{"embeddable":true,"href":"https:\/\/www.purecook.com\/de\/wp-json\/wp\/v2\/comments?post=4795"}],"wp:featuredmedia":[{"embeddable":true,"href":"https:\/\/www.purecook.com\/de\/wp-json\/wp\/v2\/media\/4796"}],"wp:attachment":[{"href":"https:\/\/www.purecook.com\/de\/wp-json\/wp\/v2\/media?parent=4795"}],"wp:term":[{"taxonomy":"product_brand","embeddable":true,"href":"https:\/\/www.purecook.com\/de\/wp-json\/wp\/v2\/product_brand?post=4795"},{"taxonomy":"product_cat","embeddable":true,"href":"https:\/\/www.purecook.com\/de\/wp-json\/wp\/v2\/product_cat?post=4795"},{"taxonomy":"product_tag","embeddable":true,"href":"https:\/\/www.purecook.com\/de\/wp-json\/wp\/v2\/product_tag?post=4795"}],"curies":[{"name":"wp","href":"https:\/\/api.w.org\/{rel}","templated":true}]}}