{"id":4881,"date":"2025-11-01T10:36:16","date_gmt":"2025-11-01T02:36:16","guid":{"rendered":"https:\/\/www.purecook.com\/?post_type=product&#038;p=4881"},"modified":"2025-11-01T11:14:03","modified_gmt":"2025-11-01T03:14:03","slug":"wholesale-stainless-steel-pasta-pot","status":"publish","type":"product","link":"https:\/\/www.purecook.com\/de\/product\/wholesale-stainless-steel-pasta-pot\/","title":{"rendered":"Gro\u00dfhandel Edelstahl Pasta Topf - Commercial Grade, gro\u00dfe Kapazit\u00e4t, sp\u00fclmaschinenfest"},"content":{"rendered":"<div class=\"wp-block-columns is-layout-flex wp-container-core-columns-is-layout-9d6595d7 wp-block-columns-is-layout-flex\">\n<div class=\"wp-block-column is-layout-flow wp-block-column-is-layout-flow\">\n<h3 class=\"wp-block-heading\">Parameter der Outdoor-Edelstahl-Bratpfanne<\/h3>\n\n\n\n<p><strong>Material:<\/strong> SUS#201<br><strong>Normale Dicke:<\/strong> 0,5 mm<br><strong>Deckel:<\/strong> Edelstahl-Deckel<br><strong>Unten: <\/strong>Induktions-Sandwichboden (SUS201+2mm Alu.+SUS)<br><strong>Logo: <\/strong>Laser-Logo<br><strong>Gr\u00f6\u00dfe:<\/strong> 20\u00d714,5cm Topf <br>        20\u00d7 15,5cm Dampfer<br><strong>Au\u00dferhalb Dia:<\/strong> 22cm<\/p>\n<\/div>\n\n\n\n<div class=\"wp-block-column is-layout-flow wp-block-column-is-layout-flow\">\n<h3 class=\"wp-block-heading\">Individuelle Kochgeschirr-Optionen<\/h3>\n\n\n\n<p><strong>Logo:<\/strong> Anpassbar mit Ihrem Markenlogo<br><strong>Verpackung:<\/strong>\u00a0Farbige Schachtel\/Karton, etc<br><strong>Handgriff: <\/strong>Griffe f\u00fcr Ihren Stil<\/p>\n<\/div>\n<\/div>\n\n\n\n<div class=\"wp-block-columns is-layout-flex wp-container-core-columns-is-layout-9d6595d7 wp-block-columns-is-layout-flex\">\n<div class=\"wp-block-column is-layout-flow wp-block-column-is-layout-flow\">\n<figure class=\"wp-block-image size-full\"><img decoding=\"async\" width=\"800\" height=\"800\" src=\"https:\/\/www.purecook.com\/wp-content\/uploads\/2025\/11\/wholesale-pasta-pot-3.webp\" alt=\"Gro\u00dfhandel Nudeltopf (3)\" class=\"wp-image-4884\" srcset=\"https:\/\/www.purecook.com\/wp-content\/uploads\/2025\/11\/wholesale-pasta-pot-3.webp 800w, https:\/\/www.purecook.com\/wp-content\/uploads\/2025\/11\/wholesale-pasta-pot-3-300x300.webp 300w, https:\/\/www.purecook.com\/wp-content\/uploads\/2025\/11\/wholesale-pasta-pot-3-150x150.webp 150w, https:\/\/www.purecook.com\/wp-content\/uploads\/2025\/11\/wholesale-pasta-pot-3-768x768.webp 768w, https:\/\/www.purecook.com\/wp-content\/uploads\/2025\/11\/wholesale-pasta-pot-3-12x12.webp 12w, https:\/\/www.purecook.com\/wp-content\/uploads\/2025\/11\/wholesale-pasta-pot-3-600x600.webp 600w, https:\/\/www.purecook.com\/wp-content\/uploads\/2025\/11\/wholesale-pasta-pot-3-100x100.webp 100w\" sizes=\"(max-width: 800px) 100vw, 800px\" \/><\/figure>\n<\/div>\n\n\n\n<div class=\"wp-block-column is-layout-flow wp-block-column-is-layout-flow\">\n<figure class=\"wp-block-image size-full\"><img decoding=\"async\" width=\"800\" height=\"800\" src=\"https:\/\/www.purecook.com\/wp-content\/uploads\/2025\/11\/wholesale-pasta-pot-dimensions.webp\" alt=\"Gro\u00dfhandel Nudeltopf Abmessungen\" class=\"wp-image-4887\" srcset=\"https:\/\/www.purecook.com\/wp-content\/uploads\/2025\/11\/wholesale-pasta-pot-dimensions.webp 800w, https:\/\/www.purecook.com\/wp-content\/uploads\/2025\/11\/wholesale-pasta-pot-dimensions-300x300.webp 300w, https:\/\/www.purecook.com\/wp-content\/uploads\/2025\/11\/wholesale-pasta-pot-dimensions-150x150.webp 150w, https:\/\/www.purecook.com\/wp-content\/uploads\/2025\/11\/wholesale-pasta-pot-dimensions-768x768.webp 768w, https:\/\/www.purecook.com\/wp-content\/uploads\/2025\/11\/wholesale-pasta-pot-dimensions-12x12.webp 12w, https:\/\/www.purecook.com\/wp-content\/uploads\/2025\/11\/wholesale-pasta-pot-dimensions-600x600.webp 600w, https:\/\/www.purecook.com\/wp-content\/uploads\/2025\/11\/wholesale-pasta-pot-dimensions-100x100.webp 100w\" sizes=\"(max-width: 800px) 100vw, 800px\" \/><\/figure>\n<\/div>\n<\/div>\n\n\n\n<div class=\"wp-block-columns is-layout-flex wp-container-core-columns-is-layout-9d6595d7 wp-block-columns-is-layout-flex\">\n<div class=\"wp-block-column is-layout-flow wp-block-column-is-layout-flow\"><\/div>\n\n\n\n<div class=\"wp-block-column is-layout-flow wp-block-column-is-layout-flow\"><\/div>\n<\/div>","protected":false},"excerpt":{"rendered":"<p>Wir laden Sie ein, Gro\u00dfbestellungen f\u00fcr unsere Pastat\u00f6pfe aufzugeben. Er funktioniert sowohl als Suppentopf mit gro\u00dfem Fassungsverm\u00f6gen als auch als effizienter Nudeltopf und maximiert so den Platz in der K\u00fcche. Sein gro\u00dfes Fassungsverm\u00f6gen eignet sich perfekt zum Kochen eines gro\u00dfen Topfes Nudeln oder zur Zubereitung verschiedener hei\u00dfer Suppen f\u00fcr Restaurants oder kleine Gastst\u00e4tten und erf\u00fcllt damit die Bed\u00fcrfnisse gro\u00dfer Familien und kleiner Restaurants. Kontaktieren Sie uns f\u00fcr ein Angebot.<\/p>\n<h2>Eigenschaften von Edelstahl-Nudeltopf<\/h2>\n<p><strong>Ausgezeichneter Nudeltopf:<\/strong> Mit abnehmbarem Sieb, so dass Sie gekochte Nudeln ohne separates Sieb direkt in die Sp\u00fcle abgie\u00dfen k\u00f6nnen.<\/p>\n<p><strong>Leicht zu reinigen und zu pflegen:<\/strong> Unser Nudeltopf f\u00fcr den Gro\u00dfhandel ist aus langlebigem Edelstahl gefertigt und sp\u00fclmaschinenfest, was Ihnen Zeit bei der Reinigung spart.<\/p>\n<p><strong>Bequemes Design:<\/strong> Sowohl der Haupttopf als auch der Innentopf sind mit stabilen Seitengriffen ausgestattet, die ein sicheres und einfaches Anheben auch im gef\u00fcllten Zustand erm\u00f6glichen.<\/p>\n<p><strong>Gro\u00dfe Kapazit\u00e4t:<\/strong> Mit einem Durchmesser von 22 cm kann der Topf mehr Speisen auf einmal zubereiten und eignet sich daher f\u00fcr gewerbliche Restaurants oder gro\u00dfe Familien.<\/p>\n<p><strong>OEM-Unterst\u00fctzung:<\/strong> Wir bieten umfassende kundenspezifische Dienstleistungen an, darunter die Gravur von Markenlogos, die Auswahl verschiedener Materialien oder Oberfl\u00e4chenbehandlungen, Kapazit\u00e4tsanpassungen usw., ideal f\u00fcr Restaurantketten, Hotels und Gro\u00dfh\u00e4ndler.<\/p>","protected":false},"featured_media":4882,"comment_status":"closed","ping_status":"closed","template":"","meta":{"_acf_changed":false},"product_brand":[],"product_cat":[70,24],"product_tag":[97],"class_list":{"0":"post-4881","1":"product","2":"type-product","3":"status-publish","4":"has-post-thumbnail","6":"product_cat-soup-and-stock-pots","7":"product_cat-cookware","8":"product_tag-wholesale-commercial-cookware","10":"first","11":"instock","12":"shipping-taxable","13":"product-type-simple"},"acf":[],"_links":{"self":[{"href":"https:\/\/www.purecook.com\/de\/wp-json\/wp\/v2\/product\/4881","targetHints":{"allow":["GET"]}}],"collection":[{"href":"https:\/\/www.purecook.com\/de\/wp-json\/wp\/v2\/product"}],"about":[{"href":"https:\/\/www.purecook.com\/de\/wp-json\/wp\/v2\/types\/product"}],"replies":[{"embeddable":true,"href":"https:\/\/www.purecook.com\/de\/wp-json\/wp\/v2\/comments?post=4881"}],"wp:featuredmedia":[{"embeddable":true,"href":"https:\/\/www.purecook.com\/de\/wp-json\/wp\/v2\/media\/4882"}],"wp:attachment":[{"href":"https:\/\/www.purecook.com\/de\/wp-json\/wp\/v2\/media?parent=4881"}],"wp:term":[{"taxonomy":"product_brand","embeddable":true,"href":"https:\/\/www.purecook.com\/de\/wp-json\/wp\/v2\/product_brand?post=4881"},{"taxonomy":"product_cat","embeddable":true,"href":"https:\/\/www.purecook.com\/de\/wp-json\/wp\/v2\/product_cat?post=4881"},{"taxonomy":"product_tag","embeddable":true,"href":"https:\/\/www.purecook.com\/de\/wp-json\/wp\/v2\/product_tag?post=4881"}],"curies":[{"name":"wp","href":"https:\/\/api.w.org\/{rel}","templated":true}]}}