{"id":4891,"date":"2025-11-01T11:14:16","date_gmt":"2025-11-01T03:14:16","guid":{"rendered":"https:\/\/www.purecook.com\/?post_type=product&#038;p=4891"},"modified":"2025-11-01T11:39:10","modified_gmt":"2025-11-01T03:39:10","slug":"wholesale-3-piece-stainless-steel-mixing-bowl-set","status":"publish","type":"product","link":"https:\/\/www.purecook.com\/de\/product\/wholesale-3-piece-stainless-steel-mixing-bowl-set\/","title":{"rendered":"Gro\u00dfhandel Edelstahl Mischen Schalen, 3-teilige stapelbar Set"},"content":{"rendered":"<div class=\"wp-block-columns is-layout-flex wp-container-core-columns-is-layout-9d6595d7 wp-block-columns-is-layout-flex\">\n<div class=\"wp-block-column is-layout-flow wp-block-column-is-layout-flow\">\n<h3 class=\"wp-block-heading\">Parameter des R\u00fchrsch\u00fcsselsets<\/h3>\n\n\n\n<p><strong>Material:<\/strong> SUS#201<br><strong>Normale Dicke:<\/strong> 0,5 mm<br><strong>Farbe: <\/strong>Beige<br><strong>Prozess:<\/strong> Au\u00dfenanstrich der Keramik und Innenschleifen<br><strong>Spezifikationen: <\/strong>20\u00d79,7cm; 24\u00d710,8cm; 28\u00d712cm;<br><strong>Durchmesser 1:<\/strong>  20,4 cm; 24,9 cm; 28,9 cm (Au\u00dfendurchmesser)<br><strong>Durchmesser 2: <\/strong>21,2; 25,2cm; 29,4cm (mit Umleitung Au\u00dfendurchmesser)<br><strong>H\u00f6he:<\/strong> 9,7 cm; 10,8 cm; 12 cm<br>Gewicht: 235g; 330g; 405g<br><strong>Farbe Box Gr\u00f6\u00dfe: <\/strong>29,6 \u00d7 12,5 \u00d7 29,4 cm<br><strong>\u00c4u\u00dfere Gr\u00f6\u00dfe der Box: <\/strong>64,5 \u00d7 31,5 \u00d7 62 cm<br><strong>Nettogewicht\/Bruttogewicht:<\/strong> 12.2kg\/14.2kg<br><strong>Packung Menge: <\/strong>10 S\u00e4tze\/Karton<\/p>\n<\/div>\n\n\n\n<div class=\"wp-block-column is-layout-flow wp-block-column-is-layout-flow\">\n<h3 class=\"wp-block-heading\">Optionen f\u00fcr individuelle R\u00fchrsch\u00fcsseln<\/h3>\n\n\n\n<p><strong>Logo:<\/strong> Anpassbar mit Ihrem Markenlogo<br><strong>Verpackung:<\/strong>\u00a0Farbige Schachtel\/Karton, etc<\/p>\n<\/div>\n<\/div>\n\n\n\n<div class=\"wp-block-columns is-layout-flex wp-container-core-columns-is-layout-9d6595d7 wp-block-columns-is-layout-flex\">\n<div class=\"wp-block-column is-layout-flow wp-block-column-is-layout-flow\">\n<figure class=\"wp-block-image size-full\"><img decoding=\"async\" width=\"800\" height=\"800\" src=\"https:\/\/www.purecook.com\/wp-content\/uploads\/2025\/11\/wholesale-stainless-steel-mixing-bowl-5.webp\" alt=\"Gro\u00dfhandel Edelstahl R\u00fchrsch\u00fcssel (5)\" class=\"wp-image-4896\" srcset=\"https:\/\/www.purecook.com\/wp-content\/uploads\/2025\/11\/wholesale-stainless-steel-mixing-bowl-5.webp 800w, https:\/\/www.purecook.com\/wp-content\/uploads\/2025\/11\/wholesale-stainless-steel-mixing-bowl-5-300x300.webp 300w, https:\/\/www.purecook.com\/wp-content\/uploads\/2025\/11\/wholesale-stainless-steel-mixing-bowl-5-150x150.webp 150w, https:\/\/www.purecook.com\/wp-content\/uploads\/2025\/11\/wholesale-stainless-steel-mixing-bowl-5-768x768.webp 768w, https:\/\/www.purecook.com\/wp-content\/uploads\/2025\/11\/wholesale-stainless-steel-mixing-bowl-5-12x12.webp 12w, https:\/\/www.purecook.com\/wp-content\/uploads\/2025\/11\/wholesale-stainless-steel-mixing-bowl-5-600x600.webp 600w, https:\/\/www.purecook.com\/wp-content\/uploads\/2025\/11\/wholesale-stainless-steel-mixing-bowl-5-100x100.webp 100w\" sizes=\"(max-width: 800px) 100vw, 800px\" \/><\/figure>\n<\/div>\n\n\n\n<div class=\"wp-block-column is-layout-flow wp-block-column-is-layout-flow\">\n<figure class=\"wp-block-image size-full\"><img decoding=\"async\" width=\"800\" height=\"800\" src=\"https:\/\/www.purecook.com\/wp-content\/uploads\/2025\/11\/wholesale-stainless-steel-mixing-bowl-6.webp\" alt=\"Gro\u00dfhandel R\u00fchrsch\u00fcssel aus Edelstahl (6)\" class=\"wp-image-4897\" srcset=\"https:\/\/www.purecook.com\/wp-content\/uploads\/2025\/11\/wholesale-stainless-steel-mixing-bowl-6.webp 800w, https:\/\/www.purecook.com\/wp-content\/uploads\/2025\/11\/wholesale-stainless-steel-mixing-bowl-6-300x300.webp 300w, https:\/\/www.purecook.com\/wp-content\/uploads\/2025\/11\/wholesale-stainless-steel-mixing-bowl-6-150x150.webp 150w, https:\/\/www.purecook.com\/wp-content\/uploads\/2025\/11\/wholesale-stainless-steel-mixing-bowl-6-768x768.webp 768w, https:\/\/www.purecook.com\/wp-content\/uploads\/2025\/11\/wholesale-stainless-steel-mixing-bowl-6-12x12.webp 12w, https:\/\/www.purecook.com\/wp-content\/uploads\/2025\/11\/wholesale-stainless-steel-mixing-bowl-6-600x600.webp 600w, https:\/\/www.purecook.com\/wp-content\/uploads\/2025\/11\/wholesale-stainless-steel-mixing-bowl-6-100x100.webp 100w\" sizes=\"(max-width: 800px) 100vw, 800px\" \/><\/figure>\n<\/div>\n<\/div>\n\n\n\n<div class=\"wp-block-columns is-layout-flex wp-container-core-columns-is-layout-9d6595d7 wp-block-columns-is-layout-flex\">\n<div class=\"wp-block-column is-layout-flow wp-block-column-is-layout-flow\"><\/div>\n\n\n\n<div class=\"wp-block-column is-layout-flow wp-block-column-is-layout-flow\"><\/div>\n<\/div>","protected":false},"excerpt":{"rendered":"<p>Willkommen beim Kauf unserer Mischsch\u00fcsseln f\u00fcr den Gro\u00dfhandel. Zu ihren wichtigsten Merkmalen geh\u00f6ren interne Skalen f\u00fcr die genaue Abmessung der Zutaten und ein praktischer Ausgie\u00dfer f\u00fcr die einfache Dosierung von Fl\u00fcssigkeiten und Teigen. Diese Serie ist in drei Gr\u00f6\u00dfen erh\u00e4ltlich und l\u00e4sst sich perfekt stapeln und platzsparend gestalten. Kontaktieren Sie uns f\u00fcr den Gro\u00dfhandelspreis.<\/p>\n<h2>Merkmale der Edelstahl-Mixsch\u00fcssel<\/h2>\n<p><strong>Elegantes und praktisches Design:<\/strong> Unsere R\u00fchrsch\u00fcsseln f\u00fcr den Gro\u00dfhandel verf\u00fcgen \u00fcber ein stilvolles und modernes Design mit einer keramischen Beschichtung, die sie sowohl f\u00fcr die Zubereitung von Speisen als auch f\u00fcr das Servieren attraktiv macht.<\/p>\n<p><strong>Langlebige und lebensmittelsichere Materialien:<\/strong> Die Innenauskleidung unserer R\u00fchrsch\u00fcsseln f\u00fcr den Gro\u00dfhandel besteht aus rostfreiem Stahl, der rostfrei und nicht reaktiv ist, so dass sie zum Mischen einer Vielzahl von Lebensmitteln geeignet sind.<\/p>\n<p><strong>Einfacher Ausgie\u00dfer:<\/strong> Jede Sch\u00fcssel hat eine Ausgusst\u00fclle am Rand, mit der sich Teig, So\u00dfen oder Fl\u00fcssigkeiten kontrolliert ausgie\u00dfen lassen, ohne dass eine Sauerei entsteht.<\/p>\n<p><strong>Bequeme integrierte Skalen:<\/strong> Die Sch\u00fcsseln haben auf der Innenseite graduierte Markierungen, so dass beim Hinzuf\u00fcgen von Fl\u00fcssigkeiten keine separaten Messbecher ben\u00f6tigt werden, was Zeit spart und das Kochen und Backen vereinfacht.<\/p>\n<p><strong>Platzsparendes Nesting-Design:<\/strong> Dieses Set umfasst mehrere Gr\u00f6\u00dfen und l\u00e4sst sich perfekt ineinander schieben, was wertvollen Platz im Schrank spart.<\/p>\n<p><strong>Vielseitigkeit:<\/strong> Diese Sch\u00fcsseln eignen sich f\u00fcr eine Vielzahl von Aufgaben in der K\u00fcche, z. B. zum Anr\u00fchren von Backteig, zum Aufschlagen von Eiern, zum Mischen von Salaten, zum Marinieren von Fleisch oder zum einfachen Servieren von Speisen.<\/p>","protected":false},"featured_media":4892,"comment_status":"closed","ping_status":"closed","template":"","meta":{"_acf_changed":false},"product_brand":[],"product_cat":[52,90],"product_tag":[],"class_list":{"0":"post-4891","1":"product","2":"type-product","3":"status-publish","4":"has-post-thumbnail","6":"product_cat-kitchen-utensils","7":"product_cat-mixing-bowl","9":"first","10":"instock","11":"shipping-taxable","12":"product-type-simple"},"acf":[],"_links":{"self":[{"href":"https:\/\/www.purecook.com\/de\/wp-json\/wp\/v2\/product\/4891","targetHints":{"allow":["GET"]}}],"collection":[{"href":"https:\/\/www.purecook.com\/de\/wp-json\/wp\/v2\/product"}],"about":[{"href":"https:\/\/www.purecook.com\/de\/wp-json\/wp\/v2\/types\/product"}],"replies":[{"embeddable":true,"href":"https:\/\/www.purecook.com\/de\/wp-json\/wp\/v2\/comments?post=4891"}],"wp:featuredmedia":[{"embeddable":true,"href":"https:\/\/www.purecook.com\/de\/wp-json\/wp\/v2\/media\/4892"}],"wp:attachment":[{"href":"https:\/\/www.purecook.com\/de\/wp-json\/wp\/v2\/media?parent=4891"}],"wp:term":[{"taxonomy":"product_brand","embeddable":true,"href":"https:\/\/www.purecook.com\/de\/wp-json\/wp\/v2\/product_brand?post=4891"},{"taxonomy":"product_cat","embeddable":true,"href":"https:\/\/www.purecook.com\/de\/wp-json\/wp\/v2\/product_cat?post=4891"},{"taxonomy":"product_tag","embeddable":true,"href":"https:\/\/www.purecook.com\/de\/wp-json\/wp\/v2\/product_tag?post=4891"}],"curies":[{"name":"wp","href":"https:\/\/api.w.org\/{rel}","templated":true}]}}