{"id":4899,"date":"2025-11-01T11:43:11","date_gmt":"2025-11-01T03:43:11","guid":{"rendered":"https:\/\/www.purecook.com\/?post_type=product&#038;p=4899"},"modified":"2025-11-01T12:06:24","modified_gmt":"2025-11-01T04:06:24","slug":"wholesale-stainless-steel-outdoor-camping-hanging-pot","status":"publish","type":"product","link":"https:\/\/www.purecook.com\/de\/product\/wholesale-stainless-steel-outdoor-camping-hanging-pot\/","title":{"rendered":"Gro\u00dfhandel Edelstahl Outdoor Camping h\u00e4ngenden Topf, effizientes Kochen von Reis und Suppe"},"content":{"rendered":"<div class=\"wp-block-columns is-layout-flex wp-container-core-columns-is-layout-9d6595d7 wp-block-columns-is-layout-flex\">\n<div class=\"wp-block-column is-layout-flow wp-block-column-is-layout-flow\">\n<h3 class=\"wp-block-heading\">Parameter des Camping H\u00e4ngetopfes<\/h3>\n\n\n\n<p><strong>Material:<\/strong> SUS#304<br><strong>Unten: <\/strong>Induktion Sandwichboden (SUS201+Alu.+SUS)<br><strong>Logo: <\/strong>Laser-Logo<br><strong>Gr\u00f6\u00dfe:<\/strong> 20cm<\/p>\n<\/div>\n\n\n\n<div class=\"wp-block-column is-layout-flow wp-block-column-is-layout-flow\">\n<h3 class=\"wp-block-heading\">Individuelle Kochgeschirr-Optionen<\/h3>\n\n\n\n<p><strong>Logo:<\/strong> Anpassbar mit Ihrem Markenlogo<br><strong>Verpackung:<\/strong>\u00a0Farbige Schachtel\/Karton, etc<\/p>\n<\/div>\n<\/div>\n\n\n\n<div class=\"wp-block-columns is-layout-flex wp-container-core-columns-is-layout-9d6595d7 wp-block-columns-is-layout-flex\">\n<div class=\"wp-block-column is-layout-flow wp-block-column-is-layout-flow\">\n<figure class=\"wp-block-image size-full\"><img decoding=\"async\" width=\"800\" height=\"800\" src=\"https:\/\/www.purecook.com\/wp-content\/uploads\/2025\/11\/camping-pot-for-cooking-rice-and-soup-5.webp\" alt=\"Campingtopf zum Kochen von Reis und Suppe (5)\" class=\"wp-image-4904\" srcset=\"https:\/\/www.purecook.com\/wp-content\/uploads\/2025\/11\/camping-pot-for-cooking-rice-and-soup-5.webp 800w, https:\/\/www.purecook.com\/wp-content\/uploads\/2025\/11\/camping-pot-for-cooking-rice-and-soup-5-300x300.webp 300w, https:\/\/www.purecook.com\/wp-content\/uploads\/2025\/11\/camping-pot-for-cooking-rice-and-soup-5-150x150.webp 150w, https:\/\/www.purecook.com\/wp-content\/uploads\/2025\/11\/camping-pot-for-cooking-rice-and-soup-5-768x768.webp 768w, https:\/\/www.purecook.com\/wp-content\/uploads\/2025\/11\/camping-pot-for-cooking-rice-and-soup-5-12x12.webp 12w, https:\/\/www.purecook.com\/wp-content\/uploads\/2025\/11\/camping-pot-for-cooking-rice-and-soup-5-600x600.webp 600w, https:\/\/www.purecook.com\/wp-content\/uploads\/2025\/11\/camping-pot-for-cooking-rice-and-soup-5-100x100.webp 100w\" sizes=\"(max-width: 800px) 100vw, 800px\" \/><\/figure>\n<\/div>\n\n\n\n<div class=\"wp-block-column is-layout-flow wp-block-column-is-layout-flow\">\n<figure class=\"wp-block-image size-full\"><img decoding=\"async\" width=\"800\" height=\"800\" src=\"https:\/\/www.purecook.com\/wp-content\/uploads\/2025\/11\/camping-pot-for-cooking-rice-and-soup-6.webp\" alt=\"Campingtopf zum Kochen von Reis und Suppe (6)\" class=\"wp-image-4905\" srcset=\"https:\/\/www.purecook.com\/wp-content\/uploads\/2025\/11\/camping-pot-for-cooking-rice-and-soup-6.webp 800w, https:\/\/www.purecook.com\/wp-content\/uploads\/2025\/11\/camping-pot-for-cooking-rice-and-soup-6-300x300.webp 300w, https:\/\/www.purecook.com\/wp-content\/uploads\/2025\/11\/camping-pot-for-cooking-rice-and-soup-6-150x150.webp 150w, https:\/\/www.purecook.com\/wp-content\/uploads\/2025\/11\/camping-pot-for-cooking-rice-and-soup-6-768x768.webp 768w, https:\/\/www.purecook.com\/wp-content\/uploads\/2025\/11\/camping-pot-for-cooking-rice-and-soup-6-12x12.webp 12w, https:\/\/www.purecook.com\/wp-content\/uploads\/2025\/11\/camping-pot-for-cooking-rice-and-soup-6-600x600.webp 600w, https:\/\/www.purecook.com\/wp-content\/uploads\/2025\/11\/camping-pot-for-cooking-rice-and-soup-6-100x100.webp 100w\" sizes=\"(max-width: 800px) 100vw, 800px\" \/><\/figure>\n<\/div>\n<\/div>\n\n\n\n<div class=\"wp-block-columns is-layout-flex wp-container-core-columns-is-layout-9d6595d7 wp-block-columns-is-layout-flex\">\n<div class=\"wp-block-column is-layout-flow wp-block-column-is-layout-flow\"><\/div>\n\n\n\n<div class=\"wp-block-column is-layout-flow wp-block-column-is-layout-flow\"><\/div>\n<\/div>","protected":false},"excerpt":{"rendered":"<p>Willkommen zum Kauf unserer Gro\u00dfhandel Camping Topf. Dieser Topf aus strapazierf\u00e4higem, lebensmittelechtem Edelstahl ist rostfrei, korrosionsbest\u00e4ndig und kann extremen Temperaturen standhalten, was ihn ideal f\u00fcr den Au\u00dfenbereich macht. Der Boden ist aus dreilagigem Edelstahl gefertigt und erm\u00f6glicht effizientes Kochen im Freien. Gro\u00df- und Einzelh\u00e4ndler k\u00f6nnen uns gerne f\u00fcr ein Angebot kontaktieren.<\/p>\n<h2>Eigenschaften von Edelstahl Camping H\u00e4ngetopf<\/h2>\n<p><strong>Vielseitig im Freien kochen:<\/strong> Der Campingtopf hat einen stabilen Henkel zum Aufh\u00e4ngen, ideal zum Kochen \u00fcber offenem Feuer oder mit einem Stativ.<\/p>\n<p><strong>Langlebige, campingfreundliche Materialien:<\/strong> Der Topf ist aus haltbarem, rost- und korrosionsbest\u00e4ndigem Edelstahl gefertigt und kann den rauen Bedingungen beim Camping im Freien standhalten.<\/p>\n<p><strong>Hervorragende W\u00e4rmeleitf\u00e4higkeit:<\/strong> Der Boden des Gro\u00dfhandels-Camping-Topfes besteht aus dreilagigem Edelstahl und bietet eine hervorragende W\u00e4rmeleitf\u00e4higkeit f\u00fcr eine schnellere Erw\u00e4rmung.<\/p>\n<p><strong>Leicht zu handhaben und tragbar:<\/strong> Der gro\u00dfe Metallgriff erleichtert das Aufh\u00e4ngen, Abnehmen von der W\u00e4rmequelle und den Transport, was den Einsatz im Freien erleichtert.<\/p>","protected":false},"featured_media":4900,"comment_status":"closed","ping_status":"closed","template":"","meta":{"_acf_changed":false},"product_brand":[],"product_cat":[24],"product_tag":[96],"class_list":{"0":"post-4899","1":"product","2":"type-product","3":"status-publish","4":"has-post-thumbnail","6":"product_cat-cookware","7":"product_tag-wholesale-outdoor-cookware","9":"first","10":"instock","11":"shipping-taxable","12":"product-type-simple"},"acf":[],"_links":{"self":[{"href":"https:\/\/www.purecook.com\/de\/wp-json\/wp\/v2\/product\/4899","targetHints":{"allow":["GET"]}}],"collection":[{"href":"https:\/\/www.purecook.com\/de\/wp-json\/wp\/v2\/product"}],"about":[{"href":"https:\/\/www.purecook.com\/de\/wp-json\/wp\/v2\/types\/product"}],"replies":[{"embeddable":true,"href":"https:\/\/www.purecook.com\/de\/wp-json\/wp\/v2\/comments?post=4899"}],"wp:featuredmedia":[{"embeddable":true,"href":"https:\/\/www.purecook.com\/de\/wp-json\/wp\/v2\/media\/4900"}],"wp:attachment":[{"href":"https:\/\/www.purecook.com\/de\/wp-json\/wp\/v2\/media?parent=4899"}],"wp:term":[{"taxonomy":"product_brand","embeddable":true,"href":"https:\/\/www.purecook.com\/de\/wp-json\/wp\/v2\/product_brand?post=4899"},{"taxonomy":"product_cat","embeddable":true,"href":"https:\/\/www.purecook.com\/de\/wp-json\/wp\/v2\/product_cat?post=4899"},{"taxonomy":"product_tag","embeddable":true,"href":"https:\/\/www.purecook.com\/de\/wp-json\/wp\/v2\/product_tag?post=4899"}],"curies":[{"name":"wp","href":"https:\/\/api.w.org\/{rel}","templated":true}]}}