{"id":4907,"date":"2025-11-01T14:20:28","date_gmt":"2025-11-01T06:20:28","guid":{"rendered":"https:\/\/www.purecook.com\/?post_type=product&#038;p=4907"},"modified":"2025-11-01T14:34:57","modified_gmt":"2025-11-01T06:34:57","slug":"wholesale-stainless-steel-steamed-meat-cookware","status":"publish","type":"product","link":"https:\/\/www.purecook.com\/de\/product\/wholesale-stainless-steel-steamed-meat-cookware\/","title":{"rendered":"Gro\u00dfhandel Edelstahl rauchfrei Dampf Kochgeschirr, ged\u00fcnstetes Fleisch Topf"},"content":{"rendered":"<div class=\"wp-block-columns is-layout-flex wp-container-core-columns-is-layout-9d6595d7 wp-block-columns-is-layout-flex\">\n<div class=\"wp-block-column is-layout-flow wp-block-column-is-layout-flow\">\n<h3 class=\"wp-block-heading\">Parameter von rauchfreiem Dampfkochgeschirr<\/h3>\n\n\n\n<p><strong>Material:<\/strong> 201 rostfreier Stahl<br><strong>Normale Dicke: <\/strong>Dampfgitter 0,6 mm; Tablett 0,5 mm<br><strong>Logo: <\/strong>Laser-Logo<\/p>\n<\/div>\n\n\n\n<div class=\"wp-block-column is-layout-flow wp-block-column-is-layout-flow\">\n<h3 class=\"wp-block-heading\">Individuelle Kochgeschirr-Optionen<\/h3>\n\n\n\n<p><strong>Logo:<\/strong> Anpassbar mit Ihrem Markenlogo<br><strong>Verpackung:<\/strong>&nbsp;Farbige Schachtel\/Karton, etc<br><strong>Handgriff: <\/strong>Griffe f\u00fcr Ihren Stil<\/p>\n<\/div>\n<\/div>\n\n\n\n<div class=\"wp-block-columns is-layout-flex wp-container-core-columns-is-layout-9d6595d7 wp-block-columns-is-layout-flex\">\n<div class=\"wp-block-column is-layout-flow wp-block-column-is-layout-flow\"><\/div>\n\n\n\n<div class=\"wp-block-column is-layout-flow wp-block-column-is-layout-flow\"><\/div>\n<\/div>\n\n\n\n<div class=\"wp-block-columns is-layout-flex wp-container-core-columns-is-layout-9d6595d7 wp-block-columns-is-layout-flex\">\n<div class=\"wp-block-column is-layout-flow wp-block-column-is-layout-flow\">\n<figure class=\"wp-block-image size-full\"><img decoding=\"async\" width=\"800\" height=\"800\" src=\"https:\/\/www.purecook.com\/wp-content\/uploads\/2025\/11\/smokeless-steam-cookware-6.webp\" alt=\"rauchfreies Dampfkochgeschirr (6)\" class=\"wp-image-4920\" srcset=\"https:\/\/www.purecook.com\/wp-content\/uploads\/2025\/11\/smokeless-steam-cookware-6.webp 800w, https:\/\/www.purecook.com\/wp-content\/uploads\/2025\/11\/smokeless-steam-cookware-6-300x300.webp 300w, https:\/\/www.purecook.com\/wp-content\/uploads\/2025\/11\/smokeless-steam-cookware-6-150x150.webp 150w, https:\/\/www.purecook.com\/wp-content\/uploads\/2025\/11\/smokeless-steam-cookware-6-768x768.webp 768w, https:\/\/www.purecook.com\/wp-content\/uploads\/2025\/11\/smokeless-steam-cookware-6-12x12.webp 12w, https:\/\/www.purecook.com\/wp-content\/uploads\/2025\/11\/smokeless-steam-cookware-6-600x600.webp 600w, https:\/\/www.purecook.com\/wp-content\/uploads\/2025\/11\/smokeless-steam-cookware-6-100x100.webp 100w\" sizes=\"(max-width: 800px) 100vw, 800px\" \/><\/figure>\n<\/div>\n\n\n\n<div class=\"wp-block-column is-layout-flow wp-block-column-is-layout-flow\">\n<figure class=\"wp-block-image size-full\"><img decoding=\"async\" width=\"800\" height=\"800\" src=\"https:\/\/www.purecook.com\/wp-content\/uploads\/2025\/11\/smokeless-steam-cookware-7.webp\" alt=\"rauchfreies Dampfkochgeschirr (7)\" class=\"wp-image-4921\" srcset=\"https:\/\/www.purecook.com\/wp-content\/uploads\/2025\/11\/smokeless-steam-cookware-7.webp 800w, https:\/\/www.purecook.com\/wp-content\/uploads\/2025\/11\/smokeless-steam-cookware-7-300x300.webp 300w, https:\/\/www.purecook.com\/wp-content\/uploads\/2025\/11\/smokeless-steam-cookware-7-150x150.webp 150w, https:\/\/www.purecook.com\/wp-content\/uploads\/2025\/11\/smokeless-steam-cookware-7-768x768.webp 768w, https:\/\/www.purecook.com\/wp-content\/uploads\/2025\/11\/smokeless-steam-cookware-7-12x12.webp 12w, https:\/\/www.purecook.com\/wp-content\/uploads\/2025\/11\/smokeless-steam-cookware-7-600x600.webp 600w, https:\/\/www.purecook.com\/wp-content\/uploads\/2025\/11\/smokeless-steam-cookware-7-100x100.webp 100w\" sizes=\"(max-width: 800px) 100vw, 800px\" \/><\/figure>\n<\/div>\n<\/div>","protected":false},"excerpt":{"rendered":"<p>Rauchfreier Grill-\/Dampftopf aus Edelstahl f\u00fcr das Kochen auf dem Tisch. Perfekt f\u00fcr gesundes Dampfgrillen, Hot Pot und Kn\u00f6del auf Induktions-\/Gasherden.<\/p>\n<h2>Eigenschaften von rauchfreiem Dampfkochgeschirr aus Edelstahl<\/h2>\n<p><strong>Vielseitige Garmethoden:<\/strong> Dieses Produkt eignet sich perfekt f\u00fcr das Grillen mit Dampf oder rauchlosem Grillen. Die perforierte Pfanne l\u00e4sst das Fett in die darunter liegende Pfanne tropfen, w\u00e4hrend der Dampf das Fleisch\/die Lebensmittel feucht h\u00e4lt.<\/p>\n<p><strong>Gesundes Kochen:<\/strong> Es erleichtert das D\u00e4mpfen, eine gesunde Garmethode, bei der N\u00e4hrstoffe und Geschmack ohne \u00fcberm\u00e4\u00dfiges \u00d6l erhalten bleiben.<\/p>\n<p><strong>Tragbare Verwendung:<\/strong> Dieser Topf hat die perfekte Gr\u00f6\u00dfe f\u00fcr tragbares Gas und ist ideal f\u00fcr geselliges Kochen auf dem Tisch, z. B. f\u00fcr Hot Pot oder Grillpartys.<\/p>\n<p><strong>Langlebig und pflegeleicht:<\/strong> Das gesamte Produkt ist aus rostfreiem Stahl gefertigt, was es robust und langlebig macht. Vor allem aber ist es sp\u00fclmaschinenfest, was eine schnelle und einfache Reinigung erm\u00f6glicht.<\/p>","protected":false},"featured_media":4915,"comment_status":"closed","ping_status":"closed","template":"","meta":{"_acf_changed":false},"product_brand":[],"product_cat":[24],"product_tag":[],"class_list":{"0":"post-4907","1":"product","2":"type-product","3":"status-publish","4":"has-post-thumbnail","6":"product_cat-cookware","8":"first","9":"instock","10":"shipping-taxable","11":"product-type-simple"},"acf":[],"_links":{"self":[{"href":"https:\/\/www.purecook.com\/de\/wp-json\/wp\/v2\/product\/4907","targetHints":{"allow":["GET"]}}],"collection":[{"href":"https:\/\/www.purecook.com\/de\/wp-json\/wp\/v2\/product"}],"about":[{"href":"https:\/\/www.purecook.com\/de\/wp-json\/wp\/v2\/types\/product"}],"replies":[{"embeddable":true,"href":"https:\/\/www.purecook.com\/de\/wp-json\/wp\/v2\/comments?post=4907"}],"wp:featuredmedia":[{"embeddable":true,"href":"https:\/\/www.purecook.com\/de\/wp-json\/wp\/v2\/media\/4915"}],"wp:attachment":[{"href":"https:\/\/www.purecook.com\/de\/wp-json\/wp\/v2\/media?parent=4907"}],"wp:term":[{"taxonomy":"product_brand","embeddable":true,"href":"https:\/\/www.purecook.com\/de\/wp-json\/wp\/v2\/product_brand?post=4907"},{"taxonomy":"product_cat","embeddable":true,"href":"https:\/\/www.purecook.com\/de\/wp-json\/wp\/v2\/product_cat?post=4907"},{"taxonomy":"product_tag","embeddable":true,"href":"https:\/\/www.purecook.com\/de\/wp-json\/wp\/v2\/product_tag?post=4907"}],"curies":[{"name":"wp","href":"https:\/\/api.w.org\/{rel}","templated":true}]}}