{"id":4924,"date":"2025-11-13T14:12:00","date_gmt":"2025-11-13T06:12:00","guid":{"rendered":"https:\/\/www.purecook.com\/?post_type=product&#038;p=4924"},"modified":"2025-11-13T15:09:15","modified_gmt":"2025-11-13T07:09:15","slug":"wholesale-electric-lunch-boxes-with-led-temperature-display","status":"publish","type":"product","link":"https:\/\/www.purecook.com\/de\/product\/wholesale-electric-lunch-boxes-with-led-temperature-display\/","title":{"rendered":"Gro\u00dfhandel elektrische Lunchboxen mit LED-Temperaturanzeige"},"content":{"rendered":"<div class=\"wp-block-columns is-layout-flex wp-container-core-columns-is-layout-9d6595d7 wp-block-columns-is-layout-flex\">\n<div class=\"wp-block-column is-layout-flow wp-block-column-is-layout-flow\">\n<h3 class=\"wp-block-heading\">Parameter der Lunchbox mit LED-Temperaturanzeige<\/h3>\n\n\n\n<p><strong>Material:<\/strong> Rostfreier Stahl \uff0bPP<br><strong>Merkmale:<\/strong> Elektrische Heizung + LED-Temperaturanzeige<\/p>\n<\/div>\n\n\n\n<div class=\"wp-block-column is-layout-flow wp-block-column-is-layout-flow\">\n<h3 class=\"wp-block-heading\">Optionen f\u00fcr individuelle Lunchboxen<\/h3>\n\n\n\n<p><strong>Logo:<\/strong> Anpassbar mit Ihrem Markenlogo<br><strong>Verpackung:<\/strong>&nbsp;Farbige Schachtel\/Karton, etc<\/p>\n<\/div>\n<\/div>\n\n\n\n<div class=\"wp-block-columns is-layout-flex wp-container-core-columns-is-layout-9d6595d7 wp-block-columns-is-layout-flex\">\n<div class=\"wp-block-column is-layout-flow wp-block-column-is-layout-flow\">\n<figure class=\"wp-block-image size-full\"><img decoding=\"async\" width=\"800\" height=\"800\" src=\"https:\/\/www.purecook.com\/wp-content\/uploads\/2025\/11\/electric-lunch-boxes-with-led-temperature-display-1.webp\" alt=\"elektrische lunchboxen mit led-temperaturanzeige (1)\" class=\"wp-image-4925\" srcset=\"https:\/\/www.purecook.com\/wp-content\/uploads\/2025\/11\/electric-lunch-boxes-with-led-temperature-display-1.webp 800w, https:\/\/www.purecook.com\/wp-content\/uploads\/2025\/11\/electric-lunch-boxes-with-led-temperature-display-1-300x300.webp 300w, https:\/\/www.purecook.com\/wp-content\/uploads\/2025\/11\/electric-lunch-boxes-with-led-temperature-display-1-150x150.webp 150w, https:\/\/www.purecook.com\/wp-content\/uploads\/2025\/11\/electric-lunch-boxes-with-led-temperature-display-1-768x768.webp 768w, https:\/\/www.purecook.com\/wp-content\/uploads\/2025\/11\/electric-lunch-boxes-with-led-temperature-display-1-12x12.webp 12w, https:\/\/www.purecook.com\/wp-content\/uploads\/2025\/11\/electric-lunch-boxes-with-led-temperature-display-1-600x600.webp 600w, https:\/\/www.purecook.com\/wp-content\/uploads\/2025\/11\/electric-lunch-boxes-with-led-temperature-display-1-100x100.webp 100w\" sizes=\"(max-width: 800px) 100vw, 800px\" \/><\/figure>\n<\/div>\n\n\n\n<div class=\"wp-block-column is-layout-flow wp-block-column-is-layout-flow\">\n<figure class=\"wp-block-image size-full\"><img decoding=\"async\" width=\"800\" height=\"800\" src=\"https:\/\/www.purecook.com\/wp-content\/uploads\/2025\/11\/electric-lunch-boxes-with-led-temperature-display-3.webp\" alt=\"elektrische lunchboxen mit led-temperaturanzeige (3)\" class=\"wp-image-4927\" srcset=\"https:\/\/www.purecook.com\/wp-content\/uploads\/2025\/11\/electric-lunch-boxes-with-led-temperature-display-3.webp 800w, https:\/\/www.purecook.com\/wp-content\/uploads\/2025\/11\/electric-lunch-boxes-with-led-temperature-display-3-300x300.webp 300w, https:\/\/www.purecook.com\/wp-content\/uploads\/2025\/11\/electric-lunch-boxes-with-led-temperature-display-3-150x150.webp 150w, https:\/\/www.purecook.com\/wp-content\/uploads\/2025\/11\/electric-lunch-boxes-with-led-temperature-display-3-768x768.webp 768w, https:\/\/www.purecook.com\/wp-content\/uploads\/2025\/11\/electric-lunch-boxes-with-led-temperature-display-3-12x12.webp 12w, https:\/\/www.purecook.com\/wp-content\/uploads\/2025\/11\/electric-lunch-boxes-with-led-temperature-display-3-600x600.webp 600w, https:\/\/www.purecook.com\/wp-content\/uploads\/2025\/11\/electric-lunch-boxes-with-led-temperature-display-3-100x100.webp 100w\" sizes=\"(max-width: 800px) 100vw, 800px\" \/><\/figure>\n<\/div>\n<\/div>\n\n\n\n<div class=\"wp-block-columns is-layout-flex wp-container-core-columns-is-layout-9d6595d7 wp-block-columns-is-layout-flex\">\n<div class=\"wp-block-column is-layout-flow wp-block-column-is-layout-flow\"><\/div>\n\n\n\n<div class=\"wp-block-column is-layout-flow wp-block-column-is-layout-flow\"><\/div>\n<\/div>","protected":false},"excerpt":{"rendered":"<p>Elektrische Gro\u00dfhandels-Lunchboxen mit einem hochwertigen Edelstahl-Mehrfachfachfachbeh\u00e4lter und einer intuitiven LED-Temperaturanzeige sorgen daf\u00fcr, dass die Benutzer bequem, tragbar und hygienisch perfekt erhitzte Mahlzeiten im B\u00fcro, in der Schule oder auf Reisen genie\u00dfen k\u00f6nnen.<\/p>\n<p>Als <a href=\"https:\/\/www.purecook.com\/de\/produktkategorie\/dinnerware\/lunch-boxes\/\" target=\"_blank\" rel=\"noopener\"><strong>Professioneller Hersteller von Brotdosen<\/strong><\/a>, Purecook bietet eine Vielzahl von beliebten Gro\u00dfhandels-Lunchboxen. Kontaktieren Sie uns f\u00fcr ein Angebot.<\/p>\n<h2>Eigenschaften der elektrischen Lunchboxen mit LED-Temperaturanzeige<\/h2>\n<p><strong>Heizleistung:<\/strong> Diese elektrische Lunchbox verf\u00fcgt \u00fcber ein Heizsystem, mit dem die Speisen direkt im Inneren erhitzt werden k\u00f6nnen. Sie macht eine Mikrowelle \u00fcberfl\u00fcssig und sorgt jederzeit und \u00fcberall f\u00fcr eine warme Mahlzeit.<\/p>\n<p><strong>LED-Temperaturanzeige:<\/strong> Die eingebaute LED-Anzeige zeigt die Temperatur deutlich an, so dass der Benutzer sie genau \u00fcberwachen und steuern kann, um sicherzustellen, dass die Speisen auf die ideale Temperatur erhitzt werden.<\/p>\n<p><strong>Bequemlichkeit und Tragbarkeit:<\/strong> Diese elektrische Lunchbox wurde f\u00fcr den heutigen hektischen Lebensstil entwickelt und ist Plug-and-Play-f\u00e4hig und mit Standardsteckdosen kompatibel. Schlie\u00dfen Sie sie einfach an eine Stromquelle an Ihrem Schreibtisch, im Wohnheim oder im Auto an und genie\u00dfen Sie in wenigen Minuten eine frisch zubereitete Mahlzeit.<\/p>\n<p><strong>F\u00e4cher:<\/strong> Das innere Edelstahltablett ist auf intelligente Weise in vier F\u00e4cher unterteilt, die eine \u00fcbersichtliche Portionierung der Mahlzeiten und eine bessere Pr\u00e4sentation der Speisen erm\u00f6glichen.<\/p>","protected":false},"featured_media":4925,"comment_status":"closed","ping_status":"closed","template":"","meta":{"_acf_changed":false},"product_brand":[],"product_cat":[25,51],"product_tag":[],"class_list":{"0":"post-4924","1":"product","2":"type-product","3":"status-publish","4":"has-post-thumbnail","6":"product_cat-food-storage","7":"product_cat-dinnerware","9":"first","10":"instock","11":"shipping-taxable","12":"product-type-simple"},"acf":[],"_links":{"self":[{"href":"https:\/\/www.purecook.com\/de\/wp-json\/wp\/v2\/product\/4924","targetHints":{"allow":["GET"]}}],"collection":[{"href":"https:\/\/www.purecook.com\/de\/wp-json\/wp\/v2\/product"}],"about":[{"href":"https:\/\/www.purecook.com\/de\/wp-json\/wp\/v2\/types\/product"}],"replies":[{"embeddable":true,"href":"https:\/\/www.purecook.com\/de\/wp-json\/wp\/v2\/comments?post=4924"}],"wp:featuredmedia":[{"embeddable":true,"href":"https:\/\/www.purecook.com\/de\/wp-json\/wp\/v2\/media\/4925"}],"wp:attachment":[{"href":"https:\/\/www.purecook.com\/de\/wp-json\/wp\/v2\/media?parent=4924"}],"wp:term":[{"taxonomy":"product_brand","embeddable":true,"href":"https:\/\/www.purecook.com\/de\/wp-json\/wp\/v2\/product_brand?post=4924"},{"taxonomy":"product_cat","embeddable":true,"href":"https:\/\/www.purecook.com\/de\/wp-json\/wp\/v2\/product_cat?post=4924"},{"taxonomy":"product_tag","embeddable":true,"href":"https:\/\/www.purecook.com\/de\/wp-json\/wp\/v2\/product_tag?post=4924"}],"curies":[{"name":"wp","href":"https:\/\/api.w.org\/{rel}","templated":true}]}}