{"id":4932,"date":"2025-11-13T15:07:03","date_gmt":"2025-11-13T07:07:03","guid":{"rendered":"https:\/\/www.purecook.com\/?post_type=product&#038;p=4932"},"modified":"2025-11-13T16:16:00","modified_gmt":"2025-11-13T08:16:00","slug":"wholesale-stainless-steel-nested-strainer-and-mixing-bowl-set","status":"publish","type":"product","link":"https:\/\/www.purecook.com\/de\/product\/wholesale-stainless-steel-nested-strainer-and-mixing-bowl-set\/","title":{"rendered":"Gro\u00dfhandel Professionelle Qualit\u00e4t 3-tlg. Edelstahl verschachteltes Sieb und R\u00fchrsch\u00fcssel Set - zum Waschen, Abtropfen, und Lebensmittelzubereitung"},"content":{"rendered":"<div class=\"wp-block-columns is-layout-flex wp-container-core-columns-is-layout-9d6595d7 wp-block-columns-is-layout-flex\">\n<div class=\"wp-block-column is-layout-flow wp-block-column-is-layout-flow\">\n<h3 class=\"wp-block-heading\">Parameter des 3-teiligen Sets aus Sieb und R\u00fchrsch\u00fcssel<\/h3>\n\n\n\n<p><strong>Material:<\/strong> Rostfreier Stahl 201\/304<br><strong>Logo: <\/strong>Siebdruck\/Lasergravur\/gepr\u00e4gter Stempel<\/p>\n<\/div>\n\n\n\n<div class=\"wp-block-column is-layout-flow wp-block-column-is-layout-flow\">\n<h3 class=\"wp-block-heading\">Benutzerdefinierte Optionen<\/h3>\n\n\n\n<p><strong>Logo:<\/strong> Anpassbar mit Ihrem Markenlogo<br><strong>Verpackung:<\/strong>\u00a0Farbige Schachtel\/Karton, etc.<\/p>\n<\/div>\n<\/div>\n\n\n\n<div class=\"wp-block-columns is-layout-flex wp-container-core-columns-is-layout-9d6595d7 wp-block-columns-is-layout-flex\">\n<div class=\"wp-block-column is-layout-flow wp-block-column-is-layout-flow\">\n<figure class=\"wp-block-image size-full\"><img decoding=\"async\" width=\"800\" height=\"800\" src=\"https:\/\/www.purecook.com\/wp-content\/uploads\/2025\/11\/stainless-steel-nested-strainer-and-mixing-bowl-set-5.webp\" alt=\"Edelstahl-Sieb- und R\u00fchrsch\u00fcssel-Set (5)\" class=\"wp-image-4937\" srcset=\"https:\/\/www.purecook.com\/wp-content\/uploads\/2025\/11\/stainless-steel-nested-strainer-and-mixing-bowl-set-5.webp 800w, https:\/\/www.purecook.com\/wp-content\/uploads\/2025\/11\/stainless-steel-nested-strainer-and-mixing-bowl-set-5-300x300.webp 300w, https:\/\/www.purecook.com\/wp-content\/uploads\/2025\/11\/stainless-steel-nested-strainer-and-mixing-bowl-set-5-150x150.webp 150w, https:\/\/www.purecook.com\/wp-content\/uploads\/2025\/11\/stainless-steel-nested-strainer-and-mixing-bowl-set-5-768x768.webp 768w, https:\/\/www.purecook.com\/wp-content\/uploads\/2025\/11\/stainless-steel-nested-strainer-and-mixing-bowl-set-5-12x12.webp 12w, https:\/\/www.purecook.com\/wp-content\/uploads\/2025\/11\/stainless-steel-nested-strainer-and-mixing-bowl-set-5-600x600.webp 600w, https:\/\/www.purecook.com\/wp-content\/uploads\/2025\/11\/stainless-steel-nested-strainer-and-mixing-bowl-set-5-100x100.webp 100w\" sizes=\"(max-width: 800px) 100vw, 800px\" \/><\/figure>\n<\/div>\n\n\n\n<div class=\"wp-block-column is-layout-flow wp-block-column-is-layout-flow\">\n<figure class=\"wp-block-image size-full\"><img decoding=\"async\" width=\"800\" height=\"800\" src=\"https:\/\/www.purecook.com\/wp-content\/uploads\/2025\/11\/stainless-steel-nested-strainer-and-mixing-bowl-set-6.webp\" alt=\"Edelstahl-Sieb- und R\u00fchrsch\u00fcssel-Set (6)\" class=\"wp-image-4938\" srcset=\"https:\/\/www.purecook.com\/wp-content\/uploads\/2025\/11\/stainless-steel-nested-strainer-and-mixing-bowl-set-6.webp 800w, https:\/\/www.purecook.com\/wp-content\/uploads\/2025\/11\/stainless-steel-nested-strainer-and-mixing-bowl-set-6-300x300.webp 300w, https:\/\/www.purecook.com\/wp-content\/uploads\/2025\/11\/stainless-steel-nested-strainer-and-mixing-bowl-set-6-150x150.webp 150w, https:\/\/www.purecook.com\/wp-content\/uploads\/2025\/11\/stainless-steel-nested-strainer-and-mixing-bowl-set-6-768x768.webp 768w, https:\/\/www.purecook.com\/wp-content\/uploads\/2025\/11\/stainless-steel-nested-strainer-and-mixing-bowl-set-6-12x12.webp 12w, https:\/\/www.purecook.com\/wp-content\/uploads\/2025\/11\/stainless-steel-nested-strainer-and-mixing-bowl-set-6-600x600.webp 600w, https:\/\/www.purecook.com\/wp-content\/uploads\/2025\/11\/stainless-steel-nested-strainer-and-mixing-bowl-set-6-100x100.webp 100w\" sizes=\"(max-width: 800px) 100vw, 800px\" \/><\/figure>\n<\/div>\n<\/div>","protected":false},"excerpt":{"rendered":"<p>Dieses hochwertige, stapelbare 3-in-1-K\u00fcchenvorbereitungsset aus Edelstahl vereint die Funktionen Waschen, Abtropfen und Mischen in einer kompakten Einheit und ist damit eine ideale K\u00fcchenl\u00f6sung. Sein platzsparendes, verschachteltes Design minimiert au\u00dferdem die Lager- und Versandkosten f\u00fcr Einzelh\u00e4ndler.<\/p>\n<p>Als <a href=\"https:\/\/www.purecook.com\/de\/produktkategorie\/kitchen-utensils\/\" target=\"_blank\" rel=\"noopener\"><strong>Hersteller von K\u00fcchenutensilien<\/strong><\/a>, Wir sind bestrebt, unseren Kunden weltweit hochwertige, praktische und innovative K\u00fcchenprodukte anzubieten. Willkommen, uns zu kontaktieren!<\/p>\n<h2>Merkmale des Sets aus Edelstahlsieb und R\u00fchrsch\u00fcssel<\/h2>\n<p><strong>Vielseitigkeit:<\/strong> Dieses innovative 3-in-1-Set f\u00fcr die Zubereitung von Lebensmitteln wurde entwickelt, um verschiedene Aufgaben in der K\u00fcche zu vereinfachen, indem es die Funktionen Waschen, Abtropfen und Zubereiten von Lebensmitteln in einem platzsparenden Design vereint.<\/p>\n<p><strong>Platzsparend:<\/strong> Dieses f\u00fcr kompakte, moderne K\u00fcchen konzipierte Zubereitungsset l\u00e4sst sich stapeln und ineinander schieben, um eine optimale Aufbewahrung zu gew\u00e4hrleisten.<\/p>\n<p><strong>\u00dcberlegene Materialien:<\/strong> Dieses Set ist aus hochwertigem Edelstahl gefertigt und zeichnet sich durch Langlebigkeit und Profiqualit\u00e4t aus.<\/p>\n<p><strong>Lebensmittelsicherheit und Nicht-Reaktivit\u00e4t:<\/strong> Geeignet f\u00fcr alle Arten von Lebensmitteln, einschlie\u00dflich s\u00e4urehaltiger oder \u00f6liger Zutaten, ohne Beeintr\u00e4chtigung des Geschmacks oder der Sicherheit.<\/p>","protected":false},"featured_media":4934,"comment_status":"closed","ping_status":"closed","template":"","meta":{"_acf_changed":false},"product_brand":[],"product_cat":[52,65],"product_tag":[],"class_list":{"0":"post-4932","1":"product","2":"type-product","3":"status-publish","4":"has-post-thumbnail","6":"product_cat-kitchen-utensils","7":"product_cat-kitchen-strainer-and-colander","9":"first","10":"instock","11":"shipping-taxable","12":"product-type-simple"},"acf":[],"_links":{"self":[{"href":"https:\/\/www.purecook.com\/de\/wp-json\/wp\/v2\/product\/4932","targetHints":{"allow":["GET"]}}],"collection":[{"href":"https:\/\/www.purecook.com\/de\/wp-json\/wp\/v2\/product"}],"about":[{"href":"https:\/\/www.purecook.com\/de\/wp-json\/wp\/v2\/types\/product"}],"replies":[{"embeddable":true,"href":"https:\/\/www.purecook.com\/de\/wp-json\/wp\/v2\/comments?post=4932"}],"wp:featuredmedia":[{"embeddable":true,"href":"https:\/\/www.purecook.com\/de\/wp-json\/wp\/v2\/media\/4934"}],"wp:attachment":[{"href":"https:\/\/www.purecook.com\/de\/wp-json\/wp\/v2\/media?parent=4932"}],"wp:term":[{"taxonomy":"product_brand","embeddable":true,"href":"https:\/\/www.purecook.com\/de\/wp-json\/wp\/v2\/product_brand?post=4932"},{"taxonomy":"product_cat","embeddable":true,"href":"https:\/\/www.purecook.com\/de\/wp-json\/wp\/v2\/product_cat?post=4932"},{"taxonomy":"product_tag","embeddable":true,"href":"https:\/\/www.purecook.com\/de\/wp-json\/wp\/v2\/product_tag?post=4932"}],"curies":[{"name":"wp","href":"https:\/\/api.w.org\/{rel}","templated":true}]}}