{"id":5036,"date":"2024-05-01T08:40:00","date_gmt":"2024-05-01T00:40:00","guid":{"rendered":"https:\/\/www.purecook.com\/?post_type=product&#038;p=5036"},"modified":"2025-11-26T09:02:56","modified_gmt":"2025-11-26T01:02:56","slug":"wholesale-food-grade-plastic-tableware-set","status":"publish","type":"product","link":"https:\/\/www.purecook.com\/de\/product\/wholesale-food-grade-plastic-tableware-set\/","title":{"rendered":"Gro\u00dfhandel Food-grade Kunststoff Geschirr Set"},"content":{"rendered":"<div class=\"wp-block-columns is-layout-flex wp-container-core-columns-is-layout-9d6595d7 wp-block-columns-is-layout-flex\">\n<div class=\"wp-block-column is-layout-flow wp-block-column-is-layout-flow\">\n<h3 class=\"wp-block-heading\">Parameter des lebensmittelechten Plastikgeschirrsets<\/h3>\n\n\n\n<p><strong>Material:<\/strong> PP<br><strong>Farbe:<\/strong> Keramisch Wei\u00df<br><strong>einschlie\u00dflich: <\/strong>Serviersch\u00fcssel, Runder Teller, Essst\u00e4bchen, L\u00f6ffel<\/p>\n<\/div>\n\n\n\n<div class=\"wp-block-column is-layout-flow wp-block-column-is-layout-flow\">\n<h3 class=\"wp-block-heading\">Benutzerdefinierte Optionen<\/h3>\n\n\n\n<p><strong>Logo:<\/strong>\u00a0Anpassbar mit Ihrem Markenlogo<br><strong>Verpackung:<\/strong>\u00a0Farbige Schachtel\/Karton, etc<\/p>\n<\/div>\n<\/div>\n\n\n\n<div class=\"wp-block-columns is-layout-flex wp-container-core-columns-is-layout-9d6595d7 wp-block-columns-is-layout-flex\">\n<div class=\"wp-block-column is-layout-flow wp-block-column-is-layout-flow\">\n<figure class=\"wp-block-image size-full\"><img decoding=\"async\" width=\"800\" height=\"800\" src=\"https:\/\/www.purecook.com\/wp-content\/uploads\/2025\/11\/wholesale-food-grade-plastic-tableware-set-5.webp\" alt=\"Gro\u00dfhandel lebensmittelechten Kunststoff-Geschirr-Set (5)\" class=\"wp-image-5041\" srcset=\"https:\/\/www.purecook.com\/wp-content\/uploads\/2025\/11\/wholesale-food-grade-plastic-tableware-set-5.webp 800w, https:\/\/www.purecook.com\/wp-content\/uploads\/2025\/11\/wholesale-food-grade-plastic-tableware-set-5-300x300.webp 300w, https:\/\/www.purecook.com\/wp-content\/uploads\/2025\/11\/wholesale-food-grade-plastic-tableware-set-5-150x150.webp 150w, https:\/\/www.purecook.com\/wp-content\/uploads\/2025\/11\/wholesale-food-grade-plastic-tableware-set-5-768x768.webp 768w, https:\/\/www.purecook.com\/wp-content\/uploads\/2025\/11\/wholesale-food-grade-plastic-tableware-set-5-12x12.webp 12w, https:\/\/www.purecook.com\/wp-content\/uploads\/2025\/11\/wholesale-food-grade-plastic-tableware-set-5-600x600.webp 600w, https:\/\/www.purecook.com\/wp-content\/uploads\/2025\/11\/wholesale-food-grade-plastic-tableware-set-5-100x100.webp 100w\" sizes=\"(max-width: 800px) 100vw, 800px\" \/><\/figure>\n<\/div>\n\n\n\n<div class=\"wp-block-column is-layout-flow wp-block-column-is-layout-flow\">\n<figure class=\"wp-block-image size-full\"><img decoding=\"async\" width=\"800\" height=\"800\" src=\"https:\/\/www.purecook.com\/wp-content\/uploads\/2025\/11\/wholesale-food-grade-plastic-tableware-set-6.webp\" alt=\"Gro\u00dfhandel lebensmittelechten Kunststoff-Geschirr-Set (6)\" class=\"wp-image-5042\" srcset=\"https:\/\/www.purecook.com\/wp-content\/uploads\/2025\/11\/wholesale-food-grade-plastic-tableware-set-6.webp 800w, https:\/\/www.purecook.com\/wp-content\/uploads\/2025\/11\/wholesale-food-grade-plastic-tableware-set-6-300x300.webp 300w, https:\/\/www.purecook.com\/wp-content\/uploads\/2025\/11\/wholesale-food-grade-plastic-tableware-set-6-150x150.webp 150w, https:\/\/www.purecook.com\/wp-content\/uploads\/2025\/11\/wholesale-food-grade-plastic-tableware-set-6-768x768.webp 768w, https:\/\/www.purecook.com\/wp-content\/uploads\/2025\/11\/wholesale-food-grade-plastic-tableware-set-6-12x12.webp 12w, https:\/\/www.purecook.com\/wp-content\/uploads\/2025\/11\/wholesale-food-grade-plastic-tableware-set-6-600x600.webp 600w, https:\/\/www.purecook.com\/wp-content\/uploads\/2025\/11\/wholesale-food-grade-plastic-tableware-set-6-100x100.webp 100w\" sizes=\"(max-width: 800px) 100vw, 800px\" \/><\/figure>\n<\/div>\n<\/div>\n\n\n\n<div class=\"wp-block-columns is-layout-flex wp-container-core-columns-is-layout-9d6595d7 wp-block-columns-is-layout-flex\">\n<div class=\"wp-block-column is-layout-flow wp-block-column-is-layout-flow\"><\/div>\n\n\n\n<div class=\"wp-block-column is-layout-flow wp-block-column-is-layout-flow\"><\/div>\n<\/div>","protected":false},"excerpt":{"rendered":"<p>Gro\u00dfhandelsgeschirr aus lebensmittelechtem Kunststoff, das alle notwendigen Komponenten f\u00fcr ein komplettes mehrg\u00e4ngiges Men\u00fc f\u00fcr ein bis zwei Personen enth\u00e4lt. Ihre glatte, einfache Form bedeutet, dass sie leicht mit der Hand zu reinigen oder sp\u00fclmaschinenfest sind. Ideal f\u00fcr Superm\u00e4rkte und Geschirrh\u00e4ndler. Kontaktieren Sie uns noch heute f\u00fcr ein Angebot.<\/p>\n<h2>Eigenschaften von lebensmittelechtem Plastikgeschirr-Set<\/h2>\n<p><strong>Moderner, minimalistischer Stil:<\/strong> Dieses Gro\u00dfhandelsgeschirrset zeichnet sich durch ein klares, modernes und attraktives Aussehen mit einer einfachen, wei\u00dfen Keramikoberfl\u00e4che und schlanken, geschwungenen Linien aus.<\/p>\n<p><strong>Mehrere Gr\u00f6\u00dfen:<\/strong> Dieses Set enth\u00e4lt Geschirr in verschiedenen Gr\u00f6\u00dfen f\u00fcr unterschiedliche Arten und Sorten von Speisen.<\/p>\n<p><strong>Langlebigkeit und Widerstandsf\u00e4higkeit:<\/strong> Er ist aus sehr haltbarem und bruchsicherem PP-Kunststoff gefertigt und geht auch bei einem Sturz nicht kaputt. Damit ist er ideal f\u00fcr Familien mit Kindern, f\u00fcr Mahlzeiten im Freien oder den t\u00e4glichen Gebrauch.<\/p>\n<p><strong>Sicherheit:<\/strong> Aus lebensmittelechten Materialien hergestellt, ist es ungiftig und frei von sch\u00e4dlichen Chemikalien wie BPA, so dass es f\u00fcr den wiederholten Kontakt mit lebensmittelechten Beh\u00e4ltern geeignet ist.<\/p>","protected":false},"featured_media":5037,"comment_status":"closed","ping_status":"closed","template":"","meta":{"_acf_changed":false},"product_brand":[],"product_cat":[51],"product_tag":[],"class_list":{"0":"post-5036","1":"product","2":"type-product","3":"status-publish","4":"has-post-thumbnail","6":"product_cat-dinnerware","8":"first","9":"instock","10":"shipping-taxable","11":"product-type-simple"},"acf":[],"_links":{"self":[{"href":"https:\/\/www.purecook.com\/de\/wp-json\/wp\/v2\/product\/5036","targetHints":{"allow":["GET"]}}],"collection":[{"href":"https:\/\/www.purecook.com\/de\/wp-json\/wp\/v2\/product"}],"about":[{"href":"https:\/\/www.purecook.com\/de\/wp-json\/wp\/v2\/types\/product"}],"replies":[{"embeddable":true,"href":"https:\/\/www.purecook.com\/de\/wp-json\/wp\/v2\/comments?post=5036"}],"wp:featuredmedia":[{"embeddable":true,"href":"https:\/\/www.purecook.com\/de\/wp-json\/wp\/v2\/media\/5037"}],"wp:attachment":[{"href":"https:\/\/www.purecook.com\/de\/wp-json\/wp\/v2\/media?parent=5036"}],"wp:term":[{"taxonomy":"product_brand","embeddable":true,"href":"https:\/\/www.purecook.com\/de\/wp-json\/wp\/v2\/product_brand?post=5036"},{"taxonomy":"product_cat","embeddable":true,"href":"https:\/\/www.purecook.com\/de\/wp-json\/wp\/v2\/product_cat?post=5036"},{"taxonomy":"product_tag","embeddable":true,"href":"https:\/\/www.purecook.com\/de\/wp-json\/wp\/v2\/product_tag?post=5036"}],"curies":[{"name":"wp","href":"https:\/\/api.w.org\/{rel}","templated":true}]}}