{"id":5043,"date":"2025-11-26T09:04:08","date_gmt":"2025-11-26T01:04:08","guid":{"rendered":"https:\/\/www.purecook.com\/?post_type=product&#038;p=5043"},"modified":"2025-11-26T09:33:54","modified_gmt":"2025-11-26T01:33:54","slug":"wholesale-multi-function-stainless-steel-colander-and-grater-set","status":"publish","type":"product","link":"https:\/\/www.purecook.com\/de\/product\/wholesale-multi-function-stainless-steel-colander-and-grater-set\/","title":{"rendered":"Gro\u00dfhandel Multifunktions-Edelstahlsieb-Set mit Reibe"},"content":{"rendered":"<div class=\"wp-block-columns is-layout-flex wp-container-core-columns-is-layout-9d6595d7 wp-block-columns-is-layout-flex\">\n<div class=\"wp-block-column is-layout-flow wp-block-column-is-layout-flow\">\n<h3 class=\"wp-block-heading\">Parameter des Edelstahlsiebs und -siebsets<\/h3>\n\n\n\n<p><strong>Material:<\/strong> 201\/304 rostfreier Stahl<br><strong>Farbe:<\/strong> Silber<br><strong>Gr\u00f6\u00dfe:<\/strong> 24cm<br><strong>Funktionen:<\/strong> Filtern\/Lagern\/Schneiden\/Raspeln<\/p>\n<\/div>\n\n\n\n<div class=\"wp-block-column is-layout-flow wp-block-column-is-layout-flow\">\n<h3 class=\"wp-block-heading\">Benutzerdefinierte Optionen<\/h3>\n\n\n\n<p><strong>Logo:<\/strong> Anpassbar mit Ihrem Markenlogo<br><strong>Verpackung:<\/strong>\u00a0Farbige Schachtel\/Karton, etc<\/p>\n<\/div>\n<\/div>\n\n\n\n<div class=\"wp-block-columns is-layout-flex wp-container-core-columns-is-layout-9d6595d7 wp-block-columns-is-layout-flex\">\n<div class=\"wp-block-column is-layout-flow wp-block-column-is-layout-flow\">\n<figure class=\"wp-block-image size-full\"><img decoding=\"async\" width=\"800\" height=\"800\" src=\"https:\/\/www.purecook.com\/wp-content\/uploads\/2025\/11\/wholesale-stainless-steel-colander-and-grater-lid-set2.webp\" alt=\"Gro\u00dfhandel Edelstahl-Sieb und Reibe Deckel Set(2)\" class=\"wp-image-5045\" srcset=\"https:\/\/www.purecook.com\/wp-content\/uploads\/2025\/11\/wholesale-stainless-steel-colander-and-grater-lid-set2.webp 800w, https:\/\/www.purecook.com\/wp-content\/uploads\/2025\/11\/wholesale-stainless-steel-colander-and-grater-lid-set2-300x300.webp 300w, https:\/\/www.purecook.com\/wp-content\/uploads\/2025\/11\/wholesale-stainless-steel-colander-and-grater-lid-set2-150x150.webp 150w, https:\/\/www.purecook.com\/wp-content\/uploads\/2025\/11\/wholesale-stainless-steel-colander-and-grater-lid-set2-768x768.webp 768w, https:\/\/www.purecook.com\/wp-content\/uploads\/2025\/11\/wholesale-stainless-steel-colander-and-grater-lid-set2-12x12.webp 12w, https:\/\/www.purecook.com\/wp-content\/uploads\/2025\/11\/wholesale-stainless-steel-colander-and-grater-lid-set2-600x600.webp 600w, https:\/\/www.purecook.com\/wp-content\/uploads\/2025\/11\/wholesale-stainless-steel-colander-and-grater-lid-set2-100x100.webp 100w\" sizes=\"(max-width: 800px) 100vw, 800px\" \/><\/figure>\n<\/div>\n\n\n\n<div class=\"wp-block-column is-layout-flow wp-block-column-is-layout-flow\">\n<figure class=\"wp-block-image size-full\"><img decoding=\"async\" width=\"800\" height=\"800\" src=\"https:\/\/www.purecook.com\/wp-content\/uploads\/2025\/11\/wholesale-stainless-steel-colander-and-grater-lid-set5.webp\" alt=\"Gro\u00dfhandel Edelstahl-Sieb und Reibe Deckel Set(5)\" class=\"wp-image-5048\" srcset=\"https:\/\/www.purecook.com\/wp-content\/uploads\/2025\/11\/wholesale-stainless-steel-colander-and-grater-lid-set5.webp 800w, https:\/\/www.purecook.com\/wp-content\/uploads\/2025\/11\/wholesale-stainless-steel-colander-and-grater-lid-set5-300x300.webp 300w, https:\/\/www.purecook.com\/wp-content\/uploads\/2025\/11\/wholesale-stainless-steel-colander-and-grater-lid-set5-150x150.webp 150w, https:\/\/www.purecook.com\/wp-content\/uploads\/2025\/11\/wholesale-stainless-steel-colander-and-grater-lid-set5-768x768.webp 768w, https:\/\/www.purecook.com\/wp-content\/uploads\/2025\/11\/wholesale-stainless-steel-colander-and-grater-lid-set5-12x12.webp 12w, https:\/\/www.purecook.com\/wp-content\/uploads\/2025\/11\/wholesale-stainless-steel-colander-and-grater-lid-set5-600x600.webp 600w, https:\/\/www.purecook.com\/wp-content\/uploads\/2025\/11\/wholesale-stainless-steel-colander-and-grater-lid-set5-100x100.webp 100w\" sizes=\"(max-width: 800px) 100vw, 800px\" \/><\/figure>\n<\/div>\n<\/div>","protected":false},"excerpt":{"rendered":"<p>Gro\u00dfhandelsset f\u00fcr Edelstahlsiebe. Dieses langlebige, multifunktionale Set vereinfacht die Essenszubereitung. Schnelles Waschen, Sp\u00fclen, Abtropfen, Reiben und Schneiden von Gem\u00fcse, Obst und mehr in einem integrierten System. Dieses Produkt entspricht der wachsenden Nachfrage nach platzsparenden, multifunktionalen K\u00fcchenwerkzeugen. Kontaktieren Sie uns noch heute f\u00fcr ein Gro\u00dfhandelsangebot.<\/p>\n<h2>Eigenschaften von Edelstahl-Sieb- und Reibeset<\/h2>\n<p><strong>Multifunktionales Design:<\/strong> Der Deckel dieses Edelstahlsiebs dient gleichzeitig als Reibe und Hobel und erm\u00f6glicht die schnelle Zubereitung von Gem\u00fcse f\u00fcr Salate und Pfannengerichte.<\/p>\n<p><strong>All-in-One-Design:<\/strong> Durch die Kombination der Funktionen einer Reibe, eines Siebs und einer R\u00fchrsch\u00fcssel spart dieses Design Platz auf der K\u00fcchenarbeitsplatte und reduziert die Anzahl der f\u00fcr die Zubereitung von Speisen ben\u00f6tigten Werkzeuge.<\/p>\n<p><strong>Langlebige Konstruktion:<\/strong> Unsere Gro\u00dfhandelssiebe sind aus haltbarem Edelstahl gefertigt und bieten Vorteile wie Rostbest\u00e4ndigkeit, Hygiene, einfache Reinigung und lange Haltbarkeit.<\/p>\n<p><strong>Leicht zu reinigen:<\/strong> Die glatte Edelstahloberfl\u00e4che dieses Siebsets ist schmutz- und geruchsabweisend, sehr leicht zu reinigen und sp\u00fclmaschinenfest - ideal f\u00fcr die h\u00e4ufige Zubereitung von Speisen.<\/p>","protected":false},"featured_media":5044,"comment_status":"closed","ping_status":"closed","template":"","meta":{"_acf_changed":false},"product_brand":[],"product_cat":[52,65],"product_tag":[],"class_list":{"0":"post-5043","1":"product","2":"type-product","3":"status-publish","4":"has-post-thumbnail","6":"product_cat-kitchen-utensils","7":"product_cat-kitchen-strainer-and-colander","9":"first","10":"instock","11":"shipping-taxable","12":"product-type-simple"},"acf":[],"_links":{"self":[{"href":"https:\/\/www.purecook.com\/de\/wp-json\/wp\/v2\/product\/5043","targetHints":{"allow":["GET"]}}],"collection":[{"href":"https:\/\/www.purecook.com\/de\/wp-json\/wp\/v2\/product"}],"about":[{"href":"https:\/\/www.purecook.com\/de\/wp-json\/wp\/v2\/types\/product"}],"replies":[{"embeddable":true,"href":"https:\/\/www.purecook.com\/de\/wp-json\/wp\/v2\/comments?post=5043"}],"wp:featuredmedia":[{"embeddable":true,"href":"https:\/\/www.purecook.com\/de\/wp-json\/wp\/v2\/media\/5044"}],"wp:attachment":[{"href":"https:\/\/www.purecook.com\/de\/wp-json\/wp\/v2\/media?parent=5043"}],"wp:term":[{"taxonomy":"product_brand","embeddable":true,"href":"https:\/\/www.purecook.com\/de\/wp-json\/wp\/v2\/product_brand?post=5043"},{"taxonomy":"product_cat","embeddable":true,"href":"https:\/\/www.purecook.com\/de\/wp-json\/wp\/v2\/product_cat?post=5043"},{"taxonomy":"product_tag","embeddable":true,"href":"https:\/\/www.purecook.com\/de\/wp-json\/wp\/v2\/product_tag?post=5043"}],"curies":[{"name":"wp","href":"https:\/\/api.w.org\/{rel}","templated":true}]}}