{"id":5049,"date":"2025-11-26T09:37:22","date_gmt":"2025-11-26T01:37:22","guid":{"rendered":"https:\/\/www.purecook.com\/?post_type=product&#038;p=5049"},"modified":"2025-11-26T09:55:58","modified_gmt":"2025-11-26T01:55:58","slug":"wholesale-thickened-stainless-steel-steamer-pot","status":"publish","type":"product","link":"https:\/\/www.purecook.com\/de\/product\/wholesale-thickened-stainless-steel-steamer-pot\/","title":{"rendered":"Gro\u00dfhandel verdickt Edelstahl Dampftopf"},"content":{"rendered":"<div class=\"wp-block-columns is-layout-flex wp-container-core-columns-is-layout-9d6595d7 wp-block-columns-is-layout-flex\">\n<div class=\"wp-block-column is-layout-flow wp-block-column-is-layout-flow\">\n<h3 class=\"wp-block-heading\">Parameter von Edelstahl-Dampfkochtopf<\/h3>\n\n\n\n<p><strong>Material:<\/strong> 201\/304 Edelstahl<br><strong>Normale Dicke:<\/strong> 0,5 mm<br><strong>Gr\u00f6\u00dfe:<\/strong> 20-24cm,24-28cm,28-32cm<\/p>\n<\/div>\n\n\n\n<div class=\"wp-block-column is-layout-flow wp-block-column-is-layout-flow\">\n<h3 class=\"wp-block-heading\">Individuelle Kochgeschirr-Optionen<\/h3>\n\n\n\n<p><strong>Logo:<\/strong> Anpassbar mit Ihrem Markenlogo<br><strong>Verpackung:<\/strong>&nbsp;Farbige Schachtel\/Karton, etc<br><strong>Handgriff: <\/strong>Griffe f\u00fcr Ihren Stil<\/p>\n<\/div>\n<\/div>\n\n\n\n<div class=\"wp-block-columns is-layout-flex wp-container-core-columns-is-layout-9d6595d7 wp-block-columns-is-layout-flex\">\n<div class=\"wp-block-column is-layout-flow wp-block-column-is-layout-flow\">\n<figure class=\"wp-block-image size-full\"><img decoding=\"async\" width=\"800\" height=\"800\" src=\"https:\/\/www.purecook.com\/wp-content\/uploads\/2025\/11\/wholesale-steamer-pot-2.webp\" alt=\"Gro\u00dfhandel Dampftopf (2)\" class=\"wp-image-5051\" srcset=\"https:\/\/www.purecook.com\/wp-content\/uploads\/2025\/11\/wholesale-steamer-pot-2.webp 800w, https:\/\/www.purecook.com\/wp-content\/uploads\/2025\/11\/wholesale-steamer-pot-2-300x300.webp 300w, https:\/\/www.purecook.com\/wp-content\/uploads\/2025\/11\/wholesale-steamer-pot-2-150x150.webp 150w, https:\/\/www.purecook.com\/wp-content\/uploads\/2025\/11\/wholesale-steamer-pot-2-768x768.webp 768w, https:\/\/www.purecook.com\/wp-content\/uploads\/2025\/11\/wholesale-steamer-pot-2-12x12.webp 12w, https:\/\/www.purecook.com\/wp-content\/uploads\/2025\/11\/wholesale-steamer-pot-2-600x600.webp 600w, https:\/\/www.purecook.com\/wp-content\/uploads\/2025\/11\/wholesale-steamer-pot-2-100x100.webp 100w\" sizes=\"(max-width: 800px) 100vw, 800px\" \/><\/figure>\n<\/div>\n\n\n\n<div class=\"wp-block-column is-layout-flow wp-block-column-is-layout-flow\">\n<figure class=\"wp-block-image size-full\"><img decoding=\"async\" width=\"800\" height=\"800\" src=\"https:\/\/www.purecook.com\/wp-content\/uploads\/2025\/11\/wholesale-steamer-pot-3.webp\" alt=\"Gro\u00dfhandel Dampftopf (3)\" class=\"wp-image-5052\" srcset=\"https:\/\/www.purecook.com\/wp-content\/uploads\/2025\/11\/wholesale-steamer-pot-3.webp 800w, https:\/\/www.purecook.com\/wp-content\/uploads\/2025\/11\/wholesale-steamer-pot-3-300x300.webp 300w, https:\/\/www.purecook.com\/wp-content\/uploads\/2025\/11\/wholesale-steamer-pot-3-150x150.webp 150w, https:\/\/www.purecook.com\/wp-content\/uploads\/2025\/11\/wholesale-steamer-pot-3-768x768.webp 768w, https:\/\/www.purecook.com\/wp-content\/uploads\/2025\/11\/wholesale-steamer-pot-3-12x12.webp 12w, https:\/\/www.purecook.com\/wp-content\/uploads\/2025\/11\/wholesale-steamer-pot-3-600x600.webp 600w, https:\/\/www.purecook.com\/wp-content\/uploads\/2025\/11\/wholesale-steamer-pot-3-100x100.webp 100w\" sizes=\"(max-width: 800px) 100vw, 800px\" \/><\/figure>\n<\/div>\n<\/div>","protected":false},"excerpt":{"rendered":"<p>Gro\u00dfhandels-Dampfkocht\u00f6pfe, perfekt zum Kochen, D\u00e4mpfen und Abtropfen von Meeresfr\u00fcchten, Gem\u00fcse und Br\u00f6tchen. Ihr platzsparendes Design und die hochwertige Verarbeitung machen sie f\u00fcr den Einzelhandel attraktiv. Kontaktieren Sie uns f\u00fcr ein Angebot.<\/p>\n<p>Als <a href=\"https:\/\/www.purecook.com\/de\/produktkategorie\/kochgeschirr\/\" target=\"_blank\" rel=\"noopener\"><strong>Kochgeschirrhersteller<\/strong><\/a>, bieten wir eine breite Palette von Kochgeschirr an. Kontaktieren Sie uns f\u00fcr Kostenvoranschl\u00e4ge und Kataloge.<\/p>\n<h2>Eigenschaften von Edelstahl-Dampfkochtopf<\/h2>\n<p><strong>Vielseitigkeit beim Kochen:<\/strong> Dieser Gro\u00dfhandels-Dampfkochtopf eignet sich perfekt f\u00fcr die t\u00e4gliche Familienk\u00fcche und bietet Funktionen zum D\u00e4mpfen, D\u00fcnsten, Abseihen und Servieren.<\/p>\n<p><strong>Langlebiger rostfreier Stahl:<\/strong> Sowohl der Dampfkochtopf als auch der Deckel sind aus rostfreiem Stahl gefertigt, der eine hohe Haltbarkeit, Rostbest\u00e4ndigkeit und Hygiene bietet und nicht mit Lebensmitteln reagiert.<\/p>\n<p><strong>\u00c4sthetisches Design:<\/strong> Die Kombination aus neutralem cremefarbenem Kochgeschirr und glattem Edelstahl verleiht diesem Set eine moderne und ansprechende K\u00fcchen\u00e4sthetik.<\/p>\n<p><strong>Leicht zu reinigen:<\/strong> Die glatte Oberfl\u00e4che des Edelstahl-Dampfkochtopfs ist leicht zu reinigen und sp\u00fclmaschinenfest, was ihn sehr praktisch macht.<\/p>","protected":false},"featured_media":5050,"comment_status":"closed","ping_status":"closed","template":"","meta":{"_acf_changed":false},"product_brand":[],"product_cat":[24,79],"product_tag":[98],"class_list":{"0":"post-5049","1":"product","2":"type-product","3":"status-publish","4":"has-post-thumbnail","6":"product_cat-cookware","7":"product_cat-steamer-pot","8":"product_tag-wholesale-home-cookware","10":"first","11":"instock","12":"shipping-taxable","13":"product-type-simple"},"acf":[],"_links":{"self":[{"href":"https:\/\/www.purecook.com\/de\/wp-json\/wp\/v2\/product\/5049","targetHints":{"allow":["GET"]}}],"collection":[{"href":"https:\/\/www.purecook.com\/de\/wp-json\/wp\/v2\/product"}],"about":[{"href":"https:\/\/www.purecook.com\/de\/wp-json\/wp\/v2\/types\/product"}],"replies":[{"embeddable":true,"href":"https:\/\/www.purecook.com\/de\/wp-json\/wp\/v2\/comments?post=5049"}],"wp:featuredmedia":[{"embeddable":true,"href":"https:\/\/www.purecook.com\/de\/wp-json\/wp\/v2\/media\/5050"}],"wp:attachment":[{"href":"https:\/\/www.purecook.com\/de\/wp-json\/wp\/v2\/media?parent=5049"}],"wp:term":[{"taxonomy":"product_brand","embeddable":true,"href":"https:\/\/www.purecook.com\/de\/wp-json\/wp\/v2\/product_brand?post=5049"},{"taxonomy":"product_cat","embeddable":true,"href":"https:\/\/www.purecook.com\/de\/wp-json\/wp\/v2\/product_cat?post=5049"},{"taxonomy":"product_tag","embeddable":true,"href":"https:\/\/www.purecook.com\/de\/wp-json\/wp\/v2\/product_tag?post=5049"}],"curies":[{"name":"wp","href":"https:\/\/api.w.org\/{rel}","templated":true}]}}