{"id":5055,"date":"2025-11-26T10:00:24","date_gmt":"2025-11-26T02:00:24","guid":{"rendered":"https:\/\/www.purecook.com\/?post_type=product&#038;p=5055"},"modified":"2025-11-26T10:23:55","modified_gmt":"2025-11-26T02:23:55","slug":"wholesale-premium-stainless-steel-trash-cans","status":"publish","type":"product","link":"https:\/\/www.purecook.com\/de\/product\/wholesale-premium-stainless-steel-trash-cans\/","title":{"rendered":"Gro\u00dfhandel Edelstahl M\u00fclleimer - langlebig, leicht zu reinigen"},"content":{"rendered":"<div class=\"wp-block-columns is-layout-flex wp-container-core-columns-is-layout-9d6595d7 wp-block-columns-is-layout-flex\">\n<div class=\"wp-block-column is-layout-flow wp-block-column-is-layout-flow\">\n<h3 class=\"wp-block-heading\">Parameter von M\u00fclleimern aus Edelstahl<\/h3>\n\n\n\n<p><strong>Material:<\/strong> 201\/304 Edelstahl<br><strong>Kapazit\u00e4t: <\/strong>3L<br><strong>Normale Dicke:<\/strong> 0,5 mm<br><strong>Logo:<\/strong> Siebdruck\/Lasergravur\/gepr\u00e4gter Stempel<br><strong>Griff &amp;Deckel:<\/strong> Rostfreier Stahl<\/p>\n<\/div>\n\n\n\n<div class=\"wp-block-column is-layout-flow wp-block-column-is-layout-flow\">\n<h3 class=\"wp-block-heading\">Individuelle Kochgeschirr-Optionen<\/h3>\n\n\n\n<p><strong>Logo:<\/strong> Anpassbar mit Ihrem Markenlogo<br><strong>Verpackung:<\/strong>\u00a0Farbige Schachtel\/Karton, etc<\/p>\n<\/div>\n<\/div>\n\n\n\n<div class=\"wp-block-columns is-layout-flex wp-container-core-columns-is-layout-9d6595d7 wp-block-columns-is-layout-flex\">\n<div class=\"wp-block-column is-layout-flow wp-block-column-is-layout-flow\">\n<figure class=\"wp-block-image size-full\"><img decoding=\"async\" width=\"800\" height=\"800\" src=\"https:\/\/www.purecook.com\/wp-content\/uploads\/2025\/11\/wholesale-stainless-steel-trash-can-2.webp\" alt=\"Gro\u00dfhandel Edelstahl M\u00fclleimer (2)\" class=\"wp-image-5057\" srcset=\"https:\/\/www.purecook.com\/wp-content\/uploads\/2025\/11\/wholesale-stainless-steel-trash-can-2.webp 800w, https:\/\/www.purecook.com\/wp-content\/uploads\/2025\/11\/wholesale-stainless-steel-trash-can-2-300x300.webp 300w, https:\/\/www.purecook.com\/wp-content\/uploads\/2025\/11\/wholesale-stainless-steel-trash-can-2-150x150.webp 150w, https:\/\/www.purecook.com\/wp-content\/uploads\/2025\/11\/wholesale-stainless-steel-trash-can-2-768x768.webp 768w, https:\/\/www.purecook.com\/wp-content\/uploads\/2025\/11\/wholesale-stainless-steel-trash-can-2-12x12.webp 12w, https:\/\/www.purecook.com\/wp-content\/uploads\/2025\/11\/wholesale-stainless-steel-trash-can-2-600x600.webp 600w, https:\/\/www.purecook.com\/wp-content\/uploads\/2025\/11\/wholesale-stainless-steel-trash-can-2-100x100.webp 100w\" sizes=\"(max-width: 800px) 100vw, 800px\" \/><\/figure>\n<\/div>\n\n\n\n<div class=\"wp-block-column is-layout-flow wp-block-column-is-layout-flow\">\n<figure class=\"wp-block-image size-full\"><img decoding=\"async\" width=\"800\" height=\"800\" src=\"https:\/\/www.purecook.com\/wp-content\/uploads\/2025\/11\/wholesale-stainless-steel-trash-can-3.webp\" alt=\"Gro\u00dfhandel Edelstahl M\u00fclleimer (3)\" class=\"wp-image-5058\" srcset=\"https:\/\/www.purecook.com\/wp-content\/uploads\/2025\/11\/wholesale-stainless-steel-trash-can-3.webp 800w, https:\/\/www.purecook.com\/wp-content\/uploads\/2025\/11\/wholesale-stainless-steel-trash-can-3-300x300.webp 300w, https:\/\/www.purecook.com\/wp-content\/uploads\/2025\/11\/wholesale-stainless-steel-trash-can-3-150x150.webp 150w, https:\/\/www.purecook.com\/wp-content\/uploads\/2025\/11\/wholesale-stainless-steel-trash-can-3-768x768.webp 768w, https:\/\/www.purecook.com\/wp-content\/uploads\/2025\/11\/wholesale-stainless-steel-trash-can-3-12x12.webp 12w, https:\/\/www.purecook.com\/wp-content\/uploads\/2025\/11\/wholesale-stainless-steel-trash-can-3-600x600.webp 600w, https:\/\/www.purecook.com\/wp-content\/uploads\/2025\/11\/wholesale-stainless-steel-trash-can-3-100x100.webp 100w\" sizes=\"(max-width: 800px) 100vw, 800px\" \/><\/figure>\n<\/div>\n<\/div>","protected":false},"excerpt":{"rendered":"<p>Dieser Abfalleimer aus Edelstahl mit seinem eleganten, fingerabdruckresistenten Design und dem dicht schlie\u00dfenden Deckel zur Geruchskontrolle ist f\u00fcr die sofortige Entsorgung von Obstschalen, Kaffeesatz und Abf\u00e4llen konzipiert. Er ist ein unverzichtbares Werkzeug f\u00fcr einen effizienten K\u00fcchenbetrieb. Kontaktieren Sie uns f\u00fcr ein Angebot f\u00fcr den Gro\u00dfhandel.<\/p>\n<p>Als ein f\u00fchrendes <a href=\"https:\/\/www.purecook.com\/de\/produktkategorie\/kitchen-utensils\/\" target=\"_blank\" rel=\"noopener\"><strong>Hersteller von K\u00fcchenutensilien<\/strong><\/a> in China, bieten wir eine gro\u00dfe Auswahl an Gro\u00dfhandels-Edelstahl-K\u00fcchenutensilien, die den vielf\u00e4ltigen Bed\u00fcrfnissen der privaten K\u00fcchen und der Gastronomie entsprechen. Kontaktieren Sie uns f\u00fcr einen Katalog und ein Angebot.<\/p>\n<h2>Eigenschaften von Edelstahl-M\u00fclleimern<\/h2>\n<p><strong>Hohe Langlebigkeit:<\/strong> Diese Abfalleimer aus Edelstahl sind aus dickem, hochwertigem Stahl gefertigt und damit weitaus haltbarer als Abfalleimer aus Kunststoff. Sie sind weniger anf\u00e4llig f\u00fcr Dellen und Biegungen und k\u00f6nnen allt\u00e4glichen St\u00f6\u00dfen standhalten.<\/p>\n<p><strong>Rostfreier Stahl Material:<\/strong> M\u00fclleimer aus Edelstahl sind hygienisch, rostbest\u00e4ndig und porenfrei. Im Gegensatz zu Kunststoff nimmt Edelstahl nicht so leicht Ger\u00fcche auf und wird nicht durch Essensreste verschmutzt.<\/p>\n<p><strong>Kompaktes Design:<\/strong> Unsere Edelstahl-M\u00fclleimer f\u00fcr den Gro\u00dfhandel haben eine kompakte Gr\u00f6\u00dfe und eignen sich perfekt f\u00fcr die direkte Platzierung auf K\u00fcchenarbeitsplatten, um Schalen, Reste und Kr\u00fcmel w\u00e4hrend des Kochens einfach zu entsorgen.<\/p>\n<p><strong>\u00c4sthetik:<\/strong> Die Abfalleimer haben einen eleganten, modernen Look aus geb\u00fcrstetem Edelstahl, der perfekt zur modernen K\u00fcchen\u00e4sthetik passt.<\/p>","protected":false},"featured_media":5056,"comment_status":"closed","ping_status":"closed","template":"","meta":{"_acf_changed":false},"product_brand":[],"product_cat":[52,110],"product_tag":[],"class_list":{"0":"post-5055","1":"product","2":"type-product","3":"status-publish","4":"has-post-thumbnail","6":"product_cat-kitchen-utensils","7":"product_cat-stainless-steel-trash-can","9":"first","10":"instock","11":"shipping-taxable","12":"product-type-simple"},"acf":[],"_links":{"self":[{"href":"https:\/\/www.purecook.com\/de\/wp-json\/wp\/v2\/product\/5055","targetHints":{"allow":["GET"]}}],"collection":[{"href":"https:\/\/www.purecook.com\/de\/wp-json\/wp\/v2\/product"}],"about":[{"href":"https:\/\/www.purecook.com\/de\/wp-json\/wp\/v2\/types\/product"}],"replies":[{"embeddable":true,"href":"https:\/\/www.purecook.com\/de\/wp-json\/wp\/v2\/comments?post=5055"}],"wp:featuredmedia":[{"embeddable":true,"href":"https:\/\/www.purecook.com\/de\/wp-json\/wp\/v2\/media\/5056"}],"wp:attachment":[{"href":"https:\/\/www.purecook.com\/de\/wp-json\/wp\/v2\/media?parent=5055"}],"wp:term":[{"taxonomy":"product_brand","embeddable":true,"href":"https:\/\/www.purecook.com\/de\/wp-json\/wp\/v2\/product_brand?post=5055"},{"taxonomy":"product_cat","embeddable":true,"href":"https:\/\/www.purecook.com\/de\/wp-json\/wp\/v2\/product_cat?post=5055"},{"taxonomy":"product_tag","embeddable":true,"href":"https:\/\/www.purecook.com\/de\/wp-json\/wp\/v2\/product_tag?post=5055"}],"curies":[{"name":"wp","href":"https:\/\/api.w.org\/{rel}","templated":true}]}}