{"id":5086,"date":"2025-12-06T11:19:39","date_gmt":"2025-12-06T03:19:39","guid":{"rendered":"https:\/\/www.purecook.com\/?post_type=product&#038;p=5086"},"modified":"2025-12-06T17:02:38","modified_gmt":"2025-12-06T09:02:38","slug":"wholesale-stainless-steel-deep-frying-pot","status":"publish","type":"product","link":"https:\/\/www.purecook.com\/de\/product\/wholesale-stainless-steel-deep-frying-pot\/","title":{"rendered":"Gro\u00dfhandel Edelstahl Tief Braten Topf - Kochen &amp; Braten"},"content":{"rendered":"<div class=\"wp-block-columns is-layout-flex wp-container-core-columns-is-layout-9d6595d7 wp-block-columns-is-layout-flex\">\n<div class=\"wp-block-column is-layout-flow wp-block-column-is-layout-flow\">\n<h3 class=\"wp-block-heading\">Parameter von Edelstahl Bratentopf<\/h3>\n\n\n\n<p><strong>Material:<\/strong> Rostfreier Stahl<br><strong>Normale Dicke:<\/strong> 0,65 mm<br><strong>Dicke des Deckels: <\/strong>0,5 mm<br><strong>Kapazit\u00e4t:<\/strong> 4.3L <br><strong>Gr\u00f6\u00dfe:<\/strong> 16\u00d722cm<br><strong>Logo:<\/strong> Siebdruck\/Lasergravur\/gepr\u00e4gter Stempel<br><strong>Griff &amp; Deckelknopf: <\/strong>Rostfreier Stahl<\/p>\n<\/div>\n\n\n\n<div class=\"wp-block-column is-layout-flow wp-block-column-is-layout-flow\">\n<h3 class=\"wp-block-heading\">Individuelle Kochgeschirr-Optionen<\/h3>\n\n\n\n<p><strong>Material: <\/strong>SUS#201\/304<br><strong>Logo:<\/strong> Anpassbar mit Ihrem Markenlogo<br><strong>Verpackung:<\/strong>&nbsp;Farbige Schachtel\/Karton, etc<br><strong>Griffe f\u00fcr Ihren Stil<\/strong><\/p>\n<\/div>\n<\/div>\n\n\n\n<div class=\"wp-block-columns is-layout-flex wp-container-core-columns-is-layout-9d6595d7 wp-block-columns-is-layout-flex\">\n<div class=\"wp-block-column is-layout-flow wp-block-column-is-layout-flow\">\n<figure class=\"wp-block-image size-full\"><img decoding=\"async\" width=\"800\" height=\"800\" src=\"https:\/\/www.purecook.com\/wp-content\/uploads\/2025\/12\/wholesale-stainless-steel-deep-frying-pot-3.webp\" alt=\"Gro\u00dfhandel Edelstahl frittieren Topf (3)\" class=\"wp-image-5089\" srcset=\"https:\/\/www.purecook.com\/wp-content\/uploads\/2025\/12\/wholesale-stainless-steel-deep-frying-pot-3.webp 800w, https:\/\/www.purecook.com\/wp-content\/uploads\/2025\/12\/wholesale-stainless-steel-deep-frying-pot-3-300x300.webp 300w, https:\/\/www.purecook.com\/wp-content\/uploads\/2025\/12\/wholesale-stainless-steel-deep-frying-pot-3-150x150.webp 150w, https:\/\/www.purecook.com\/wp-content\/uploads\/2025\/12\/wholesale-stainless-steel-deep-frying-pot-3-768x768.webp 768w, https:\/\/www.purecook.com\/wp-content\/uploads\/2025\/12\/wholesale-stainless-steel-deep-frying-pot-3-12x12.webp 12w, https:\/\/www.purecook.com\/wp-content\/uploads\/2025\/12\/wholesale-stainless-steel-deep-frying-pot-3-600x600.webp 600w, https:\/\/www.purecook.com\/wp-content\/uploads\/2025\/12\/wholesale-stainless-steel-deep-frying-pot-3-100x100.webp 100w\" sizes=\"(max-width: 800px) 100vw, 800px\" \/><\/figure>\n<\/div>\n\n\n\n<div class=\"wp-block-column is-layout-flow wp-block-column-is-layout-flow\">\n<figure class=\"wp-block-image size-full\"><img decoding=\"async\" width=\"800\" height=\"800\" src=\"https:\/\/www.purecook.com\/wp-content\/uploads\/2025\/12\/wholesale-stainless-steel-deep-frying-pot-4.webp\" alt=\"Gro\u00dfhandel Edelstahl frittieren Topf (4)\" class=\"wp-image-5090\" srcset=\"https:\/\/www.purecook.com\/wp-content\/uploads\/2025\/12\/wholesale-stainless-steel-deep-frying-pot-4.webp 800w, https:\/\/www.purecook.com\/wp-content\/uploads\/2025\/12\/wholesale-stainless-steel-deep-frying-pot-4-300x300.webp 300w, https:\/\/www.purecook.com\/wp-content\/uploads\/2025\/12\/wholesale-stainless-steel-deep-frying-pot-4-150x150.webp 150w, https:\/\/www.purecook.com\/wp-content\/uploads\/2025\/12\/wholesale-stainless-steel-deep-frying-pot-4-768x768.webp 768w, https:\/\/www.purecook.com\/wp-content\/uploads\/2025\/12\/wholesale-stainless-steel-deep-frying-pot-4-12x12.webp 12w, https:\/\/www.purecook.com\/wp-content\/uploads\/2025\/12\/wholesale-stainless-steel-deep-frying-pot-4-600x600.webp 600w, https:\/\/www.purecook.com\/wp-content\/uploads\/2025\/12\/wholesale-stainless-steel-deep-frying-pot-4-100x100.webp 100w\" sizes=\"(max-width: 800px) 100vw, 800px\" \/><\/figure>\n<\/div>\n<\/div>\n\n\n\n<div class=\"wp-block-columns is-layout-flex wp-container-core-columns-is-layout-9d6595d7 wp-block-columns-is-layout-flex\">\n<div class=\"wp-block-column is-layout-flow wp-block-column-is-layout-flow\"><\/div>\n\n\n\n<div class=\"wp-block-column is-layout-flow wp-block-column-is-layout-flow\"><\/div>\n<\/div>","protected":false},"excerpt":{"rendered":"<p>Gro\u00dfhandelspfanne aus rostfreiem Stahl mit haltbarem, perforiertem Korb zum einfachen Ablaufen des \u00d6ls. Dieses vielseitige Produkt kann zum Braten oder als Suppentopf verwendet werden. Dank seines benutzerfreundlichen Designs k\u00f6nnen auch normale Heimanwender wie Profis braten und kochen.<\/p>\n<p>Purecook ist ein f\u00fchrender <a href=\"https:\/\/www.purecook.com\/de\/produktkategorie\/kochgeschirr\/\" target=\"_blank\" rel=\"noopener\"><strong>Hersteller von Kochgeschirr in China<\/strong><\/a>, und bietet eine breite Palette von Kochgeschirr f\u00fcr den Gro\u00dfhandel an. Bitte kontaktieren Sie uns f\u00fcr einen Katalog und ein Angebot.<\/p>\n<h2>Eigenschaften von Edelstahl-Bratentopf<\/h2>\n<p><strong>Vielseitigkeit:<\/strong><\/p>\n<ul>\n<li>\n<p>Spezielle Fritteuse: Mit dem Korbeinsatz l\u00e4sst sich das Ger\u00e4t in einen speziellen Topf zum Frittieren von H\u00e4hnchen, Donuts, Zwiebelringen usw. verwandeln, so dass die Speisen leicht aus dem hei\u00dfen \u00d6l herausgehoben werden k\u00f6nnen.<\/p>\n<\/li>\n<li>\n<p>Ein Topf, viele Funktionen: Er kann auch als normaler Suppentopf zum Kochen gro\u00dfer Mengen Suppe, Eint\u00f6pfe oder Nudeln\/Maiskolben verwendet werden.<\/p>\n<\/li>\n<\/ul>\n<p><strong>Langlebige Konstruktion:<\/strong> Die Konstruktion aus rostfreiem Stahl bietet eine hervorragende W\u00e4rmespeicherung und W\u00e4rmeleitf\u00e4higkeit, was f\u00fcr die Aufrechterhaltung einer stabilen \u00d6ltemperatur beim Frittieren entscheidend ist.<\/p>\n<p><strong>Sicherer Betrieb:<\/strong> Sowohl der Topf als auch der Korb sind mit stabilen, genieteten Seitengriffen ausgestattet, die ein sicheres und bequemes Anheben und Bewegen erm\u00f6glichen, selbst wenn sie voll sind.<\/p>\n<p><strong>Effizienter \u00d6lablass:<\/strong> Der gelochte Edelstahlkorb l\u00e4sst sich leicht herausheben und leitet \u00fcbersch\u00fcssiges \u00d6l schnell ab, so dass das Frittiergut knusprig und weniger fettig bleibt.<\/p>\n<p><strong>Geeignet f\u00fcr den privaten und gewerblichen Gebrauch:<\/strong> Perfekt zum Braten von H\u00e4hnchen, Fisch, Pommes frites, Tempura und vielem mehr - geeignet f\u00fcr Restaurants, Imbissbuden und die K\u00fcche zu Hause.<\/p>","protected":false},"featured_media":5091,"comment_status":"closed","ping_status":"closed","template":"","meta":{"_acf_changed":false},"product_brand":[],"product_cat":[24,72],"product_tag":[98],"class_list":{"0":"post-5086","1":"product","2":"type-product","3":"status-publish","4":"has-post-thumbnail","6":"product_cat-cookware","7":"product_cat-fryer-pots","8":"product_tag-wholesale-home-cookware","10":"first","11":"instock","12":"shipping-taxable","13":"product-type-simple"},"acf":[],"_links":{"self":[{"href":"https:\/\/www.purecook.com\/de\/wp-json\/wp\/v2\/product\/5086","targetHints":{"allow":["GET"]}}],"collection":[{"href":"https:\/\/www.purecook.com\/de\/wp-json\/wp\/v2\/product"}],"about":[{"href":"https:\/\/www.purecook.com\/de\/wp-json\/wp\/v2\/types\/product"}],"replies":[{"embeddable":true,"href":"https:\/\/www.purecook.com\/de\/wp-json\/wp\/v2\/comments?post=5086"}],"wp:featuredmedia":[{"embeddable":true,"href":"https:\/\/www.purecook.com\/de\/wp-json\/wp\/v2\/media\/5091"}],"wp:attachment":[{"href":"https:\/\/www.purecook.com\/de\/wp-json\/wp\/v2\/media?parent=5086"}],"wp:term":[{"taxonomy":"product_brand","embeddable":true,"href":"https:\/\/www.purecook.com\/de\/wp-json\/wp\/v2\/product_brand?post=5086"},{"taxonomy":"product_cat","embeddable":true,"href":"https:\/\/www.purecook.com\/de\/wp-json\/wp\/v2\/product_cat?post=5086"},{"taxonomy":"product_tag","embeddable":true,"href":"https:\/\/www.purecook.com\/de\/wp-json\/wp\/v2\/product_tag?post=5086"}],"curies":[{"name":"wp","href":"https:\/\/api.w.org\/{rel}","templated":true}]}}