{"id":5094,"date":"2025-12-06T14:42:27","date_gmt":"2025-12-06T06:15:38","guid":{"rendered":"https:\/\/www.purecook.com\/?post_type=product&#038;p=5094"},"modified":"2025-12-06T14:53:06","modified_gmt":"2025-12-06T06:53:06","slug":"wholesale-stainless-steel-ice-packs","status":"publish","type":"product","link":"https:\/\/www.purecook.com\/de\/product\/wholesale-stainless-steel-ice-packs\/","title":{"rendered":"Gro\u00dfhandel Edelstahl-Eispackungen f\u00fcr Lunch-Boxen - H\u00e4lt kalt f\u00fcr bis zu 6 Stunden"},"content":{"rendered":"<div class=\"wp-block-columns is-layout-flex wp-container-core-columns-is-layout-9d6595d7 wp-block-columns-is-layout-flex\">\n<div class=\"wp-block-column is-layout-flow wp-block-column-is-layout-flow\">\n<h3 class=\"wp-block-heading\">Parameter der Edelstahl-Eispackung<\/h3>\n\n\n\n<p><strong>Material:<\/strong> 304 Edelstahl<br><strong>Gr\u00f6\u00dfe: <\/strong>17,5\u00d711,5\u00d71,2 cm<br><strong>Logo: <\/strong>Siebdruck\/Lasergravur<\/p>\n<\/div>\n\n\n\n<div class=\"wp-block-column is-layout-flow wp-block-column-is-layout-flow\">\n<h3 class=\"wp-block-heading\">Individuelle Kochgeschirr-Optionen<\/h3>\n\n\n\n<p><strong>Logo:<\/strong> Anpassbar mit Ihrem Markenlogo<br><strong>Verpackung:<\/strong>&nbsp;Farbige Schachtel\/Karton, etc<\/p>\n<\/div>\n<\/div>\n\n\n\n<div class=\"wp-block-columns is-layout-flex wp-container-core-columns-is-layout-9d6595d7 wp-block-columns-is-layout-flex\">\n<div class=\"wp-block-column is-layout-flow wp-block-column-is-layout-flow\">\n<figure class=\"wp-block-image size-full\"><img decoding=\"async\" width=\"800\" height=\"800\" src=\"https:\/\/www.purecook.com\/wp-content\/uploads\/2025\/12\/wholesale-stainless-steel-ice-packs-2.webp\" alt=\"Gro\u00dfhandel Edelstahl K\u00fchlakkus (2)\" class=\"wp-image-5097\" srcset=\"https:\/\/www.purecook.com\/wp-content\/uploads\/2025\/12\/wholesale-stainless-steel-ice-packs-2.webp 800w, https:\/\/www.purecook.com\/wp-content\/uploads\/2025\/12\/wholesale-stainless-steel-ice-packs-2-300x300.webp 300w, https:\/\/www.purecook.com\/wp-content\/uploads\/2025\/12\/wholesale-stainless-steel-ice-packs-2-150x150.webp 150w, https:\/\/www.purecook.com\/wp-content\/uploads\/2025\/12\/wholesale-stainless-steel-ice-packs-2-768x768.webp 768w, https:\/\/www.purecook.com\/wp-content\/uploads\/2025\/12\/wholesale-stainless-steel-ice-packs-2-12x12.webp 12w, https:\/\/www.purecook.com\/wp-content\/uploads\/2025\/12\/wholesale-stainless-steel-ice-packs-2-600x600.webp 600w, https:\/\/www.purecook.com\/wp-content\/uploads\/2025\/12\/wholesale-stainless-steel-ice-packs-2-100x100.webp 100w\" sizes=\"(max-width: 800px) 100vw, 800px\" \/><\/figure>\n<\/div>\n\n\n\n<div class=\"wp-block-column is-layout-flow wp-block-column-is-layout-flow\">\n<figure class=\"wp-block-image size-full\"><img decoding=\"async\" width=\"800\" height=\"800\" src=\"https:\/\/www.purecook.com\/wp-content\/uploads\/2025\/12\/wholesale-stainless-steel-ice-packs-4-2.webp\" alt=\"Gro\u00dfhandel Edelstahl K\u00fchlakkus (4)\" class=\"wp-image-5105\" srcset=\"https:\/\/www.purecook.com\/wp-content\/uploads\/2025\/12\/wholesale-stainless-steel-ice-packs-4-2.webp 800w, https:\/\/www.purecook.com\/wp-content\/uploads\/2025\/12\/wholesale-stainless-steel-ice-packs-4-2-300x300.webp 300w, https:\/\/www.purecook.com\/wp-content\/uploads\/2025\/12\/wholesale-stainless-steel-ice-packs-4-2-150x150.webp 150w, https:\/\/www.purecook.com\/wp-content\/uploads\/2025\/12\/wholesale-stainless-steel-ice-packs-4-2-768x768.webp 768w, https:\/\/www.purecook.com\/wp-content\/uploads\/2025\/12\/wholesale-stainless-steel-ice-packs-4-2-12x12.webp 12w, https:\/\/www.purecook.com\/wp-content\/uploads\/2025\/12\/wholesale-stainless-steel-ice-packs-4-2-600x600.webp 600w, https:\/\/www.purecook.com\/wp-content\/uploads\/2025\/12\/wholesale-stainless-steel-ice-packs-4-2-100x100.webp 100w\" sizes=\"(max-width: 800px) 100vw, 800px\" \/><\/figure>\n<\/div>\n<\/div>\n\n\n\n<div class=\"wp-block-columns is-layout-flex wp-container-core-columns-is-layout-9d6595d7 wp-block-columns-is-layout-flex\">\n<div class=\"wp-block-column is-layout-flow wp-block-column-is-layout-flow\"><\/div>\n\n\n\n<div class=\"wp-block-column is-layout-flow wp-block-column-is-layout-flow\"><\/div>\n<\/div>","protected":false},"excerpt":{"rendered":"<p>K\u00fchlakkus aus Edelstahl im Gro\u00dfhandel. Sie halten Ihre Mahlzeiten frisch und Getr\u00e4nke eiskalt, perfekt f\u00fcr das t\u00e4gliche Mittagessen, Outdoor-Abenteuer und alle Arten von Reisen. Diese K\u00fchlakkus aus Edelstahl sind leicht zu reinigen, langlebig, verbeulungssicher, geruchssicher und auslaufsicher und gew\u00e4hrleisten Tag f\u00fcr Tag zuverl\u00e4ssige Leistung. Kontaktieren Sie uns f\u00fcr Gro\u00dfhandelspreise.<\/p>\n<h2>Eigenschaften von Eispackungen aus Edelstahl<\/h2>\n<p><strong>\u00c4u\u00dferst langlebig:<\/strong> K\u00fchlakkus aus Edelstahl bieten eine au\u00dfergew\u00f6hnliche Sto\u00df-, Durchsto\u00df- und Verformungsfestigkeit und eignen sich daher f\u00fcr eine Vielzahl von Au\u00dfenanwendungen.<\/p>\n<p><strong>Hervorragende K\u00fchlleistung:<\/strong> Diese K\u00fchlakkus aus Edelstahl bieten eine hervorragende K\u00fchlleistung und halten den Inhalt bis zu 6 Stunden lang bei niedriger Temperatur.<\/p>\n<p><strong>Lebensmittelgeeigneter rostfreier Stahl:<\/strong> Die vollst\u00e4ndig aus lebensmittelechtem Edelstahl gefertigten K\u00fchlakkus sind langlebig, sicher und zuverl\u00e4ssig f\u00fcr den direkten Kontakt mit Lebensmitteln und Getr\u00e4nken.<\/p>","protected":false},"featured_media":5096,"comment_status":"closed","ping_status":"closed","template":"","meta":{"_acf_changed":false},"product_brand":[],"product_cat":[52],"product_tag":[],"class_list":{"0":"post-5094","1":"product","2":"type-product","3":"status-publish","4":"has-post-thumbnail","6":"product_cat-kitchen-utensils","8":"first","9":"instock","10":"shipping-taxable","11":"product-type-simple"},"acf":[],"_links":{"self":[{"href":"https:\/\/www.purecook.com\/de\/wp-json\/wp\/v2\/product\/5094","targetHints":{"allow":["GET"]}}],"collection":[{"href":"https:\/\/www.purecook.com\/de\/wp-json\/wp\/v2\/product"}],"about":[{"href":"https:\/\/www.purecook.com\/de\/wp-json\/wp\/v2\/types\/product"}],"replies":[{"embeddable":true,"href":"https:\/\/www.purecook.com\/de\/wp-json\/wp\/v2\/comments?post=5094"}],"wp:featuredmedia":[{"embeddable":true,"href":"https:\/\/www.purecook.com\/de\/wp-json\/wp\/v2\/media\/5096"}],"wp:attachment":[{"href":"https:\/\/www.purecook.com\/de\/wp-json\/wp\/v2\/media?parent=5094"}],"wp:term":[{"taxonomy":"product_brand","embeddable":true,"href":"https:\/\/www.purecook.com\/de\/wp-json\/wp\/v2\/product_brand?post=5094"},{"taxonomy":"product_cat","embeddable":true,"href":"https:\/\/www.purecook.com\/de\/wp-json\/wp\/v2\/product_cat?post=5094"},{"taxonomy":"product_tag","embeddable":true,"href":"https:\/\/www.purecook.com\/de\/wp-json\/wp\/v2\/product_tag?post=5094"}],"curies":[{"name":"wp","href":"https:\/\/api.w.org\/{rel}","templated":true}]}}