{"id":5106,"date":"2025-12-06T15:01:53","date_gmt":"2025-12-06T07:01:53","guid":{"rendered":"https:\/\/www.purecook.com\/?post_type=product&#038;p=5106"},"modified":"2025-12-06T16:59:57","modified_gmt":"2025-12-06T08:59:57","slug":"wholesale-stainless-steel-insulated-water-bottles","status":"publish","type":"product","link":"https:\/\/www.purecook.com\/de\/product\/wholesale-stainless-steel-insulated-water-bottles\/","title":{"rendered":"Gro\u00dfhandel Isolierte Wasserflaschen, Thermalwasserkr\u00fcge"},"content":{"rendered":"<div class=\"wp-block-columns is-layout-flex wp-container-core-columns-is-layout-9d6595d7 wp-block-columns-is-layout-flex\">\n<div class=\"wp-block-column is-layout-flow wp-block-column-is-layout-flow\">\n<h3 class=\"wp-block-heading\">Parameter der isolierten Wasserflasche<\/h3>\n\n\n\n<p><strong>Material:<\/strong> 304 Edelstahl, Silikon<br><strong>Kapazit\u00e4t: <\/strong>1000ML<br><strong>Logo: <\/strong>Siebdruck\/Lasergravur<\/p>\n<\/div>\n\n\n\n<div class=\"wp-block-column is-layout-flow wp-block-column-is-layout-flow\">\n<h3 class=\"wp-block-heading\">Individuelle Kochgeschirr-Optionen<\/h3>\n\n\n\n<p><strong>Logo:<\/strong> Anpassbar mit Ihrem Markenlogo<br><strong>Verpackung:<\/strong>&nbsp;Farbige Schachtel\/Karton, etc<br><strong>Handgriff: <\/strong>Griffe f\u00fcr Ihren Stil<\/p>\n<\/div>\n<\/div>\n\n\n\n<div class=\"wp-block-columns is-layout-flex wp-container-core-columns-is-layout-9d6595d7 wp-block-columns-is-layout-flex\">\n<div class=\"wp-block-column is-layout-flow wp-block-column-is-layout-flow\">\n<figure class=\"wp-block-image size-full\"><img decoding=\"async\" width=\"800\" height=\"800\" src=\"https:\/\/www.purecook.com\/wp-content\/uploads\/2025\/12\/wholesale-insulated-water-bottles-2.webp\" alt=\"Gro\u00dfhandel isolierte Wasserflaschen (2)\" class=\"wp-image-5108\" srcset=\"https:\/\/www.purecook.com\/wp-content\/uploads\/2025\/12\/wholesale-insulated-water-bottles-2.webp 800w, https:\/\/www.purecook.com\/wp-content\/uploads\/2025\/12\/wholesale-insulated-water-bottles-2-300x300.webp 300w, https:\/\/www.purecook.com\/wp-content\/uploads\/2025\/12\/wholesale-insulated-water-bottles-2-150x150.webp 150w, https:\/\/www.purecook.com\/wp-content\/uploads\/2025\/12\/wholesale-insulated-water-bottles-2-768x768.webp 768w, https:\/\/www.purecook.com\/wp-content\/uploads\/2025\/12\/wholesale-insulated-water-bottles-2-12x12.webp 12w, https:\/\/www.purecook.com\/wp-content\/uploads\/2025\/12\/wholesale-insulated-water-bottles-2-600x600.webp 600w, https:\/\/www.purecook.com\/wp-content\/uploads\/2025\/12\/wholesale-insulated-water-bottles-2-100x100.webp 100w\" sizes=\"(max-width: 800px) 100vw, 800px\" \/><\/figure>\n<\/div>\n\n\n\n<div class=\"wp-block-column is-layout-flow wp-block-column-is-layout-flow\">\n<figure class=\"wp-block-image size-full\"><img decoding=\"async\" width=\"800\" height=\"800\" src=\"https:\/\/www.purecook.com\/wp-content\/uploads\/2025\/12\/wholesale-insulated-water-bottles-3.webp\" alt=\"Gro\u00dfhandel isolierte Wasserflaschen (3)\" class=\"wp-image-5109\" srcset=\"https:\/\/www.purecook.com\/wp-content\/uploads\/2025\/12\/wholesale-insulated-water-bottles-3.webp 800w, https:\/\/www.purecook.com\/wp-content\/uploads\/2025\/12\/wholesale-insulated-water-bottles-3-300x300.webp 300w, https:\/\/www.purecook.com\/wp-content\/uploads\/2025\/12\/wholesale-insulated-water-bottles-3-150x150.webp 150w, https:\/\/www.purecook.com\/wp-content\/uploads\/2025\/12\/wholesale-insulated-water-bottles-3-768x768.webp 768w, https:\/\/www.purecook.com\/wp-content\/uploads\/2025\/12\/wholesale-insulated-water-bottles-3-12x12.webp 12w, https:\/\/www.purecook.com\/wp-content\/uploads\/2025\/12\/wholesale-insulated-water-bottles-3-600x600.webp 600w, https:\/\/www.purecook.com\/wp-content\/uploads\/2025\/12\/wholesale-insulated-water-bottles-3-100x100.webp 100w\" sizes=\"(max-width: 800px) 100vw, 800px\" \/><\/figure>\n<\/div>\n<\/div>\n\n\n\n<div class=\"wp-block-columns is-layout-flex wp-container-core-columns-is-layout-9d6595d7 wp-block-columns-is-layout-flex\">\n<div class=\"wp-block-column is-layout-flow wp-block-column-is-layout-flow\"><\/div>\n\n\n\n<div class=\"wp-block-column is-layout-flow wp-block-column-is-layout-flow\"><\/div>\n<\/div>","protected":false},"excerpt":{"rendered":"<p>Isolierte Wasserflaschen f\u00fcr den Gro\u00dfhandel, mit Vakuum-Isolierungstechnologie f\u00fcr lang anhaltende W\u00e4rmespeicherung und K\u00fchlung. Elegantes Design, perfekt zum Servieren von eisgek\u00fchltem Wasser bei Dinnerpartys oder hei\u00dfem Kaffee bei Meetings.<\/p>\n<p>Als Fachmann <a href=\"https:\/\/www.purecook.com\/de\/\" target=\"_blank\" rel=\"noopener\"><strong>K\u00fcchenartikelhersteller<\/strong><\/a>, bieten wir Fabrik-Gro\u00dfhandelspreise und OEM-Unterst\u00fctzung. Kontaktieren Sie uns jetzt!<\/p>\n<h2>Eigenschaften von isolierten Wasserflaschen aus Edelstahl<\/h2>\n<p><strong>Isoliert:<\/strong> Diese Wasserflasche verf\u00fcgt \u00fcber eine Vakuum-Isolierungstechnologie. Sie verlangsamt die W\u00e4rme\u00fcbertragung erheblich und h\u00e4lt Wasser, Kaffee oder Tee \u00fcber Stunden warm.<\/p>\n<p><strong>Ungiftig:<\/strong> Unsere Edelstahl-Wasserflasche f\u00fcr den Gro\u00dfhandel ist BPA-frei und gibt keine Chemikalien an den Inhalt ab, was sie sicherer macht als manche Plastikbeh\u00e4lter.<\/p>\n<p><strong>\u00c4sthetisch ansprechend:<\/strong> Durch sein stilvolles und modernes Design eignet er sich f\u00fcr die Bewirtung von G\u00e4sten bei Dinnerpartys oder Meetings, aber auch f\u00fcr die Aufstellung auf dem Nachttisch oder Schreibtisch.<\/p>","protected":false},"featured_media":5107,"comment_status":"closed","ping_status":"closed","template":"","meta":{"_acf_changed":false},"product_brand":[],"product_cat":[111],"product_tag":[],"class_list":{"0":"post-5106","1":"product","2":"type-product","3":"status-publish","4":"has-post-thumbnail","6":"product_cat-insulated-water-bottles","8":"first","9":"instock","10":"shipping-taxable","11":"product-type-simple"},"acf":[],"_links":{"self":[{"href":"https:\/\/www.purecook.com\/de\/wp-json\/wp\/v2\/product\/5106","targetHints":{"allow":["GET"]}}],"collection":[{"href":"https:\/\/www.purecook.com\/de\/wp-json\/wp\/v2\/product"}],"about":[{"href":"https:\/\/www.purecook.com\/de\/wp-json\/wp\/v2\/types\/product"}],"replies":[{"embeddable":true,"href":"https:\/\/www.purecook.com\/de\/wp-json\/wp\/v2\/comments?post=5106"}],"wp:featuredmedia":[{"embeddable":true,"href":"https:\/\/www.purecook.com\/de\/wp-json\/wp\/v2\/media\/5107"}],"wp:attachment":[{"href":"https:\/\/www.purecook.com\/de\/wp-json\/wp\/v2\/media?parent=5106"}],"wp:term":[{"taxonomy":"product_brand","embeddable":true,"href":"https:\/\/www.purecook.com\/de\/wp-json\/wp\/v2\/product_brand?post=5106"},{"taxonomy":"product_cat","embeddable":true,"href":"https:\/\/www.purecook.com\/de\/wp-json\/wp\/v2\/product_cat?post=5106"},{"taxonomy":"product_tag","embeddable":true,"href":"https:\/\/www.purecook.com\/de\/wp-json\/wp\/v2\/product_tag?post=5106"}],"curies":[{"name":"wp","href":"https:\/\/api.w.org\/{rel}","templated":true}]}}