{"id":5114,"date":"2025-12-06T15:57:46","date_gmt":"2025-12-06T07:57:46","guid":{"rendered":"https:\/\/www.purecook.com\/?post_type=product&#038;p=5114"},"modified":"2025-12-06T16:26:10","modified_gmt":"2025-12-06T08:26:10","slug":"wholesale-stainless-steel-food-container","status":"publish","type":"product","link":"https:\/\/www.purecook.com\/de\/product\/wholesale-stainless-steel-food-container\/","title":{"rendered":"Gro\u00dfhandel Edelstahl Lebensmittel Lagerung Container mit Griff - Mikrowelle sicher"},"content":{"rendered":"<div class=\"wp-block-columns is-layout-flex wp-container-core-columns-is-layout-9d6595d7 wp-block-columns-is-layout-flex\">\n<div class=\"wp-block-column is-layout-flow wp-block-column-is-layout-flow\">\n<h3 class=\"wp-block-heading\">Parameter des Lebensmittelbeh\u00e4lters aus Edelstahl<\/h3>\n\n\n\n<p><strong>Material:<\/strong> Rostfreier Stahl<br><strong>Normale Dicke:<\/strong> 0,5 mm<br><strong>Kapazit\u00e4t:<\/strong> 1,2\/1,6\/1,7\/2,1\/2,3\/3,2\/3,9 l<br><strong>Gewicht:<\/strong> Weniger als 1 kg<br><strong>Logo: <\/strong>Siebdruck\/Lasergravur<\/p>\n<\/div>\n\n\n\n<div class=\"wp-block-column is-layout-flow wp-block-column-is-layout-flow\">\n<h3 class=\"wp-block-heading\">Optionen f\u00fcr individuelle Lebensmittelbeh\u00e4lter<\/h3>\n\n\n\n<p><strong>Logo:<\/strong> Anpassbar mit Ihrem Markenlogo<br><strong>Verpackung:<\/strong>\u00a0Farbige Schachtel\/Karton, etc<\/p>\n<\/div>\n<\/div>\n\n\n\n<div class=\"wp-block-columns is-layout-flex wp-container-core-columns-is-layout-9d6595d7 wp-block-columns-is-layout-flex\">\n<div class=\"wp-block-column is-layout-flow wp-block-column-is-layout-flow\">\n<figure class=\"wp-block-image size-full\"><img decoding=\"async\" width=\"800\" height=\"800\" src=\"https:\/\/www.purecook.com\/wp-content\/uploads\/2025\/12\/wholesale-stainless-steel-food-containers-2.webp\" alt=\"Gro\u00dfhandel Edelstahl-Lebensmittelbeh\u00e4lter (2)\" class=\"wp-image-5116\" srcset=\"https:\/\/www.purecook.com\/wp-content\/uploads\/2025\/12\/wholesale-stainless-steel-food-containers-2.webp 800w, https:\/\/www.purecook.com\/wp-content\/uploads\/2025\/12\/wholesale-stainless-steel-food-containers-2-300x300.webp 300w, https:\/\/www.purecook.com\/wp-content\/uploads\/2025\/12\/wholesale-stainless-steel-food-containers-2-150x150.webp 150w, https:\/\/www.purecook.com\/wp-content\/uploads\/2025\/12\/wholesale-stainless-steel-food-containers-2-768x768.webp 768w, https:\/\/www.purecook.com\/wp-content\/uploads\/2025\/12\/wholesale-stainless-steel-food-containers-2-12x12.webp 12w, https:\/\/www.purecook.com\/wp-content\/uploads\/2025\/12\/wholesale-stainless-steel-food-containers-2-600x600.webp 600w, https:\/\/www.purecook.com\/wp-content\/uploads\/2025\/12\/wholesale-stainless-steel-food-containers-2-100x100.webp 100w\" sizes=\"(max-width: 800px) 100vw, 800px\" \/><\/figure>\n<\/div>\n\n\n\n<div class=\"wp-block-column is-layout-flow wp-block-column-is-layout-flow\">\n<figure class=\"wp-block-image size-full\"><img decoding=\"async\" width=\"800\" height=\"800\" src=\"https:\/\/www.purecook.com\/wp-content\/uploads\/2025\/12\/wholesale-stainless-steel-food-containers-5.webp\" alt=\"Gro\u00dfhandel Edelstahl-Lebensmittelbeh\u00e4lter (5)\" class=\"wp-image-5119\" srcset=\"https:\/\/www.purecook.com\/wp-content\/uploads\/2025\/12\/wholesale-stainless-steel-food-containers-5.webp 800w, https:\/\/www.purecook.com\/wp-content\/uploads\/2025\/12\/wholesale-stainless-steel-food-containers-5-300x300.webp 300w, https:\/\/www.purecook.com\/wp-content\/uploads\/2025\/12\/wholesale-stainless-steel-food-containers-5-150x150.webp 150w, https:\/\/www.purecook.com\/wp-content\/uploads\/2025\/12\/wholesale-stainless-steel-food-containers-5-768x768.webp 768w, https:\/\/www.purecook.com\/wp-content\/uploads\/2025\/12\/wholesale-stainless-steel-food-containers-5-12x12.webp 12w, https:\/\/www.purecook.com\/wp-content\/uploads\/2025\/12\/wholesale-stainless-steel-food-containers-5-600x600.webp 600w, https:\/\/www.purecook.com\/wp-content\/uploads\/2025\/12\/wholesale-stainless-steel-food-containers-5-100x100.webp 100w\" sizes=\"(max-width: 800px) 100vw, 800px\" \/><\/figure>\n<\/div>\n<\/div>\n\n\n\n<div class=\"wp-block-columns is-layout-flex wp-container-core-columns-is-layout-9d6595d7 wp-block-columns-is-layout-flex\">\n<div class=\"wp-block-column is-layout-flow wp-block-column-is-layout-flow\"><\/div>\n\n\n\n<div class=\"wp-block-column is-layout-flow wp-block-column-is-layout-flow\"><\/div>\n<\/div>","protected":false},"excerpt":{"rendered":"<p>Willkommen bei den Gro\u00dfhandels-Lebensmittelbeh\u00e4ltern f\u00fcr den Gro\u00dfeinkauf. Mikrowellengeeignet. Dieser Gro\u00dfhandels-Lebensmittelbeh\u00e4lter aus Edelstahl mit Griff zeichnet sich durch \u00fcberragende Festigkeit, Korrosionsbest\u00e4ndigkeit und Langlebigkeit aus. Erh\u00e4ltlich in verschiedenen Gr\u00f6\u00dfen, um die Lagereffizienz in Ihrem K\u00fchlschrank und Ihrer K\u00fcche zu maximieren.<\/p>\n<p>Purecook ist ein professioneller<a href=\"https:\/\/www.purecook.com\/de\/produktkategorie\/dinnerware\/food-storage\/\" target=\"_blank\" rel=\"noopener\"><strong> Hersteller von Edelstahl-Lebensmittelbeh\u00e4ltern<\/strong><\/a>, in verschiedenen Gr\u00f6\u00dfen und Ausf\u00fchrungen erh\u00e4ltlich. Kontaktieren Sie uns f\u00fcr einen Katalog und ein Angebot.<\/p>\n<h2>Eigenschaften von Lebensmittelbeh\u00e4ltern aus Edelstahl<\/h2>\n<p><strong>Lebensmitteltauglicher Edelstahl 304:<\/strong> Gro\u00dfhandels-Lebensmittelbeh\u00e4lter bestehen aus hochwertigem SUS304-Edelstahl, der sicher, ungiftig und korrosionsbest\u00e4ndig ist, eine lange Lebensdauer gew\u00e4hrleistet und weder metallisch riecht noch Ger\u00fcche annimmt.<\/p>\n<p><strong>Mikrowellengeeignet (Deckel entfernt):<\/strong> Nach Entfernen des Deckels mikrowellengeeignet.<\/p>\n<p><strong>Stabile und langlebige Konstruktion:<\/strong> Dank seiner dicken Edelstahlw\u00e4nde ist es widerstandsf\u00e4hig gegen Verziehen, Beulen und Verformungen und eignet sich daher ideal f\u00fcr den t\u00e4glichen Gebrauch zu Hause und im gewerblichen Bereich.<\/p>\n<p><strong>Mehrere Kapazit\u00e4tsoptionen:<\/strong> Unsere Gro\u00dfhandelsbeh\u00e4lter f\u00fcr die Lebensmittellagerung sind in verschiedenen Gr\u00f6\u00dfen erh\u00e4ltlich, um unterschiedlichen Anforderungen an die Lebensmittellagerung gerecht zu werden, von vorgefertigten Mahlzeiten und Speiseresten bis hin zu Gro\u00dfmengen an Zutaten in Restaurants und Catering-Services.<\/p>\n<p><strong>Leicht zu reinigen und zu pflegen:<\/strong> Die glatte Oberfl\u00e4che von Edelstahl verhindert das Anhaften von Lebensmitteln und erm\u00f6glicht eine schnelle und einfache Reinigung von Hand oder in der Sp\u00fclmaschine.<\/p>","protected":false},"featured_media":5115,"comment_status":"closed","ping_status":"closed","template":"","meta":{"_acf_changed":false},"product_brand":[],"product_cat":[51,25],"product_tag":[],"class_list":{"0":"post-5114","1":"product","2":"type-product","3":"status-publish","4":"has-post-thumbnail","6":"product_cat-dinnerware","7":"product_cat-food-storage","9":"first","10":"instock","11":"shipping-taxable","12":"product-type-simple"},"acf":[],"_links":{"self":[{"href":"https:\/\/www.purecook.com\/de\/wp-json\/wp\/v2\/product\/5114","targetHints":{"allow":["GET"]}}],"collection":[{"href":"https:\/\/www.purecook.com\/de\/wp-json\/wp\/v2\/product"}],"about":[{"href":"https:\/\/www.purecook.com\/de\/wp-json\/wp\/v2\/types\/product"}],"replies":[{"embeddable":true,"href":"https:\/\/www.purecook.com\/de\/wp-json\/wp\/v2\/comments?post=5114"}],"wp:featuredmedia":[{"embeddable":true,"href":"https:\/\/www.purecook.com\/de\/wp-json\/wp\/v2\/media\/5115"}],"wp:attachment":[{"href":"https:\/\/www.purecook.com\/de\/wp-json\/wp\/v2\/media?parent=5114"}],"wp:term":[{"taxonomy":"product_brand","embeddable":true,"href":"https:\/\/www.purecook.com\/de\/wp-json\/wp\/v2\/product_brand?post=5114"},{"taxonomy":"product_cat","embeddable":true,"href":"https:\/\/www.purecook.com\/de\/wp-json\/wp\/v2\/product_cat?post=5114"},{"taxonomy":"product_tag","embeddable":true,"href":"https:\/\/www.purecook.com\/de\/wp-json\/wp\/v2\/product_tag?post=5114"}],"curies":[{"name":"wp","href":"https:\/\/api.w.org\/{rel}","templated":true}]}}