{"id":5122,"date":"2025-12-06T16:36:29","date_gmt":"2025-12-06T08:36:29","guid":{"rendered":"https:\/\/www.purecook.com\/?post_type=product&#038;p=5122"},"modified":"2025-12-06T16:57:24","modified_gmt":"2025-12-06T08:57:24","slug":"wholesale-stainless-steel-bowl-with-oil-draining-rack","status":"publish","type":"product","link":"https:\/\/www.purecook.com\/de\/product\/wholesale-stainless-steel-bowl-with-oil-draining-rack\/","title":{"rendered":"Gro\u00dfhandel Edelstahl Sch\u00fcssel mit \u00d6l Abtropffl\u00e4che"},"content":{"rendered":"<div class=\"wp-block-columns is-layout-flex wp-container-core-columns-is-layout-9d6595d7 wp-block-columns-is-layout-flex\">\n<div class=\"wp-block-column is-layout-flow wp-block-column-is-layout-flow\">\n<h3 class=\"wp-block-heading\">Parameter der Sch\u00fcssel aus rostfreiem Stahl<\/h3>\n\n\n\n<p><strong>Material:<\/strong> Rostfreier Stahl<br><strong>Normale Dicke:<\/strong> 0,5 mm<br><strong>Logo: <\/strong>Siebdruck\/Lasergravur<br><strong>Gr\u00f6\u00dfe: <\/strong>22, 24 cm<\/p>\n<\/div>\n\n\n\n<div class=\"wp-block-column is-layout-flow wp-block-column-is-layout-flow\">\n<h3 class=\"wp-block-heading\">Individuelle K\u00fcchenutensilien Optionen<\/h3>\n\n\n\n<p><strong>Logo:<\/strong> Anpassbar mit Ihrem Markenlogo<br><strong>Verpackung:<\/strong>\u00a0Farbige Schachtel\/Karton, etc<\/p>\n<\/div>\n<\/div>\n\n\n\n<div class=\"wp-block-columns is-layout-flex wp-container-core-columns-is-layout-9d6595d7 wp-block-columns-is-layout-flex\">\n<div class=\"wp-block-column is-layout-flow wp-block-column-is-layout-flow\">\n<figure class=\"wp-block-image size-full\"><img decoding=\"async\" width=\"800\" height=\"800\" src=\"https:\/\/www.purecook.com\/wp-content\/uploads\/2025\/12\/stainless-steel-bowl-with-oil-draining-rack-1.webp\" alt=\"Edelstahlbeh\u00e4lter mit \u00d6lablassgitter (1)\" class=\"wp-image-5123\" srcset=\"https:\/\/www.purecook.com\/wp-content\/uploads\/2025\/12\/stainless-steel-bowl-with-oil-draining-rack-1.webp 800w, https:\/\/www.purecook.com\/wp-content\/uploads\/2025\/12\/stainless-steel-bowl-with-oil-draining-rack-1-300x300.webp 300w, https:\/\/www.purecook.com\/wp-content\/uploads\/2025\/12\/stainless-steel-bowl-with-oil-draining-rack-1-150x150.webp 150w, https:\/\/www.purecook.com\/wp-content\/uploads\/2025\/12\/stainless-steel-bowl-with-oil-draining-rack-1-768x768.webp 768w, https:\/\/www.purecook.com\/wp-content\/uploads\/2025\/12\/stainless-steel-bowl-with-oil-draining-rack-1-12x12.webp 12w, https:\/\/www.purecook.com\/wp-content\/uploads\/2025\/12\/stainless-steel-bowl-with-oil-draining-rack-1-600x600.webp 600w, https:\/\/www.purecook.com\/wp-content\/uploads\/2025\/12\/stainless-steel-bowl-with-oil-draining-rack-1-100x100.webp 100w\" sizes=\"(max-width: 800px) 100vw, 800px\" \/><\/figure>\n<\/div>\n\n\n\n<div class=\"wp-block-column is-layout-flow wp-block-column-is-layout-flow\">\n<figure class=\"wp-block-image size-full\"><img decoding=\"async\" width=\"800\" height=\"800\" src=\"https:\/\/www.purecook.com\/wp-content\/uploads\/2025\/12\/stainless-steel-bowl-with-oil-draining-rack-6.webp\" alt=\"Edelstahlbeh\u00e4lter mit \u00d6lablassgitter (6)\" class=\"wp-image-5128\" srcset=\"https:\/\/www.purecook.com\/wp-content\/uploads\/2025\/12\/stainless-steel-bowl-with-oil-draining-rack-6.webp 800w, https:\/\/www.purecook.com\/wp-content\/uploads\/2025\/12\/stainless-steel-bowl-with-oil-draining-rack-6-300x300.webp 300w, https:\/\/www.purecook.com\/wp-content\/uploads\/2025\/12\/stainless-steel-bowl-with-oil-draining-rack-6-150x150.webp 150w, https:\/\/www.purecook.com\/wp-content\/uploads\/2025\/12\/stainless-steel-bowl-with-oil-draining-rack-6-768x768.webp 768w, https:\/\/www.purecook.com\/wp-content\/uploads\/2025\/12\/stainless-steel-bowl-with-oil-draining-rack-6-12x12.webp 12w, https:\/\/www.purecook.com\/wp-content\/uploads\/2025\/12\/stainless-steel-bowl-with-oil-draining-rack-6-600x600.webp 600w, https:\/\/www.purecook.com\/wp-content\/uploads\/2025\/12\/stainless-steel-bowl-with-oil-draining-rack-6-100x100.webp 100w\" sizes=\"(max-width: 800px) 100vw, 800px\" \/><\/figure>\n<\/div>\n<\/div>\n\n\n\n<div class=\"wp-block-columns is-layout-flex wp-container-core-columns-is-layout-9d6595d7 wp-block-columns-is-layout-flex\">\n<div class=\"wp-block-column is-layout-flow wp-block-column-is-layout-flow\"><\/div>\n\n\n\n<div class=\"wp-block-column is-layout-flow wp-block-column-is-layout-flow\"><\/div>\n<\/div>","protected":false},"excerpt":{"rendered":"<p data-pm-slice=\"0 0 []\">Willkommen beim Gro\u00dfeinkauf von Edelstahlsch\u00fcsseln mit \u00d6labtropfgestell. Dieses vielseitige Set wurde zum Mischen, Waschen, Abtropfen und Kochen entwickelt und eignet sich daher perfekt f\u00fcr alle Aufgaben von der Zubereitung bis zum Servieren von Speisen. Es macht die K\u00fcchenarbeit einfacher und effizienter.<\/p>\n<p>Wir sind ein professionelles <a href=\"https:\/\/www.purecook.com\/de\/produktkategorie\/kitchen-utensils\/\" target=\"_blank\" rel=\"noopener\"><strong>Hersteller von K\u00fcchenutensilien<\/strong><\/a>, Wir bieten zuverl\u00e4ssige Gro\u00dfhandelsdienstleistungen und OEM-Unterst\u00fctzung. F\u00fchlen Sie sich frei, uns f\u00fcr weitere Informationen und Angebote zu kontaktieren.<\/p>\n<h2>Merkmale des Edelstahlsch\u00fcssel-Sets<\/h2>\n<p><strong>Servieren und Zubereitung:<\/strong> Feste Teller eignen sich perfekt zum Servieren von normalen Speisen, Snacks und Vorspeisen, w\u00e4hrend Sch\u00fcsseln zum Umr\u00fchren, Aufbewahren oder Kochen verwendet werden k\u00f6nnen.<\/p>\n<p><strong>Knusprigere Lebensmittel:<\/strong> Die perforierte Platte l\u00e4sst \u00fcbersch\u00fcssiges \u00d6l oder Fett von frittierten Lebensmitteln abtropfen, so dass sie knusprig und weniger fettig bleiben.<\/p>\n<p><strong>Langlebig:<\/strong> Aus hochwertigem, lebensmittelechtem Edelstahl gefertigt, ist er rostfrei und extrem langlebig. Genie\u00dfen Sie professionelle Qualit\u00e4t, die sich nicht leicht verformt, Flecken hinterl\u00e4sst oder Ger\u00fcche entwickelt.<\/p>\n<p><strong>Vielseitig einsetzbar:<\/strong> Dieses Sch\u00fcssel-Set aus Edelstahl kann zum R\u00fchren, Waschen und Abtropfen verwendet werden; alle Komponenten lassen sich zur einfachen Aufbewahrung perfekt stapeln.<\/p>","protected":false},"featured_media":5123,"comment_status":"closed","ping_status":"closed","template":"","meta":{"_acf_changed":false},"product_brand":[],"product_cat":[52,90],"product_tag":[],"class_list":{"0":"post-5122","1":"product","2":"type-product","3":"status-publish","4":"has-post-thumbnail","6":"product_cat-kitchen-utensils","7":"product_cat-mixing-bowl","9":"first","10":"instock","11":"shipping-taxable","12":"product-type-simple"},"acf":[],"_links":{"self":[{"href":"https:\/\/www.purecook.com\/de\/wp-json\/wp\/v2\/product\/5122","targetHints":{"allow":["GET"]}}],"collection":[{"href":"https:\/\/www.purecook.com\/de\/wp-json\/wp\/v2\/product"}],"about":[{"href":"https:\/\/www.purecook.com\/de\/wp-json\/wp\/v2\/types\/product"}],"replies":[{"embeddable":true,"href":"https:\/\/www.purecook.com\/de\/wp-json\/wp\/v2\/comments?post=5122"}],"wp:featuredmedia":[{"embeddable":true,"href":"https:\/\/www.purecook.com\/de\/wp-json\/wp\/v2\/media\/5123"}],"wp:attachment":[{"href":"https:\/\/www.purecook.com\/de\/wp-json\/wp\/v2\/media?parent=5122"}],"wp:term":[{"taxonomy":"product_brand","embeddable":true,"href":"https:\/\/www.purecook.com\/de\/wp-json\/wp\/v2\/product_brand?post=5122"},{"taxonomy":"product_cat","embeddable":true,"href":"https:\/\/www.purecook.com\/de\/wp-json\/wp\/v2\/product_cat?post=5122"},{"taxonomy":"product_tag","embeddable":true,"href":"https:\/\/www.purecook.com\/de\/wp-json\/wp\/v2\/product_tag?post=5122"}],"curies":[{"name":"wp","href":"https:\/\/api.w.org\/{rel}","templated":true}]}}