{"id":5131,"date":"2025-12-08T16:43:40","date_gmt":"2025-12-08T08:43:40","guid":{"rendered":"https:\/\/www.purecook.com\/?post_type=product&#038;p=5131"},"modified":"2025-12-08T18:01:55","modified_gmt":"2025-12-08T10:01:55","slug":"bulk-stainless-steel-deep-frying-pot-with-strainer-basket","status":"publish","type":"product","link":"https:\/\/www.purecook.com\/de\/product\/bulk-stainless-steel-deep-frying-pot-with-strainer-basket\/","title":{"rendered":"Bulk Edelstahl Bratentopf Set &amp; Nudeltopf - Doppelfunktion mit Siebkorb"},"content":{"rendered":"<div class=\"wp-block-columns is-layout-flex wp-container-core-columns-is-layout-9d6595d7 wp-block-columns-is-layout-flex\">\n<div class=\"wp-block-column is-layout-flow wp-block-column-is-layout-flow\">\n<h3 class=\"wp-block-heading\">Parameter des Bratentopfsets<\/h3>\n\n\n\n<p><strong>Material: <\/strong>Rostfreier Stahl<br><strong>Normale Dicke: <\/strong>0,55 mm<br><strong>Deckel: <\/strong>Glasdeckel mit Silikonring<br><strong>Unten: <\/strong>Induktions-Sandwich-Boden (SUS+2mm Alu+SUS)<br><strong>Logo: <\/strong>Siebdruck\/Lasergravur\/Pr\u00e4gung<br><strong>Griff &amp; Deckelknopf: <\/strong>Rostfreier Stahl<br><strong>Kapazit\u00e4t:<\/strong> 2.4L<\/p>\n<\/div>\n\n\n\n<div class=\"wp-block-column is-layout-flow wp-block-column-is-layout-flow\">\n<h3 class=\"wp-block-heading\">Individuelle Kochgeschirr-Optionen<\/h3>\n\n\n\n<p><strong>Material:<\/strong> SUS 304 \/ SUS 316<br><strong>Logo:<\/strong> Anpassbar mit Ihrem Markenlogo<br><strong>Verpackung:<\/strong>&nbsp;Farbige Schachtel\/Karton, etc<br><strong>Handgriff: <\/strong>Griffe f\u00fcr Ihren Stil<\/p>\n<\/div>\n<\/div>\n\n\n\n<div class=\"wp-block-columns is-layout-flex wp-container-core-columns-is-layout-9d6595d7 wp-block-columns-is-layout-flex\">\n<div class=\"wp-block-column is-layout-flow wp-block-column-is-layout-flow\">\n<figure class=\"wp-block-image size-full\"><img decoding=\"async\" width=\"800\" height=\"800\" src=\"https:\/\/www.purecook.com\/wp-content\/uploads\/2025\/12\/bulk-stainless-steel-deep-frying-pot-2.webp\" alt=\"Gro\u00dfer Edelstahl-Bratentopf (2)\" class=\"wp-image-5133\" srcset=\"https:\/\/www.purecook.com\/wp-content\/uploads\/2025\/12\/bulk-stainless-steel-deep-frying-pot-2.webp 800w, https:\/\/www.purecook.com\/wp-content\/uploads\/2025\/12\/bulk-stainless-steel-deep-frying-pot-2-300x300.webp 300w, https:\/\/www.purecook.com\/wp-content\/uploads\/2025\/12\/bulk-stainless-steel-deep-frying-pot-2-150x150.webp 150w, https:\/\/www.purecook.com\/wp-content\/uploads\/2025\/12\/bulk-stainless-steel-deep-frying-pot-2-768x768.webp 768w, https:\/\/www.purecook.com\/wp-content\/uploads\/2025\/12\/bulk-stainless-steel-deep-frying-pot-2-12x12.webp 12w, https:\/\/www.purecook.com\/wp-content\/uploads\/2025\/12\/bulk-stainless-steel-deep-frying-pot-2-600x600.webp 600w, https:\/\/www.purecook.com\/wp-content\/uploads\/2025\/12\/bulk-stainless-steel-deep-frying-pot-2-100x100.webp 100w\" sizes=\"(max-width: 800px) 100vw, 800px\" \/><\/figure>\n<\/div>\n\n\n\n<div class=\"wp-block-column is-layout-flow wp-block-column-is-layout-flow\">\n<figure class=\"wp-block-image size-full\"><img decoding=\"async\" width=\"800\" height=\"800\" src=\"https:\/\/www.purecook.com\/wp-content\/uploads\/2025\/12\/bulk-stainless-steel-deep-frying-pot-3.webp\" alt=\"Gro\u00dfer Edelstahl-Bratentopf (3)\" class=\"wp-image-5134\" srcset=\"https:\/\/www.purecook.com\/wp-content\/uploads\/2025\/12\/bulk-stainless-steel-deep-frying-pot-3.webp 800w, https:\/\/www.purecook.com\/wp-content\/uploads\/2025\/12\/bulk-stainless-steel-deep-frying-pot-3-300x300.webp 300w, https:\/\/www.purecook.com\/wp-content\/uploads\/2025\/12\/bulk-stainless-steel-deep-frying-pot-3-150x150.webp 150w, https:\/\/www.purecook.com\/wp-content\/uploads\/2025\/12\/bulk-stainless-steel-deep-frying-pot-3-768x768.webp 768w, https:\/\/www.purecook.com\/wp-content\/uploads\/2025\/12\/bulk-stainless-steel-deep-frying-pot-3-12x12.webp 12w, https:\/\/www.purecook.com\/wp-content\/uploads\/2025\/12\/bulk-stainless-steel-deep-frying-pot-3-600x600.webp 600w, https:\/\/www.purecook.com\/wp-content\/uploads\/2025\/12\/bulk-stainless-steel-deep-frying-pot-3-100x100.webp 100w\" sizes=\"(max-width: 800px) 100vw, 800px\" \/><\/figure>\n<\/div>\n<\/div>","protected":false},"excerpt":{"rendered":"<p>Gro\u00dfhandel Frittiertopf. Dieser Multifunktionstopf aus robustem Edelstahl mit praktischem Sieb eignet sich hervorragend zum Braten, Kochen, Blanchieren und Abtropfen. Der Verbundboden (Edelstahl + 2 mm Aluminium + Edelstahl) ist induktionskochfeldtauglich und gew\u00e4hrleistet eine schnelle und gleichm\u00e4\u00dfige Erw\u00e4rmung sowie eine hervorragende W\u00e4rmespeicherung. Sowohl f\u00fcr gewerbliche als auch f\u00fcr private K\u00fcchen geeignet.<\/p>\n<p>Als Fachmann <a href=\"https:\/\/www.purecook.com\/de\/produktkategorie\/kochgeschirr\/\" target=\"_blank\" rel=\"noopener\">Kochgeschirrhersteller<\/a>, bieten wir eine Vielzahl von <a href=\"https:\/\/www.purecook.com\/de\/produktkategorie\/kochgeschirr\/fryer-pots\/\" target=\"_blank\" rel=\"noopener\"><strong>Gro\u00dfhandel Bratpfannen<\/strong><\/a> und unterst\u00fctzen OEM und ODM. Bitte kontaktieren Sie uns f\u00fcr einen Katalog und ein Angebot.<\/p>\n<h2>Eigenschaften von Edelstahl-Bratentopf<\/h2>\n<p><strong>Vielseitigkeit:<\/strong> Dieses multifunktionale Bratentopfset wird mit einem Siebkorb geliefert und eignet sich perfekt zum Braten von Lebensmitteln, Kochen von Nudeln oder Blanchieren von Gem\u00fcse. Der Topf selbst kann f\u00fcr die Zubereitung von Br\u00fche verwendet werden.<\/p>\n<p><strong>Eingebauter Schmutzf\u00e4nger:<\/strong> Mit dem Siebkorb k\u00f6nnen Sie Lebensmittel in einem Zug sicher aus hei\u00dfem \u00d6l oder kochendem Wasser herausnehmen, was die Gefahr von Spritzern und Verbrennungen im Vergleich zur Verwendung einer Zange oder eines Schauml\u00f6ffels deutlich verringert.<\/p>\n<p><strong>Stabiler Handgriff:<\/strong> Der lange, stabile und hitzebest\u00e4ndige Griff bietet einen sicheren Halt beim Tragen und Ausgie\u00dfen.<\/p>\n<p><strong>Schnellere und gleichm\u00e4\u00dfigere W\u00e4rmeverteilung:<\/strong> Der Boden besteht aus dreilagigem Edelstahl mit einem 2 mm dicken Aluminiumkern, der die W\u00e4rme schnell leitet und gleichm\u00e4\u00dfig \u00fcber den gesamten Boden verteilt.<\/p>\n<p><strong>Kompatibel mit mehreren Kochfeldtypen:<\/strong> Dieser tiefe Edelstahl-Bratentopf ist voll kompatibel mit Induktionskochfeldern, Gasherden und anderen Kochfeldern.<\/p>","protected":false},"featured_media":5133,"comment_status":"closed","ping_status":"closed","template":"","meta":{"_acf_changed":false},"product_brand":[],"product_cat":[24,72],"product_tag":[97,98],"class_list":{"0":"post-5131","1":"product","2":"type-product","3":"status-publish","4":"has-post-thumbnail","6":"product_cat-cookware","7":"product_cat-fryer-pots","8":"product_tag-wholesale-commercial-cookware","9":"product_tag-wholesale-home-cookware","11":"first","12":"instock","13":"shipping-taxable","14":"product-type-simple"},"acf":[],"_links":{"self":[{"href":"https:\/\/www.purecook.com\/de\/wp-json\/wp\/v2\/product\/5131","targetHints":{"allow":["GET"]}}],"collection":[{"href":"https:\/\/www.purecook.com\/de\/wp-json\/wp\/v2\/product"}],"about":[{"href":"https:\/\/www.purecook.com\/de\/wp-json\/wp\/v2\/types\/product"}],"replies":[{"embeddable":true,"href":"https:\/\/www.purecook.com\/de\/wp-json\/wp\/v2\/comments?post=5131"}],"wp:featuredmedia":[{"embeddable":true,"href":"https:\/\/www.purecook.com\/de\/wp-json\/wp\/v2\/media\/5133"}],"wp:attachment":[{"href":"https:\/\/www.purecook.com\/de\/wp-json\/wp\/v2\/media?parent=5131"}],"wp:term":[{"taxonomy":"product_brand","embeddable":true,"href":"https:\/\/www.purecook.com\/de\/wp-json\/wp\/v2\/product_brand?post=5131"},{"taxonomy":"product_cat","embeddable":true,"href":"https:\/\/www.purecook.com\/de\/wp-json\/wp\/v2\/product_cat?post=5131"},{"taxonomy":"product_tag","embeddable":true,"href":"https:\/\/www.purecook.com\/de\/wp-json\/wp\/v2\/product_tag?post=5131"}],"curies":[{"name":"wp","href":"https:\/\/api.w.org\/{rel}","templated":true}]}}